{"id":2577,"date":"2023-05-02T16:19:04","date_gmt":"2023-05-02T15:19:04","guid":{"rendered":"https:\/\/www.halifax-consulting.com\/it\/?page_id=2577"},"modified":"2023-09-08T10:22:12","modified_gmt":"2023-09-08T09:22:12","slug":"formazione-sulle-vendite-best-sellers","status":"publish","type":"page","link":"https:\/\/www.halifax-consulting.com\/it\/formazione\/formazione-sulle-vendite-best-sellers\/","title":{"rendered":"Formazione sulle vendite &#8220;Best-Sellers&#8221;"},"content":{"rendered":"<div class=\"container\">\n\t<div class=\"row\">\n\t\t<div class=\"col-lg-12 col-md-12 col-sm-12\">\n\t\t\t<h2 class=\"intro\">\n\t\t\t\t<strong class=\"intro-h2 d-block\">Ci\u00f2 che \u00e8 semplice \u00e8 complesso da eseguire<\/strong>\n\t\t\t\t<p>Con 20 anni di esperienza nel settore delle vendite, Halifax Consulting si &egrave; fatta un nome con 200 clienti attivi in 5 continenti. Halifax Consulting &egrave; in grado di offrire corsi di formazione alla vendita, alla negoziazione e ai Key Account Manager a livello internazionale e nella lingua locale. Siamo in grado di supportare e allenare i vostri manager e venditori per aumentare gli indicatori di trasformazione e di performance delle vendite. Halifax utilizza i metodi Best-Selling dedicati alle performance di vendita: vendere con il METODO LEAD&reg;, negoziare con il METODO DEAL&reg;, gestire il team con il METODO BOSS&reg; e gestire i Key Account con il METODO PAC$&reg;.<\/p>\n<p>Gli obiettivi dei nostri metodi sono i seguenti:<\/p>\n<ul>\n<li><strong>Formazione alle vendite<\/strong>: migliorare il modo in cui si strutturano le riunioni di vendita e padroneggiare le leve della persuasione per ottenere la decisione di acquisto, aumentare il tasso di successo e l&#8217;importo medio degli affari.<\/li>\n<li><strong>Formazione alla negoziazione<\/strong>: identificare i diversi tipi di contatti, strutturare e preparare le trattative B2B. Aumento dei margini, campagne di aumento dei prezzi di successo.<\/li>\n<li><strong>Formazione sulla gestione delle vendite<\/strong>: sviluppare la fedelt&agrave; dei talenti delle vendite, monitorare e misurare i progressi dei team di vendita. Aumentare e misurare il livello di coaching e il legame con le prestazioni.<\/li>\n<li><strong>Formazione sulla gestione dei clienti chiave<\/strong>: impostare revisioni strategiche dei clienti, saper vendere le proprie idee e mobilitare i propri team internamente. Sviluppare vendite strategiche con i clienti chiave.<\/li>\n<li><strong>Formazione in Strategic Account Management<\/strong>: definire una strategia redditizia per i clienti e allineare l&#8217;attivit&agrave; alle ambizioni di risultato. Trasformare le iniziative strategiche in realt&agrave;.<\/li>\n<\/ul>\n<p>La nostra formazione sulle vendite comprende 4 metodi di formazione creati da Halifax Consulting. Questi sono i nostri <strong><em>Best Sellers<\/em><\/strong>, il risultato di molti miglioramenti con migliaia di venditori B2B formati e dell&#8217;integrazione delle pi&ugrave; recenti tecnologie di coaching e apprendimento digitale per le forze di vendita. Vogliamo fornire la migliore esperienza di apprendimento in materia di vendite e gestione delle vendite per fare la differenza nel vostro mercato.<\/p>\t\t\t<\/h2>\n\t\t<\/div>\n\t<\/div>\n<\/div>\n\n\n<!-- Bloc Formations -->\n<section class=\"navy py-6 formations\">\n\t\n\t<div class=\"container\">\n\t\t\n\t\t<div class=\"row\">\n\t\t\t\n\t\t\t<div class=\"col-lg-12 col-md-12 col-sm-12\">\n\t\t\t\t\n\t\t\t\t<h2 class=\"text-center\">\n\t\t\t\t\t\n\t\t\t\t\tI CORSI DI FORMAZIONE PI\u00d9 VENDUTI DI HALIFAX CONSULTING\t\t\n\t\t\t\t<\/h2>\n\t\t\t\t\n\t\t\t<\/div>\n\t\t\t\n\t\t<\/div>\n\t\t\n\t\t<div class=\"row\">\n\t\t\t\t\t\t\t\n\t\t\t\t\t\t\t\t\t\n\t\t\t\t\t\t\t\t\t\n\t\t\t\t\t<div class=\"col-lg-4 col-md-4 col-sm-12\">\n\t\t\t\t\t\t<div class=\"formation\">\n\t\t\t\t\t\t<h3 class=\"pb-1 formation__h3\">Formazione sulle vendite <i class=\"fas fa-arrow-right\"><\/i><\/h3>\n\t\t\t\t\t\t<p><a class=\"stretched-link\" href=\"\"><\/a><\/p>\n\t\t\t\t\t\t<\/div>\n\t\t\t\t\t<\/div>\n\t\t\t\t\t\n\t\t\t\t\t\t\t\t\t\n\t\t\t\t\t\t\t\t\t\n\t\t\t\t\t<div class=\"col-lg-4 col-md-4 col-sm-12\">\n\t\t\t\t\t\t<div class=\"formation\">\n\t\t\t\t\t\t<h3 class=\"pb-1 formation__h3\">Formazione sulla negoziazione commerciale <i class=\"fas fa-arrow-right\"><\/i><\/h3>\n\t\t\t\t\t\t<p><a class=\"stretched-link\" href=\"\"><\/a><\/p>\n\t\t\t\t\t\t<\/div>\n\t\t\t\t\t<\/div>\n\t\t\t\t\t\n\t\t\t\t\t\t\t\t\t\n\t\t\t\t\t\t\t\t\t\n\t\t\t\t\t<div class=\"col-lg-4 col-md-4 col-sm-12\">\n\t\t\t\t\t\t<div class=\"formation\">\n\t\t\t\t\t\t<h3 class=\"pb-1 formation__h3\">Formazione sulla gestione commerciale <i class=\"fas fa-arrow-right\"><\/i><\/h3>\n\t\t\t\t\t\t<p><a class=\"stretched-link\" href=\"\"><\/a><\/p>\n\t\t\t\t\t\t<\/div>\n\t\t\t\t\t<\/div>\n\t\t\t\t\t\n\t\t\t\t\t\t\t\t\t\n\t\t\t\t\t\t\t\t\t\n\t\t\t\t\t<div class=\"col-lg-4 col-md-4 col-sm-12\">\n\t\t\t\t\t\t<div class=\"formation\">\n\t\t\t\t\t\t<h3 class=\"pb-1 formation__h3\">Formazione Key Account Management <i class=\"fas fa-arrow-right\"><\/i><\/h3>\n\t\t\t\t\t\t<p><a class=\"stretched-link\" href=\"\"><\/a><\/p>\n\t\t\t\t\t\t<\/div>\n\t\t\t\t\t<\/div>\n\t\t\t\t\t\n\t\t\t\t\t\t\t\t\t\n\t\t\t\t\t\t\t\t\t\n\t\t\t\t\t<div class=\"col-lg-4 col-md-4 col-sm-12\">\n\t\t\t\t\t\t<div class=\"formation\">\n\t\t\t\t\t\t<h3 class=\"pb-1 formation__h3\">Formazione Strategic Account Management <i class=\"fas fa-arrow-right\"><\/i><\/h3>\n\t\t\t\t\t\t<p><a class=\"stretched-link\" href=\"\"><\/a><\/p>\n\t\t\t\t\t\t<\/div>\n\t\t\t\t\t<\/div>\n\t\t\t\t\t\n\t\t\t\t\t\n\t\t\t\t\n\t\t\t\t\t\t\n\t\t\t\t\t\t\n\t\t<\/div>\n\n<\/section>","protected":false},"excerpt":{"rendered":"","protected":false},"author":17,"featured_media":2582,"parent":7,"menu_order":0,"comment_status":"closed","ping_status":"closed","template":"","meta":[],"categories":[],"acf":[],"yoast_head":"<!-- This site is optimized with the Yoast SEO plugin v19.9 - https:\/\/yoast.com\/wordpress\/plugins\/seo\/ -->\n<title>Formazione sulle vendite &quot;Best-Sellers&quot; | Halifax Consulting \u2013 IT<\/title>\n<meta name=\"description\" content=\"Con 20 anni di esperienza nel settore delle vendite, Halifax Consulting si \u00e8 fatta un nome con 200 clienti attivi in 5 continenti...\" \/>\n<link rel=\"canonical\" href=\"https:\/\/www.halifax-consulting.com\/it\/formazione\/formazione-sulle-vendite-best-sellers\/\" \/>\n<meta property=\"og:locale\" content=\"it_IT\" \/>\n<meta property=\"og:type\" content=\"article\" \/>\n<meta property=\"og:title\" content=\"Formazione sulle vendite &quot;Best-Sellers&quot; | Halifax Consulting \u2013 IT\" \/>\n<meta property=\"og:description\" content=\"Con 20 anni di esperienza nel settore delle vendite, Halifax Consulting si \u00e8 fatta un nome con 200 clienti attivi in 5 continenti...\" \/>\n<meta property=\"og:url\" content=\"https:\/\/www.halifax-consulting.com\/it\/formazione\/formazione-sulle-vendite-best-sellers\/\" \/>\n<meta property=\"og:site_name\" content=\"Halifax Consulting \u2013 IT\" \/>\n<meta property=\"article:modified_time\" content=\"2023-09-08T09:22:12+00:00\" \/>\n<meta property=\"og:image\" content=\"https:\/\/www.halifax-consulting.com\/it\/wp-content\/uploads\/sites\/10\/2023\/05\/nos-formations-commerciales-best-sellers.jpg\" \/>\n\t<meta property=\"og:image:width\" content=\"1920\" \/>\n\t<meta property=\"og:image:height\" content=\"545\" \/>\n\t<meta property=\"og:image:type\" content=\"image\/jpeg\" \/>\n<meta name=\"twitter:card\" content=\"summary_large_image\" \/>\n<script type=\"application\/ld+json\" class=\"yoast-schema-graph\">{\"@context\":\"https:\/\/schema.org\",\"@graph\":[{\"@type\":\"WebPage\",\"@id\":\"https:\/\/www.halifax-consulting.com\/it\/formazione\/formazione-sulle-vendite-best-sellers\/\",\"url\":\"https:\/\/www.halifax-consulting.com\/it\/formazione\/formazione-sulle-vendite-best-sellers\/\",\"name\":\"Formazione sulle vendite \\\"Best-Sellers\\\" | Halifax Consulting \u2013 IT\",\"isPartOf\":{\"@id\":\"https:\/\/www.halifax-consulting.com\/it\/#website\"},\"datePublished\":\"2023-05-02T15:19:04+00:00\",\"dateModified\":\"2023-09-08T09:22:12+00:00\",\"description\":\"Con 20 anni di esperienza nel settore delle vendite, Halifax Consulting si \u00e8 fatta un nome con 200 clienti attivi in 5 continenti...\",\"breadcrumb\":{\"@id\":\"https:\/\/www.halifax-consulting.com\/it\/formazione\/formazione-sulle-vendite-best-sellers\/#breadcrumb\"},\"inLanguage\":\"it-IT\",\"potentialAction\":[{\"@type\":\"ReadAction\",\"target\":[\"https:\/\/www.halifax-consulting.com\/it\/formazione\/formazione-sulle-vendite-best-sellers\/\"]}]},{\"@type\":\"BreadcrumbList\",\"@id\":\"https:\/\/www.halifax-consulting.com\/it\/formazione\/formazione-sulle-vendite-best-sellers\/#breadcrumb\",\"itemListElement\":[{\"@type\":\"ListItem\",\"position\":1,\"name\":\"Accueil\",\"item\":\"https:\/\/www.halifax-consulting.com\/it\/\"},{\"@type\":\"ListItem\",\"position\":2,\"name\":\"Formazione\",\"item\":\"https:\/\/www.halifax-consulting.com\/it\/formazione\/\"},{\"@type\":\"ListItem\",\"position\":3,\"name\":\"Formazione sulle vendite &#8220;Best-Sellers&#8221;\"}]},{\"@type\":\"WebSite\",\"@id\":\"https:\/\/www.halifax-consulting.com\/it\/#website\",\"url\":\"https:\/\/www.halifax-consulting.com\/it\/\",\"name\":\"Halifax Consulting \u2013 IT\",\"description\":\"Halifax \u00e8 un societ\u00e0 di consulenza internazionale specializzata in negoziazione e performance commerciale. Disegniamo e organizziamo progetti di formazione su larga scala per i manager e le loro squadre dal 2003 grazie a una ingegneria pedagogica...\",\"publisher\":{\"@id\":\"https:\/\/www.halifax-consulting.com\/it\/#organization\"},\"potentialAction\":[{\"@type\":\"SearchAction\",\"target\":{\"@type\":\"EntryPoint\",\"urlTemplate\":\"https:\/\/www.halifax-consulting.com\/it\/?s={search_term_string}\"},\"query-input\":\"required name=search_term_string\"}],\"inLanguage\":\"it-IT\"},{\"@type\":\"Organization\",\"@id\":\"https:\/\/www.halifax-consulting.com\/it\/#organization\",\"name\":\"Halifax Consulting\",\"url\":\"https:\/\/www.halifax-consulting.com\/it\/\",\"logo\":{\"@type\":\"ImageObject\",\"inLanguage\":\"it-IT\",\"@id\":\"https:\/\/www.halifax-consulting.com\/it\/#\/schema\/logo\/image\/\",\"url\":\"https:\/\/www.halifax-consulting.com\/it\/wp-content\/uploads\/sites\/10\/2020\/06\/Halifax_logo_EN_Transp.png\",\"contentUrl\":\"https:\/\/www.halifax-consulting.com\/it\/wp-content\/uploads\/sites\/10\/2020\/06\/Halifax_logo_EN_Transp.png\",\"width\":886,\"height\":886,\"caption\":\"Halifax Consulting\"},\"image\":{\"@id\":\"https:\/\/www.halifax-consulting.com\/it\/#\/schema\/logo\/image\/\"}}]}<\/script>\n<!-- \/ Yoast SEO plugin. -->","yoast_head_json":{"title":"Formazione sulle vendite \"Best-Sellers\" | Halifax Consulting \u2013 IT","description":"Con 20 anni di esperienza nel settore delle vendite, Halifax Consulting si \u00e8 fatta un nome con 200 clienti attivi in 5 continenti...","canonical":"https:\/\/www.halifax-consulting.com\/it\/formazione\/formazione-sulle-vendite-best-sellers\/","og_locale":"it_IT","og_type":"article","og_title":"Formazione sulle vendite \"Best-Sellers\" | Halifax Consulting \u2013 IT","og_description":"Con 20 anni di esperienza nel settore delle vendite, Halifax Consulting si \u00e8 fatta un nome con 200 clienti attivi in 5 continenti...","og_url":"https:\/\/www.halifax-consulting.com\/it\/formazione\/formazione-sulle-vendite-best-sellers\/","og_site_name":"Halifax Consulting \u2013 IT","article_modified_time":"2023-09-08T09:22:12+00:00","og_image":[{"width":1920,"height":545,"url":"https:\/\/www.halifax-consulting.com\/it\/wp-content\/uploads\/sites\/10\/2023\/05\/nos-formations-commerciales-best-sellers.jpg","type":"image\/jpeg"}],"twitter_card":"summary_large_image","schema":{"@context":"https:\/\/schema.org","@graph":[{"@type":"WebPage","@id":"https:\/\/www.halifax-consulting.com\/it\/formazione\/formazione-sulle-vendite-best-sellers\/","url":"https:\/\/www.halifax-consulting.com\/it\/formazione\/formazione-sulle-vendite-best-sellers\/","name":"Formazione sulle vendite \"Best-Sellers\" | Halifax Consulting \u2013 IT","isPartOf":{"@id":"https:\/\/www.halifax-consulting.com\/it\/#website"},"datePublished":"2023-05-02T15:19:04+00:00","dateModified":"2023-09-08T09:22:12+00:00","description":"Con 20 anni di esperienza nel settore delle vendite, Halifax Consulting si \u00e8 fatta un nome con 200 clienti attivi in 5 continenti...","breadcrumb":{"@id":"https:\/\/www.halifax-consulting.com\/it\/formazione\/formazione-sulle-vendite-best-sellers\/#breadcrumb"},"inLanguage":"it-IT","potentialAction":[{"@type":"ReadAction","target":["https:\/\/www.halifax-consulting.com\/it\/formazione\/formazione-sulle-vendite-best-sellers\/"]}]},{"@type":"BreadcrumbList","@id":"https:\/\/www.halifax-consulting.com\/it\/formazione\/formazione-sulle-vendite-best-sellers\/#breadcrumb","itemListElement":[{"@type":"ListItem","position":1,"name":"Accueil","item":"https:\/\/www.halifax-consulting.com\/it\/"},{"@type":"ListItem","position":2,"name":"Formazione","item":"https:\/\/www.halifax-consulting.com\/it\/formazione\/"},{"@type":"ListItem","position":3,"name":"Formazione sulle vendite &#8220;Best-Sellers&#8221;"}]},{"@type":"WebSite","@id":"https:\/\/www.halifax-consulting.com\/it\/#website","url":"https:\/\/www.halifax-consulting.com\/it\/","name":"Halifax Consulting \u2013 IT","description":"Halifax \u00e8 un societ\u00e0 di consulenza internazionale specializzata in negoziazione e performance commerciale. Disegniamo e organizziamo progetti di formazione su larga scala per i manager e le loro squadre dal 2003 grazie a una ingegneria pedagogica...","publisher":{"@id":"https:\/\/www.halifax-consulting.com\/it\/#organization"},"potentialAction":[{"@type":"SearchAction","target":{"@type":"EntryPoint","urlTemplate":"https:\/\/www.halifax-consulting.com\/it\/?s={search_term_string}"},"query-input":"required name=search_term_string"}],"inLanguage":"it-IT"},{"@type":"Organization","@id":"https:\/\/www.halifax-consulting.com\/it\/#organization","name":"Halifax Consulting","url":"https:\/\/www.halifax-consulting.com\/it\/","logo":{"@type":"ImageObject","inLanguage":"it-IT","@id":"https:\/\/www.halifax-consulting.com\/it\/#\/schema\/logo\/image\/","url":"https:\/\/www.halifax-consulting.com\/it\/wp-content\/uploads\/sites\/10\/2020\/06\/Halifax_logo_EN_Transp.png","contentUrl":"https:\/\/www.halifax-consulting.com\/it\/wp-content\/uploads\/sites\/10\/2020\/06\/Halifax_logo_EN_Transp.png","width":886,"height":886,"caption":"Halifax Consulting"},"image":{"@id":"https:\/\/www.halifax-consulting.com\/it\/#\/schema\/logo\/image\/"}}]}},"_links":{"self":[{"href":"https:\/\/www.halifax-consulting.com\/it\/wp-json\/wp\/v2\/pages\/2577"}],"collection":[{"href":"https:\/\/www.halifax-consulting.com\/it\/wp-json\/wp\/v2\/pages"}],"about":[{"href":"https:\/\/www.halifax-consulting.com\/it\/wp-json\/wp\/v2\/types\/page"}],"author":[{"embeddable":true,"href":"https:\/\/www.halifax-consulting.com\/it\/wp-json\/wp\/v2\/users\/17"}],"replies":[{"embeddable":true,"href":"https:\/\/www.halifax-consulting.com\/it\/wp-json\/wp\/v2\/comments?post=2577"}],"version-history":[{"count":5,"href":"https:\/\/www.halifax-consulting.com\/it\/wp-json\/wp\/v2\/pages\/2577\/revisions"}],"predecessor-version":[{"id":2680,"href":"https:\/\/www.halifax-consulting.com\/it\/wp-json\/wp\/v2\/pages\/2577\/revisions\/2680"}],"up":[{"embeddable":true,"href":"https:\/\/www.halifax-consulting.com\/it\/wp-json\/wp\/v2\/pages\/7"}],"wp:featuredmedia":[{"embeddable":true,"href":"https:\/\/www.halifax-consulting.com\/it\/wp-json\/wp\/v2\/media\/2582"}],"wp:attachment":[{"href":"https:\/\/www.halifax-consulting.com\/it\/wp-json\/wp\/v2\/media?parent=2577"}],"wp:term":[{"taxonomy":"category","embeddable":true,"href":"https:\/\/www.halifax-consulting.com\/it\/wp-json\/wp\/v2\/categories?post=2577"}],"curies":[{"name":"wp","href":"https:\/\/api.w.org\/{rel}","templated":true}]}}