{"id":7,"date":"2019-12-11T15:10:50","date_gmt":"2019-12-11T14:10:50","guid":{"rendered":"https:\/\/www.halifax-consulting.com\/?page_id=7"},"modified":"2025-05-26T15:36:46","modified_gmt":"2025-05-26T14:36:46","slug":"formazione","status":"publish","type":"page","link":"https:\/\/www.halifax-consulting.com\/it\/formazione\/","title":{"rendered":"Formazione"},"content":{"rendered":"<div class=\"container\">\n\t<div class=\"row\">\n\t\t<div class=\"col-lg-12 col-md-12 col-sm-12\">\n\t\t\t<h2 class=\"intro\">\n\t\t\t\t<strong class=\"intro-h2 d-block\">La giusta formazione per evolversi<\/strong>\n\t\t\t\t<p>Halifax Consulting soddisfer&agrave; le vostre personali esigenze formative con piani su misura progettati per potenziare lo sviluppo delle vostre competenze in materia di vendite, gestione, gestione dei clienti chiave e negoziazione. Che siate gi&agrave; occupati, stiate cercando di intraprendere una nuova carriera o vi stiate trasferendo in un settore legato alle vendite, troverete una formazione su misura per le vostre esigenze, oltre a corsi finalizzati ad ottenere una certificazione.<\/p>\n<p><br \/>La nostra offerta include:<\/p>\n<ul>\n<li>Programmi personalizzati di vendita, negoziazione, gestione, KAM e relazioni con i clienti.<\/li>\n<li>Corsi che forniscono qualifiche per venditori, rappresentanti B2B, key account manager e sales manager.<\/li>\n<li>Metodi esclusivi di Halifax per migliorare le performance di vendita: vendere con il METODO LEAD&reg;, negoziare con il METODO DEAL&reg;, gestire con il METODO BOSS&reg; e gestire i clienti chiave con il METODO PAC$&reg;.<\/li>\n<\/ul>\n<p>Halifax Consulting fornisce anche programmi di formazione internazionale nella lingua di vostra scelta attraverso la nostra rete di uffici e la nostra esperienza sul campo.<\/p>\t\t\t<\/h2>\n\t\t<\/div>\n\t<\/div>\n<\/div>\n\n\n<div class=\"container pb-6\">\n\t<div class=\"row\">\n\t\t<div class=\"col-lg-4 col-md-4 col-sm-12\">\n\t\t\t<h4 class=\"key\">15000+<\/h4>\n\t\t\t<p class=\"key-description\">persone formate ogni anno<\/p>\t\t\t\t\t\t\t\n\t\t<\/div>\n\t\t<div class=\"col-lg-4 col-md-4 col-sm-12\">\n\t\t\t<h4 class=\"key\">15+<\/h4>\n\t\t\t<p class=\"key-description\">lingue in tutto il mondo<\/p>\t\t\t\t\t\t\n\t\t<\/div>\n\t\t<div class=\"col-lg-4 col-md-4 col-sm-12\">\n\t\t\t<h4 class=\"key\">4<\/h4>\t\n\t\t\t<p class=\"key-description\">corsi di formazione best-seller<\/p>\t\t\t\t\t\n\t\t<\/div>\n\t<\/div>\n<\/div>\n\n<section class=\"navy py-6\">\n\t<div class=\"container\">\n\t\t<div class=\"row\">\n\t\t\t<div class=\"col-lg-12 col-md-12 col-sm-12\">\n\t\t\t\t<h2 class=\"text-center\">\n\t\t\t\t\tI best-seller &#8220;Essenziali&#8221; di Halifax Consulting\t\t\t\t\t<span class=\"h2-subtitle\"><\/span>\n\t\t\t\t\t\n\t\t\t\t\t\n\t\t\t\t<\/h2>\n\t\t\t<\/div>\n\t\t<\/div>\n\t\t<div class=\"row\">\n\t\t\t\n\t\t\t<div class=\"col-lg-12 col-md-12 col-sm-12\">\n\t\t\t\t<div class=\"accordion\" id=\"accordionExample\">\n\t\t\t\t\t<div class=\"card\">\n\t\t\t\t\t    <div class=\"card-header\" id=\"headingOne\">\n\t\t\t\t\t\n\t\t\t\t\t        <button type=\"button\" data-toggle=\"collapse\" data-target=\"#collapseOne\" aria-expanded=\"true\" aria-controls=\"collapseOne\">\n\t\t\t\t\t        \tVendita con il metodo LEAD\u00ae\t\t\t\t\t        \t<i data-feather=\"chevron-down\"><\/i>\n\t\t\t\t\t        <\/button>\n\t\t\t\t\t\t\t\n\t\t\t\t\t    <\/div>\n\t\t\t\t\t\n\t\t\t\t\t    <div id=\"collapseOne\" class=\"collapse show\" aria-labelledby=\"headingOne\" data-parent=\"#accordionExample\">\n\t\t\t\t\t\t    <div class=\"card-body\">\n\t\t\t\t\t\t        <p><a href=\"formazione\/formazione-sulle-vendite\" title=\"Vendita con il metodo LEAD\">Il metodo LEAD\u00ae<\/a> \u00e8 una formazione di perfezionamento in formato <em>blended learning<\/em> che aiuta il commerciale a vendere meglio la propria singolarit\u00e0, la propria esperienza e la propria professionalit\u00e0. Questa formazione alla vendita specifica vi aiuter\u00e0 anche a incrementare gli indicatori di trasformazione delle vostre riunioni di vendita.<\/p>\n\t\t\t\t\t\t    <\/div>\n\t\t\t\t\t    <\/div>\n\t\t\t\t\t<\/div>\n\t\t\t\t\t<div class=\"card\">\n\t\t\t\t\t    <div class=\"card-header\" id=\"headingTwo\">\n\t\t\t\t\t      \n\t\t\t\t\t        <button class=\"btn btn-link collapsed\" type=\"button\" data-toggle=\"collapse\" data-target=\"#collapseTwo\" aria-expanded=\"false\" aria-controls=\"collapseTwo\">\n\t\t\t\t\t        \tNegoziazione con il metodo DEAL\u00ae\t\t\t\t\t        \t<i data-feather=\"chevron-down\"><\/i>\n\t\t\t\t\t        <\/button>\n\t\t\t\t\t    <\/div>\n\t\t\t\t\t    <div id=\"collapseTwo\" class=\"collapse\" aria-labelledby=\"headingTwo\" data-parent=\"#accordionExample\">\n\t\t\t\t\t      <div class=\"card-body\">\n\t\t\t\t\t        <p><a href=\"formazione-sulla-negoziazione-commerciale\" title=\"Negoziazione con il metodo *DEAL\">Il metodo DEAL\u00ae<\/a> \u00e8 una formazione dedicata alla negoziazione commerciale in formato blended learning che aiuta il commerciale a strutturare e preparare le negoziazioni con acquirenti agguerriti, permettendogli di migliorare il tasso di conclusione e mantenere il proprio margine.<\/p>\n\t\t\t\t\t      <\/div>\n\t\t\t\t\t    <\/div>\n\t\t\t\t\t  <\/div>\n\t\t\t\t\t\t\t\t\t\t<div class=\"card\">\n\t\t\t\t\t    <div class=\"card-header\" id=\"headingThree\">\n\t\t\t\t\t      \n\t\t\t\t\t        <button class=\"btn btn-link collapsed\" type=\"button\" data-toggle=\"collapse\" data-target=\"#collapseThree\" aria-expanded=\"false\" aria-controls=\"collapseThree\">\n\t\t\t\t\t        \tGestione con il metodo BOSS\u00ae\t\t\t\t\t        \t<i data-feather=\"chevron-down\"><\/i>\n\t\t\t\t\t        <\/button>\n\t\t\t\t\t    <\/div>\n\t\t\t\t\t    <div id=\"collapseThree\" class=\"collapse\" aria-labelledby=\"headingThree\" data-parent=\"#accordionExample\">\n\t\t\t\t\t      <div class=\"card-body\">\n\t\t\t\t\t        <p><a href=\"formazione-sulla-gestione-commerciale\" title=\"Gestione con il metodo BOSS\">Il metodo BOSS\u00ae<\/a> \u00e8 un percorso di formazione dedicato ai manager commerciali per gestire meglio la performance dei commerciali ed eseguire il coaching dei team.<\/p>\n\t\t\t\t\t      <\/div>\n\t\t\t\t\t    <\/div>\n\t\t\t\t\t  <\/div>\t\n\t\t\t\t\t\t\t\t\t\t\t\t\t\t\t<div class=\"card\">\n\t\t\t\t\t    <div class=\"card-header\" id=\"headingFour\">\n\t\t\t\t\t      \n\t\t\t\t\t        <button class=\"btn btn-link collapsed\" type=\"button\" data-toggle=\"collapse\" data-target=\"#collapseFour\" aria-expanded=\"false\" aria-controls=\"collapseFour\">\n\t\t\t\t\t        \tGestione dei key account con il metodo PAC$\u00ae\t\t\t\t\t        \t<i data-feather=\"chevron-down\"><\/i>\n\t\t\t\t\t        <\/button>\n\t\t\t\t\t    <\/div>\n\t\t\t\t\t    <div id=\"collapseFour\" class=\"collapse\" aria-labelledby=\"headingFour\" data-parent=\"#accordionExample\">\n\t\t\t\t\t      <div class=\"card-body\">\n\t\t\t\t\t        <p><a href=\"formazione-sulla-gestione-dei-clienti-chiave\" title=\"Gestione dei key account con il metodo PAC$\">Il metodo PAC$\u00ae<\/a> \u00e8 un metodo di sviluppo commerciale per la vendita di affari complessi o grandi progetti. Aiuta il commerciale e i team a strutturare la strategia di pre-vendita per gli interessi in gioco e il circuito decisionale. <\/p>\n\t\t\t\t\t      <\/div>\n\t\t\t\t\t    <\/div>\n\t\t\t\t\t  <\/div>\t\n\t\t\t\t\t\t\t\t\t\t\t\t\t\t\t\t\t\t\t\t\t\t\t\t\t\t\t\t\t<\/div>\n\t\t\t<\/div>\n\t\t\t\n\t\t<\/div>\n\t<\/div>\n<\/section>\n\n\n<section class=\"navy\">\n\t<div class=\"container-fluid\">\n\t\t<div class=\"row\">\n\t\t\t<div class=\"col-lg-5 col-md-6 col-sm-12 p-0\">\n\t\t\t\t<figure class=\"img-simple-success\">\n<!-- \t\t\t\t\t<img decoding=\"async\" src=\"\" alt=\"\" style=\"height: 350px;\" \/> -->\n\t\t\t\t\t<img decoding=\"async\" loading=\"lazy\" src=\"https:\/\/www.halifax-consulting.com\/it\/wp-content\/uploads\/sites\/10\/2020\/12\/Halifax-consulting-ebook-cover.png\" alt=\"\" width=\"350\" height=\"height: 350px;\" >\t\t\t\t<\/figure>\n\t\t\t<\/div>\n\t\t\t<div class=\"col-lg-7 col-md-6 col-sm-12 p-6\">\n\t\t\t\t<div>\n\t\t\t\t\t<h3>New ebook: 5 Tips On Selling via Videoconferencing<\/h3>\n\t\t\t\t\t<p><\/p>\n\t\t\t\t\t\n\t\t\t\t\t\t\t\t\t\t\t\t<a href=\"https:\/\/www.halifax-consulting.com\/it\/download?b=5cons-128376 \" title=\"Livre blanc New ebook: 5 Tips On Selling via Videoconferencing\" class=\"btn btn-hx btn-hx-orange\">Scaricalo<\/a>\n\t\t\t\t\t\t\n\t\t\t\t\t\t\n\t\t\t\t\t\t\n\t\t\t\t\t\t\t\t\t\t\t\n\t\t\t\t<\/div>\n\t\t\t<\/div>\n\t\t<\/div>\n\t<\/div>\n<\/section>\n\n<section class=\"success-single grey\">\n\t<div class=\"container-fluid\">\n\t\t<div class=\"row\">\n\t\t\t\t\t\t\t \n\t\t\t\t\t\t\t\t\t\t\n\t\t\t\t\t\t\t\t\t\t<div class=\"col-lg-7 col-md-6 col-sm-12 p-6\">\n\t\t\t\t\t\t<div>\n\t\t\t\t\t\t\t<h3>Storie di successo: La Banque Postale<\/h3>\n\t\t\t\t\t\t\t<p>La banca ha un obiettivo forte di conquista di parti del mercato, ma allo stesso tempo ha la volont\u00e0 di preservare il margine sui 4 mercati della banca B2B<\/p>\n\t\t\t\t\t\t\t<p>\n\t\t\t\t\t\t\t\t<a href=\"https:\/\/www.halifax-consulting.com\/it\/storie-di-successo\/la-banque-postale\/\" class=\"btn btn-hx btn-hx-ducky\">Continua a leggere<\/a>\n\t\t\t\t\t\t\t<\/p>\n\t\t\t\t\t\t<\/div>\n\t\t\t\t\t<\/div>\n\t\t\t\t\t<div class=\"col-lg-5 col-md-6 col-sm-12 p-0\">\n\t\t\t\t\t\t\t<figure class=\"\">\n<!-- \t\t\t\t\t\t\t\t<img decoding=\"async\" src=\"https:\/\/www.halifax-consulting.com\/it\/wp-content\/uploads\/sites\/10\/2020\/01\/halifax-consulting-success-story-banque-postale.jpg\" alt=\"image success-story\" \/> -->\n\t\t\t\t\t\t\t\t<img decoding=\"async\" loading=\"lazy\" src=\"https:\/\/www.halifax-consulting.com\/it\/wp-content\/uploads\/sites\/10\/2020\/01\/halifax-consulting-success-story-banque-postale.jpg\" alt=\"\" width=\"100%\" height=\"\" >\t\t\t\t\t\t\t<\/figure>\n\t\t\t\t\t<\/div>\n\t\t\t\t\t\t\t\t\t<\/div>\n\t<\/div>\n<\/section>\n","protected":false},"excerpt":{"rendered":"","protected":false},"author":1,"featured_media":1004,"parent":0,"menu_order":10,"comment_status":"closed","ping_status":"closed","template":"","meta":[],"categories":[],"acf":[],"yoast_head":"<!-- This site is optimized with the Yoast SEO plugin v19.9 - https:\/\/yoast.com\/wordpress\/plugins\/seo\/ -->\n<title>Formazione indivisuale in azienda - Halifax Consulting<\/title>\n<meta name=\"description\" content=\"Halifax Consulting vi propone soluzioni destinate ad accelerare lo sviluppo delle vostre competenze commerciali, manageriali, di key account management o negoziazione.\" \/>\n<link rel=\"canonical\" href=\"https:\/\/www.halifax-consulting.com\/it\/formazione\/\" \/>\n<meta property=\"og:locale\" content=\"it_IT\" \/>\n<meta property=\"og:type\" content=\"article\" \/>\n<meta property=\"og:title\" content=\"Formazione indivisuale in azienda - Halifax Consulting\" \/>\n<meta property=\"og:description\" content=\"Halifax Consulting vi propone soluzioni destinate ad accelerare lo sviluppo delle vostre competenze commerciali, manageriali, di key account management o negoziazione.\" \/>\n<meta property=\"og:url\" content=\"https:\/\/www.halifax-consulting.com\/it\/formazione\/\" \/>\n<meta property=\"og:site_name\" content=\"Halifax Consulting \u2013 IT\" \/>\n<meta property=\"article:modified_time\" content=\"2025-05-26T14:36:46+00:00\" \/>\n<meta property=\"og:image\" content=\"https:\/\/www.halifax-consulting.com\/it\/wp-content\/uploads\/sites\/10\/2020\/03\/halifax-consulting-formation-2.jpg\" \/>\n\t<meta property=\"og:image:width\" content=\"1000\" \/>\n\t<meta property=\"og:image:height\" content=\"360\" \/>\n\t<meta property=\"og:image:type\" content=\"image\/jpeg\" \/>\n<meta name=\"twitter:card\" content=\"summary_large_image\" \/>\n<script type=\"application\/ld+json\" class=\"yoast-schema-graph\">{\"@context\":\"https:\/\/schema.org\",\"@graph\":[{\"@type\":\"WebPage\",\"@id\":\"https:\/\/www.halifax-consulting.com\/it\/formazione\/\",\"url\":\"https:\/\/www.halifax-consulting.com\/it\/formazione\/\",\"name\":\"Formazione indivisuale in azienda - Halifax Consulting\",\"isPartOf\":{\"@id\":\"https:\/\/www.halifax-consulting.com\/it\/#website\"},\"datePublished\":\"2019-12-11T14:10:50+00:00\",\"dateModified\":\"2025-05-26T14:36:46+00:00\",\"description\":\"Halifax Consulting vi propone soluzioni destinate ad accelerare lo sviluppo delle vostre competenze commerciali, manageriali, di key account management o negoziazione.\",\"breadcrumb\":{\"@id\":\"https:\/\/www.halifax-consulting.com\/it\/formazione\/#breadcrumb\"},\"inLanguage\":\"it-IT\",\"potentialAction\":[{\"@type\":\"ReadAction\",\"target\":[\"https:\/\/www.halifax-consulting.com\/it\/formazione\/\"]}]},{\"@type\":\"BreadcrumbList\",\"@id\":\"https:\/\/www.halifax-consulting.com\/it\/formazione\/#breadcrumb\",\"itemListElement\":[{\"@type\":\"ListItem\",\"position\":1,\"name\":\"Accueil\",\"item\":\"https:\/\/www.halifax-consulting.com\/it\/\"},{\"@type\":\"ListItem\",\"position\":2,\"name\":\"Formazione\"}]},{\"@type\":\"WebSite\",\"@id\":\"https:\/\/www.halifax-consulting.com\/it\/#website\",\"url\":\"https:\/\/www.halifax-consulting.com\/it\/\",\"name\":\"Halifax Consulting \u2013 IT\",\"description\":\"Halifax \u00e8 un societ\u00e0 di consulenza internazionale specializzata in negoziazione e performance commerciale. Disegniamo e organizziamo progetti di formazione su larga scala per i manager e le loro squadre dal 2003 grazie a una ingegneria pedagogica...\",\"publisher\":{\"@id\":\"https:\/\/www.halifax-consulting.com\/it\/#organization\"},\"potentialAction\":[{\"@type\":\"SearchAction\",\"target\":{\"@type\":\"EntryPoint\",\"urlTemplate\":\"https:\/\/www.halifax-consulting.com\/it\/?s={search_term_string}\"},\"query-input\":\"required name=search_term_string\"}],\"inLanguage\":\"it-IT\"},{\"@type\":\"Organization\",\"@id\":\"https:\/\/www.halifax-consulting.com\/it\/#organization\",\"name\":\"Halifax Consulting\",\"url\":\"https:\/\/www.halifax-consulting.com\/it\/\",\"logo\":{\"@type\":\"ImageObject\",\"inLanguage\":\"it-IT\",\"@id\":\"https:\/\/www.halifax-consulting.com\/it\/#\/schema\/logo\/image\/\",\"url\":\"https:\/\/www.halifax-consulting.com\/it\/wp-content\/uploads\/sites\/10\/2020\/06\/Halifax_logo_EN_Transp.png\",\"contentUrl\":\"https:\/\/www.halifax-consulting.com\/it\/wp-content\/uploads\/sites\/10\/2020\/06\/Halifax_logo_EN_Transp.png\",\"width\":886,\"height\":886,\"caption\":\"Halifax Consulting\"},\"image\":{\"@id\":\"https:\/\/www.halifax-consulting.com\/it\/#\/schema\/logo\/image\/\"}}]}<\/script>\n<!-- \/ Yoast SEO plugin. -->","yoast_head_json":{"title":"Formazione indivisuale in azienda - Halifax Consulting","description":"Halifax Consulting vi propone soluzioni destinate ad accelerare lo sviluppo delle vostre competenze commerciali, manageriali, di key account management o negoziazione.","canonical":"https:\/\/www.halifax-consulting.com\/it\/formazione\/","og_locale":"it_IT","og_type":"article","og_title":"Formazione indivisuale in azienda - Halifax Consulting","og_description":"Halifax Consulting vi propone soluzioni destinate ad accelerare lo sviluppo delle vostre competenze commerciali, manageriali, di key account management o negoziazione.","og_url":"https:\/\/www.halifax-consulting.com\/it\/formazione\/","og_site_name":"Halifax Consulting \u2013 IT","article_modified_time":"2025-05-26T14:36:46+00:00","og_image":[{"width":1000,"height":360,"url":"https:\/\/www.halifax-consulting.com\/it\/wp-content\/uploads\/sites\/10\/2020\/03\/halifax-consulting-formation-2.jpg","type":"image\/jpeg"}],"twitter_card":"summary_large_image","schema":{"@context":"https:\/\/schema.org","@graph":[{"@type":"WebPage","@id":"https:\/\/www.halifax-consulting.com\/it\/formazione\/","url":"https:\/\/www.halifax-consulting.com\/it\/formazione\/","name":"Formazione indivisuale in azienda - Halifax Consulting","isPartOf":{"@id":"https:\/\/www.halifax-consulting.com\/it\/#website"},"datePublished":"2019-12-11T14:10:50+00:00","dateModified":"2025-05-26T14:36:46+00:00","description":"Halifax Consulting vi propone soluzioni destinate ad accelerare lo sviluppo delle vostre competenze commerciali, manageriali, di key account management o negoziazione.","breadcrumb":{"@id":"https:\/\/www.halifax-consulting.com\/it\/formazione\/#breadcrumb"},"inLanguage":"it-IT","potentialAction":[{"@type":"ReadAction","target":["https:\/\/www.halifax-consulting.com\/it\/formazione\/"]}]},{"@type":"BreadcrumbList","@id":"https:\/\/www.halifax-consulting.com\/it\/formazione\/#breadcrumb","itemListElement":[{"@type":"ListItem","position":1,"name":"Accueil","item":"https:\/\/www.halifax-consulting.com\/it\/"},{"@type":"ListItem","position":2,"name":"Formazione"}]},{"@type":"WebSite","@id":"https:\/\/www.halifax-consulting.com\/it\/#website","url":"https:\/\/www.halifax-consulting.com\/it\/","name":"Halifax Consulting \u2013 IT","description":"Halifax \u00e8 un societ\u00e0 di consulenza internazionale specializzata in negoziazione e performance commerciale. Disegniamo e organizziamo progetti di formazione su larga scala per i manager e le loro squadre dal 2003 grazie a una ingegneria pedagogica...","publisher":{"@id":"https:\/\/www.halifax-consulting.com\/it\/#organization"},"potentialAction":[{"@type":"SearchAction","target":{"@type":"EntryPoint","urlTemplate":"https:\/\/www.halifax-consulting.com\/it\/?s={search_term_string}"},"query-input":"required name=search_term_string"}],"inLanguage":"it-IT"},{"@type":"Organization","@id":"https:\/\/www.halifax-consulting.com\/it\/#organization","name":"Halifax Consulting","url":"https:\/\/www.halifax-consulting.com\/it\/","logo":{"@type":"ImageObject","inLanguage":"it-IT","@id":"https:\/\/www.halifax-consulting.com\/it\/#\/schema\/logo\/image\/","url":"https:\/\/www.halifax-consulting.com\/it\/wp-content\/uploads\/sites\/10\/2020\/06\/Halifax_logo_EN_Transp.png","contentUrl":"https:\/\/www.halifax-consulting.com\/it\/wp-content\/uploads\/sites\/10\/2020\/06\/Halifax_logo_EN_Transp.png","width":886,"height":886,"caption":"Halifax Consulting"},"image":{"@id":"https:\/\/www.halifax-consulting.com\/it\/#\/schema\/logo\/image\/"}}]}},"_links":{"self":[{"href":"https:\/\/www.halifax-consulting.com\/it\/wp-json\/wp\/v2\/pages\/7"}],"collection":[{"href":"https:\/\/www.halifax-consulting.com\/it\/wp-json\/wp\/v2\/pages"}],"about":[{"href":"https:\/\/www.halifax-consulting.com\/it\/wp-json\/wp\/v2\/types\/page"}],"author":[{"embeddable":true,"href":"https:\/\/www.halifax-consulting.com\/it\/wp-json\/wp\/v2\/users\/1"}],"replies":[{"embeddable":true,"href":"https:\/\/www.halifax-consulting.com\/it\/wp-json\/wp\/v2\/comments?post=7"}],"version-history":[{"count":24,"href":"https:\/\/www.halifax-consulting.com\/it\/wp-json\/wp\/v2\/pages\/7\/revisions"}],"predecessor-version":[{"id":3425,"href":"https:\/\/www.halifax-consulting.com\/it\/wp-json\/wp\/v2\/pages\/7\/revisions\/3425"}],"wp:featuredmedia":[{"embeddable":true,"href":"https:\/\/www.halifax-consulting.com\/it\/wp-json\/wp\/v2\/media\/1004"}],"wp:attachment":[{"href":"https:\/\/www.halifax-consulting.com\/it\/wp-json\/wp\/v2\/media?parent=7"}],"wp:term":[{"taxonomy":"category","embeddable":true,"href":"https:\/\/www.halifax-consulting.com\/it\/wp-json\/wp\/v2\/categories?post=7"}],"curies":[{"name":"wp","href":"https:\/\/api.w.org\/{rel}","templated":true}]}}