{"id":82,"date":"2019-12-13T15:23:41","date_gmt":"2019-12-13T15:23:41","guid":{"rendered":"https:\/\/www.halifax-consulting.com\/?page_id=82"},"modified":"2024-12-17T09:16:51","modified_gmt":"2024-12-17T09:16:51","slug":"formazioni-con-certificazione-diploma","status":"publish","type":"page","link":"https:\/\/www.halifax-consulting.com\/it\/formazione\/formazioni-con-certificazione-diploma\/","title":{"rendered":"Corsi di formazione certificati e di alta qualit\u00e0"},"content":{"rendered":"<div class=\"container\">\n\t<div class=\"row\">\n\t\t<div class=\"col-lg-12 col-md-12 col-sm-12\">\n\t\t\t<h2 class=\"intro\">\n\t\t\t\t<strong class=\"intro-h2 d-block\">Una certificazione? Per quale motivo?<\/strong>\n\t\t\t\t<p>La formazione alle vendite &egrave; considerata il parente povero dell&#8217;istruzione superiore, sia in Europa che nel resto del mondo. Eppure, il settore &egrave; sempre pi&ugrave; complesso e richiede competenze di vendita sempre maggiori. Persone con un background tecnico le cui competenze sono fondamentali per lo sviluppo del business, venditori di prodotti desiderosi di vendere soluzioni pi&ugrave; complesse o di passare alla gestione dei key account, giovani laureati che intendono intraprendere una carriera nel marketing e nella gestione con un focus sulla specializzazione delle vendite&#8230; Tutte queste situazioni richiedono corsi pi&ugrave; lunghi adattati alle esigenze specifiche. A tal fine, Halifax Consulting ha sviluppato partnership con Business School per programmi di certificazione e\/o diploma su misura.<\/p>\t\t\t<\/h2>\n\t\t<\/div>\n\t<\/div>\n<\/div>\n\n\n<section class=\"light block-benefits-4 py-6\">\n\t<div class=\"container\">\n\t\t<div class=\"row\">\n\t\t\t<div class=\"col-lg-12 col-md-12 col-sm-12\">\n\t\t\t\t<h2 class=\"text-center\">\n\t\t\t\t\tI VANTAGGI DEI NOSTRI CORSI DI FORMAZIONE PER LA CERTIFICAZIONE E I DIPLOMI\t\t\t\t\t<span class=\"h2-subtitle\"><\/span>\n\t\t\t\t\t\n\t\t\t\t\t\n\t\t\t\t<\/h2>\n\t\t\t<\/div>\n\t\t<\/div>\n\t\t<div class=\"row\">\n\t\t\t\t\n\t\t\t\t\t\n\t\t\t\t\t<div class=\"col-lg-6 col-md-6 col-sm-12 mb-4\">\n\t\t\t\t\t\t<div class=\"row\">\n\t\t\t\t\t\t\t<div class=\"col-lg-2 col-sm-3 col-sm-12\">\n\t\t\t\t\t\t\t\t<img decoding=\"async\" class=\"fadeIn\" src=\"https:\/\/www.halifax-consulting.com\/it\/wp-content\/themes\/halifax\/library\/img\/halifax-consulting-benefits-icon.svg\" alt=\"icone benefices\" width=\"100%\" \/>\n\t\t\t\t\t\t\t<\/div>\n\t\t\t\t\t\t\t<div class=\"col-lg-10 col-sm-9 col-sm-12 fadeIn\">\n\t\t\t\t\t\t\t\t<h3 class=\"benef-title\">Il meglio di entrambi i mondi<\/h3>\n\t\t\t\t\t\t\t\t<p class=\"benef-content\">Ci avvaliamo di oltre 10 anni di relazioni con le migliori scuole di business in Europa per offrire programmi di studio-lavoro su misura per le vostre esigenze specifiche.<br>\n\t\t\t\t\t\t\t\t\t\t\t\t\t\t\t\t\t<\/p>\n\t\t\t\t\t\t\t<\/div>\n\t\t\t\t\t\t<\/div>\n\t\t\t\t\t<\/div>\n\t\t\t\t\t\n\t\t\t\t\t\t\n\t\t\t\t\t\n\t\t\t\t\t<div class=\"col-lg-6 col-md-6 col-sm-12 mb-4\">\n\t\t\t\t\t\t<div class=\"row\">\n\t\t\t\t\t\t\t<div class=\"col-lg-2 col-sm-3 col-sm-12\">\n\t\t\t\t\t\t\t\t<img decoding=\"async\" class=\"fadeIn\" src=\"https:\/\/www.halifax-consulting.com\/it\/wp-content\/themes\/halifax\/library\/img\/halifax-consulting-benefits-icon.svg\" alt=\"icone benefices\" width=\"100%\" \/>\n\t\t\t\t\t\t\t<\/div>\n\t\t\t\t\t\t\t<div class=\"col-lg-10 col-sm-9 col-sm-12 fadeIn\">\n\t\t\t\t\t\t\t\t<h3 class=\"benef-title\">Una selezione di corsi brevi che portano a certificazioni e diplomi<\/h3>\n\t\t\t\t\t\t\t\t<p class=\"benef-content\">Possiamo aiutarvi a trovare corsi pi\u00f9 brevi che vanno da circa 50 a 300 ore all&#8217;anno per adattarsi alla vostra disponibilit\u00e0 e ai vostri impegni di vita.<br>\n\t\t\t\t\t\t\t\t\t\t\t\t\t\t\t\t\t<\/p>\n\t\t\t\t\t\t\t<\/div>\n\t\t\t\t\t\t<\/div>\n\t\t\t\t\t<\/div>\n\t\t\t\t\t\n\t\t\t\t\t\t\n\t\t\t\t\t\n\t\t\t\t\t<div class=\"col-lg-6 col-md-6 col-sm-12 mb-4\">\n\t\t\t\t\t\t<div class=\"row\">\n\t\t\t\t\t\t\t<div class=\"col-lg-2 col-sm-3 col-sm-12\">\n\t\t\t\t\t\t\t\t<img decoding=\"async\" class=\"fadeIn\" src=\"https:\/\/www.halifax-consulting.com\/it\/wp-content\/themes\/halifax\/library\/img\/halifax-consulting-benefits-icon.svg\" alt=\"icone benefices\" width=\"100%\" \/>\n\t\t\t\t\t\t\t<\/div>\n\t\t\t\t\t\t\t<div class=\"col-lg-10 col-sm-9 col-sm-12 fadeIn\">\n\t\t\t\t\t\t\t\t<h3 class=\"benef-title\">Flessibilit\u00e0<\/h3>\n\t\t\t\t\t\t\t\t<p class=\"benef-content\">Le nostre soluzioni di coaching e apprendimento online vi permetteranno di combinare sessioni in aula e sul posto di lavoro per ottenere i migliori risultati.<br>\n\t\t\t\t\t\t\t\t\t\t\t\t\t\t\t\t\t<\/p>\n\t\t\t\t\t\t\t<\/div>\n\t\t\t\t\t\t<\/div>\n\t\t\t\t\t<\/div>\n\t\t\t\t\t\n\t\t\t\t\t\t\n\t\t\t\t\t\n\t\t\t\t\t<div class=\"col-lg-6 col-md-6 col-sm-12 mb-4\">\n\t\t\t\t\t\t<div class=\"row\">\n\t\t\t\t\t\t\t<div class=\"col-lg-2 col-sm-3 col-sm-12\">\n\t\t\t\t\t\t\t\t<img decoding=\"async\" class=\"fadeIn\" src=\"https:\/\/www.halifax-consulting.com\/it\/wp-content\/themes\/halifax\/library\/img\/halifax-consulting-benefits-icon.svg\" alt=\"icone benefices\" width=\"100%\" \/>\n\t\t\t\t\t\t\t<\/div>\n\t\t\t\t\t\t\t<div class=\"col-lg-10 col-sm-9 col-sm-12 fadeIn\">\n\t\t\t\t\t\t\t\t<h3 class=\"benef-title\">Accreditamento dell&#8217;apprendimento precedente<\/h3>\n\t\t\t\t\t\t\t\t<p class=\"benef-content\">Se desiderate utilizzare l&#8217;accreditamento dell&#8217;apprendimento precedente per il vostro corso, vi aiuteremo a compilare le vostre capacit\u00e0, attingendo alla nostra esperienza professionale di vendita per aiutarvi a chiarire le competenze di vendita che avete gi\u00e0 acquisito.<br>\n\t\t\t\t\t\t\t\t\t\t\t\t\t\t\t\t\t<\/p>\n\t\t\t\t\t\t\t<\/div>\n\t\t\t\t\t\t<\/div>\n\t\t\t\t\t<\/div>\n\t\t\t\t\t\n\t\t\t\t\t\t\t\t\n\t\t<\/div>\n\t<\/div>\n<\/section>\n\n<section class=\"white py-6\">\t\n\t<div class=\"container\">\n\t\t<div class=\"row\">\n\t\t\t<div class=\"col-lg-12 col-md-12 col-sm-12\">\n\t\t\t\t<h2 class=\"text-center\">I nostri partner accademici e di executive education<\/h2>\n\t\t\t<\/div>\n\t\t<\/div>\n\t\t<div class=\"row\">\n\t\t\t<div class=\"col-lg-3 col-md-3 col-sm-12\">\n\t\t\t\t<a href=\"https:\/\/sole24oreformazione.it\/gestione-dimpresa\/vendite-e-retail\" target=\"_blank\"><img decoding=\"async\" src=\"https:\/\/www.halifax-consulting.com\/it\/wp-content\/uploads\/sites\/10\/2024\/09\/logo-Sole-24-Ore-Formazione.png\" width=\"100%\" alt=\"Logo 1\"><\/a>\n\t\t\t<\/div>\n\t\t\t<div class=\"col-lg-3 col-md-3 col-sm-12\">\n\t\t\t\t<a href=\"\" target=\"_blank\"><img decoding=\"async\" src=\"https:\/\/www.halifax-consulting.com\/it\/wp-content\/uploads\/sites\/10\/2024\/09\/logo-universite-laval.png\" width=\"100%\" alt=\"Logo 2\"><\/a>\n\t\t\t<\/div>\n\t\t\t<div class=\"col-lg-3 col-md-3 col-sm-12\">\n\t\t\t\t<a href=\"\" target=\"_blank\"><img decoding=\"async\" src=\"https:\/\/www.halifax-consulting.com\/it\/wp-content\/uploads\/sites\/10\/2020\/01\/halifax-consulting-partenaire-enseignement-neoma-1.png\" width=\"100%\" alt=\"Logo 3\"><\/a>\n\t\t\t<\/div>\n\t\t\t<div class=\"col-lg-3 col-md-3 col-sm-12\">\n\t\t\t\t<a href=\"\" target=\"_blank\"><img decoding=\"async\" src=\"https:\/\/www.halifax-consulting.com\/it\/wp-content\/uploads\/sites\/10\/2020\/02\/halifax-consulting-partenaire-academiques-HEC.png\" width=\"100%\" alt=\"Logo 3\"><\/a>\n\t\t\t<\/div>\n\t\t<\/div>\n\t\t<div class=\"row\">\n\t\t\t<div class=\"col-lg-3 col-md-3 col-sm-12\">\n\t\t\t\t<a href=\"\" target=\"_blank\"><img decoding=\"async\" src=\"https:\/\/www.halifax-consulting.com\/it\/wp-content\/uploads\/sites\/10\/2020\/02\/halifax-consulting-partenaire-academiques-ESSEC.png\" width=\"100%\" alt=\"Logo 4\"><\/a>\n\t\t\t<\/div>\n\t\t\t<div class=\"col-lg-3 col-md-3 col-sm-12\">\n\t\t\t\t<a href=\"\" target=\"_blank\"><img decoding=\"async\" src=\"https:\/\/www.halifax-consulting.com\/it\/wp-content\/uploads\/sites\/10\/2020\/01\/halifax-consulting-partenaire-enseignement-escp-europe-2.png\" width=\"100%\" alt=\"Logo 5\"><\/a>\n\t\t\t<\/div>\n\t\t\t<div class=\"col-lg-3 col-md-3 col-sm-12\">\n\t\t\t\t<a href=\"\" target=\"_blank\"><img decoding=\"async\" src=\"https:\/\/www.halifax-consulting.com\/it\/wp-content\/uploads\/sites\/10\/2024\/11\/Design-sans-titre-4-scaled.jpg\" width=\"100%\" alt=\"\"><\/a>\n\t\t\t<\/div>\n\t\t\t<div class=\"col-lg-3 col-md-3 col-sm-12\">\n\t\t\t\t<a href=\"\" target=\"_blank\"><img decoding=\"async\" src=\"\" width=\"100%\" alt=\"\"><\/a>\n\t\t\t<\/div>\n\t\t<\/div>\n\t<\/div>\n<\/section>","protected":false},"excerpt":{"rendered":"<p>Un diploma di vendita? <br \/>Perch\u00e9?<br \/>\u00a0 <\/p>\n","protected":false},"author":1,"featured_media":785,"parent":7,"menu_order":70,"comment_status":"closed","ping_status":"closed","template":"page-generique-simple.php","meta":[],"categories":[],"acf":[],"yoast_head":"<!-- This site is optimized with the Yoast SEO plugin v19.9 - https:\/\/yoast.com\/wordpress\/plugins\/seo\/ -->\n<title>Formazione con diploma di vendita commerciale - Halifax Consulting<\/title>\n<meta name=\"description\" content=\"Lo studio della vendita \u00e8 spesso trascurato in Francia. Eppure l&#039;argomento \u00e8 sempre pi\u00f9 complesso e richiede una vera e propria formazione.\" \/>\n<link rel=\"canonical\" href=\"https:\/\/www.halifax-consulting.com\/it\/formazione\/formazioni-con-certificazione-diploma\/\" \/>\n<meta property=\"og:locale\" content=\"it_IT\" \/>\n<meta property=\"og:type\" content=\"article\" \/>\n<meta property=\"og:title\" content=\"Formazione con diploma di vendita commerciale - Halifax Consulting\" \/>\n<meta property=\"og:description\" content=\"Lo studio della vendita \u00e8 spesso trascurato in Francia. Eppure l&#039;argomento \u00e8 sempre pi\u00f9 complesso e richiede una vera e propria formazione.\" \/>\n<meta property=\"og:url\" content=\"https:\/\/www.halifax-consulting.com\/it\/formazione\/formazioni-con-certificazione-diploma\/\" \/>\n<meta property=\"og:site_name\" content=\"Halifax Consulting \u2013 IT\" \/>\n<meta property=\"article:modified_time\" content=\"2024-12-17T09:16:51+00:00\" \/>\n<meta property=\"og:image\" content=\"https:\/\/www.halifax-consulting.com\/it\/wp-content\/uploads\/sites\/10\/2020\/02\/halifax-consulting-formation-individuelle-certifiante.jpg\" \/>\n\t<meta property=\"og:image:width\" content=\"1000\" \/>\n\t<meta property=\"og:image:height\" content=\"360\" \/>\n\t<meta property=\"og:image:type\" content=\"image\/jpeg\" \/>\n<meta name=\"twitter:card\" content=\"summary_large_image\" \/>\n<script type=\"application\/ld+json\" class=\"yoast-schema-graph\">{\"@context\":\"https:\/\/schema.org\",\"@graph\":[{\"@type\":\"WebPage\",\"@id\":\"https:\/\/www.halifax-consulting.com\/it\/formazione\/formazioni-con-certificazione-diploma\/\",\"url\":\"https:\/\/www.halifax-consulting.com\/it\/formazione\/formazioni-con-certificazione-diploma\/\",\"name\":\"Formazione con diploma di vendita commerciale - Halifax Consulting\",\"isPartOf\":{\"@id\":\"https:\/\/www.halifax-consulting.com\/it\/#website\"},\"datePublished\":\"2019-12-13T15:23:41+00:00\",\"dateModified\":\"2024-12-17T09:16:51+00:00\",\"description\":\"Lo studio della vendita \u00e8 spesso trascurato in Francia. Eppure l'argomento \u00e8 sempre pi\u00f9 complesso e richiede una vera e propria formazione.\",\"breadcrumb\":{\"@id\":\"https:\/\/www.halifax-consulting.com\/it\/formazione\/formazioni-con-certificazione-diploma\/#breadcrumb\"},\"inLanguage\":\"it-IT\",\"potentialAction\":[{\"@type\":\"ReadAction\",\"target\":[\"https:\/\/www.halifax-consulting.com\/it\/formazione\/formazioni-con-certificazione-diploma\/\"]}]},{\"@type\":\"BreadcrumbList\",\"@id\":\"https:\/\/www.halifax-consulting.com\/it\/formazione\/formazioni-con-certificazione-diploma\/#breadcrumb\",\"itemListElement\":[{\"@type\":\"ListItem\",\"position\":1,\"name\":\"Accueil\",\"item\":\"https:\/\/www.halifax-consulting.com\/it\/\"},{\"@type\":\"ListItem\",\"position\":2,\"name\":\"Formazione\",\"item\":\"https:\/\/www.halifax-consulting.com\/it\/formazione\/\"},{\"@type\":\"ListItem\",\"position\":3,\"name\":\"Corsi di formazione certificati e di alta qualit\u00e0\"}]},{\"@type\":\"WebSite\",\"@id\":\"https:\/\/www.halifax-consulting.com\/it\/#website\",\"url\":\"https:\/\/www.halifax-consulting.com\/it\/\",\"name\":\"Halifax Consulting \u2013 IT\",\"description\":\"Halifax \u00e8 un societ\u00e0 di consulenza internazionale specializzata in negoziazione e performance commerciale. Disegniamo e organizziamo progetti di formazione su larga scala per i manager e le loro squadre dal 2003 grazie a una ingegneria pedagogica...\",\"publisher\":{\"@id\":\"https:\/\/www.halifax-consulting.com\/it\/#organization\"},\"potentialAction\":[{\"@type\":\"SearchAction\",\"target\":{\"@type\":\"EntryPoint\",\"urlTemplate\":\"https:\/\/www.halifax-consulting.com\/it\/?s={search_term_string}\"},\"query-input\":\"required name=search_term_string\"}],\"inLanguage\":\"it-IT\"},{\"@type\":\"Organization\",\"@id\":\"https:\/\/www.halifax-consulting.com\/it\/#organization\",\"name\":\"Halifax Consulting\",\"url\":\"https:\/\/www.halifax-consulting.com\/it\/\",\"logo\":{\"@type\":\"ImageObject\",\"inLanguage\":\"it-IT\",\"@id\":\"https:\/\/www.halifax-consulting.com\/it\/#\/schema\/logo\/image\/\",\"url\":\"https:\/\/www.halifax-consulting.com\/it\/wp-content\/uploads\/sites\/10\/2020\/06\/Halifax_logo_EN_Transp.png\",\"contentUrl\":\"https:\/\/www.halifax-consulting.com\/it\/wp-content\/uploads\/sites\/10\/2020\/06\/Halifax_logo_EN_Transp.png\",\"width\":886,\"height\":886,\"caption\":\"Halifax Consulting\"},\"image\":{\"@id\":\"https:\/\/www.halifax-consulting.com\/it\/#\/schema\/logo\/image\/\"}}]}<\/script>\n<!-- \/ Yoast SEO plugin. -->","yoast_head_json":{"title":"Formazione con diploma di vendita commerciale - Halifax Consulting","description":"Lo studio della vendita \u00e8 spesso trascurato in Francia. Eppure l'argomento \u00e8 sempre pi\u00f9 complesso e richiede una vera e propria formazione.","canonical":"https:\/\/www.halifax-consulting.com\/it\/formazione\/formazioni-con-certificazione-diploma\/","og_locale":"it_IT","og_type":"article","og_title":"Formazione con diploma di vendita commerciale - Halifax Consulting","og_description":"Lo studio della vendita \u00e8 spesso trascurato in Francia. Eppure l'argomento \u00e8 sempre pi\u00f9 complesso e richiede una vera e propria formazione.","og_url":"https:\/\/www.halifax-consulting.com\/it\/formazione\/formazioni-con-certificazione-diploma\/","og_site_name":"Halifax Consulting \u2013 IT","article_modified_time":"2024-12-17T09:16:51+00:00","og_image":[{"width":1000,"height":360,"url":"https:\/\/www.halifax-consulting.com\/it\/wp-content\/uploads\/sites\/10\/2020\/02\/halifax-consulting-formation-individuelle-certifiante.jpg","type":"image\/jpeg"}],"twitter_card":"summary_large_image","schema":{"@context":"https:\/\/schema.org","@graph":[{"@type":"WebPage","@id":"https:\/\/www.halifax-consulting.com\/it\/formazione\/formazioni-con-certificazione-diploma\/","url":"https:\/\/www.halifax-consulting.com\/it\/formazione\/formazioni-con-certificazione-diploma\/","name":"Formazione con diploma di vendita commerciale - Halifax Consulting","isPartOf":{"@id":"https:\/\/www.halifax-consulting.com\/it\/#website"},"datePublished":"2019-12-13T15:23:41+00:00","dateModified":"2024-12-17T09:16:51+00:00","description":"Lo studio della vendita \u00e8 spesso trascurato in Francia. Eppure l'argomento \u00e8 sempre pi\u00f9 complesso e richiede una vera e propria formazione.","breadcrumb":{"@id":"https:\/\/www.halifax-consulting.com\/it\/formazione\/formazioni-con-certificazione-diploma\/#breadcrumb"},"inLanguage":"it-IT","potentialAction":[{"@type":"ReadAction","target":["https:\/\/www.halifax-consulting.com\/it\/formazione\/formazioni-con-certificazione-diploma\/"]}]},{"@type":"BreadcrumbList","@id":"https:\/\/www.halifax-consulting.com\/it\/formazione\/formazioni-con-certificazione-diploma\/#breadcrumb","itemListElement":[{"@type":"ListItem","position":1,"name":"Accueil","item":"https:\/\/www.halifax-consulting.com\/it\/"},{"@type":"ListItem","position":2,"name":"Formazione","item":"https:\/\/www.halifax-consulting.com\/it\/formazione\/"},{"@type":"ListItem","position":3,"name":"Corsi di formazione certificati e di alta qualit\u00e0"}]},{"@type":"WebSite","@id":"https:\/\/www.halifax-consulting.com\/it\/#website","url":"https:\/\/www.halifax-consulting.com\/it\/","name":"Halifax Consulting \u2013 IT","description":"Halifax \u00e8 un societ\u00e0 di consulenza internazionale specializzata in negoziazione e performance commerciale. Disegniamo e organizziamo progetti di formazione su larga scala per i manager e le loro squadre dal 2003 grazie a una ingegneria pedagogica...","publisher":{"@id":"https:\/\/www.halifax-consulting.com\/it\/#organization"},"potentialAction":[{"@type":"SearchAction","target":{"@type":"EntryPoint","urlTemplate":"https:\/\/www.halifax-consulting.com\/it\/?s={search_term_string}"},"query-input":"required name=search_term_string"}],"inLanguage":"it-IT"},{"@type":"Organization","@id":"https:\/\/www.halifax-consulting.com\/it\/#organization","name":"Halifax Consulting","url":"https:\/\/www.halifax-consulting.com\/it\/","logo":{"@type":"ImageObject","inLanguage":"it-IT","@id":"https:\/\/www.halifax-consulting.com\/it\/#\/schema\/logo\/image\/","url":"https:\/\/www.halifax-consulting.com\/it\/wp-content\/uploads\/sites\/10\/2020\/06\/Halifax_logo_EN_Transp.png","contentUrl":"https:\/\/www.halifax-consulting.com\/it\/wp-content\/uploads\/sites\/10\/2020\/06\/Halifax_logo_EN_Transp.png","width":886,"height":886,"caption":"Halifax Consulting"},"image":{"@id":"https:\/\/www.halifax-consulting.com\/it\/#\/schema\/logo\/image\/"}}]}},"_links":{"self":[{"href":"https:\/\/www.halifax-consulting.com\/it\/wp-json\/wp\/v2\/pages\/82"}],"collection":[{"href":"https:\/\/www.halifax-consulting.com\/it\/wp-json\/wp\/v2\/pages"}],"about":[{"href":"https:\/\/www.halifax-consulting.com\/it\/wp-json\/wp\/v2\/types\/page"}],"author":[{"embeddable":true,"href":"https:\/\/www.halifax-consulting.com\/it\/wp-json\/wp\/v2\/users\/1"}],"replies":[{"embeddable":true,"href":"https:\/\/www.halifax-consulting.com\/it\/wp-json\/wp\/v2\/comments?post=82"}],"version-history":[{"count":20,"href":"https:\/\/www.halifax-consulting.com\/it\/wp-json\/wp\/v2\/pages\/82\/revisions"}],"predecessor-version":[{"id":3323,"href":"https:\/\/www.halifax-consulting.com\/it\/wp-json\/wp\/v2\/pages\/82\/revisions\/3323"}],"up":[{"embeddable":true,"href":"https:\/\/www.halifax-consulting.com\/it\/wp-json\/wp\/v2\/pages\/7"}],"wp:featuredmedia":[{"embeddable":true,"href":"https:\/\/www.halifax-consulting.com\/it\/wp-json\/wp\/v2\/media\/785"}],"wp:attachment":[{"href":"https:\/\/www.halifax-consulting.com\/it\/wp-json\/wp\/v2\/media?parent=82"}],"wp:term":[{"taxonomy":"category","embeddable":true,"href":"https:\/\/www.halifax-consulting.com\/it\/wp-json\/wp\/v2\/categories?post=82"}],"curies":[{"name":"wp","href":"https:\/\/api.w.org\/{rel}","templated":true}]}}