{"id":2233,"date":"2021-07-02T18:58:10","date_gmt":"2021-07-02T16:58:10","guid":{"rendered":"https:\/\/www.halifax-consulting.com\/en\/?page_id=2233"},"modified":"2023-12-12T18:11:31","modified_gmt":"2023-12-12T17:11:31","slug":"deloitte-afrika","status":"publish","type":"page","link":"https:\/\/www.halifax-consulting.com\/nl\/succesverhalen\/deloitte-afrika\/","title":{"rendered":"Deloitte Afrika"},"content":{"rendered":"<div class=\"container\">\n\t<div class=\"row\">\n\t\t<div class=\"col-lg-12 col-md-12 col-sm-12\">\n\t\t\t<h2 class=\"intro\">\n\t\t\t\t<strong class=\"intro-h2 d-block\">Uitdagingen<\/strong>\n\t\t\t\t<p>Deloitte Afrika wilde de verkoopcultuur ontwikkelen van medewerkers met een technische achtergrond (boekhouding, juridisch, financi&euml;n, enz.). De verschillende organisatieniveaus die betrokken zijn bij verkoopprocessen &#8211; medewerkers, managers, directeuren en partners &#8211; maakten allemaal deel uit van het streven om de prestaties te verbeteren en tegelijkertijd om te gaan met inherente beperkingen, zoals beschikbare tijd, afstanden en marktgerelateerde uitdagingen.<\/p>\t\t\t<\/h2>\n\t\t<\/div>\n\t<\/div>\n<\/div>\n\n\n<div class=\"container pb-6\">\n\t<div class=\"row\">\n\t\t<div class=\"col-lg-4 col-md-4 col-sm-12\">\n\t\t\t<h4 class=\"key\">200<\/h4>\n\t\t\t<p class=\"key-description\">managers opgeleid in de afgelopen drie jaar<\/p>\t\t\t\t\t\t\t\n\t\t<\/div>\n\t\t<div class=\"col-lg-4 col-md-4 col-sm-12\">\n\t\t\t<h4 class=\"key\">12<\/h4>\n\t\t\t<p class=\"key-description\">landen<\/p>\t\t\t\t\t\t\n\t\t<\/div>\n\t\t<div class=\"col-lg-4 col-md-4 col-sm-12\">\n\t\t\t<h4 class=\"key\">100%<\/h4>\t\n\t\t\t<p class=\"key-description\">afstandsonderw\u0133s<\/p>\t\t\t\t\t\n\t\t<\/div>\n\t<\/div>\n<\/div>\n\n<section class=\"grey bloc-solution p-0\">\t\n\t<div class=\"container-fluid\">\n\t\t<div class=\"row\">\n\t\t\t<div class=\"col-lg-6 col-md-6 col-md-12 p-6\">\n\t\t\t\t<h3 class=\"success-single-titre\">De Halifax Consulting Oplossing<\/h3>\n\t\t\t\t<p>Een aanpak op afstand met een scala aan activiteiten, waaronder groepswerk, \u00e9\u00e9n-op-\u00e9\u00e9n coaching, business cases specifiek voor Deloitte Afrique, verkoopsimulaties en e-learning.  <\/p>\n\t\t\t<\/div>\n\t\t\t<div class=\"col-lg-6 col-md-6 col-md-12 p-0\">\n\t\t\t\t<figure>\n\t\t\t\t\t<!--<img decoding=\"async\" src=\"https:\/\/www.halifax-consulting.com\/nl\/wp-content\/uploads\/sites\/11\/2021\/07\/halifax-consulting-success-story-Deloitte-2.jpg\" alt=\"photo success story Deloitte Afrika\" width=\"100%\" \/>-->\n\t\t\t\t\t<img decoding=\"async\" loading=\"lazy\" src=\"https:\/\/www.halifax-consulting.com\/nl\/wp-content\/uploads\/sites\/11\/2021\/07\/halifax-consulting-success-story-Deloitte-2.jpg\" alt=\"\" width=\"100%\" height=\"\" >\t\t\t\t<\/figure>\n\t\t\t<\/div>\n\t\t<\/div>\n\t<\/div>\n<\/section>\n\n<section class=\"light py-6\">\n\t<div class=\"container\">\n\t\t<div class=\"row\">\n\t\t\t<div class=\"col-lg-12 col-md-12 col-sm-12\">\n\t\t\t\t<h2 class=\"text-center\">\n\t\t\t\t\tSleutels tot succes\t\t\t\n\t\t\t\t<\/h2>\n\t\t\t<\/div>\n\t\t<\/div>\n\t\t<div class=\"row\">\n\t\t\t<div class=\"col-lg-12 col-md-12 col-sm-12 bloc-cles-success\">\n\t\t\t\t<p>Een diepgaande reeks oplossingen om B2B verkoop te verbeteren. Een divers aanbod van e-learning methoden. Een pakket met verschillende Europese taalopties.<\/p>\n\t\t\t<\/div>\n\t\t<\/div>\n\t<\/div>\n<\/section>","protected":false},"excerpt":{"rendered":"<p>Deloitte Afrika wilde de verkoopcultuur ontwikkelen van medewerkers met een technische achtergrond (boekhouding, juridisch, financi\u00ebn, enz.).<\/p>\n","protected":false},"author":1,"featured_media":2240,"parent":547,"menu_order":0,"comment_status":"closed","ping_status":"closed","template":"page-success-single.php","meta":[],"categories":[3,4],"acf":[],"yoast_head":"<!-- This site is optimized with the Yoast SEO plugin v19.9 - https:\/\/yoast.com\/wordpress\/plugins\/seo\/ -->\n<title>Succesverhalen Deloitte<\/title>\n<meta name=\"description\" content=\"Deloitte Afrika wilde de verkoopcultuur ontwikkelen van medewerkers met een technische achtergrond (boekhouding, juridisch, financi\u00ebn, enz.).\" \/>\n<link rel=\"canonical\" href=\"https:\/\/www.halifax-consulting.com\/nl\/succesverhalen\/deloitte-afrika\/\" \/>\n<meta property=\"og:locale\" content=\"nl_NL\" \/>\n<meta property=\"og:type\" content=\"article\" \/>\n<meta property=\"og:title\" content=\"Succesverhalen Deloitte\" \/>\n<meta property=\"og:description\" content=\"Deloitte Afrika wilde de verkoopcultuur ontwikkelen van medewerkers met een technische achtergrond (boekhouding, juridisch, financi\u00ebn, enz.).\" \/>\n<meta property=\"og:url\" content=\"https:\/\/www.halifax-consulting.com\/nl\/succesverhalen\/deloitte-afrika\/\" \/>\n<meta property=\"og:site_name\" content=\"Halifax Consulting \u2013 NL\" \/>\n<meta property=\"article:modified_time\" content=\"2023-12-12T17:11:31+00:00\" \/>\n<meta property=\"og:image\" content=\"https:\/\/www.halifax-consulting.com\/nl\/wp-content\/uploads\/sites\/11\/2021\/07\/halifax-consulting-success-story-Deloitte.jpg\" \/>\n\t<meta property=\"og:image:width\" content=\"1180\" \/>\n\t<meta property=\"og:image:height\" content=\"735\" \/>\n\t<meta property=\"og:image:type\" content=\"image\/jpeg\" \/>\n<meta name=\"twitter:card\" content=\"summary_large_image\" \/>\n<script type=\"application\/ld+json\" class=\"yoast-schema-graph\">{\"@context\":\"https:\/\/schema.org\",\"@graph\":[{\"@type\":\"WebPage\",\"@id\":\"https:\/\/www.halifax-consulting.com\/nl\/succesverhalen\/deloitte-afrika\/\",\"url\":\"https:\/\/www.halifax-consulting.com\/nl\/succesverhalen\/deloitte-afrika\/\",\"name\":\"Succesverhalen Deloitte\",\"isPartOf\":{\"@id\":\"https:\/\/www.halifax-consulting.com\/nl\/#website\"},\"datePublished\":\"2021-07-02T16:58:10+00:00\",\"dateModified\":\"2023-12-12T17:11:31+00:00\",\"description\":\"Deloitte Afrika wilde de verkoopcultuur ontwikkelen van medewerkers met een technische achtergrond (boekhouding, juridisch, financi\u00ebn, enz.).\",\"breadcrumb\":{\"@id\":\"https:\/\/www.halifax-consulting.com\/nl\/succesverhalen\/deloitte-afrika\/#breadcrumb\"},\"inLanguage\":\"nl\",\"potentialAction\":[{\"@type\":\"ReadAction\",\"target\":[\"https:\/\/www.halifax-consulting.com\/nl\/succesverhalen\/deloitte-afrika\/\"]}]},{\"@type\":\"BreadcrumbList\",\"@id\":\"https:\/\/www.halifax-consulting.com\/nl\/succesverhalen\/deloitte-afrika\/#breadcrumb\",\"itemListElement\":[{\"@type\":\"ListItem\",\"position\":1,\"name\":\"Accueil\",\"item\":\"https:\/\/www.halifax-consulting.com\/nl\/\"},{\"@type\":\"ListItem\",\"position\":2,\"name\":\"Succesverhalen\",\"item\":\"https:\/\/www.halifax-consulting.com\/nl\/succesverhalen\/\"},{\"@type\":\"ListItem\",\"position\":3,\"name\":\"Deloitte Afrika\"}]},{\"@type\":\"WebSite\",\"@id\":\"https:\/\/www.halifax-consulting.com\/nl\/#website\",\"url\":\"https:\/\/www.halifax-consulting.com\/nl\/\",\"name\":\"Halifax Consulting \u2013 NL\",\"description\":\"Un site utilisant Les sites de Halifax Consulting\",\"publisher\":{\"@id\":\"https:\/\/www.halifax-consulting.com\/nl\/#organization\"},\"potentialAction\":[{\"@type\":\"SearchAction\",\"target\":{\"@type\":\"EntryPoint\",\"urlTemplate\":\"https:\/\/www.halifax-consulting.com\/nl\/?s={search_term_string}\"},\"query-input\":\"required name=search_term_string\"}],\"inLanguage\":\"nl\"},{\"@type\":\"Organization\",\"@id\":\"https:\/\/www.halifax-consulting.com\/nl\/#organization\",\"name\":\"Halifax Consulting\",\"url\":\"https:\/\/www.halifax-consulting.com\/nl\/\",\"logo\":{\"@type\":\"ImageObject\",\"inLanguage\":\"nl\",\"@id\":\"https:\/\/www.halifax-consulting.com\/nl\/#\/schema\/logo\/image\/\",\"url\":\"https:\/\/www.halifax-consulting.com\/wp-content\/uploads\/2020\/06\/Halifax_logo_EN_Transp.png\",\"contentUrl\":\"https:\/\/www.halifax-consulting.com\/wp-content\/uploads\/2020\/06\/Halifax_logo_EN_Transp.png\",\"width\":886,\"height\":886,\"caption\":\"Halifax Consulting\"},\"image\":{\"@id\":\"https:\/\/www.halifax-consulting.com\/nl\/#\/schema\/logo\/image\/\"}}]}<\/script>\n<!-- \/ Yoast SEO plugin. -->","yoast_head_json":{"title":"Succesverhalen Deloitte","description":"Deloitte Afrika wilde de verkoopcultuur ontwikkelen van medewerkers met een technische achtergrond (boekhouding, juridisch, financi\u00ebn, enz.).","canonical":"https:\/\/www.halifax-consulting.com\/nl\/succesverhalen\/deloitte-afrika\/","og_locale":"nl_NL","og_type":"article","og_title":"Succesverhalen Deloitte","og_description":"Deloitte Afrika wilde de verkoopcultuur ontwikkelen van medewerkers met een technische achtergrond (boekhouding, juridisch, financi\u00ebn, enz.).","og_url":"https:\/\/www.halifax-consulting.com\/nl\/succesverhalen\/deloitte-afrika\/","og_site_name":"Halifax Consulting \u2013 NL","article_modified_time":"2023-12-12T17:11:31+00:00","og_image":[{"width":1180,"height":735,"url":"https:\/\/www.halifax-consulting.com\/nl\/wp-content\/uploads\/sites\/11\/2021\/07\/halifax-consulting-success-story-Deloitte.jpg","type":"image\/jpeg"}],"twitter_card":"summary_large_image","schema":{"@context":"https:\/\/schema.org","@graph":[{"@type":"WebPage","@id":"https:\/\/www.halifax-consulting.com\/nl\/succesverhalen\/deloitte-afrika\/","url":"https:\/\/www.halifax-consulting.com\/nl\/succesverhalen\/deloitte-afrika\/","name":"Succesverhalen Deloitte","isPartOf":{"@id":"https:\/\/www.halifax-consulting.com\/nl\/#website"},"datePublished":"2021-07-02T16:58:10+00:00","dateModified":"2023-12-12T17:11:31+00:00","description":"Deloitte Afrika wilde de verkoopcultuur ontwikkelen van medewerkers met een technische achtergrond (boekhouding, juridisch, financi\u00ebn, enz.).","breadcrumb":{"@id":"https:\/\/www.halifax-consulting.com\/nl\/succesverhalen\/deloitte-afrika\/#breadcrumb"},"inLanguage":"nl","potentialAction":[{"@type":"ReadAction","target":["https:\/\/www.halifax-consulting.com\/nl\/succesverhalen\/deloitte-afrika\/"]}]},{"@type":"BreadcrumbList","@id":"https:\/\/www.halifax-consulting.com\/nl\/succesverhalen\/deloitte-afrika\/#breadcrumb","itemListElement":[{"@type":"ListItem","position":1,"name":"Accueil","item":"https:\/\/www.halifax-consulting.com\/nl\/"},{"@type":"ListItem","position":2,"name":"Succesverhalen","item":"https:\/\/www.halifax-consulting.com\/nl\/succesverhalen\/"},{"@type":"ListItem","position":3,"name":"Deloitte Afrika"}]},{"@type":"WebSite","@id":"https:\/\/www.halifax-consulting.com\/nl\/#website","url":"https:\/\/www.halifax-consulting.com\/nl\/","name":"Halifax Consulting \u2013 NL","description":"Un site utilisant Les sites de Halifax Consulting","publisher":{"@id":"https:\/\/www.halifax-consulting.com\/nl\/#organization"},"potentialAction":[{"@type":"SearchAction","target":{"@type":"EntryPoint","urlTemplate":"https:\/\/www.halifax-consulting.com\/nl\/?s={search_term_string}"},"query-input":"required name=search_term_string"}],"inLanguage":"nl"},{"@type":"Organization","@id":"https:\/\/www.halifax-consulting.com\/nl\/#organization","name":"Halifax Consulting","url":"https:\/\/www.halifax-consulting.com\/nl\/","logo":{"@type":"ImageObject","inLanguage":"nl","@id":"https:\/\/www.halifax-consulting.com\/nl\/#\/schema\/logo\/image\/","url":"https:\/\/www.halifax-consulting.com\/wp-content\/uploads\/2020\/06\/Halifax_logo_EN_Transp.png","contentUrl":"https:\/\/www.halifax-consulting.com\/wp-content\/uploads\/2020\/06\/Halifax_logo_EN_Transp.png","width":886,"height":886,"caption":"Halifax Consulting"},"image":{"@id":"https:\/\/www.halifax-consulting.com\/nl\/#\/schema\/logo\/image\/"}}]}},"_links":{"self":[{"href":"https:\/\/www.halifax-consulting.com\/nl\/wp-json\/wp\/v2\/pages\/2233"}],"collection":[{"href":"https:\/\/www.halifax-consulting.com\/nl\/wp-json\/wp\/v2\/pages"}],"about":[{"href":"https:\/\/www.halifax-consulting.com\/nl\/wp-json\/wp\/v2\/types\/page"}],"author":[{"embeddable":true,"href":"https:\/\/www.halifax-consulting.com\/nl\/wp-json\/wp\/v2\/users\/1"}],"replies":[{"embeddable":true,"href":"https:\/\/www.halifax-consulting.com\/nl\/wp-json\/wp\/v2\/comments?post=2233"}],"version-history":[{"count":2,"href":"https:\/\/www.halifax-consulting.com\/nl\/wp-json\/wp\/v2\/pages\/2233\/revisions"}],"predecessor-version":[{"id":3626,"href":"https:\/\/www.halifax-consulting.com\/nl\/wp-json\/wp\/v2\/pages\/2233\/revisions\/3626"}],"up":[{"embeddable":true,"href":"https:\/\/www.halifax-consulting.com\/nl\/wp-json\/wp\/v2\/pages\/547"}],"wp:featuredmedia":[{"embeddable":true,"href":"https:\/\/www.halifax-consulting.com\/nl\/wp-json\/wp\/v2\/media\/2240"}],"wp:attachment":[{"href":"https:\/\/www.halifax-consulting.com\/nl\/wp-json\/wp\/v2\/media?parent=2233"}],"wp:term":[{"taxonomy":"category","embeddable":true,"href":"https:\/\/www.halifax-consulting.com\/nl\/wp-json\/wp\/v2\/categories?post=2233"}],"curies":[{"name":"wp","href":"https:\/\/api.w.org\/{rel}","templated":true}]}}