{"id":2717,"date":"2023-04-11T10:44:55","date_gmt":"2023-04-11T08:44:55","guid":{"rendered":"https:\/\/www.halifax-consulting.com\/en\/?page_id=2717"},"modified":"2023-11-27T21:59:35","modified_gmt":"2023-11-27T20:59:35","slug":"training-strategisch-accountbeheer","status":"publish","type":"page","link":"https:\/\/www.halifax-consulting.com\/nl\/training\/training-strategisch-accountbeheer\/","title":{"rendered":"Training Strategisch Accountbeheer"},"content":{"rendered":"<div class=\"container\">\n\t<div class=\"row\">\n\t\t<div class=\"col-lg-12 col-md-12 col-sm-12\">\n\t\t\t<h2 class=\"intro\">\n\t\t\t\t<strong class=\"intro-h2 d-block\">Training van KAM naar SAM: hoe word je strategisch voor je klant?<\/strong>\n\t\t\t\t<p>Wat de redenen voor het bestaan van het key accounts-programma van uw bedrijf ook zijn, verkopers zullen &#8220;hun spel moeten verbeteren&#8221; in de manier waarop ze klanten benaderen om een van de meest kritieke elementen van de prestaties van die klant te worden. Dit wordt &#8220;strategisch verkopen&#8221; genoemd omdat het doel is om uw bedrijf te veranderen van een leverancier in een strategische leverancier, wat alles verandert vanuit het oogpunt van omzetgroei, marge en ook klantenloyaliteit. Tegelijkertijd zullen zakelijke actoren hun houding moeten veranderen om van de rol van verkoper naar die van adviseur te gaan. Dit impliceert veranderingen in houdingen, attitudes en praktijken.<\/p>\n<p>Ons KAM to SAM programma helpt je bij deze verandering door je alle sleutels te geven om van een zeer goede Account Manager een Strategische Account Manager te worden.<\/p>\n<p>We bieden je een reeks oplossingen rond een coherent en bewezen programma om je te trainen in strategisch verkopen.<\/p>\n<ul>\n<li>Bewezen methoden: Halifax is een van de top 5 bedrijven voor verkooptraining in Europa<\/li>\n<li>Inhoud van hoge kwaliteit: Halifax publiceert regelmatig bestsellers over Key Account Management<\/li>\n<li>Lesreeksen die verandering teweegbrengen om nieuwe bedrijfspraktijken toe te passen<\/li>\n<li>Een zeer operationele eindpresentatie van het &#8220;accountplan&#8221;.<\/li>\n<\/ul>\t\t\t<\/h2>\n\t\t<\/div>\n\t<\/div>\n<\/div>\n\n\n<section class=\"grey p-6 essentiels\">\t\n\t\n\t<div class=\"container\">\n\t\t\n\t\t<div class=\"row\">\n\t\t\t\n\t\t\t<div class=\"col-lg-7 col-md-7 col-sm-12\">\n\t\t\t\t\n\t\t\t\t\t\t\t\t\t<h3>DE DOELSTELLINGEN VAN DE SAM-TRAINING<\/h3>\n\t\t\t\t\t<ul>\n<li>Leer hoe je een winstgevende klantstrategie definieert<\/li>\n<li>Je bedrijf afstemmen op je resultaatambitie om de nodige middelen te verkrijgen&nbsp;<\/li>\n<li>Leiding geven aan een gedistribueerd accountteam op afstand in de modus &#8220;functioneel beheer&nbsp;<\/li>\n<li>Weten hoe je de klanttevredenheid concreet kunt verbeteren&nbsp;<\/li>\n<li>Krijg volledige ondersteuning en netwerken van het senior management van je bedrijf<\/li>\n<li>Presenteer aan het C-Level intern en bij de klant door middel van effectieve pitches.&nbsp;<\/li>\n<\/ul>\t\t\t\t\t\t\t\t\n\t\t\t\t\t\t\t\t\t<h3>DE VOORDELEN VAN DE SAM-TRAINING<\/h3>\n\t\t\t\t\t<ul>\n<li>Deze training is gebaseerd op praktijkervaring en wordt geleid door een &#8220;practitioner&#8221; die bekend is met het ontwerp en beheer van &#8220;key account&#8221; programma&#8217;s in de grootste Franse en internationale bedrijven.&nbsp;<\/li>\n<li>Het streeft ook de impliciete doelstelling na om deelnemers te wapenen om zichzelf te durven positioneren als uitdagers, partners van hun klanten en stakeholders in hun eigen winstgevendheid.&nbsp;<\/li>\n<li>De pedagogie van deze training is gebaseerd op praktijkvoorbeelden, concrete cases en oplossingen die in het &#8220;echte leven&#8221; zijn ge&iuml;mplementeerd.&nbsp;<\/li>\n<li>Aan het einde van de training kunnen de behandelde casussen onmiddellijk en volledig operationeel worden gebruikt voor klanten. Het accountplan, d.w.z. de strategie&euml;n en actieplannen zullen klaar zijn om ingezet te worden, de praktijken klaar om ge&iuml;mplementeerd te worden.&nbsp;<\/li>\n<\/ul>\t\t\t\t\t\t\t\t\n\t\t\t\t\t\t\t\t\t<h3>WAAROM DEZE TRAINING VOLGEN?<\/h3>\n\t\t\t\t\t<ul>\n<li>Je bent verkoper of Key Account Manager en je wilt je niveau van interactie met de klant verhogen om een stap vooruit te zetten in de strategische benadering van verkoop en het beheren van strategische accounts.<\/li>\n<li>Je komt uit een verkoopgerelateerd vakgebied (Marketing, Management, Business Development) en je wilt toegerust zijn om een strategische accountmanagementrol op je te nemen en de elementen van het accountplan onder de knie te krijgen.<\/li>\n<\/ul>\t\t\t\t\t\t\t<\/div>\n\t\t\t\n\t\t\t<div class=\"col-lg-1 col-md-1 col-sm-12\">\t\t\t\n\t\t\t<\/div>\n\t\t\t\n\t\t\t<div class=\"col-lg-4 col-md-4 col-sm-12\">\n\t\t\t\n\t\t\t\t<!-- Notation CPF -->\n\t\t\t\t\t\t\t\t\n\t\t\t\t<div class=\"card\">\n\t\t\t\t\t\n\t\t\t\t\t<div class=\"card-header\">\n\t\t\t\t\t\n\t\t\t\t\t\tSatisfaction Rate\t\t\t\t\t\t\n\t\t\t\t\t<\/div>\n\t\t\t\t\t\n\t\t\t\t\t\t\t\t\t\t\n\t\t\t\t\t<div class=\"satisfaction\">\n\t\t\t\t\t\t<label class=\"rating-label\">\n\t\t\t\t\t\t\t<input\n\t\t\t\t\t\t    class=\"rating\"\n\t\t\t\t\t\t    max=\"5\"\n\t\t\t\t\t\t    step=\"0.5\"\n\t\t\t\t\t\t    style=\"--value:4.5\"\n\t\t\t\t\t\t    type=\"range\"\n\t\t\t\t\t\t    value=\"4.5\">\n\t\t\t\t\t\t<\/label>\n\t\t\t\t\t\n\t\t\t\t\t\t\t\t\t\t\t\n\t\t\t\t\t\t<small class=\"text-left\"><em>Op 128 beoordelingen<\/em><\/small>\n\t\t\t\t\t\n\t\t\t\t\t\t\t\t\t\t\n\t\t\t\t\t<\/div>\n\t\t\t\t\t\n\t\t\t\t<\/div>\n\t\t\t\t\n\t\t\t\t\n\t\t\t\t<!-- Bouton VOIR LE PROGRAMME -->\n\t\t\t\t\n\t\t\t\t<p class=\"mt-4\">\n\t\t\t\t\t\n\t\t\t\t\t\t\t\t\t\t<!-- true = ouverture lien externe -->\n\t\t\t\t\t<a class=\"btn btn-hx btn-hx-orange d-block\" href=\"https:\/\/www.halifax-consulting.com\/nl\/contact-halifax-consulting\/\" title=\"NEEM CONTACT MET ONS OP OM DEZE TRAINING TE VOLGEN\" target=\"_blank\">NEEM CONTACT MET ONS OP OM DEZE TRAINING TE VOLGEN<\/a>\n\t\t\t\t\t\n\t\t\t\t\t\t\t\t\t\t\n\t\t\t\t<\/p>\n\t\t\t<\/div>\n\t\t<\/div>\n\t<\/div>\n<\/section>\n\n<!-- MODALE -->\n\n\n\n\n<section class=\"grey py-6\">\n\t\n\t<div class=\"container-fluid\">\n\t\t\n\t\t<div class=\"row\">\n\t\t\n\t\t\t<div class=\"col-lg-6 col-md-6 col-sm-12\">\n\t\t\t\t<!-- Livre blanc -->\n\t\t\t\t<div class=\"card--livre-blanc navy\">\n\t\t\t\t\t\n\t\t\t\t\t<div class=\"row p-0 m-0\">\n\t\t\t\t\t\t\n\t\t\t\t\t\t<div class=\"col-lg-5 col-md-5 col-sm-12 pl-0 pr-0\">\n\t\t\t\t\t\t\t\n\t\t\t\t\t\t\t<figure class=\"img-simple-success\">\n\t\n\t\t\t\t\t\t\t\t<img decoding=\"async\" loading=\"lazy\" src=\"https:\/\/www.halifax-consulting.com\/nl\/wp-content\/uploads\/sites\/11\/2023\/01\/halifax-consulting-livre-blanc-kam.png\" alt=\"\" width=\"100%\" height=\"\" >\t\t\t\t\t\t\t\t\n\t\t\t\t\t\t\t<\/figure>\n\t\t\t\t\t\t\t\n\t\t\t\t\t\t<\/div>\n\t\t\t\t\t\t\n\t\t\t\t\t\t<div class=\"col-lg-7 col-md-7 col-sm-12 card--lb-content\">\n\t\t\t\t\t\t\t<small>Witboek<\/small>\n\t\t\t\t\t\t\t\n\t\t\t\t\t\t\t\t\t\t\t\t\t\t\n\t\t\t\t\t\t\t\t<h3>Key Account Management<\/h3>\n\t\t\t\t\t\t\t\t\n\t\t\t\t\t\t\t\t\t\t\t\t\t\t\n\t\t\t\t\t\t\t\t\t\t\t\t\t\t\n\t\t\t\t\t\t\t<a href=\"https:\/\/www.halifax-consulting.com\/nl\/telechargez-livre-blanc?b=kam-176287363\" title=\"Livre blanc Key Account Management\" class=\"btn btn-hx btn-hx-orange\">Download it<\/a>\n\t\t\t\t\t\t<\/div>\n\t\t\t\t\t<\/div>\n\t\t\t\t<\/div>\n\t\t\t\t\n\t\t\t<\/div>\n\t\t\t\n\t\t\t\n\t\t\t\t\t\t\t \n\t\t\t\t\t\t\t\t\t\t\n\t\t\t\t\t\t\t\t\n\t\t\t\n\t\t\t\n\t\t\t\n\t\t\t<div class=\"col-lg-6 col-md-6 col-sm-12\">\n\t\t\t\t<!-- Success story -->\n\t\t\t\t<div class=\"card--livre-blanc\">\n\t\t\t\t\t\n\t\t\t\t\t<div class=\"row p-0 m-0\">\n\t\t\t\t\t\t\n\t\t\t\t\t\t<div class=\"col-lg-5 col-md-5 col-sm-12 pl-0 pr-0\">\n\t\t\t\t\t\t\t\n\t\t\t\t\t\t\t<figure class=\"img-simple-success\">\n\t\n\t\t\t\t\t\t\t\t<img decoding=\"async\" loading=\"lazy\" src=\"https:\/\/www.halifax-consulting.com\/nl\/wp-content\/uploads\/sites\/11\/2021\/07\/halifax-consulting-success-story-TotalEnergies.jpg\" alt=\"\" width=\"100%\" height=\"\" >\t\t\t\t\t\t\t\t\n\t\t\t\t\t\t\t<\/figure>\n\t\t\t\t\t\t\t\n\t\t\t\t\t\t<\/div>\n\t\t\t\t\t\t\n\t\t\t\t\t\t<div class=\"col-lg-7 col-md-7 col-sm-12 card--lb-content\">\n\t\t\t\t\t\t\t<small>Succesverhalen<\/small>\n\t\t\t\t\t\t\n\t\t\t\t\t\t\t<h3>Halifax Consulting begeleidt TotalEnergies<\/h3>\n<!-- \t\t\t\t\t\t\t<p>De smeermiddelenactiviteiten van TotalEnergies groeien in de regio&#8217;s LATAM, APAC en Afrika. Het bedrijf wilde het beheer van distributeurs&#8230;<\/p>\n\t -->\n<!--\n\t\t\t\t\t\t\t<p>\n\t\t\t\t\t\t\t\tD\u00e9couvrez comment Halifax Consulting a accompagn\u00e9 TotalEnergies sur le chemin de la r\u00e9ussite\n\t\t\t\t\t\t\t<\/p>\n-->\n\t\t\t\n\t\t\t\t\t\t\t\n\t\t\t\t\t\t\t<a href=\"https:\/\/www.halifax-consulting.com\/nl\/succesverhalen\/totalenergies\/\" class=\"btn btn-hx btn-hx-orange\" title=\"Lees verder\">Lees verder<\/a>\n\t\t\t\t\t\t\n\t\t\t\t\t\t<\/div>\n\t\t\t\t\t\t\n\t\t\t\t\t<\/div>\n\t\t\t\t\t\n\t\t\t\t<\/div>\n\t\t\t\t\n\t\t\t<\/div>\n\t\t\t\t\t\t\t\t\t\n\t\t<\/div>\n\t\t\n\t<\/div>\n\t\n<\/section>","protected":false},"excerpt":{"rendered":"","protected":false},"author":17,"featured_media":2733,"parent":545,"menu_order":20,"comment_status":"closed","ping_status":"closed","template":"","meta":[],"categories":[],"acf":[],"yoast_head":"<!-- This site is optimized with the Yoast SEO plugin v19.9 - https:\/\/yoast.com\/wordpress\/plugins\/seo\/ -->\n<title>Training Strategisch Accountbeheer<\/title>\n<meta name=\"description\" content=\"Ons programma zal je helpen door je alle sleutels te geven om van een heel goede Account Manager een Strategische Account Manager te maken.\" \/>\n<link rel=\"canonical\" href=\"https:\/\/www.halifax-consulting.com\/nl\/training\/training-strategisch-accountbeheer\/\" \/>\n<meta property=\"og:locale\" content=\"nl_NL\" \/>\n<meta property=\"og:type\" content=\"article\" \/>\n<meta property=\"og:title\" content=\"Training Strategisch Accountbeheer\" \/>\n<meta property=\"og:description\" content=\"Ons programma zal je helpen door je alle sleutels te geven om van een heel goede Account Manager een Strategische Account Manager te maken.\" \/>\n<meta property=\"og:url\" content=\"https:\/\/www.halifax-consulting.com\/nl\/training\/training-strategisch-accountbeheer\/\" \/>\n<meta property=\"og:site_name\" content=\"Halifax Consulting \u2013 NL\" \/>\n<meta property=\"article:modified_time\" content=\"2023-11-27T20:59:35+00:00\" \/>\n<meta property=\"og:image\" content=\"https:\/\/www.halifax-consulting.com\/nl\/wp-content\/uploads\/sites\/11\/2023\/02\/formation-strategic.jpg\" \/>\n\t<meta property=\"og:image:width\" content=\"1000\" \/>\n\t<meta property=\"og:image:height\" content=\"360\" \/>\n\t<meta property=\"og:image:type\" content=\"image\/jpeg\" \/>\n<meta name=\"twitter:card\" content=\"summary_large_image\" \/>\n<script type=\"application\/ld+json\" class=\"yoast-schema-graph\">{\"@context\":\"https:\/\/schema.org\",\"@graph\":[{\"@type\":\"WebPage\",\"@id\":\"https:\/\/www.halifax-consulting.com\/nl\/training\/training-strategisch-accountbeheer\/\",\"url\":\"https:\/\/www.halifax-consulting.com\/nl\/training\/training-strategisch-accountbeheer\/\",\"name\":\"Training Strategisch Accountbeheer\",\"isPartOf\":{\"@id\":\"https:\/\/www.halifax-consulting.com\/nl\/#website\"},\"datePublished\":\"2023-04-11T08:44:55+00:00\",\"dateModified\":\"2023-11-27T20:59:35+00:00\",\"description\":\"Ons programma zal je helpen door je alle sleutels te geven om van een heel goede Account Manager een Strategische Account Manager te maken.\",\"breadcrumb\":{\"@id\":\"https:\/\/www.halifax-consulting.com\/nl\/training\/training-strategisch-accountbeheer\/#breadcrumb\"},\"inLanguage\":\"nl\",\"potentialAction\":[{\"@type\":\"ReadAction\",\"target\":[\"https:\/\/www.halifax-consulting.com\/nl\/training\/training-strategisch-accountbeheer\/\"]}]},{\"@type\":\"BreadcrumbList\",\"@id\":\"https:\/\/www.halifax-consulting.com\/nl\/training\/training-strategisch-accountbeheer\/#breadcrumb\",\"itemListElement\":[{\"@type\":\"ListItem\",\"position\":1,\"name\":\"Accueil\",\"item\":\"https:\/\/www.halifax-consulting.com\/nl\/\"},{\"@type\":\"ListItem\",\"position\":2,\"name\":\"Training\",\"item\":\"https:\/\/www.halifax-consulting.com\/nl\/training\/\"},{\"@type\":\"ListItem\",\"position\":3,\"name\":\"Training Strategisch Accountbeheer\"}]},{\"@type\":\"WebSite\",\"@id\":\"https:\/\/www.halifax-consulting.com\/nl\/#website\",\"url\":\"https:\/\/www.halifax-consulting.com\/nl\/\",\"name\":\"Halifax Consulting \u2013 NL\",\"description\":\"Un site utilisant Les sites de Halifax Consulting\",\"publisher\":{\"@id\":\"https:\/\/www.halifax-consulting.com\/nl\/#organization\"},\"potentialAction\":[{\"@type\":\"SearchAction\",\"target\":{\"@type\":\"EntryPoint\",\"urlTemplate\":\"https:\/\/www.halifax-consulting.com\/nl\/?s={search_term_string}\"},\"query-input\":\"required name=search_term_string\"}],\"inLanguage\":\"nl\"},{\"@type\":\"Organization\",\"@id\":\"https:\/\/www.halifax-consulting.com\/nl\/#organization\",\"name\":\"Halifax Consulting\",\"url\":\"https:\/\/www.halifax-consulting.com\/nl\/\",\"logo\":{\"@type\":\"ImageObject\",\"inLanguage\":\"nl\",\"@id\":\"https:\/\/www.halifax-consulting.com\/nl\/#\/schema\/logo\/image\/\",\"url\":\"https:\/\/www.halifax-consulting.com\/wp-content\/uploads\/2020\/06\/Halifax_logo_EN_Transp.png\",\"contentUrl\":\"https:\/\/www.halifax-consulting.com\/wp-content\/uploads\/2020\/06\/Halifax_logo_EN_Transp.png\",\"width\":886,\"height\":886,\"caption\":\"Halifax Consulting\"},\"image\":{\"@id\":\"https:\/\/www.halifax-consulting.com\/nl\/#\/schema\/logo\/image\/\"}}]}<\/script>\n<!-- \/ Yoast SEO plugin. -->","yoast_head_json":{"title":"Training Strategisch Accountbeheer","description":"Ons programma zal je helpen door je alle sleutels te geven om van een heel goede Account Manager een Strategische Account Manager te maken.","canonical":"https:\/\/www.halifax-consulting.com\/nl\/training\/training-strategisch-accountbeheer\/","og_locale":"nl_NL","og_type":"article","og_title":"Training Strategisch Accountbeheer","og_description":"Ons programma zal je helpen door je alle sleutels te geven om van een heel goede Account Manager een Strategische Account Manager te maken.","og_url":"https:\/\/www.halifax-consulting.com\/nl\/training\/training-strategisch-accountbeheer\/","og_site_name":"Halifax Consulting \u2013 NL","article_modified_time":"2023-11-27T20:59:35+00:00","og_image":[{"width":1000,"height":360,"url":"https:\/\/www.halifax-consulting.com\/nl\/wp-content\/uploads\/sites\/11\/2023\/02\/formation-strategic.jpg","type":"image\/jpeg"}],"twitter_card":"summary_large_image","schema":{"@context":"https:\/\/schema.org","@graph":[{"@type":"WebPage","@id":"https:\/\/www.halifax-consulting.com\/nl\/training\/training-strategisch-accountbeheer\/","url":"https:\/\/www.halifax-consulting.com\/nl\/training\/training-strategisch-accountbeheer\/","name":"Training Strategisch Accountbeheer","isPartOf":{"@id":"https:\/\/www.halifax-consulting.com\/nl\/#website"},"datePublished":"2023-04-11T08:44:55+00:00","dateModified":"2023-11-27T20:59:35+00:00","description":"Ons programma zal je helpen door je alle sleutels te geven om van een heel goede Account Manager een Strategische Account Manager te maken.","breadcrumb":{"@id":"https:\/\/www.halifax-consulting.com\/nl\/training\/training-strategisch-accountbeheer\/#breadcrumb"},"inLanguage":"nl","potentialAction":[{"@type":"ReadAction","target":["https:\/\/www.halifax-consulting.com\/nl\/training\/training-strategisch-accountbeheer\/"]}]},{"@type":"BreadcrumbList","@id":"https:\/\/www.halifax-consulting.com\/nl\/training\/training-strategisch-accountbeheer\/#breadcrumb","itemListElement":[{"@type":"ListItem","position":1,"name":"Accueil","item":"https:\/\/www.halifax-consulting.com\/nl\/"},{"@type":"ListItem","position":2,"name":"Training","item":"https:\/\/www.halifax-consulting.com\/nl\/training\/"},{"@type":"ListItem","position":3,"name":"Training Strategisch Accountbeheer"}]},{"@type":"WebSite","@id":"https:\/\/www.halifax-consulting.com\/nl\/#website","url":"https:\/\/www.halifax-consulting.com\/nl\/","name":"Halifax Consulting \u2013 NL","description":"Un site utilisant Les sites de Halifax Consulting","publisher":{"@id":"https:\/\/www.halifax-consulting.com\/nl\/#organization"},"potentialAction":[{"@type":"SearchAction","target":{"@type":"EntryPoint","urlTemplate":"https:\/\/www.halifax-consulting.com\/nl\/?s={search_term_string}"},"query-input":"required name=search_term_string"}],"inLanguage":"nl"},{"@type":"Organization","@id":"https:\/\/www.halifax-consulting.com\/nl\/#organization","name":"Halifax Consulting","url":"https:\/\/www.halifax-consulting.com\/nl\/","logo":{"@type":"ImageObject","inLanguage":"nl","@id":"https:\/\/www.halifax-consulting.com\/nl\/#\/schema\/logo\/image\/","url":"https:\/\/www.halifax-consulting.com\/wp-content\/uploads\/2020\/06\/Halifax_logo_EN_Transp.png","contentUrl":"https:\/\/www.halifax-consulting.com\/wp-content\/uploads\/2020\/06\/Halifax_logo_EN_Transp.png","width":886,"height":886,"caption":"Halifax Consulting"},"image":{"@id":"https:\/\/www.halifax-consulting.com\/nl\/#\/schema\/logo\/image\/"}}]}},"_links":{"self":[{"href":"https:\/\/www.halifax-consulting.com\/nl\/wp-json\/wp\/v2\/pages\/2717"}],"collection":[{"href":"https:\/\/www.halifax-consulting.com\/nl\/wp-json\/wp\/v2\/pages"}],"about":[{"href":"https:\/\/www.halifax-consulting.com\/nl\/wp-json\/wp\/v2\/types\/page"}],"author":[{"embeddable":true,"href":"https:\/\/www.halifax-consulting.com\/nl\/wp-json\/wp\/v2\/users\/17"}],"replies":[{"embeddable":true,"href":"https:\/\/www.halifax-consulting.com\/nl\/wp-json\/wp\/v2\/comments?post=2717"}],"version-history":[{"count":1,"href":"https:\/\/www.halifax-consulting.com\/nl\/wp-json\/wp\/v2\/pages\/2717\/revisions"}],"predecessor-version":[{"id":3475,"href":"https:\/\/www.halifax-consulting.com\/nl\/wp-json\/wp\/v2\/pages\/2717\/revisions\/3475"}],"up":[{"embeddable":true,"href":"https:\/\/www.halifax-consulting.com\/nl\/wp-json\/wp\/v2\/pages\/545"}],"wp:featuredmedia":[{"embeddable":true,"href":"https:\/\/www.halifax-consulting.com\/nl\/wp-json\/wp\/v2\/media\/2733"}],"wp:attachment":[{"href":"https:\/\/www.halifax-consulting.com\/nl\/wp-json\/wp\/v2\/media?parent=2717"}],"wp:term":[{"taxonomy":"category","embeddable":true,"href":"https:\/\/www.halifax-consulting.com\/nl\/wp-json\/wp\/v2\/categories?post=2717"}],"curies":[{"name":"wp","href":"https:\/\/api.w.org\/{rel}","templated":true}]}}