{"id":2770,"date":"2023-02-14T11:41:24","date_gmt":"2023-02-14T10:41:24","guid":{"rendered":"https:\/\/www.halifax-consulting.com\/en\/?page_id=2770"},"modified":"2023-11-28T10:34:42","modified_gmt":"2023-11-28T09:34:42","slug":"luxe-verkooptraining","status":"publish","type":"page","link":"https:\/\/www.halifax-consulting.com\/nl\/training\/onze-andere-verkooptrainingen\/luxe-verkooptraining\/","title":{"rendered":"Luxe verkooptraining"},"content":{"rendered":"<div class=\"container\">\n\t<div class=\"row\">\n\t\t<div class=\"col-lg-12 col-md-12 col-sm-12\">\n\t\t\t<h2 class=\"intro\">\n\t\t\t\t<strong class=\"intro-h2 d-block\">Training &#8220;Verkopen met de codes van luxe&#8221;: Relationele elegantie is geen optie maar een voorwaarde voor succes<\/strong>\n\t\t\t\t<p style=\"text-align: justify\">Luxe is een wereld apart, met zijn eigen codes. Een van de essenti&euml;le punten van de praktijken van de grote luxemerken is ervoor te zorgen dat de waarden van het merk altijd worden uitgedragen door de werknemers. Dit is niet optioneel, het is een prioriteit. Er worden op dit punt enorme eisen gesteld en alle noodzakelijke middelen worden ingezet om een goede overdracht te garanderen van het verwachte gedrag, de over te brengen emoties en de aandacht voor details. Naast deze paar punten hebben deze merken ook aandacht voor het respecteren van de nieuwe luxecodes op alle niveaus van de commerci&euml;le keten.<\/p>\t\t\t<\/h2>\n\t\t<\/div>\n\t<\/div>\n<\/div>\n\n\n<section class=\"grey p-6 essentiels\">\t\n\t\n\t<div class=\"container\">\n\t\t\n\t\t<div class=\"row\">\n\t\t\t\n\t\t\t<div class=\"col-lg-7 col-md-7 col-sm-12\">\n\t\t\t\t\n\t\t\t\t\t\t\t\t\t<h3>DE DOELSTELLINGEN<\/h3>\n\t\t\t\t\t<ul>\n<li>Een beter begrip van de verkoopcodes in de luxesector en de vereisten van een eersteklas klantenkring.<\/li>\n<li>In staat zijn om op cultureel niveau te synchroniseren met je klanten.<\/li>\n<li>Begrijp de emotionele mechanismen bij premium selling.<\/li>\n<\/ul>\t\t\t\t\t\t\t\t\n\t\t\t\t\t\t\t\t\t<h3>DE VOORDELEN VAN DE TRAINING<\/h3>\n\t\t\t\t\t<ul>\n<li>Een &#8220;blended learning&#8221; cursus, met een analytisch deel van goede praktijken in e-learning formaat, dynamisch en ritmisch.<\/li>\n<li>Deelname aan een groepsworkshop om samen met een veeleisende klantenkring spraakniveaus te construeren, implementeren en trainen.<\/li>\n<li>De aanpak combineert het juiste gedrag en soft-skills ge&iuml;nspireerd door best practices in luxe verkoop.<\/li>\n<li>Afsluitende simulatie met een individuele debriefing.<\/li>\n<\/ul>\t\t\t\t\t\t\t\t\n\t\t\t\t\t\t\t\t\t<h3>VOOR WIE IS DEZE TRAINING BEDOELD?<\/h3>\n\t\t\t\t\t<p>Alle soorten verkopers die in een eersteklas omgeving of met eersteklas klanten werken.<\/p>\t\t\t\t\t\t\t<\/div>\n\t\t\t\n\t\t\t<div class=\"col-lg-1 col-md-1 col-sm-12\">\t\t\t\n\t\t\t<\/div>\n\t\t\t\n\t\t\t<div class=\"col-lg-4 col-md-4 col-sm-12\">\n\t\t\t\n\t\t\t\t<!-- Notation CPF -->\n\t\t\t\t\t\t\t\t\n\t\t\t\t<div class=\"card\">\n\t\t\t\t\t\n\t\t\t\t\t<div class=\"card-header\">\n\t\t\t\t\t\n\t\t\t\t\t\tSatisfaction Rate\t\t\t\t\t\t\n\t\t\t\t\t<\/div>\n\t\t\t\t\t\n\t\t\t\t\t\t\t\t\t\t\n\t\t\t\t\t<div class=\"satisfaction\">\n\t\t\t\t\t\t<label class=\"rating-label\">\n\t\t\t\t\t\t\t<input\n\t\t\t\t\t\t    class=\"rating\"\n\t\t\t\t\t\t    max=\"5\"\n\t\t\t\t\t\t    step=\"0.5\"\n\t\t\t\t\t\t    style=\"--value:5\"\n\t\t\t\t\t\t    type=\"range\"\n\t\t\t\t\t\t    value=\"5\">\n\t\t\t\t\t\t<\/label>\n\t\t\t\t\t\n\t\t\t\t\t\t\t\t\t\t\t\n\t\t\t\t\t\t<small class=\"text-left\"><em>Op 128 beoordelingen<\/em><\/small>\n\t\t\t\t\t\n\t\t\t\t\t\t\t\t\t\t\n\t\t\t\t\t<\/div>\n\t\t\t\t\t\n\t\t\t\t<\/div>\n\t\t\t\t\n\t\t\t\t\n\t\t\t\t<!-- Bouton VOIR LE PROGRAMME -->\n\t\t\t\t\n\t\t\t\t<p class=\"mt-4\">\n\t\t\t\t\t\n\t\t\t\t\t\t\t\t\t\t<!-- true = ouverture lien externe -->\n\t\t\t\t\t<a class=\"btn btn-hx btn-hx-orange d-block\" href=\"https:\/\/www.halifax-consulting.com\/nl\/contact-halifax-consulting\/\" title=\"Neem contact met ons op om deze training te volgen\" target=\"_blank\">Neem contact met ons op om deze training te volgen<\/a>\n\t\t\t\t\t\n\t\t\t\t\t\t\t\t\t\t\n\t\t\t\t<\/p>\n\t\t\t<\/div>\n\t\t<\/div>\n\t<\/div>\n<\/section>\n\n<!-- MODALE -->\n\n<div class=\"modal fade\" id=\"programme\" tabindex=\"-1\" role=\"dialog\" aria-labelledby=\"programme\" aria-hidden=\"true\">\n\t\n\t<div class=\"modal-dialog modal-dialog-centered modal-lg modal-dialog-scrollable\" role=\"document\">\n    \t\n    \t<div class=\"modal-content\">\n\t\t\t\n\t\t\t<div class=\"modal-header\">\n\t\t\t\t\n\t\t\t\t<h5 class=\"modal-title\" id=\"prog\">Programme<\/h5>\n\t\t\t\t\n\t\t\t\t<button type=\"button\" class=\"close\" data-dismiss=\"modal\" aria-label=\"Close\" title=\"\">\n\t\t\t\t\t<span aria-hidden=\"true\">&times;<\/span>\n\t\t\t\t<\/button>\n\t\t\t\t\n    \t\t<\/div>\n\t\t\t\n\t\t\t<div class=\"modal-body\">\n\t\t\t\t\n\t\t\t\t<div class=\"row\">\n\t\t\t\t\n\t\t\t\t\t<div class=\"col-lg-12 col-md-9 col-sm-12\">\n\t\t\t\t\t\t\n\t\t\t\t\t\t<div class=\"accordion accordion-programme\" id=\"prog\">\n\t\t\t\t\n\t\t\t\t\t\t\t\t\t\t\t\t\t\t\t\n\t\t\t\t\t\t\t\t\t\t\t\t\n\t\t\t\t\t\t\t\t<div class=\"card\">\n\t\t\t\t\t\n\t\t\t\t\t\t\t\t\t<div class=\"card-header\" id=\"heading1\">\n\t\t\t\t\t\t\n\t\t\t\t\t\t\t\t\t\t<button class=\"btn btn-link btn-block\" type=\"button\" data-toggle=\"collapse\" data-target=\"#collapse1\" aria-expanded=\"false\" aria-controls=\"collapse1\">\n\t\t\t\t\t\t\t\t\t\t\t\t\t\t\t\t\t\t\t\t\t\t\n\t\t\t\t\t\t\t\t\t\t<\/button>\n\t\t\n\t\t\t\t\t\t\t\t\t<\/div><!-- .card-header -->\n\t\t\t\t\t\n\t\t\t\t\t\t\t\t\t<div id=\"collapse1\" class=\"collapse\" aria-labelledby=\"heading1\" data-parent=\"#prog\">\n\t\t\t\t\t\t\t\t\t\t\n\t\t\t\t\t\t\t\t\t\t<div class=\"card-body\">\n\t\t\t\t\t\t\t\t\t\t\t\t\t\t\t\t\t\t\t\t\t<\/div><!-- .card-body -->\n\t\t\t\t\t\t\t\t\t\t\n\t\t\t\t\t\t\t\t\t<\/div><!-- .collapseID -->\n\t\t\t\t\t\t\t\t<\/div>\n\t\t\t\t\t\t\n\t\t\t\t\t\t\t\t\t\t\t\t\t\t\t\t\t\t\t\t\n\t\t\t\t\t\t<\/div>\n\t\t\t\t\t<\/div>\n\t\t\t\t<\/div>\n    \t\t<\/div>\n    \t<\/div>\n\t<\/div>\n<\/div>\n\n\n\n\n\n<section class=\"white py-6\">\n\t\n\t<div class=\"container-fluid\">\n\t\t\n\t\t<div class=\"row\">\n\t\t\n\t\t\t<div class=\"col-lg-6 col-md-6 col-sm-12\">\n\t\t\t\t<!-- Livre blanc -->\n\t\t\t\t<div class=\"card--livre-blanc navy\">\n\t\t\t\t\t\n\t\t\t\t\t<div class=\"row p-0 m-0\">\n\t\t\t\t\t\t\n\t\t\t\t\t\t<div class=\"col-lg-5 col-md-5 col-sm-12 pl-0 pr-0\">\n\t\t\t\t\t\t\t\n\t\t\t\t\t\t\t<figure class=\"img-simple-success\">\n\t\n\t\t\t\t\t\t\t\t<img decoding=\"async\" loading=\"lazy\" src=\"https:\/\/www.halifax-consulting.com\/nl\/wp-content\/uploads\/sites\/11\/2022\/11\/halifax-consulting-ebook-education-metaverse.jpg\" alt=\"Education in the Metaverse ebook\" width=\"100%\" height=\"\" >\t\t\t\t\t\t\t\t\n\t\t\t\t\t\t\t<\/figure>\n\t\t\t\t\t\t\t\n\t\t\t\t\t\t<\/div>\n\t\t\t\t\t\t\n\t\t\t\t\t\t<div class=\"col-lg-7 col-md-7 col-sm-12 card--lb-content\">\n\t\t\t\t\t\t\t<small>Witboek<\/small>\n\t\t\t\t\t\t\t\n\t\t\t\t\t\t\t\t\t\t\t\t\t\t\n\t\t\t\t\t\t\t\t<h3>Education in the Metaverse<\/h3>\n\t\t\t\t\t\t\t\t\n\t\t\t\t\t\t\t\t\t\t\t\t\t\t\n\t\t\t\t\t\t\t\t\t\t\t\t\t\t\n\t\t\t\t\t\t\t<a href=\"https:\/\/www.halifax-consulting.com\/nl\/telechargez-livre-blanc?b=meta-7449815\" title=\"Livre blanc Education in the Metaverse\" class=\"btn btn-hx btn-hx-orange\">Download it<\/a>\n\t\t\t\t\t\t<\/div>\n\t\t\t\t\t<\/div>\n\t\t\t\t<\/div>\n\t\t\t\t\n\t\t\t<\/div>\n\t\t\t\n\t\t\t\n\t\t\t\t\t\t\t \n\t\t\t\t\t\t\t\t\t\t\n\t\t\t\t\t\t\t\t\n\t\t\t\n\t\t\t\n\t\t\t\n\t\t\t<div class=\"col-lg-6 col-md-6 col-sm-12\">\n\t\t\t\t<!-- Success story -->\n\t\t\t\t<div class=\"card--livre-blanc\">\n\t\t\t\t\t\n\t\t\t\t\t<div class=\"row p-0 m-0\">\n\t\t\t\t\t\t\n\t\t\t\t\t\t<div class=\"col-lg-5 col-md-5 col-sm-12 pl-0 pr-0\">\n\t\t\t\t\t\t\t\n\t\t\t\t\t\t\t<figure class=\"img-simple-success\">\n\t\n\t\t\t\t\t\t\t\t<img decoding=\"async\" loading=\"lazy\" src=\"https:\/\/www.halifax-consulting.com\/nl\/wp-content\/uploads\/sites\/11\/2019\/12\/halifax-consulting-success-stories-renault.jpg\" alt=\"\" width=\"100%\" height=\"\" >\t\t\t\t\t\t\t\t\n\t\t\t\t\t\t\t<\/figure>\n\t\t\t\t\t\t\t\n\t\t\t\t\t\t<\/div>\n\t\t\t\t\t\t\n\t\t\t\t\t\t<div class=\"col-lg-7 col-md-7 col-sm-12 card--lb-content\">\n\t\t\t\t\t\t\t<small>Succesverhalen<\/small>\n\t\t\t\t\t\t\n\t\t\t\t\t\t\t<h3>Halifax Consulting begeleidt Renault-Nissan-Mitsubishi<\/h3>\n<!-- \t\t\t\t\t\t\t<p>Renault-Nissan wilde de groei in B2B-verkoop binnen de groep ondersteunen, vooral bij key accounts, die worden afgehandeld door speciale fleet sales teams.<\/p>\n\t -->\n<!--\n\t\t\t\t\t\t\t<p>\n\t\t\t\t\t\t\t\tD\u00e9couvrez comment Halifax Consulting a accompagn\u00e9 Renault-Nissan-Mitsubishi sur le chemin de la r\u00e9ussite\n\t\t\t\t\t\t\t<\/p>\n-->\n\t\t\t\n\t\t\t\t\t\t\t\n\t\t\t\t\t\t\t<a href=\"https:\/\/www.halifax-consulting.com\/nl\/succesverhalen\/renault-nissan-mitsubishi\/\" class=\"btn btn-hx btn-hx-orange\" title=\"Lees verder\">Lees verder<\/a>\n\t\t\t\t\t\t\n\t\t\t\t\t\t<\/div>\n\t\t\t\t\t\t\n\t\t\t\t\t<\/div>\n\t\t\t\t\t\n\t\t\t\t<\/div>\n\t\t\t\t\n\t\t\t<\/div>\n\t\t\t\t\t\t\t\t\t\n\t\t<\/div>\n\t\t\n\t<\/div>\n\t\n<\/section>","protected":false},"excerpt":{"rendered":"","protected":false},"author":17,"featured_media":2779,"parent":2734,"menu_order":0,"comment_status":"closed","ping_status":"closed","template":"","meta":[],"categories":[6],"acf":[],"yoast_head":"<!-- This site is optimized with the Yoast SEO plugin v19.9 - https:\/\/yoast.com\/wordpress\/plugins\/seo\/ -->\n<title>Luxe verkooptraining<\/title>\n<meta name=\"description\" content=\"Luxe is een wereld apart, met zijn eigen codes. Relationele elegantie is geen optie maar een voorwaarde voor succes...\" \/>\n<link rel=\"canonical\" href=\"https:\/\/www.halifax-consulting.com\/nl\/training\/onze-andere-verkooptrainingen\/luxe-verkooptraining\/\" \/>\n<meta property=\"og:locale\" content=\"nl_NL\" \/>\n<meta property=\"og:type\" content=\"article\" \/>\n<meta property=\"og:title\" content=\"Luxe verkooptraining\" \/>\n<meta property=\"og:description\" content=\"Luxe is een wereld apart, met zijn eigen codes. Relationele elegantie is geen optie maar een voorwaarde voor succes...\" \/>\n<meta property=\"og:url\" content=\"https:\/\/www.halifax-consulting.com\/nl\/training\/onze-andere-verkooptrainingen\/luxe-verkooptraining\/\" \/>\n<meta property=\"og:site_name\" content=\"Halifax Consulting \u2013 NL\" \/>\n<meta property=\"article:modified_time\" content=\"2023-11-28T09:34:42+00:00\" \/>\n<meta property=\"og:image\" content=\"https:\/\/www.halifax-consulting.com\/nl\/wp-content\/uploads\/sites\/11\/2023\/02\/luxury.jpg\" \/>\n\t<meta property=\"og:image:width\" content=\"1000\" \/>\n\t<meta property=\"og:image:height\" content=\"360\" \/>\n\t<meta property=\"og:image:type\" content=\"image\/jpeg\" \/>\n<meta name=\"twitter:card\" content=\"summary_large_image\" \/>\n<script type=\"application\/ld+json\" class=\"yoast-schema-graph\">{\"@context\":\"https:\/\/schema.org\",\"@graph\":[{\"@type\":\"WebPage\",\"@id\":\"https:\/\/www.halifax-consulting.com\/nl\/training\/onze-andere-verkooptrainingen\/luxe-verkooptraining\/\",\"url\":\"https:\/\/www.halifax-consulting.com\/nl\/training\/onze-andere-verkooptrainingen\/luxe-verkooptraining\/\",\"name\":\"Luxe verkooptraining\",\"isPartOf\":{\"@id\":\"https:\/\/www.halifax-consulting.com\/nl\/#website\"},\"datePublished\":\"2023-02-14T10:41:24+00:00\",\"dateModified\":\"2023-11-28T09:34:42+00:00\",\"description\":\"Luxe is een wereld apart, met zijn eigen codes. Relationele elegantie is geen optie maar een voorwaarde voor succes...\",\"breadcrumb\":{\"@id\":\"https:\/\/www.halifax-consulting.com\/nl\/training\/onze-andere-verkooptrainingen\/luxe-verkooptraining\/#breadcrumb\"},\"inLanguage\":\"nl\",\"potentialAction\":[{\"@type\":\"ReadAction\",\"target\":[\"https:\/\/www.halifax-consulting.com\/nl\/training\/onze-andere-verkooptrainingen\/luxe-verkooptraining\/\"]}]},{\"@type\":\"BreadcrumbList\",\"@id\":\"https:\/\/www.halifax-consulting.com\/nl\/training\/onze-andere-verkooptrainingen\/luxe-verkooptraining\/#breadcrumb\",\"itemListElement\":[{\"@type\":\"ListItem\",\"position\":1,\"name\":\"Accueil\",\"item\":\"https:\/\/www.halifax-consulting.com\/nl\/\"},{\"@type\":\"ListItem\",\"position\":2,\"name\":\"Training\",\"item\":\"https:\/\/www.halifax-consulting.com\/nl\/training\/\"},{\"@type\":\"ListItem\",\"position\":3,\"name\":\"Onze andere verkooptrainingen\",\"item\":\"https:\/\/www.halifax-consulting.com\/nl\/training\/onze-andere-verkooptrainingen\/\"},{\"@type\":\"ListItem\",\"position\":4,\"name\":\"Luxe verkooptraining\"}]},{\"@type\":\"WebSite\",\"@id\":\"https:\/\/www.halifax-consulting.com\/nl\/#website\",\"url\":\"https:\/\/www.halifax-consulting.com\/nl\/\",\"name\":\"Halifax Consulting \u2013 NL\",\"description\":\"Un site utilisant Les sites de Halifax Consulting\",\"publisher\":{\"@id\":\"https:\/\/www.halifax-consulting.com\/nl\/#organization\"},\"potentialAction\":[{\"@type\":\"SearchAction\",\"target\":{\"@type\":\"EntryPoint\",\"urlTemplate\":\"https:\/\/www.halifax-consulting.com\/nl\/?s={search_term_string}\"},\"query-input\":\"required name=search_term_string\"}],\"inLanguage\":\"nl\"},{\"@type\":\"Organization\",\"@id\":\"https:\/\/www.halifax-consulting.com\/nl\/#organization\",\"name\":\"Halifax Consulting\",\"url\":\"https:\/\/www.halifax-consulting.com\/nl\/\",\"logo\":{\"@type\":\"ImageObject\",\"inLanguage\":\"nl\",\"@id\":\"https:\/\/www.halifax-consulting.com\/nl\/#\/schema\/logo\/image\/\",\"url\":\"https:\/\/www.halifax-consulting.com\/wp-content\/uploads\/2020\/06\/Halifax_logo_EN_Transp.png\",\"contentUrl\":\"https:\/\/www.halifax-consulting.com\/wp-content\/uploads\/2020\/06\/Halifax_logo_EN_Transp.png\",\"width\":886,\"height\":886,\"caption\":\"Halifax Consulting\"},\"image\":{\"@id\":\"https:\/\/www.halifax-consulting.com\/nl\/#\/schema\/logo\/image\/\"}}]}<\/script>\n<!-- \/ Yoast SEO plugin. -->","yoast_head_json":{"title":"Luxe verkooptraining","description":"Luxe is een wereld apart, met zijn eigen codes. Relationele elegantie is geen optie maar een voorwaarde voor succes...","canonical":"https:\/\/www.halifax-consulting.com\/nl\/training\/onze-andere-verkooptrainingen\/luxe-verkooptraining\/","og_locale":"nl_NL","og_type":"article","og_title":"Luxe verkooptraining","og_description":"Luxe is een wereld apart, met zijn eigen codes. Relationele elegantie is geen optie maar een voorwaarde voor succes...","og_url":"https:\/\/www.halifax-consulting.com\/nl\/training\/onze-andere-verkooptrainingen\/luxe-verkooptraining\/","og_site_name":"Halifax Consulting \u2013 NL","article_modified_time":"2023-11-28T09:34:42+00:00","og_image":[{"width":1000,"height":360,"url":"https:\/\/www.halifax-consulting.com\/nl\/wp-content\/uploads\/sites\/11\/2023\/02\/luxury.jpg","type":"image\/jpeg"}],"twitter_card":"summary_large_image","schema":{"@context":"https:\/\/schema.org","@graph":[{"@type":"WebPage","@id":"https:\/\/www.halifax-consulting.com\/nl\/training\/onze-andere-verkooptrainingen\/luxe-verkooptraining\/","url":"https:\/\/www.halifax-consulting.com\/nl\/training\/onze-andere-verkooptrainingen\/luxe-verkooptraining\/","name":"Luxe verkooptraining","isPartOf":{"@id":"https:\/\/www.halifax-consulting.com\/nl\/#website"},"datePublished":"2023-02-14T10:41:24+00:00","dateModified":"2023-11-28T09:34:42+00:00","description":"Luxe is een wereld apart, met zijn eigen codes. Relationele elegantie is geen optie maar een voorwaarde voor succes...","breadcrumb":{"@id":"https:\/\/www.halifax-consulting.com\/nl\/training\/onze-andere-verkooptrainingen\/luxe-verkooptraining\/#breadcrumb"},"inLanguage":"nl","potentialAction":[{"@type":"ReadAction","target":["https:\/\/www.halifax-consulting.com\/nl\/training\/onze-andere-verkooptrainingen\/luxe-verkooptraining\/"]}]},{"@type":"BreadcrumbList","@id":"https:\/\/www.halifax-consulting.com\/nl\/training\/onze-andere-verkooptrainingen\/luxe-verkooptraining\/#breadcrumb","itemListElement":[{"@type":"ListItem","position":1,"name":"Accueil","item":"https:\/\/www.halifax-consulting.com\/nl\/"},{"@type":"ListItem","position":2,"name":"Training","item":"https:\/\/www.halifax-consulting.com\/nl\/training\/"},{"@type":"ListItem","position":3,"name":"Onze andere verkooptrainingen","item":"https:\/\/www.halifax-consulting.com\/nl\/training\/onze-andere-verkooptrainingen\/"},{"@type":"ListItem","position":4,"name":"Luxe verkooptraining"}]},{"@type":"WebSite","@id":"https:\/\/www.halifax-consulting.com\/nl\/#website","url":"https:\/\/www.halifax-consulting.com\/nl\/","name":"Halifax Consulting \u2013 NL","description":"Un site utilisant Les sites de Halifax Consulting","publisher":{"@id":"https:\/\/www.halifax-consulting.com\/nl\/#organization"},"potentialAction":[{"@type":"SearchAction","target":{"@type":"EntryPoint","urlTemplate":"https:\/\/www.halifax-consulting.com\/nl\/?s={search_term_string}"},"query-input":"required name=search_term_string"}],"inLanguage":"nl"},{"@type":"Organization","@id":"https:\/\/www.halifax-consulting.com\/nl\/#organization","name":"Halifax Consulting","url":"https:\/\/www.halifax-consulting.com\/nl\/","logo":{"@type":"ImageObject","inLanguage":"nl","@id":"https:\/\/www.halifax-consulting.com\/nl\/#\/schema\/logo\/image\/","url":"https:\/\/www.halifax-consulting.com\/wp-content\/uploads\/2020\/06\/Halifax_logo_EN_Transp.png","contentUrl":"https:\/\/www.halifax-consulting.com\/wp-content\/uploads\/2020\/06\/Halifax_logo_EN_Transp.png","width":886,"height":886,"caption":"Halifax Consulting"},"image":{"@id":"https:\/\/www.halifax-consulting.com\/nl\/#\/schema\/logo\/image\/"}}]}},"_links":{"self":[{"href":"https:\/\/www.halifax-consulting.com\/nl\/wp-json\/wp\/v2\/pages\/2770"}],"collection":[{"href":"https:\/\/www.halifax-consulting.com\/nl\/wp-json\/wp\/v2\/pages"}],"about":[{"href":"https:\/\/www.halifax-consulting.com\/nl\/wp-json\/wp\/v2\/types\/page"}],"author":[{"embeddable":true,"href":"https:\/\/www.halifax-consulting.com\/nl\/wp-json\/wp\/v2\/users\/17"}],"replies":[{"embeddable":true,"href":"https:\/\/www.halifax-consulting.com\/nl\/wp-json\/wp\/v2\/comments?post=2770"}],"version-history":[{"count":2,"href":"https:\/\/www.halifax-consulting.com\/nl\/wp-json\/wp\/v2\/pages\/2770\/revisions"}],"predecessor-version":[{"id":3504,"href":"https:\/\/www.halifax-consulting.com\/nl\/wp-json\/wp\/v2\/pages\/2770\/revisions\/3504"}],"up":[{"embeddable":true,"href":"https:\/\/www.halifax-consulting.com\/nl\/wp-json\/wp\/v2\/pages\/2734"}],"wp:featuredmedia":[{"embeddable":true,"href":"https:\/\/www.halifax-consulting.com\/nl\/wp-json\/wp\/v2\/media\/2779"}],"wp:attachment":[{"href":"https:\/\/www.halifax-consulting.com\/nl\/wp-json\/wp\/v2\/media?parent=2770"}],"wp:term":[{"taxonomy":"category","embeddable":true,"href":"https:\/\/www.halifax-consulting.com\/nl\/wp-json\/wp\/v2\/categories?post=2770"}],"curies":[{"name":"wp","href":"https:\/\/api.w.org\/{rel}","templated":true}]}}