{"id":2783,"date":"2023-02-13T14:41:34","date_gmt":"2023-02-13T13:41:34","guid":{"rendered":"https:\/\/www.halifax-consulting.com\/en\/?page_id=2783"},"modified":"2023-11-28T10:41:35","modified_gmt":"2023-11-28T09:41:35","slug":"gecertificeerde-trainingen","status":"publish","type":"page","link":"https:\/\/www.halifax-consulting.com\/nl\/training\/gecertificeerde-trainingen\/","title":{"rendered":"Gecertificeerde trainingen van hoge kwaliteit"},"content":{"rendered":"<div class=\"container\">\n\t<div class=\"row\">\n\t\t<div class=\"col-lg-12 col-md-12 col-sm-12\">\n\t\t\t<h2 class=\"intro\">\n\t\t\t\t<strong class=\"intro-h2 d-block\">Een certificaat? Waarvoor?<\/strong>\n\t\t\t\t<p>Verkooptraining wordt gezien als het stiefkind van het hoger onderwijs, zowel in Europa als wereldwijd. Toch wordt het vakgebied steeds complexer en is er steeds meer verkoopexpertise nodig. Mensen met een technische achtergrond wier vaardigheden essentieel zijn voor bedrijfsontwikkeling; productverkopers die complexere oplossingen willen verkopen of willen overstappen naar key account management; jonge afgestudeerden die een carri&egrave;re in marketing en management nastreven met een focus op verkoopspecialisatie&#8230; Al deze situaties vereisen langere cursussen die zijn aangepast aan specifieke behoeften. Daarom heeft Halifax Consulting partnerschappen ontwikkeld met Business Schools voor op maat gemaakte certificerings- en\/of diplomaprogramma&#8217;s.<\/p>\t\t\t<\/h2>\n\t\t<\/div>\n\t<\/div>\n<\/div>\n\n\n<section class=\"light block-benefits-4 py-6\">\n\t<div class=\"container\">\n\t\t<div class=\"row\">\n\t\t\t<div class=\"col-lg-12 col-md-12 col-sm-12\">\n\t\t\t\t<h2 class=\"text-center\">\n\t\t\t\t\tDE VOORDELEN VAN ONZE TRAININGEN VOOR CERTIFICERING EN DIPLOMA&#8217;S\t\t\t\t\t<span class=\"h2-subtitle\"><\/span>\n\t\t\t\t\t\n\t\t\t\t\t\n\t\t\t\t<\/h2>\n\t\t\t<\/div>\n\t\t<\/div>\n\t\t<div class=\"row\">\n\t\t\t\t\n\t\t\t\t\t\n\t\t\t\t\t<div class=\"col-lg-6 col-md-6 col-sm-12 mb-4\">\n\t\t\t\t\t\t<div class=\"row\">\n\t\t\t\t\t\t\t<div class=\"col-lg-2 col-sm-3 col-sm-12\">\n\t\t\t\t\t\t\t\t<img decoding=\"async\" class=\"fadeIn\" src=\"https:\/\/www.halifax-consulting.com\/nl\/wp-content\/themes\/halifax\/library\/img\/halifax-consulting-benefits-icon.svg\" alt=\"icone benefices\" width=\"100%\" \/>\n\t\t\t\t\t\t\t<\/div>\n\t\t\t\t\t\t\t<div class=\"col-lg-10 col-sm-9 col-sm-12 fadeIn\">\n\t\t\t\t\t\t\t\t<h3 class=\"benef-title\">Het beste van twee werelden<\/h3>\n\t\t\t\t\t\t\t\t<p class=\"benef-content\">We putten uit meer dan 10 jaar relaties met de beste businessscholen in Europa om werk-studieprogramma&#8217;s aan te bieden die zijn afgestemd op jouw specifieke eisen.<br>\n\t\t\t\t\t\t\t\t\t\t\t\t\t\t\t\t\t<\/p>\n\t\t\t\t\t\t\t<\/div>\n\t\t\t\t\t\t<\/div>\n\t\t\t\t\t<\/div>\n\t\t\t\t\t\n\t\t\t\t\t\t\n\t\t\t\t\t\n\t\t\t\t\t<div class=\"col-lg-6 col-md-6 col-sm-12 mb-4\">\n\t\t\t\t\t\t<div class=\"row\">\n\t\t\t\t\t\t\t<div class=\"col-lg-2 col-sm-3 col-sm-12\">\n\t\t\t\t\t\t\t\t<img decoding=\"async\" class=\"fadeIn\" src=\"https:\/\/www.halifax-consulting.com\/nl\/wp-content\/themes\/halifax\/library\/img\/halifax-consulting-benefits-icon.svg\" alt=\"icone benefices\" width=\"100%\" \/>\n\t\t\t\t\t\t\t<\/div>\n\t\t\t\t\t\t\t<div class=\"col-lg-10 col-sm-9 col-sm-12 fadeIn\">\n\t\t\t\t\t\t\t\t<h3 class=\"benef-title\">Een selectie van korte cursussen die leiden tot certificering en diploma&#8217;s<\/h3>\n\t\t\t\t\t\t\t\t<p class=\"benef-content\">We kunnen je helpen om kortere cursussen te vinden, vari\u00ebrend van ongeveer 50 tot 300 uur per jaar, afhankelijk van je beschikbaarheid en levensverplichtingen.<br>\n\t\t\t\t\t\t\t\t\t\t\t\t\t\t\t\t\t<\/p>\n\t\t\t\t\t\t\t<\/div>\n\t\t\t\t\t\t<\/div>\n\t\t\t\t\t<\/div>\n\t\t\t\t\t\n\t\t\t\t\t\t\n\t\t\t\t\t\n\t\t\t\t\t<div class=\"col-lg-6 col-md-6 col-sm-12 mb-4\">\n\t\t\t\t\t\t<div class=\"row\">\n\t\t\t\t\t\t\t<div class=\"col-lg-2 col-sm-3 col-sm-12\">\n\t\t\t\t\t\t\t\t<img decoding=\"async\" class=\"fadeIn\" src=\"https:\/\/www.halifax-consulting.com\/nl\/wp-content\/themes\/halifax\/library\/img\/halifax-consulting-benefits-icon.svg\" alt=\"icone benefices\" width=\"100%\" \/>\n\t\t\t\t\t\t\t<\/div>\n\t\t\t\t\t\t\t<div class=\"col-lg-10 col-sm-9 col-sm-12 fadeIn\">\n\t\t\t\t\t\t\t\t<h3 class=\"benef-title\">Flexibiliteit<\/h3>\n\t\t\t\t\t\t\t\t<p class=\"benef-content\">Met onze leerzame online coaching- en leeroplossingen kunt u klassikale sessies en sessies op de werkplek combineren om de beste resultaten te behalen.<br>\n\t\t\t\t\t\t\t\t\t\t\t\t\t\t\t\t\t<\/p>\n\t\t\t\t\t\t\t<\/div>\n\t\t\t\t\t\t<\/div>\n\t\t\t\t\t<\/div>\n\t\t\t\t\t\n\t\t\t\t\t\t\n\t\t\t\t\t\n\t\t\t\t\t<div class=\"col-lg-6 col-md-6 col-sm-12 mb-4\">\n\t\t\t\t\t\t<div class=\"row\">\n\t\t\t\t\t\t\t<div class=\"col-lg-2 col-sm-3 col-sm-12\">\n\t\t\t\t\t\t\t\t<img decoding=\"async\" class=\"fadeIn\" src=\"https:\/\/www.halifax-consulting.com\/nl\/wp-content\/themes\/halifax\/library\/img\/halifax-consulting-benefits-icon.svg\" alt=\"icone benefices\" width=\"100%\" \/>\n\t\t\t\t\t\t\t<\/div>\n\t\t\t\t\t\t\t<div class=\"col-lg-10 col-sm-9 col-sm-12 fadeIn\">\n\t\t\t\t\t\t\t\t<h3 class=\"benef-title\">Accreditatie van eerder verworven competenties<\/h3>\n\t\t\t\t\t\t\t\t<p class=\"benef-content\">Als je accreditatie van eerdere leerervaringen wilt gebruiken voor je cursus, helpen we je bij het samenstellen van je capaciteiten, waarbij we putten uit onze professionele verkoopervaring om je te helpen de verkoopvaardigheden die je al hebt verworven te verduidelijken.<br>\n\t\t\t\t\t\t\t\t\t\t\t\t\t\t\t\t\t<\/p>\n\t\t\t\t\t\t\t<\/div>\n\t\t\t\t\t\t<\/div>\n\t\t\t\t\t<\/div>\n\t\t\t\t\t\n\t\t\t\t\t\t\t\t\n\t\t<\/div>\n\t<\/div>\n<\/section>\n\n\n<section class=\"white py-6\">\n\t\n\t<div class=\"container-fluid\">\n\t\t\n\t\t<div class=\"row\">\n\t\t\n\t\t\t<div class=\"col-lg-6 col-md-6 col-sm-12\">\n\t\t\t\t<!-- Livre blanc -->\n\t\t\t\t<div class=\"card--livre-blanc navy\">\n\t\t\t\t\t\n\t\t\t\t\t<div class=\"row p-0 m-0\">\n\t\t\t\t\t\t\n\t\t\t\t\t\t<div class=\"col-lg-5 col-md-5 col-sm-12 pl-0 pr-0\">\n\t\t\t\t\t\t\t\n\t\t\t\t\t\t\t<figure class=\"img-simple-success\">\n\t\n\t\t\t\t\t\t\t\t<img decoding=\"async\" loading=\"lazy\" src=\"https:\/\/www.halifax-consulting.com\/nl\/wp-content\/uploads\/sites\/11\/2023\/01\/halifax-consulting-livre-blanc-kam.png\" alt=\"\" width=\"100%\" height=\"\" >\t\t\t\t\t\t\t\t\n\t\t\t\t\t\t\t<\/figure>\n\t\t\t\t\t\t\t\n\t\t\t\t\t\t<\/div>\n\t\t\t\t\t\t\n\t\t\t\t\t\t<div class=\"col-lg-7 col-md-7 col-sm-12 card--lb-content\">\n\t\t\t\t\t\t\t<small>Witboek<\/small>\n\t\t\t\t\t\t\t\n\t\t\t\t\t\t\t\t\t\t\t\t\t\t\n\t\t\t\t\t\t\t\t<h3>Key Account Management<\/h3>\n\t\t\t\t\t\t\t\t\n\t\t\t\t\t\t\t\t\t\t\t\t\t\t\n\t\t\t\t\t\t\t\t\t\t\t\t\t\t\n\t\t\t\t\t\t\t<a href=\"https:\/\/www.halifax-consulting.com\/nl\/telechargez-livre-blanc?b=kam-176287363\" title=\"Livre blanc Key Account Management\" class=\"btn btn-hx btn-hx-orange\">Download it<\/a>\n\t\t\t\t\t\t<\/div>\n\t\t\t\t\t<\/div>\n\t\t\t\t<\/div>\n\t\t\t\t\n\t\t\t<\/div>\n\t\t\t\n\t\t\t\n\t\t\t\t\t\t\t \n\t\t\t\t\t\t\t\t\t\t\n\t\t\t\t\t\t\t\t\n\t\t\t\n\t\t\t\n\t\t\t\n\t\t\t<div class=\"col-lg-6 col-md-6 col-sm-12\">\n\t\t\t\t<!-- Success story -->\n\t\t\t\t<div class=\"card--livre-blanc\">\n\t\t\t\t\t\n\t\t\t\t\t<div class=\"row p-0 m-0\">\n\t\t\t\t\t\t\n\t\t\t\t\t\t<div class=\"col-lg-5 col-md-5 col-sm-12 pl-0 pr-0\">\n\t\t\t\t\t\t\t\n\t\t\t\t\t\t\t<figure class=\"img-simple-success\">\n\t\n\t\t\t\t\t\t\t\t<img decoding=\"async\" loading=\"lazy\" src=\"https:\/\/www.halifax-consulting.com\/nl\/wp-content\/uploads\/sites\/11\/2022\/03\/halifax-consulting-success-story-abbott-2v2-scaled-1.jpg\" alt=\"\" width=\"100%\" height=\"\" >\t\t\t\t\t\t\t\t\n\t\t\t\t\t\t\t<\/figure>\n\t\t\t\t\t\t\t\n\t\t\t\t\t\t<\/div>\n\t\t\t\t\t\t\n\t\t\t\t\t\t<div class=\"col-lg-7 col-md-7 col-sm-12 card--lb-content\">\n\t\t\t\t\t\t\t<small>Succesverhalen<\/small>\n\t\t\t\t\t\t\n\t\t\t\t\t\t\t<h3>Halifax Consulting begeleidt Abbott<\/h3>\n<!-- \t\t\t\t\t\t\t<p>Abbott besloot een van zijn divisies te reorganiseren, wat voor veel verstoringen zorgde. De groep had onlangs ook nieuwe verkopers en technische ingenieurs aangeworven die snel ge\u00efntegreerd moesten worden.<\/p>\n\t -->\n<!--\n\t\t\t\t\t\t\t<p>\n\t\t\t\t\t\t\t\tD\u00e9couvrez comment Halifax Consulting a accompagn\u00e9 Abbott sur le chemin de la r\u00e9ussite\n\t\t\t\t\t\t\t<\/p>\n-->\n\t\t\t\n\t\t\t\t\t\t\t\n\t\t\t\t\t\t\t<a href=\"https:\/\/www.halifax-consulting.com\/nl\/succesverhalen\/abbott\/\" class=\"btn btn-hx btn-hx-orange\" title=\"Lees verder\">Lees verder<\/a>\n\t\t\t\t\t\t\n\t\t\t\t\t\t<\/div>\n\t\t\t\t\t\t\n\t\t\t\t\t<\/div>\n\t\t\t\t\t\n\t\t\t\t<\/div>\n\t\t\t\t\n\t\t\t<\/div>\n\t\t\t\t\t\t\t\t\t\n\t\t<\/div>\n\t\t\n\t<\/div>\n\t\n<\/section>","protected":false},"excerpt":{"rendered":"","protected":false},"author":17,"featured_media":3174,"parent":545,"menu_order":25,"comment_status":"closed","ping_status":"closed","template":"","meta":[],"categories":[],"acf":[],"yoast_head":"<!-- This site is optimized with the Yoast SEO plugin v19.9 - https:\/\/yoast.com\/wordpress\/plugins\/seo\/ -->\n<title>Gecertificeerde trainingen van hoge kwaliteit<\/title>\n<meta name=\"description\" content=\"Verkooptraining wordt gezien als het stiefkind van het hoger onderwijs, zowel in Europa als wereldwijd. Toch wordt het vakgebied steeds...\" \/>\n<link rel=\"canonical\" href=\"https:\/\/www.halifax-consulting.com\/nl\/training\/gecertificeerde-trainingen\/\" \/>\n<meta property=\"og:locale\" content=\"nl_NL\" \/>\n<meta property=\"og:type\" content=\"article\" \/>\n<meta property=\"og:title\" content=\"Gecertificeerde trainingen van hoge kwaliteit\" \/>\n<meta property=\"og:description\" content=\"Verkooptraining wordt gezien als het stiefkind van het hoger onderwijs, zowel in Europa als wereldwijd. Toch wordt het vakgebied steeds...\" \/>\n<meta property=\"og:url\" content=\"https:\/\/www.halifax-consulting.com\/nl\/training\/gecertificeerde-trainingen\/\" \/>\n<meta property=\"og:site_name\" content=\"Halifax Consulting \u2013 NL\" \/>\n<meta property=\"article:modified_time\" content=\"2023-11-28T09:41:35+00:00\" \/>\n<meta property=\"og:image\" content=\"https:\/\/www.halifax-consulting.com\/nl\/wp-content\/uploads\/sites\/11\/2023\/04\/a-carrousel-accueil4.png\" \/>\n\t<meta property=\"og:image:width\" content=\"7930\" \/>\n\t<meta property=\"og:image:height\" content=\"1625\" \/>\n\t<meta property=\"og:image:type\" content=\"image\/png\" \/>\n<meta name=\"twitter:card\" content=\"summary_large_image\" \/>\n<script type=\"application\/ld+json\" class=\"yoast-schema-graph\">{\"@context\":\"https:\/\/schema.org\",\"@graph\":[{\"@type\":\"WebPage\",\"@id\":\"https:\/\/www.halifax-consulting.com\/nl\/training\/gecertificeerde-trainingen\/\",\"url\":\"https:\/\/www.halifax-consulting.com\/nl\/training\/gecertificeerde-trainingen\/\",\"name\":\"Gecertificeerde trainingen van hoge kwaliteit\",\"isPartOf\":{\"@id\":\"https:\/\/www.halifax-consulting.com\/nl\/#website\"},\"datePublished\":\"2023-02-13T13:41:34+00:00\",\"dateModified\":\"2023-11-28T09:41:35+00:00\",\"description\":\"Verkooptraining wordt gezien als het stiefkind van het hoger onderwijs, zowel in Europa als wereldwijd. Toch wordt het vakgebied steeds...\",\"breadcrumb\":{\"@id\":\"https:\/\/www.halifax-consulting.com\/nl\/training\/gecertificeerde-trainingen\/#breadcrumb\"},\"inLanguage\":\"nl\",\"potentialAction\":[{\"@type\":\"ReadAction\",\"target\":[\"https:\/\/www.halifax-consulting.com\/nl\/training\/gecertificeerde-trainingen\/\"]}]},{\"@type\":\"BreadcrumbList\",\"@id\":\"https:\/\/www.halifax-consulting.com\/nl\/training\/gecertificeerde-trainingen\/#breadcrumb\",\"itemListElement\":[{\"@type\":\"ListItem\",\"position\":1,\"name\":\"Accueil\",\"item\":\"https:\/\/www.halifax-consulting.com\/nl\/\"},{\"@type\":\"ListItem\",\"position\":2,\"name\":\"Training\",\"item\":\"https:\/\/www.halifax-consulting.com\/nl\/training\/\"},{\"@type\":\"ListItem\",\"position\":3,\"name\":\"Gecertificeerde trainingen van hoge kwaliteit\"}]},{\"@type\":\"WebSite\",\"@id\":\"https:\/\/www.halifax-consulting.com\/nl\/#website\",\"url\":\"https:\/\/www.halifax-consulting.com\/nl\/\",\"name\":\"Halifax Consulting \u2013 NL\",\"description\":\"Un site utilisant Les sites de Halifax Consulting\",\"publisher\":{\"@id\":\"https:\/\/www.halifax-consulting.com\/nl\/#organization\"},\"potentialAction\":[{\"@type\":\"SearchAction\",\"target\":{\"@type\":\"EntryPoint\",\"urlTemplate\":\"https:\/\/www.halifax-consulting.com\/nl\/?s={search_term_string}\"},\"query-input\":\"required name=search_term_string\"}],\"inLanguage\":\"nl\"},{\"@type\":\"Organization\",\"@id\":\"https:\/\/www.halifax-consulting.com\/nl\/#organization\",\"name\":\"Halifax Consulting\",\"url\":\"https:\/\/www.halifax-consulting.com\/nl\/\",\"logo\":{\"@type\":\"ImageObject\",\"inLanguage\":\"nl\",\"@id\":\"https:\/\/www.halifax-consulting.com\/nl\/#\/schema\/logo\/image\/\",\"url\":\"https:\/\/www.halifax-consulting.com\/wp-content\/uploads\/2020\/06\/Halifax_logo_EN_Transp.png\",\"contentUrl\":\"https:\/\/www.halifax-consulting.com\/wp-content\/uploads\/2020\/06\/Halifax_logo_EN_Transp.png\",\"width\":886,\"height\":886,\"caption\":\"Halifax Consulting\"},\"image\":{\"@id\":\"https:\/\/www.halifax-consulting.com\/nl\/#\/schema\/logo\/image\/\"}}]}<\/script>\n<!-- \/ Yoast SEO plugin. -->","yoast_head_json":{"title":"Gecertificeerde trainingen van hoge kwaliteit","description":"Verkooptraining wordt gezien als het stiefkind van het hoger onderwijs, zowel in Europa als wereldwijd. Toch wordt het vakgebied steeds...","canonical":"https:\/\/www.halifax-consulting.com\/nl\/training\/gecertificeerde-trainingen\/","og_locale":"nl_NL","og_type":"article","og_title":"Gecertificeerde trainingen van hoge kwaliteit","og_description":"Verkooptraining wordt gezien als het stiefkind van het hoger onderwijs, zowel in Europa als wereldwijd. Toch wordt het vakgebied steeds...","og_url":"https:\/\/www.halifax-consulting.com\/nl\/training\/gecertificeerde-trainingen\/","og_site_name":"Halifax Consulting \u2013 NL","article_modified_time":"2023-11-28T09:41:35+00:00","og_image":[{"width":7930,"height":1625,"url":"https:\/\/www.halifax-consulting.com\/nl\/wp-content\/uploads\/sites\/11\/2023\/04\/a-carrousel-accueil4.png","type":"image\/png"}],"twitter_card":"summary_large_image","schema":{"@context":"https:\/\/schema.org","@graph":[{"@type":"WebPage","@id":"https:\/\/www.halifax-consulting.com\/nl\/training\/gecertificeerde-trainingen\/","url":"https:\/\/www.halifax-consulting.com\/nl\/training\/gecertificeerde-trainingen\/","name":"Gecertificeerde trainingen van hoge kwaliteit","isPartOf":{"@id":"https:\/\/www.halifax-consulting.com\/nl\/#website"},"datePublished":"2023-02-13T13:41:34+00:00","dateModified":"2023-11-28T09:41:35+00:00","description":"Verkooptraining wordt gezien als het stiefkind van het hoger onderwijs, zowel in Europa als wereldwijd. Toch wordt het vakgebied steeds...","breadcrumb":{"@id":"https:\/\/www.halifax-consulting.com\/nl\/training\/gecertificeerde-trainingen\/#breadcrumb"},"inLanguage":"nl","potentialAction":[{"@type":"ReadAction","target":["https:\/\/www.halifax-consulting.com\/nl\/training\/gecertificeerde-trainingen\/"]}]},{"@type":"BreadcrumbList","@id":"https:\/\/www.halifax-consulting.com\/nl\/training\/gecertificeerde-trainingen\/#breadcrumb","itemListElement":[{"@type":"ListItem","position":1,"name":"Accueil","item":"https:\/\/www.halifax-consulting.com\/nl\/"},{"@type":"ListItem","position":2,"name":"Training","item":"https:\/\/www.halifax-consulting.com\/nl\/training\/"},{"@type":"ListItem","position":3,"name":"Gecertificeerde trainingen van hoge kwaliteit"}]},{"@type":"WebSite","@id":"https:\/\/www.halifax-consulting.com\/nl\/#website","url":"https:\/\/www.halifax-consulting.com\/nl\/","name":"Halifax Consulting \u2013 NL","description":"Un site utilisant Les sites de Halifax Consulting","publisher":{"@id":"https:\/\/www.halifax-consulting.com\/nl\/#organization"},"potentialAction":[{"@type":"SearchAction","target":{"@type":"EntryPoint","urlTemplate":"https:\/\/www.halifax-consulting.com\/nl\/?s={search_term_string}"},"query-input":"required name=search_term_string"}],"inLanguage":"nl"},{"@type":"Organization","@id":"https:\/\/www.halifax-consulting.com\/nl\/#organization","name":"Halifax Consulting","url":"https:\/\/www.halifax-consulting.com\/nl\/","logo":{"@type":"ImageObject","inLanguage":"nl","@id":"https:\/\/www.halifax-consulting.com\/nl\/#\/schema\/logo\/image\/","url":"https:\/\/www.halifax-consulting.com\/wp-content\/uploads\/2020\/06\/Halifax_logo_EN_Transp.png","contentUrl":"https:\/\/www.halifax-consulting.com\/wp-content\/uploads\/2020\/06\/Halifax_logo_EN_Transp.png","width":886,"height":886,"caption":"Halifax Consulting"},"image":{"@id":"https:\/\/www.halifax-consulting.com\/nl\/#\/schema\/logo\/image\/"}}]}},"_links":{"self":[{"href":"https:\/\/www.halifax-consulting.com\/nl\/wp-json\/wp\/v2\/pages\/2783"}],"collection":[{"href":"https:\/\/www.halifax-consulting.com\/nl\/wp-json\/wp\/v2\/pages"}],"about":[{"href":"https:\/\/www.halifax-consulting.com\/nl\/wp-json\/wp\/v2\/types\/page"}],"author":[{"embeddable":true,"href":"https:\/\/www.halifax-consulting.com\/nl\/wp-json\/wp\/v2\/users\/17"}],"replies":[{"embeddable":true,"href":"https:\/\/www.halifax-consulting.com\/nl\/wp-json\/wp\/v2\/comments?post=2783"}],"version-history":[{"count":1,"href":"https:\/\/www.halifax-consulting.com\/nl\/wp-json\/wp\/v2\/pages\/2783\/revisions"}],"predecessor-version":[{"id":3508,"href":"https:\/\/www.halifax-consulting.com\/nl\/wp-json\/wp\/v2\/pages\/2783\/revisions\/3508"}],"up":[{"embeddable":true,"href":"https:\/\/www.halifax-consulting.com\/nl\/wp-json\/wp\/v2\/pages\/545"}],"wp:featuredmedia":[{"embeddable":true,"href":"https:\/\/www.halifax-consulting.com\/nl\/wp-json\/wp\/v2\/media\/3174"}],"wp:attachment":[{"href":"https:\/\/www.halifax-consulting.com\/nl\/wp-json\/wp\/v2\/media?parent=2783"}],"wp:term":[{"taxonomy":"category","embeddable":true,"href":"https:\/\/www.halifax-consulting.com\/nl\/wp-json\/wp\/v2\/categories?post=2783"}],"curies":[{"name":"wp","href":"https:\/\/api.w.org\/{rel}","templated":true}]}}