{"id":2902,"date":"2023-04-12T11:45:02","date_gmt":"2023-04-12T09:45:02","guid":{"rendered":"https:\/\/www.halifax-consulting.com\/en\/?page_id=2902"},"modified":"2025-01-30T16:28:20","modified_gmt":"2025-01-30T15:28:20","slug":"halifax-sales-bootcamp","status":"publish","type":"page","link":"https:\/\/www.halifax-consulting.com\/nl\/digitaal-leren\/halifax-sales-bootcamp\/","title":{"rendered":"Halifax Sales Bootcamp"},"content":{"rendered":"<div class=\"container\">\n\t<div class=\"row\">\n\t\t<div class=\"col-lg-12 col-md-12 col-sm-12\">\n\t\t\t<h2 class=\"intro\">\n\t\t\t\t<strong class=\"intro-h2 d-block\">Een digitale oplossing voor het beoordelen van de vaardigheden van u managers en verkopers!<\/strong>\n\t\t\t\t<p style=\"text-align: justify\">Met de Halifax Sales Bootcamp-oplossing kunt u zowel individuele als groepsrapporten genereren over de vaardigheden die zijn waargenomen tijdens verkoop- en onderhandelingssimulaties. Dankzij onze uitgebreide database met gegevens van duizenden verkopers kunt u bovendien uw verkoopteam benchmarken op zowel hun sterke en goed ontwikkelde vaardigheden als de gebieden waarop verbetering nodig is.<\/p>\n<p style=\"text-align: justify\">De resultaten van elke simulatie worden vastgelegd in onze digitale Halifax Sales Bootcamp-oplossing. Dit platform biedt inzicht in welke vaardigheden goed worden beheerst en welke nog extra coaching vereisen.<\/p>\t\t\t<\/h2>\n\t\t<\/div>\n\t<\/div>\n<\/div>\n\n\n\n<section class=\"navy cartes py-6\">\n\t\n\t<div class=\"container\">\n\t\n\t\t\n\t<div class=\"row\">\n\t\t\n\t\t<div class=\"col-lg-12 col-md-12 col-sm-12\">\n\t\t\t\n\t\t\t<h2 class=\"text-center\">\n\t\t\t\t\n\t\t\t\tHSB BESTAAT UIT 4 COACHING- EN TRAININGSACTIVITEITEN:\t\n\t\t\t<\/h2>\n\t\t\t\n\t\t<\/div>\n\t\t\n\t<\/div>\n\t\n\t\t\n\t<div class=\"row\">\n\t\t\t\t\t\n\t\t\t\t\t\t\t\n\t\t\t\t\t\t\t\t\n\t\t\t\t\t\t\t\n\t\t\t\t<div class=\"col-lg-6 col-md-6 col-sm-12\">\n\t\t\t\t\t\n\t\t\t\t\t<div class=\"carte h-100\">\n\t\t\t\t\t\t\n\t\t\t\t\t\t<h3 class=\"pb-1 carte__h3\">ZELFDIAGNOSE <\/h3>\n\t\t\t\t\t\t<div class=\"carte__content\">\n\t\t\t\t\t\t\t<p>De deelnemer beoordeelt zichzelf op de geselecteerde vaardigheden.<\/p>\t\t\t\t\t\t<\/div>\n\t\t\t\t\t\t\n\t\t\t\t\t\t\t\t\t\t\t\t\n\t\t\t\t\t<\/div>\n\t\t\t\t\t\n\t\t\t\t<\/div>\n\t\t\t\t\n\t\t\t\t\t\t\t\n\t\t\t\t\t\t\t\t\n\t\t\t\t\t\t\t\n\t\t\t\t<div class=\"col-lg-6 col-md-6 col-sm-12\">\n\t\t\t\t\t\n\t\t\t\t\t<div class=\"carte h-100\">\n\t\t\t\t\t\t\n\t\t\t\t\t\t<h3 class=\"pb-1 carte__h3\">\u00c9\u00c9N-OP-\u00c9\u00c9N <\/h3>\n\t\t\t\t\t\t<div class=\"carte__content\">\n\t\t\t\t\t\t\t<p>De consultant observeert en evalueert vaardigheden tijdens een gesimuleerd verkoopgesprek.<\/p>\t\t\t\t\t\t<\/div>\n\t\t\t\t\t\t\n\t\t\t\t\t\t\t\t\t\t\t\t\n\t\t\t\t\t<\/div>\n\t\t\t\t\t\n\t\t\t\t<\/div>\n\t\t\t\t\n\t\t\t\t\t\t\t\n\t\t\t\t\t\t\t\t\n\t\t\t\t\t\t\t\n\t\t\t\t<div class=\"col-lg-6 col-md-6 col-sm-12\">\n\t\t\t\t\t\n\t\t\t\t\t<div class=\"carte h-100\">\n\t\t\t\t\t\t\n\t\t\t\t\t\t<h3 class=\"pb-1 carte__h3\">Video Pitch <\/h3>\n\t\t\t\t\t\t<div class=\"carte__content\">\n\t\t\t\t\t\t\t<p>Een asynchrone oefening waarbij de coachee een pitch opneemt, die vervolgens door de consultant of manager wordt ge&euml;valueerd en besproken in een tweede ronde.<\/p>\t\t\t\t\t\t<\/div>\n\t\t\t\t\t\t\n\t\t\t\t\t\t\t\t\t\t\t\t\n\t\t\t\t\t<\/div>\n\t\t\t\t\t\n\t\t\t\t<\/div>\n\t\t\t\t\n\t\t\t\t\t\t\t\n\t\t\t\t\t\t\t\t\n\t\t\t\t\t\t\t\n\t\t\t\t<div class=\"col-lg-6 col-md-6 col-sm-12\">\n\t\t\t\t\t\n\t\t\t\t\t<div class=\"carte h-100\">\n\t\t\t\t\t\t\n\t\t\t\t\t\t<h3 class=\"pb-1 carte__h3\">Business Case <\/h3>\n\t\t\t\t\t\t<div class=\"carte__content\">\n\t\t\t\t\t\t\t<p>Een asynchrone oefening waarbij de coachee een schriftelijke oplossing biedt voor een probleem, gevolgd door een tweede evaluatie en bespreking.<\/p>\t\t\t\t\t\t<\/div>\n\t\t\t\t\t\t\n\t\t\t\t\t\t\t\t\t\t\t\t\n\t\t\t\t\t<\/div>\n\t\t\t\t\t\n\t\t\t\t<\/div>\n\t\t\t\t\n\t\t\t\t\n\t\t\t\n\t\t\t\t\n\t\t\t\t\n\t<\/div>\n\t\n<\/section>\n\n\n\n<section class=\"light block-benefits-4 py-6\">\n\t\n\t<div class=\"container\">\n\t\t\n\t\t<div class=\"row\">\n\t\t\t\n\t\t\t<div class=\"col-lg-12 col-md-12 col-sm-12\">\n\t\t\t\t\n\t\t\t\t<h2 class=\"text-center\">PRINCIPES EN WERKING VAN VIDEOTRAINING<\/h2>\n\t\t\t\t\n\t\t\t<\/div>\n\t\t\n\t\t<\/div>\n\t\t\n\t\t<div class=\"row\">\n\t\t\t \n\t\t\t\t\t\t\t\n\t\t\t\t\t\t\t\t \n\t\t\t\t\t\n\t\t\t\t\t<div class=\"col-lg-6 col-md-6 col-sm-12 mb-4\">\n\t\t\t\t\t\t\n\t\t\t\t\t\t<div class=\"row\">\n\t\t\t\t\t\t\t\n\t\t\t\t\t\t\t<div class=\"col-lg-2 col-sm-3 col-sm-12\">\n\t\t\t\t\t\t\t\t\n\t\t\t\t\t\t\t\t<img decoding=\"async\" class=\"fadeIn\" src=\"https:\/\/www.halifax-consulting.com\/nl\/wp-content\/themes\/halifax\/library\/img\/halifax-consulting-benefits-icon.svg\" alt=\"icone benefices\" width=\"100%\" \/>\n\t\t\t\t\t\t\t<\/div>\n\t\t\t\t\t\t\t\n\t\t\t\t\t\t\t<div class=\"col-lg-10 col-sm-9 col-sm-12 fadeIn\">\n\t\t\t\t\t\t\t\t\n\t\t\t\t\t\t\t\t<h3 class=\"benef-title\">Het belang van video en opnemen op camera<\/h3>\n\t\t\t\t\t\t\t\t\n\t\t\t\t\t\t\t\t<div class=\"benef-content\">\n\t\t\t\t\t\t\t\t\t<p>Voor het boeken van vooruitgang is herhaling essentieel: gemiddeld maken uw werknemers zes opnames voordat zij hun antwoord naar de coach sturen.<\/p>\t\t\t\t\t\t\t\t<\/div>\n\t\t\t\t\t\t\t\t\n\t\t\t\t\t\t\t<\/div>\n\t\t\t\t\t\t\t \n\t\t\t\t\t\t<\/div>\n\t\t\t\t\t\t\n\t\t\t\t\t<\/div>\n\n\t\t\t\t\t\t\t\t \n\t\t\t\t\t\n\t\t\t\t\t<div class=\"col-lg-6 col-md-6 col-sm-12 mb-4\">\n\t\t\t\t\t\t\n\t\t\t\t\t\t<div class=\"row\">\n\t\t\t\t\t\t\t\n\t\t\t\t\t\t\t<div class=\"col-lg-2 col-sm-3 col-sm-12\">\n\t\t\t\t\t\t\t\t\n\t\t\t\t\t\t\t\t<img decoding=\"async\" class=\"fadeIn\" src=\"https:\/\/www.halifax-consulting.com\/nl\/wp-content\/themes\/halifax\/library\/img\/halifax-consulting-benefits-icon.svg\" alt=\"icone benefices\" width=\"100%\" \/>\n\t\t\t\t\t\t\t<\/div>\n\t\t\t\t\t\t\t\n\t\t\t\t\t\t\t<div class=\"col-lg-10 col-sm-9 col-sm-12 fadeIn\">\n\t\t\t\t\t\t\t\t\n\t\t\t\t\t\t\t\t<h3 class=\"benef-title\">Het gemak van een persoonlijke leeromgeving<\/h3>\n\t\t\t\t\t\t\t\t\n\t\t\t\t\t\t\t\t<div class=\"benef-content\">\n\t\t\t\t\t\t\t\t\t<p>Verkopers kunnen hun argumenten herhalen zonder druk van een groep of anderen, op een moment dat het hen uitkomt. Alleen de coach zal hen voorzien van feedback.<\/p>\t\t\t\t\t\t\t\t<\/div>\n\t\t\t\t\t\t\t\t\n\t\t\t\t\t\t\t<\/div>\n\t\t\t\t\t\t\t \n\t\t\t\t\t\t<\/div>\n\t\t\t\t\t\t\n\t\t\t\t\t<\/div>\n\n\t\t\t\t\t\t\t\t \n\t\t\t\t\t\n\t\t\t\t\t<div class=\"col-lg-6 col-md-6 col-sm-12 mb-4\">\n\t\t\t\t\t\t\n\t\t\t\t\t\t<div class=\"row\">\n\t\t\t\t\t\t\t\n\t\t\t\t\t\t\t<div class=\"col-lg-2 col-sm-3 col-sm-12\">\n\t\t\t\t\t\t\t\t\n\t\t\t\t\t\t\t\t<img decoding=\"async\" class=\"fadeIn\" src=\"https:\/\/www.halifax-consulting.com\/nl\/wp-content\/themes\/halifax\/library\/img\/halifax-consulting-benefits-icon.svg\" alt=\"icone benefices\" width=\"100%\" \/>\n\t\t\t\t\t\t\t<\/div>\n\t\t\t\t\t\t\t\n\t\t\t\t\t\t\t<div class=\"col-lg-10 col-sm-9 col-sm-12 fadeIn\">\n\t\t\t\t\t\t\t\t\n\t\t\t\t\t\t\t\t<h3 class=\"benef-title\">Kwalitatieve feedback<\/h3>\n\t\t\t\t\t\t\t\t\n\t\t\t\t\t\t\t\t<div class=\"benef-content\">\n\t\t\t\t\t\t\t\t\t<p>De coach levert nauwkeurige en kwalitatieve feedback, biedt een persoonlijke evaluatie en vergelijkt de resultaten met die van duizenden andere verkopers.<\/p>\t\t\t\t\t\t\t\t<\/div>\n\t\t\t\t\t\t\t\t\n\t\t\t\t\t\t\t<\/div>\n\t\t\t\t\t\t\t \n\t\t\t\t\t\t<\/div>\n\t\t\t\t\t\t\n\t\t\t\t\t<\/div>\n\n\t\t\t\t\t\n\t\t\t \n\t\t\t\t\t \n\t\t\t\t\t<\/div>\n\t\t\n\t<\/div>\n\t \n<\/section>\n\n<section class=\"block_texte_cta\">\n\t<div class=\"container\">\n\t\t<div class=\"row\">\n\t\t\n\t\t\t<div class=\"col-lg-6 col-md-6 col-sm-12 block_texte_cta--contenu\">\n\t\t\t\t\n\t\t\t\tWil je meer weten over onze Halifax Sales Bootcamp oplossing?\t\t\t\t\n\t\t\t<\/div>\n\t\t\t<div class=\"col-lg-6 col-md-6 col-sm-12 block_texte_cta--bouton\">\n\t\t\t\t\n\t\t\t\t<a class=\"btn\" href=\"https:\/\/www.halifax-consulting.com\/en\/contact\/\" title=\"Contact us\">Contact us<\/a>\n\t\t\t\t\n\t\t\t<\/div>\n\t\t\n\t\t<\/div>\n\t<\/div>\n\t\n<\/section>\n\n<section class=\"light py-6\">\n\t<div class=\"container\">\n\t\t<div class=\"row\">\n\t\t\t<div class=\"col-lg-12 col-md-12 col-sm-12\">\n\t\t\t\t\t\t\t\t<h2 class=\"text-center\">\n\t\t\t\t\t\t\t\t\t\tWAAROM VIDEOTRAINING ?\t\t\t\t\t\t\t\t\t\t\t\t\t\t\t\n\t\t\t\t\t\n\t\t\t\t<\/h2>\n\t\t\t\t\t\t\t<\/div>\n\t\t<\/div>\n\t\t<div class=\"row\">\n\t\t\t<div class=\"col-lg-12 col-md-12 col-sm-12\">\n\t\t\t\t<div class=\"accordion\" id=\"args\">\n\t\t\t\t\t\t\t\t\t\t\t\t\t\t\t\t<div class=\"card\">\n\t\t\t\t\t<div class=\"card-header\" id=\"heading-1\">\n\t\t\t\t\t\t<button  type=\"button\" data-toggle=\"collapse\" data-target=\"#collapse-1\" aria-expanded=\"true\" aria-controls=\"collapse-1\">\n\t\t\t\t\t\tMANAGEMENT\t\t\t\t\t\t<i data-feather=\"chevron-down\"><\/i>\n\t\t\t\t\t\t<\/button>\n\t\t\t\t\t\t\t\t\t\t\t<\/div>\n\t\t\t\t\t<div id=\"collapse-1\" class=\"collapse show\" aria-labelledby=\"heading-1\" data-parent=\"#args\">\n\t\t\t\t\t\t<div class=\"card-body\">\n\t\t\t\t\t\t\t<p>Vergroot de tijd die lokale verkoopmanagers besteden aan coaching. Zorg voor een effectieve uitvoering van uw verkoopstrategie, van marketingconcepten tot de praktische uitvoering door uw verkopers.<\/p>\t\t\t\t\t\t<\/div>\n\t\t\t\t\t<\/div>\n\t\t\t\t<\/div>\n\t\t\t\t\t\t\t\t\t\t\t\t\t\t\t\t\t\t\t\t<div class=\"card\">\n\t\t\t\t\t<div class=\"card-header\" id=\"heading-2\">\n\t\t\t\t\t\t<button class=\"btn btn-link collapsed\" type=\"button\" data-toggle=\"collapse\" data-target=\"#collapse-2\" aria-expanded=\"false\" aria-controls=\"collapse-2\">\n\t\t\t\t\t\tMARKETING\t\t\t\t\t\t<i data-feather=\"chevron-down\"><\/i>\n\t\t\t\t\t\t<\/button>\n\t\t\t\t\t\t\t\t\t\t\t<\/div>\n\t\t\t\t\t<div id=\"collapse-2\" class=\"collapse \" aria-labelledby=\"heading-2\" data-parent=\"#args\">\n\t\t\t\t\t\t<div class=\"card-body\">\n\t\t\t\t\t\t\t<p>Stel een voorbeeld met de beste verkoopgesprekken, het effectief omgaan met bezwaren, succesverhalen en praktijkgerichte producten. Zorg voor een correcte implementatie van complexe, innovatieve of nieuwe producten en oplossingen.<\/p>\t\t\t\t\t\t<\/div>\n\t\t\t\t\t<\/div>\n\t\t\t\t<\/div>\n\t\t\t\t\t\t\t\t\t\t\t\t\t\t\t\t\t\t\t\t<div class=\"card\">\n\t\t\t\t\t<div class=\"card-header\" id=\"heading-3\">\n\t\t\t\t\t\t<button class=\"btn btn-link collapsed\" type=\"button\" data-toggle=\"collapse\" data-target=\"#collapse-3\" aria-expanded=\"false\" aria-controls=\"collapse-3\">\n\t\t\t\t\t\tHUMAN RESOURCES\t\t\t\t\t\t<i data-feather=\"chevron-down\"><\/i>\n\t\t\t\t\t\t<\/button>\n\t\t\t\t\t\t\t\t\t\t\t<\/div>\n\t\t\t\t\t<div id=\"collapse-3\" class=\"collapse \" aria-labelledby=\"heading-3\" data-parent=\"#args\">\n\t\t\t\t\t\t<div class=\"card-body\">\n\t\t\t\t\t\t\t<p>Ondersteun teams bij hun ontwikkeling op het gebied van specifieke onderwerpen, commerci&euml;le houding en andere soft skills. Dit is waardevol voor uiteenlopende onderwerpen zoals spreken en training.<\/p>\t\t\t\t\t\t<\/div>\n\t\t\t\t\t<\/div>\n\t\t\t\t<\/div>\n\t\t\t\t\t\t\t\t\t\t\t\t<\/div>\n\t\t\t<\/div>\n\t\t\t\n\t\t<\/div>\n\t<\/div>\n<\/section>\n","protected":false},"excerpt":{"rendered":"","protected":false},"author":17,"featured_media":2776,"parent":549,"menu_order":10,"comment_status":"closed","ping_status":"closed","template":"","meta":[],"categories":[],"acf":[],"yoast_head":"<!-- This site is optimized with the Yoast SEO plugin v19.9 - https:\/\/yoast.com\/wordpress\/plugins\/seo\/ -->\n<title>Bootcamp Verkoop Halifax<\/title>\n<meta name=\"description\" content=\"De Halifax Sales Bootcamp oplossing maakt het mogelijk om individuele en collectieve rapporten te produceren over verkoopvaardigheden...\" \/>\n<link rel=\"canonical\" href=\"https:\/\/www.halifax-consulting.com\/nl\/digitaal-leren\/halifax-sales-bootcamp\/\" \/>\n<meta property=\"og:locale\" content=\"nl_NL\" \/>\n<meta property=\"og:type\" content=\"article\" \/>\n<meta property=\"og:title\" content=\"Bootcamp Verkoop Halifax\" \/>\n<meta property=\"og:description\" content=\"De Halifax Sales Bootcamp oplossing maakt het mogelijk om individuele en collectieve rapporten te produceren over verkoopvaardigheden...\" \/>\n<meta property=\"og:url\" content=\"https:\/\/www.halifax-consulting.com\/nl\/digitaal-leren\/halifax-sales-bootcamp\/\" \/>\n<meta property=\"og:site_name\" content=\"Halifax Consulting \u2013 NL\" \/>\n<meta property=\"article:modified_time\" content=\"2025-01-30T15:28:20+00:00\" \/>\n<meta property=\"og:image\" content=\"https:\/\/www.halifax-consulting.com\/nl\/wp-content\/uploads\/sites\/11\/2023\/02\/prospecting.jpg\" \/>\n\t<meta property=\"og:image:width\" content=\"1920\" \/>\n\t<meta property=\"og:image:height\" content=\"545\" \/>\n\t<meta property=\"og:image:type\" content=\"image\/jpeg\" \/>\n<meta name=\"twitter:card\" content=\"summary_large_image\" \/>\n<script type=\"application\/ld+json\" class=\"yoast-schema-graph\">{\"@context\":\"https:\/\/schema.org\",\"@graph\":[{\"@type\":\"WebPage\",\"@id\":\"https:\/\/www.halifax-consulting.com\/nl\/digitaal-leren\/halifax-sales-bootcamp\/\",\"url\":\"https:\/\/www.halifax-consulting.com\/nl\/digitaal-leren\/halifax-sales-bootcamp\/\",\"name\":\"Bootcamp Verkoop Halifax\",\"isPartOf\":{\"@id\":\"https:\/\/www.halifax-consulting.com\/nl\/#website\"},\"datePublished\":\"2023-04-12T09:45:02+00:00\",\"dateModified\":\"2025-01-30T15:28:20+00:00\",\"description\":\"De Halifax Sales Bootcamp oplossing maakt het mogelijk om individuele en collectieve rapporten te produceren over verkoopvaardigheden...\",\"breadcrumb\":{\"@id\":\"https:\/\/www.halifax-consulting.com\/nl\/digitaal-leren\/halifax-sales-bootcamp\/#breadcrumb\"},\"inLanguage\":\"nl\",\"potentialAction\":[{\"@type\":\"ReadAction\",\"target\":[\"https:\/\/www.halifax-consulting.com\/nl\/digitaal-leren\/halifax-sales-bootcamp\/\"]}]},{\"@type\":\"BreadcrumbList\",\"@id\":\"https:\/\/www.halifax-consulting.com\/nl\/digitaal-leren\/halifax-sales-bootcamp\/#breadcrumb\",\"itemListElement\":[{\"@type\":\"ListItem\",\"position\":1,\"name\":\"Accueil\",\"item\":\"https:\/\/www.halifax-consulting.com\/nl\/\"},{\"@type\":\"ListItem\",\"position\":2,\"name\":\"Digitaal &amp; IA\",\"item\":\"https:\/\/www.halifax-consulting.com\/nl\/digitaal-leren\/\"},{\"@type\":\"ListItem\",\"position\":3,\"name\":\"Halifax Sales Bootcamp\"}]},{\"@type\":\"WebSite\",\"@id\":\"https:\/\/www.halifax-consulting.com\/nl\/#website\",\"url\":\"https:\/\/www.halifax-consulting.com\/nl\/\",\"name\":\"Halifax Consulting \u2013 NL\",\"description\":\"Un site utilisant Les sites de Halifax Consulting\",\"publisher\":{\"@id\":\"https:\/\/www.halifax-consulting.com\/nl\/#organization\"},\"potentialAction\":[{\"@type\":\"SearchAction\",\"target\":{\"@type\":\"EntryPoint\",\"urlTemplate\":\"https:\/\/www.halifax-consulting.com\/nl\/?s={search_term_string}\"},\"query-input\":\"required name=search_term_string\"}],\"inLanguage\":\"nl\"},{\"@type\":\"Organization\",\"@id\":\"https:\/\/www.halifax-consulting.com\/nl\/#organization\",\"name\":\"Halifax Consulting\",\"url\":\"https:\/\/www.halifax-consulting.com\/nl\/\",\"logo\":{\"@type\":\"ImageObject\",\"inLanguage\":\"nl\",\"@id\":\"https:\/\/www.halifax-consulting.com\/nl\/#\/schema\/logo\/image\/\",\"url\":\"https:\/\/www.halifax-consulting.com\/wp-content\/uploads\/2020\/06\/Halifax_logo_EN_Transp.png\",\"contentUrl\":\"https:\/\/www.halifax-consulting.com\/wp-content\/uploads\/2020\/06\/Halifax_logo_EN_Transp.png\",\"width\":886,\"height\":886,\"caption\":\"Halifax Consulting\"},\"image\":{\"@id\":\"https:\/\/www.halifax-consulting.com\/nl\/#\/schema\/logo\/image\/\"}}]}<\/script>\n<!-- \/ Yoast SEO plugin. -->","yoast_head_json":{"title":"Bootcamp Verkoop Halifax","description":"De Halifax Sales Bootcamp oplossing maakt het mogelijk om individuele en collectieve rapporten te produceren over verkoopvaardigheden...","canonical":"https:\/\/www.halifax-consulting.com\/nl\/digitaal-leren\/halifax-sales-bootcamp\/","og_locale":"nl_NL","og_type":"article","og_title":"Bootcamp Verkoop Halifax","og_description":"De Halifax Sales Bootcamp oplossing maakt het mogelijk om individuele en collectieve rapporten te produceren over verkoopvaardigheden...","og_url":"https:\/\/www.halifax-consulting.com\/nl\/digitaal-leren\/halifax-sales-bootcamp\/","og_site_name":"Halifax Consulting \u2013 NL","article_modified_time":"2025-01-30T15:28:20+00:00","og_image":[{"width":1920,"height":545,"url":"https:\/\/www.halifax-consulting.com\/nl\/wp-content\/uploads\/sites\/11\/2023\/02\/prospecting.jpg","type":"image\/jpeg"}],"twitter_card":"summary_large_image","schema":{"@context":"https:\/\/schema.org","@graph":[{"@type":"WebPage","@id":"https:\/\/www.halifax-consulting.com\/nl\/digitaal-leren\/halifax-sales-bootcamp\/","url":"https:\/\/www.halifax-consulting.com\/nl\/digitaal-leren\/halifax-sales-bootcamp\/","name":"Bootcamp Verkoop Halifax","isPartOf":{"@id":"https:\/\/www.halifax-consulting.com\/nl\/#website"},"datePublished":"2023-04-12T09:45:02+00:00","dateModified":"2025-01-30T15:28:20+00:00","description":"De Halifax Sales Bootcamp oplossing maakt het mogelijk om individuele en collectieve rapporten te produceren over verkoopvaardigheden...","breadcrumb":{"@id":"https:\/\/www.halifax-consulting.com\/nl\/digitaal-leren\/halifax-sales-bootcamp\/#breadcrumb"},"inLanguage":"nl","potentialAction":[{"@type":"ReadAction","target":["https:\/\/www.halifax-consulting.com\/nl\/digitaal-leren\/halifax-sales-bootcamp\/"]}]},{"@type":"BreadcrumbList","@id":"https:\/\/www.halifax-consulting.com\/nl\/digitaal-leren\/halifax-sales-bootcamp\/#breadcrumb","itemListElement":[{"@type":"ListItem","position":1,"name":"Accueil","item":"https:\/\/www.halifax-consulting.com\/nl\/"},{"@type":"ListItem","position":2,"name":"Digitaal &amp; IA","item":"https:\/\/www.halifax-consulting.com\/nl\/digitaal-leren\/"},{"@type":"ListItem","position":3,"name":"Halifax Sales Bootcamp"}]},{"@type":"WebSite","@id":"https:\/\/www.halifax-consulting.com\/nl\/#website","url":"https:\/\/www.halifax-consulting.com\/nl\/","name":"Halifax Consulting \u2013 NL","description":"Un site utilisant Les sites de Halifax Consulting","publisher":{"@id":"https:\/\/www.halifax-consulting.com\/nl\/#organization"},"potentialAction":[{"@type":"SearchAction","target":{"@type":"EntryPoint","urlTemplate":"https:\/\/www.halifax-consulting.com\/nl\/?s={search_term_string}"},"query-input":"required name=search_term_string"}],"inLanguage":"nl"},{"@type":"Organization","@id":"https:\/\/www.halifax-consulting.com\/nl\/#organization","name":"Halifax Consulting","url":"https:\/\/www.halifax-consulting.com\/nl\/","logo":{"@type":"ImageObject","inLanguage":"nl","@id":"https:\/\/www.halifax-consulting.com\/nl\/#\/schema\/logo\/image\/","url":"https:\/\/www.halifax-consulting.com\/wp-content\/uploads\/2020\/06\/Halifax_logo_EN_Transp.png","contentUrl":"https:\/\/www.halifax-consulting.com\/wp-content\/uploads\/2020\/06\/Halifax_logo_EN_Transp.png","width":886,"height":886,"caption":"Halifax Consulting"},"image":{"@id":"https:\/\/www.halifax-consulting.com\/nl\/#\/schema\/logo\/image\/"}}]}},"_links":{"self":[{"href":"https:\/\/www.halifax-consulting.com\/nl\/wp-json\/wp\/v2\/pages\/2902"}],"collection":[{"href":"https:\/\/www.halifax-consulting.com\/nl\/wp-json\/wp\/v2\/pages"}],"about":[{"href":"https:\/\/www.halifax-consulting.com\/nl\/wp-json\/wp\/v2\/types\/page"}],"author":[{"embeddable":true,"href":"https:\/\/www.halifax-consulting.com\/nl\/wp-json\/wp\/v2\/users\/17"}],"replies":[{"embeddable":true,"href":"https:\/\/www.halifax-consulting.com\/nl\/wp-json\/wp\/v2\/comments?post=2902"}],"version-history":[{"count":5,"href":"https:\/\/www.halifax-consulting.com\/nl\/wp-json\/wp\/v2\/pages\/2902\/revisions"}],"predecessor-version":[{"id":4845,"href":"https:\/\/www.halifax-consulting.com\/nl\/wp-json\/wp\/v2\/pages\/2902\/revisions\/4845"}],"up":[{"embeddable":true,"href":"https:\/\/www.halifax-consulting.com\/nl\/wp-json\/wp\/v2\/pages\/549"}],"wp:featuredmedia":[{"embeddable":true,"href":"https:\/\/www.halifax-consulting.com\/nl\/wp-json\/wp\/v2\/media\/2776"}],"wp:attachment":[{"href":"https:\/\/www.halifax-consulting.com\/nl\/wp-json\/wp\/v2\/media?parent=2902"}],"wp:term":[{"taxonomy":"category","embeddable":true,"href":"https:\/\/www.halifax-consulting.com\/nl\/wp-json\/wp\/v2\/categories?post=2902"}],"curies":[{"name":"wp","href":"https:\/\/api.w.org\/{rel}","templated":true}]}}