{"id":2938,"date":"2023-04-12T11:29:29","date_gmt":"2023-04-12T09:29:29","guid":{"rendered":"https:\/\/www.halifax-consulting.com\/en\/?page_id=2938"},"modified":"2025-01-30T14:54:27","modified_gmt":"2025-01-30T13:54:27","slug":"key-account-management","status":"publish","type":"page","link":"https:\/\/www.halifax-consulting.com\/nl\/consulting\/key-account-management\/","title":{"rendered":"Key Account Management"},"content":{"rendered":"\n<div class=\"wp-block-column is-layout-flow\" style=\"flex-basis:100%\"><div class=\"container\">\n\t<div class=\"row\">\n\t\t<div class=\"col-lg-12 col-md-12 col-sm-12\">\n\t\t\t<h2 class=\"intro\">\n\t\t\t\t<strong class=\"intro-h2 d-block\">Ontwikkel uw strategische key accounts<\/strong>\n\t\t\t\t<p style=\"text-align: justify\">Een programma voor succesvolle Key Account Managers dat uw bedrijf de tools biedt om zijn ambities waar te maken!<\/p>\n<p style=\"text-align: justify\"><strong>Een veranderend tijdperk<br \/><\/strong>In een concurrerende en onzekere wereld is uw organisatie voortdurend op zoek naar manieren om alle middelen te optimaliseren en de bedrijfsdoelstellingen te behalen. Het handhaven van de status quo is geen optie meer. Een succesvol <strong>Key Account<\/strong>-programma is essentieel in de B2B-sector om uit te blinken in organische omzetgroei.<\/p>\t\t\t<\/h2>\n\t\t<\/div>\n\t<\/div>\n<\/div>\n\n\n\n<section class=\"navy cartes py-6\">\n\t\n\t<div class=\"container\">\n\t\n\t\t\n\t<div class=\"row\">\n\t\t\n\t\t<div class=\"col-lg-12 col-md-12 col-sm-12\">\n\t\t\t\n\t\t\t<h2 class=\"text-center\">\n\t\t\t\t\n\t\t\t\tONZE OPLOSSINGEN VOOR KEY ACCOUNT MANAGERS\t\n\t\t\t<\/h2>\n\t\t\t\n\t\t<\/div>\n\t\t\n\t<\/div>\n\t\n\t\t\n\t<div class=\"row\">\n\t\t\t\t\t\n\t\t\t\t\t\t\t\n\t\t\t\t\t\t\t\t\n\t\t\t\t\t\t\t\n\t\t\t\t<div class=\"col-lg-6 col-md-6 col-sm-12\">\n\t\t\t\t\t\n\t\t\t\t\t<div class=\"carte h-100\">\n\t\t\t\t\t\t\n\t\t\t\t\t\t<h3 class=\"pb-1 carte__h3\">ADVIES OVER VERKOOPORGANISATIE VOOR KEY ACCOUNT MANAGERS <\/h3>\n\t\t\t\t\t\t<div class=\"carte__content\">\n\t\t\t\t\t\t\t<p style=\"text-align: justify\">Een Key Account-programma is soms niet meer dan een slogan of een loze belofte binnen een organisatie. De beste Key Account-programma&#8217;s bewijzen echter het tegendeel. Onze consultants zijn geen theoretici of junioren, maar praktijkmensen met commerci&euml;le verantwoordelijkheid en ervaring op dit gebied. Zij bieden u advies over de praktische uitvoering.<\/p>\t\t\t\t\t\t<\/div>\n\t\t\t\t\t\t\n\t\t\t\t\t\t\t\t\t\t\t\t\n\t\t\t\t\t\t\t<a  class=\"stretched-link\" href=\"https:\/\/www.halifax-consulting.com\/nl\/consulting\/verkoopprestaties-optimaliseren\/\">Lees verder <i data-feather=\"arrow-right\"><\/i><\/a>\n\t\t\t\t\t\t\t\n\t\t\t\t\t\n\t\t\t\t\t\t\t\t\t\t\t\t\n\t\t\t\t\t<\/div>\n\t\t\t\t\t\n\t\t\t\t<\/div>\n\t\t\t\t\n\t\t\t\t\t\t\t\n\t\t\t\t\t\t\t\t\n\t\t\t\t\t\t\t\n\t\t\t\t<div class=\"col-lg-6 col-md-6 col-sm-12\">\n\t\t\t\t\t\n\t\t\t\t\t<div class=\"carte h-100\">\n\t\t\t\t\t\t\n\t\t\t\t\t\t<h3 class=\"pb-1 carte__h3\">KEY ACCOUNT MANAGER ASSESSMENT <\/h3>\n\t\t\t\t\t\t<div class=\"carte__content\">\n\t\t\t\t\t\t\t<p style=\"text-align: justify\">Veel van onze klanten vragen zich af of hun key account-teams wel zijn toegerust voor de uitdagingen die hen te wachten staan. Hoe identificeert u het beste potentieel binnen uw bedrijf dat in staat is de functies van Key Account Managers te vervullen? En hoe stemt u hun vaardigheidsontwikkeling af op de behoeften?<\/p>\t\t\t\t\t\t<\/div>\n\t\t\t\t\t\t\n\t\t\t\t\t\t\t\t\t\t\t\t\n\t\t\t\t\t\t\t<a  class=\"stretched-link\" href=\"https:\/\/www.halifax-consulting.com\/nl\/consulting\/verkoopteams-beoordelen\/\">Lees verder <i data-feather=\"arrow-right\"><\/i><\/a>\n\t\t\t\t\t\t\t\n\t\t\t\t\t\n\t\t\t\t\t\t\t\t\t\t\t\t\n\t\t\t\t\t<\/div>\n\t\t\t\t\t\n\t\t\t\t<\/div>\n\t\t\t\t\n\t\t\t\t\t\t\t\n\t\t\t\t\t\t\t\t\n\t\t\t\t\t\t\t\n\t\t\t\t<div class=\"col-lg-6 col-md-6 col-sm-12\">\n\t\t\t\t\t\n\t\t\t\t\t<div class=\"carte h-100\">\n\t\t\t\t\t\t\n\t\t\t\t\t\t<h3 class=\"pb-1 carte__h3\">KAM OPLEIDING <\/h3>\n\t\t\t\t\t\t<div class=\"carte__content\">\n\t\t\t\t\t\t\t<p style=\"text-align: justify\">De indrukwekkende resultaten van de Key Account Management-trainingen die wij voor onze klanten organiseren, zijn geen toeval. Halifax Consulting biedt een praktische aanpak waarmee u zich onderscheidt in uw markten.<\/p>\t\t\t\t\t\t<\/div>\n\t\t\t\t\t\t\n\t\t\t\t\t\t\t\t\t\t\t\t\n\t\t\t\t\t\t\t<a  class=\"stretched-link\" href=\"https:\/\/www.halifax-consulting.com\/nl\/training\/key-account-management-training\/\">Lees verder <i data-feather=\"arrow-right\"><\/i><\/a>\n\t\t\t\t\t\t\t\n\t\t\t\t\t\n\t\t\t\t\t\t\t\t\t\t\t\t\n\t\t\t\t\t<\/div>\n\t\t\t\t\t\n\t\t\t\t<\/div>\n\t\t\t\t\n\t\t\t\t\t\t\t\n\t\t\t\t\t\t\t\t\n\t\t\t\t\t\t\t\n\t\t\t\t<div class=\"col-lg-6 col-md-6 col-sm-12\">\n\t\t\t\t\t\n\t\t\t\t\t<div class=\"carte h-100\">\n\t\t\t\t\t\t\n\t\t\t\t\t\t<h3 class=\"pb-1 carte__h3\">SAM OPLEIDING <\/h3>\n\t\t\t\t\t\t<div class=\"carte__content\">\n\t\t\t\t\t\t\t<p style=\"text-align: justify\">Ons KAM to SAM-programma ondersteunt u in deze transitie en biedt u alle sleutels om van een goede &#8220;Account Manager&#8221; een &#8220;Strategische Account Manager&#8221; te worden.<\/p>\t\t\t\t\t\t<\/div>\n\t\t\t\t\t\t\n\t\t\t\t\t\t\t\t\t\t\t\t\n\t\t\t\t\t\t\t<a  class=\"stretched-link\" href=\"https:\/\/www.halifax-consulting.com\/nl\/training\/strategic-account-management-training\/\">Lees verder <i data-feather=\"arrow-right\"><\/i><\/a>\n\t\t\t\t\t\t\t\n\t\t\t\t\t\n\t\t\t\t\t\t\t\t\t\t\t\t\n\t\t\t\t\t<\/div>\n\t\t\t\t\t\n\t\t\t\t<\/div>\n\t\t\t\t\n\t\t\t\t\n\t\t\t\n\t\t\t\t\n\t\t\t\t\n\t<\/div>\n\t\n<\/section>\n\n\n\n<section class=\"light py-6\">\n\t<div class=\"container\">\n\t\t<div class=\"row\">\n\t\t\t<div class=\"col-lg-12 col-md-12 col-sm-12\">\n\t\t\t\t\t\t\t\t<h2 class=\"text-center\">\n\t\t\t\t\t\t\t\t\t\tDE 3 BELOFTES VAN EEN KEY ACCOUNT MANAGEMENT PROGRAMMA\t\t\t\t\t\t\t\t\t\t\t\t\t\t\t\n\t\t\t\t\t\n\t\t\t\t<\/h2>\n\t\t\t\t\t\t\t<\/div>\n\t\t<\/div>\n\t\t<div class=\"row\">\n\t\t\t<div class=\"col-lg-12 col-md-12 col-sm-12\">\n\t\t\t\t<div class=\"accordion\" id=\"args\">\n\t\t\t\t\t\t\t\t\t\t\t\t\t\t\t\t<div class=\"card\">\n\t\t\t\t\t<div class=\"card-header\" id=\"heading-1\">\n\t\t\t\t\t\t<button  type=\"button\" data-toggle=\"collapse\" data-target=\"#collapse-1\" aria-expanded=\"true\" aria-controls=\"collapse-1\">\n\t\t\t\t\t\tGROEI X2\t\t\t\t\t\t<i data-feather=\"chevron-down\"><\/i>\n\t\t\t\t\t\t<\/button>\n\t\t\t\t\t\t\t\t\t\t\t<\/div>\n\t\t\t\t\t<div id=\"collapse-1\" class=\"collapse show\" aria-labelledby=\"heading-1\" data-parent=\"#args\">\n\t\t\t\t\t\t<div class=\"card-body\">\n\t\t\t\t\t\t\t<p>Key Account-programma&#8217;s genereren gemiddeld een groei die minstens twee keer zo hoog is als de gemiddelde groei van het bedrijf.<\/p>\t\t\t\t\t\t<\/div>\n\t\t\t\t\t<\/div>\n\t\t\t\t<\/div>\n\t\t\t\t\t\t\t\t\t\t\t\t\t\t\t\t\t\t\t\t<div class=\"card\">\n\t\t\t\t\t<div class=\"card-header\" id=\"heading-2\">\n\t\t\t\t\t\t<button class=\"btn btn-link collapsed\" type=\"button\" data-toggle=\"collapse\" data-target=\"#collapse-2\" aria-expanded=\"false\" aria-controls=\"collapse-2\">\n\t\t\t\t\t\tEEN MARGE VAN +21%\t\t\t\t\t\t<i data-feather=\"chevron-down\"><\/i>\n\t\t\t\t\t\t<\/button>\n\t\t\t\t\t\t\t\t\t\t\t<\/div>\n\t\t\t\t\t<div id=\"collapse-2\" class=\"collapse \" aria-labelledby=\"heading-2\" data-parent=\"#args\">\n\t\t\t\t\t\t<div class=\"card-body\">\n\t\t\t\t\t\t\t<p>Mature Key Account-programma&#8217;s leveren gemiddeld minstens 21% meer marge op dan standaard programma&#8217;s.<\/p>\t\t\t\t\t\t<\/div>\n\t\t\t\t\t<\/div>\n\t\t\t\t<\/div>\n\t\t\t\t\t\t\t\t\t\t\t\t\t\t\t\t\t\t\t\t<div class=\"card\">\n\t\t\t\t\t<div class=\"card-header\" id=\"heading-3\">\n\t\t\t\t\t\t<button class=\"btn btn-link collapsed\" type=\"button\" data-toggle=\"collapse\" data-target=\"#collapse-3\" aria-expanded=\"false\" aria-controls=\"collapse-3\">\n\t\t\t\t\t\tKLANTTEVREDENHEID STIJGT BIJ 73% VAN DE BEDRIJVEN\t\t\t\t\t\t<i data-feather=\"chevron-down\"><\/i>\n\t\t\t\t\t\t<\/button>\n\t\t\t\t\t\t\t\t\t\t\t<\/div>\n\t\t\t\t\t<div id=\"collapse-3\" class=\"collapse \" aria-labelledby=\"heading-3\" data-parent=\"#args\">\n\t\t\t\t\t\t<div class=\"card-body\">\n\t\t\t\t\t\t\t<p>73% van de bedrijven met een Key Account-programma rapporteert een significante stijging in klanttevredenheid. En een tevreden klant is de beste graadmeter voor groei.<\/p>\t\t\t\t\t\t<\/div>\n\t\t\t\t\t<\/div>\n\t\t\t\t<\/div>\n\t\t\t\t\t\t\t\t\t\t\t\t<\/div>\n\t\t\t<\/div>\n\t\t\t\n\t\t<\/div>\n\t<\/div>\n<\/section>\n\n\n<section class=\"white py-6\">\n\t<div class=\"container\">\n\t\t<div class=\"row\">\n\t\t\t<div class=\"col-lg-12 col-md-12 col-sm-12\">\n\t\t\t\t<h2 class=\"text-center\">INTERNATIONALE EXPERTISE IN KEY ACCOUNT-PROGRAMMA&#8217;S<\/h2>\n\t\t\t<\/div>\n\t\t<\/div>\n\t\t\n\t\t<div class=\"row\">\n\t\t\t<div class=\"col-lg-12 col-md-12 col-sm-12\">\n\t\t\t\t<p>\n\t\t\t\t\t<p style=\"text-align: justify\"><strong>Halifax Consulting<\/strong> heeft een internationaal expertisecentrum ontwikkeld voor <strong>Key Account-programma&#8217;s<\/strong>, met focus op segmentatie, managementprocessen, managementtools en verkoop- en leiderschapsvaardigheden.<\/p>\n<p style=\"text-align: justify\">Het opbouwen, identificeren en ontwikkelen van sterke vertrouwensrelaties met uw belangrijkste klanten en partners is een uitdagende taak, maar levert twee belangrijke voordelen op:<\/p>\n<ol>\n<li style=\"text-align: justify\"><strong>Strategische klanten voelen zich gewaardeerd en gerespecteerd<\/strong>, wat hen motiveert om nieuwe zakelijke gesprekken aan te gaan.<\/li>\n<li style=\"text-align: justify\"><strong>Key Account Managers (KAM&rsquo;s)<\/strong> worden niet langer beschouwd als &#8220;gewone&#8221; verkopers, zowel intern als extern. In plaats daarvan worden zij gezien als strategische partners in de prestaties van hun klanten, en als &#8220;bedrijfsadviseurs&#8221;, wat nieuwe zakelijke kansen cre&euml;ert.<\/li>\n<\/ol>\t\t\t\t<\/p>\n\t\t\t\t\n\t\t\t<\/div>\n\n\t\t<\/div>\n\t<\/div>\n\t<\/section>\n\n<section class=\"light block-benefits-4 py-6\">\n\t<div class=\"container\">\n\t\t<div class=\"row\">\n\t\t\t<div class=\"col-lg-12 col-md-12 col-sm-12\">\n\t\t\t\t<h2 class=\"text-center\">\n\t\t\t\t\t4 GEVALLEN WAARIN EEN KAM-PROGRAMMA ABSOLUUT ESSENTIEEL IS\t\t\t\t\t<span class=\"h2-subtitle\"><\/span>\n\t\t\t\t\t\n\t\t\t\t\t\n\t\t\t\t<\/h2>\n\t\t\t<\/div>\n\t\t<\/div>\n\t\t<div class=\"row\">\n\t\t\t\t\n\t\t\t\t\t\n\t\t\t\t\t<div class=\"col-lg-6 col-md-6 col-sm-12 mb-4\">\n\t\t\t\t\t\t<div class=\"row\">\n\t\t\t\t\t\t\t<div class=\"col-lg-2 col-sm-3 col-sm-12\">\n\t\t\t\t\t\t\t\t<img decoding=\"async\" class=\"fadeIn\" src=\"https:\/\/www.halifax-consulting.com\/nl\/wp-content\/themes\/halifax\/library\/img\/halifax-consulting-benefits-icon.svg\" alt=\"icone benefices\" width=\"100%\" \/>\n\t\t\t\t\t\t\t<\/div>\n\t\t\t\t\t\t\t<div class=\"col-lg-10 col-sm-9 col-sm-12 fadeIn\">\n\t\t\t\t\t\t\t\t<h3 class=\"benef-title\">U heeft klanten met een hoog potentieel<\/h3>\n\t\t\t\t\t\t\t\t<p class=\"benef-content\">Denk niet alleen in termen van het volume aan zaken dat een klant genereert. Identificeer het &#8216;hoge potentieel&#8217; van klanten die nog niet volledig ontwikkeld zijn. Een KAM-programma stelt u in staat een bevoorrechte en duurzame relatie met deze klanten op te bouwen.<br>\n\t\t\t\t\t\t\t\t\t\t\t\t\t\t\t\t\t<\/p>\n\t\t\t\t\t\t\t<\/div>\n\t\t\t\t\t\t<\/div>\n\t\t\t\t\t<\/div>\n\t\t\t\t\t\n\t\t\t\t\t\t\n\t\t\t\t\t\n\t\t\t\t\t<div class=\"col-lg-6 col-md-6 col-sm-12 mb-4\">\n\t\t\t\t\t\t<div class=\"row\">\n\t\t\t\t\t\t\t<div class=\"col-lg-2 col-sm-3 col-sm-12\">\n\t\t\t\t\t\t\t\t<img decoding=\"async\" class=\"fadeIn\" src=\"https:\/\/www.halifax-consulting.com\/nl\/wp-content\/themes\/halifax\/library\/img\/halifax-consulting-benefits-icon.svg\" alt=\"icone benefices\" width=\"100%\" \/>\n\t\t\t\t\t\t\t<\/div>\n\t\t\t\t\t\t\t<div class=\"col-lg-10 col-sm-9 col-sm-12 fadeIn\">\n\t\t\t\t\t\t\t\t<h3 class=\"benef-title\">U heeft problemen met klantloyaliteit<\/h3>\n\t\t\t\t\t\t\t\t<p class=\"benef-content\">Het is bewezen dat het werven van nieuwe klanten veel duurder is dan het behouden van bestaande klanten. Het verhogen van klantbehoud met 5% kan de winst met 25-95% verhogen. Toch heeft slechts 18% van de bedrijven een strategie en proces voor klantloyaliteit. Met een Key Account-programma kunt u dat vandaag veranderen, vooral bij uw belangrijkste klanten!<br>\n\t\t\t\t\t\t\t\t\t\t\t\t\t\t\t\t\t<\/p>\n\t\t\t\t\t\t\t<\/div>\n\t\t\t\t\t\t<\/div>\n\t\t\t\t\t<\/div>\n\t\t\t\t\t\n\t\t\t\t\t\t\n\t\t\t\t\t\n\t\t\t\t\t<div class=\"col-lg-6 col-md-6 col-sm-12 mb-4\">\n\t\t\t\t\t\t<div class=\"row\">\n\t\t\t\t\t\t\t<div class=\"col-lg-2 col-sm-3 col-sm-12\">\n\t\t\t\t\t\t\t\t<img decoding=\"async\" class=\"fadeIn\" src=\"https:\/\/www.halifax-consulting.com\/nl\/wp-content\/themes\/halifax\/library\/img\/halifax-consulting-benefits-icon.svg\" alt=\"icone benefices\" width=\"100%\" \/>\n\t\t\t\t\t\t\t<\/div>\n\t\t\t\t\t\t\t<div class=\"col-lg-10 col-sm-9 col-sm-12 fadeIn\">\n\t\t\t\t\t\t\t\t<h3 class=\"benef-title\">U heeft opinieleiders onder uw klanten<\/h3>\n\t\t\t\t\t\t\t\t<p class=\"benef-content\">Met een KAM-programma ontwikkelt of versterkt u uw relaties met deze opinieleiders. U draagt actief bij aan hun prestaties. De waarde die u voor deze leiders cre\u00ebert, en die zichtbaar is in de markt, geeft u de nodige legitimiteit om toegang te krijgen tot alle spelers in deze markt.<br>\n\t\t\t\t\t\t\t\t\t\t\t\t\t\t\t\t\t<\/p>\n\t\t\t\t\t\t\t<\/div>\n\t\t\t\t\t\t<\/div>\n\t\t\t\t\t<\/div>\n\t\t\t\t\t\n\t\t\t\t\t\t\n\t\t\t\t\t\n\t\t\t\t\t<div class=\"col-lg-6 col-md-6 col-sm-12 mb-4\">\n\t\t\t\t\t\t<div class=\"row\">\n\t\t\t\t\t\t\t<div class=\"col-lg-2 col-sm-3 col-sm-12\">\n\t\t\t\t\t\t\t\t<img decoding=\"async\" class=\"fadeIn\" src=\"https:\/\/www.halifax-consulting.com\/nl\/wp-content\/themes\/halifax\/library\/img\/halifax-consulting-benefits-icon.svg\" alt=\"icone benefices\" width=\"100%\" \/>\n\t\t\t\t\t\t\t<\/div>\n\t\t\t\t\t\t\t<div class=\"col-lg-10 col-sm-9 col-sm-12 fadeIn\">\n\t\t\t\t\t\t\t\t<h3 class=\"benef-title\">U bent een innovatief bedrijf<\/h3>\n\t\t\t\t\t\t\t\t<p class=\"benef-content\">Een Key Account-programma helpt u uw klanten te overtuigen van het verschil dat uw innovaties maken. Innovatie verkopen maakt het verkoopproces complexer, omdat dit vraagt om het begeleiden van de organisaties van uw klanten tijdens veranderingen.<br>\n\t\t\t\t\t\t\t\t\t\t\t\t\t\t\t\t\t<\/p>\n\t\t\t\t\t\t\t<\/div>\n\t\t\t\t\t\t<\/div>\n\t\t\t\t\t<\/div>\n\t\t\t\t\t\n\t\t\t\t\t\t\t\t\n\t\t<\/div>\n\t<\/div>\n<\/section>\n\n\n<div style=\"height:70px\" aria-hidden=\"true\" class=\"wp-block-spacer\"><\/div>\n\n\n<section class=\"block_texte_cta\">\n\t<div class=\"container\">\n\t\t<div class=\"row\">\n\t\t\n\t\t\t<div class=\"col-lg-6 col-md-6 col-sm-12 block_texte_cta--contenu\">\n\t\t\t\t\n\t\t\t\tMeer weten over onze Key Account Management programma&#8217;s?\t\t\t\t\n\t\t\t<\/div>\n\t\t\t<div class=\"col-lg-6 col-md-6 col-sm-12 block_texte_cta--bouton\">\n\t\t\t\t\n\t\t\t\t<a class=\"btn\" href=\"https:\/\/www.halifax-consulting.com\/nl\/contact\/\" title=\"Neem contact met ons op\">Neem contact met ons op<\/a>\n\t\t\t\t\n\t\t\t<\/div>\n\t\t\n\t\t<\/div>\n\t<\/div>\n\t\n<\/section>\n\n\n<section class=\"white py-6\">\n\t\n\t<div class=\"container-fluid\">\n\t\t\n\t\t<div class=\"row\">\n\t\t\n\t\t\t<div class=\"col-lg-6 col-md-6 col-sm-12\">\n\t\t\t\t<!-- Livre blanc -->\n\t\t\t\t<div class=\"card--livre-blanc navy\">\n\t\t\t\t\t\n\t\t\t\t\t<div class=\"row p-0 m-0\">\n\t\t\t\t\t\t\n\t\t\t\t\t\t<div class=\"col-lg-5 col-md-5 col-sm-12 pl-0 pr-0\">\n\t\t\t\t\t\t\t\n\t\t\t\t\t\t\t<figure class=\"img-simple-success\">\n\t\n\t\t\t\t\t\t\t\t<img decoding=\"async\" loading=\"lazy\" src=\"https:\/\/www.halifax-consulting.com\/nl\/wp-content\/uploads\/sites\/11\/2021\/02\/Halifax-consulting-ebook-kam-cover.png\" alt=\"\" width=\"100%\" height=\"\" >\t\t\t\t\t\t\t\t\n\t\t\t\t\t\t\t<\/figure>\n\t\t\t\t\t\t\t\n\t\t\t\t\t\t<\/div>\n\t\t\t\t\t\t\n\t\t\t\t\t\t<div class=\"col-lg-7 col-md-7 col-sm-12 card--lb-content\">\n\t\t\t\t\t\t\t<small>Witboek<\/small>\n\t\t\t\t\t\t\t\n\t\t\t\t\t\t\t\t\t\t\t\t\t\t\n\t\t\t\t\t\t\t\t<h3>Key Account Management<\/h3>\n\t\t\t\t\t\t\t\t\n\t\t\t\t\t\t\t\t\t\t\t\t\t\t\n\t\t\t\t\t\t\t\t\t\t\t\t\t\t\n\t\t\t\t\t\t\t<a href=\"https:\/\/www.halifax-consulting.com\/nl\/telechargez-livre-blanc?b=kam-176287363\" title=\"Livre blanc Key Account Management\" class=\"btn btn-hx btn-hx-orange\">Download it<\/a>\n\t\t\t\t\t\t<\/div>\n\t\t\t\t\t<\/div>\n\t\t\t\t<\/div>\n\t\t\t\t\n\t\t\t<\/div>\n\t\t\t\n\t\t\t\n\t\t\t\t\t\t\t \n\t\t\t\t\t\t\t\t\t\t\n\t\t\t\t\t\t\t\t\n\t\t\t\n\t\t\t\n\t\t\t\n\t\t\t<div class=\"col-lg-6 col-md-6 col-sm-12\">\n\t\t\t\t<!-- Success story -->\n\t\t\t\t<div class=\"card--livre-blanc\">\n\t\t\t\t\t\n\t\t\t\t\t<div class=\"row p-0 m-0\">\n\t\t\t\t\t\t\n\t\t\t\t\t\t<div class=\"col-lg-5 col-md-5 col-sm-12 pl-0 pr-0\">\n\t\t\t\t\t\t\t\n\t\t\t\t\t\t\t<figure class=\"img-simple-success\">\n\t\n\t\t\t\t\t\t\t\t<img decoding=\"async\" loading=\"lazy\" src=\"https:\/\/www.halifax-consulting.com\/nl\/wp-content\/uploads\/sites\/11\/2020\/01\/halifax-consulting-success-story-allianz.jpg\" alt=\"\" width=\"100%\" height=\"\" >\t\t\t\t\t\t\t\t\n\t\t\t\t\t\t\t<\/figure>\n\t\t\t\t\t\t\t\n\t\t\t\t\t\t<\/div>\n\t\t\t\t\t\t\n\t\t\t\t\t\t<div class=\"col-lg-7 col-md-7 col-sm-12 card--lb-content\">\n\t\t\t\t\t\t\t<small>Succesverhalen<\/small>\n\t\t\t\t\t\t\n\t\t\t\t\t\t\t<h3>Halifax Consulting begeleidt Allianz<\/h3>\n<!-- \t\t\t\t\t\t\t<p>Verzekeringsinspecteurs zijn van oudsher een belangrijke schakel tussen klant en bedrijf. Door de digitalisering van een breed scala aan taken is hun rol echter meer in de richting van verkoop en coaching gegaan en minder in de richting van inspecties alleen.<\/p>\n\t -->\n<!--\n\t\t\t\t\t\t\t<p>\n\t\t\t\t\t\t\t\tD\u00e9couvrez comment Halifax Consulting a accompagn\u00e9 Allianz sur le chemin de la r\u00e9ussite\n\t\t\t\t\t\t\t<\/p>\n-->\n\t\t\t\n\t\t\t\t\t\t\t\n\t\t\t\t\t\t\t<a href=\"https:\/\/www.halifax-consulting.com\/nl\/succesverhalen\/allianz\/\" class=\"btn btn-hx btn-hx-orange\" title=\"Lees verder\">Lees verder<\/a>\n\t\t\t\t\t\t\n\t\t\t\t\t\t<\/div>\n\t\t\t\t\t\t\n\t\t\t\t\t<\/div>\n\t\t\t\t\t\n\t\t\t\t<\/div>\n\t\t\t\t\n\t\t\t<\/div>\n\t\t\t\t\t\t\t\t\t\n\t\t<\/div>\n\t\t\n\t<\/div>\n\t\n<\/section><\/div>\n","protected":false},"excerpt":{"rendered":"","protected":false},"author":17,"featured_media":2730,"parent":543,"menu_order":10,"comment_status":"closed","ping_status":"closed","template":"","meta":[],"categories":[],"acf":[],"yoast_head":"<!-- This site is optimized with the Yoast SEO plugin v19.9 - https:\/\/yoast.com\/wordpress\/plugins\/seo\/ -->\n<title>Praktijk Key Account Management - Halifax Consulting<\/title>\n<meta name=\"description\" content=\"Een programma voor succesvolle Key Account Managers, geef uw bedrijf de middelen om zijn ambities waar te maken!\" \/>\n<link rel=\"canonical\" href=\"https:\/\/www.halifax-consulting.com\/nl\/consulting\/key-account-management\/\" \/>\n<meta property=\"og:locale\" content=\"nl_NL\" \/>\n<meta property=\"og:type\" content=\"article\" \/>\n<meta property=\"og:title\" content=\"Praktijk Key Account Management - Halifax Consulting\" \/>\n<meta property=\"og:description\" content=\"Een programma voor succesvolle Key Account Managers, geef uw bedrijf de middelen om zijn ambities waar te maken!\" \/>\n<meta property=\"og:url\" content=\"https:\/\/www.halifax-consulting.com\/nl\/consulting\/key-account-management\/\" \/>\n<meta property=\"og:site_name\" content=\"Halifax Consulting \u2013 NL\" \/>\n<meta property=\"article:modified_time\" content=\"2025-01-30T13:54:27+00:00\" \/>\n<meta property=\"og:image\" content=\"https:\/\/www.halifax-consulting.com\/nl\/wp-content\/uploads\/sites\/11\/2023\/02\/formation-nego.jpg\" \/>\n\t<meta property=\"og:image:width\" content=\"1000\" \/>\n\t<meta property=\"og:image:height\" content=\"360\" \/>\n\t<meta property=\"og:image:type\" content=\"image\/jpeg\" \/>\n<meta name=\"twitter:card\" content=\"summary_large_image\" \/>\n<script type=\"application\/ld+json\" class=\"yoast-schema-graph\">{\"@context\":\"https:\/\/schema.org\",\"@graph\":[{\"@type\":\"WebPage\",\"@id\":\"https:\/\/www.halifax-consulting.com\/nl\/consulting\/key-account-management\/\",\"url\":\"https:\/\/www.halifax-consulting.com\/nl\/consulting\/key-account-management\/\",\"name\":\"Praktijk Key Account Management - Halifax Consulting\",\"isPartOf\":{\"@id\":\"https:\/\/www.halifax-consulting.com\/nl\/#website\"},\"datePublished\":\"2023-04-12T09:29:29+00:00\",\"dateModified\":\"2025-01-30T13:54:27+00:00\",\"description\":\"Een programma voor succesvolle Key Account Managers, geef uw bedrijf de middelen om zijn ambities waar te maken!\",\"breadcrumb\":{\"@id\":\"https:\/\/www.halifax-consulting.com\/nl\/consulting\/key-account-management\/#breadcrumb\"},\"inLanguage\":\"nl\",\"potentialAction\":[{\"@type\":\"ReadAction\",\"target\":[\"https:\/\/www.halifax-consulting.com\/nl\/consulting\/key-account-management\/\"]}]},{\"@type\":\"BreadcrumbList\",\"@id\":\"https:\/\/www.halifax-consulting.com\/nl\/consulting\/key-account-management\/#breadcrumb\",\"itemListElement\":[{\"@type\":\"ListItem\",\"position\":1,\"name\":\"Accueil\",\"item\":\"https:\/\/www.halifax-consulting.com\/nl\/\"},{\"@type\":\"ListItem\",\"position\":2,\"name\":\"Consulting\",\"item\":\"https:\/\/www.halifax-consulting.com\/nl\/consulting\/\"},{\"@type\":\"ListItem\",\"position\":3,\"name\":\"Key Account Management\"}]},{\"@type\":\"WebSite\",\"@id\":\"https:\/\/www.halifax-consulting.com\/nl\/#website\",\"url\":\"https:\/\/www.halifax-consulting.com\/nl\/\",\"name\":\"Halifax Consulting \u2013 NL\",\"description\":\"Un site utilisant Les sites de Halifax Consulting\",\"publisher\":{\"@id\":\"https:\/\/www.halifax-consulting.com\/nl\/#organization\"},\"potentialAction\":[{\"@type\":\"SearchAction\",\"target\":{\"@type\":\"EntryPoint\",\"urlTemplate\":\"https:\/\/www.halifax-consulting.com\/nl\/?s={search_term_string}\"},\"query-input\":\"required name=search_term_string\"}],\"inLanguage\":\"nl\"},{\"@type\":\"Organization\",\"@id\":\"https:\/\/www.halifax-consulting.com\/nl\/#organization\",\"name\":\"Halifax Consulting\",\"url\":\"https:\/\/www.halifax-consulting.com\/nl\/\",\"logo\":{\"@type\":\"ImageObject\",\"inLanguage\":\"nl\",\"@id\":\"https:\/\/www.halifax-consulting.com\/nl\/#\/schema\/logo\/image\/\",\"url\":\"https:\/\/www.halifax-consulting.com\/wp-content\/uploads\/2020\/06\/Halifax_logo_EN_Transp.png\",\"contentUrl\":\"https:\/\/www.halifax-consulting.com\/wp-content\/uploads\/2020\/06\/Halifax_logo_EN_Transp.png\",\"width\":886,\"height\":886,\"caption\":\"Halifax Consulting\"},\"image\":{\"@id\":\"https:\/\/www.halifax-consulting.com\/nl\/#\/schema\/logo\/image\/\"}}]}<\/script>\n<!-- \/ Yoast SEO plugin. -->","yoast_head_json":{"title":"Praktijk Key Account Management - Halifax Consulting","description":"Een programma voor succesvolle Key Account Managers, geef uw bedrijf de middelen om zijn ambities waar te maken!","canonical":"https:\/\/www.halifax-consulting.com\/nl\/consulting\/key-account-management\/","og_locale":"nl_NL","og_type":"article","og_title":"Praktijk Key Account Management - Halifax Consulting","og_description":"Een programma voor succesvolle Key Account Managers, geef uw bedrijf de middelen om zijn ambities waar te maken!","og_url":"https:\/\/www.halifax-consulting.com\/nl\/consulting\/key-account-management\/","og_site_name":"Halifax Consulting \u2013 NL","article_modified_time":"2025-01-30T13:54:27+00:00","og_image":[{"width":1000,"height":360,"url":"https:\/\/www.halifax-consulting.com\/nl\/wp-content\/uploads\/sites\/11\/2023\/02\/formation-nego.jpg","type":"image\/jpeg"}],"twitter_card":"summary_large_image","schema":{"@context":"https:\/\/schema.org","@graph":[{"@type":"WebPage","@id":"https:\/\/www.halifax-consulting.com\/nl\/consulting\/key-account-management\/","url":"https:\/\/www.halifax-consulting.com\/nl\/consulting\/key-account-management\/","name":"Praktijk Key Account Management - Halifax Consulting","isPartOf":{"@id":"https:\/\/www.halifax-consulting.com\/nl\/#website"},"datePublished":"2023-04-12T09:29:29+00:00","dateModified":"2025-01-30T13:54:27+00:00","description":"Een programma voor succesvolle Key Account Managers, geef uw bedrijf de middelen om zijn ambities waar te maken!","breadcrumb":{"@id":"https:\/\/www.halifax-consulting.com\/nl\/consulting\/key-account-management\/#breadcrumb"},"inLanguage":"nl","potentialAction":[{"@type":"ReadAction","target":["https:\/\/www.halifax-consulting.com\/nl\/consulting\/key-account-management\/"]}]},{"@type":"BreadcrumbList","@id":"https:\/\/www.halifax-consulting.com\/nl\/consulting\/key-account-management\/#breadcrumb","itemListElement":[{"@type":"ListItem","position":1,"name":"Accueil","item":"https:\/\/www.halifax-consulting.com\/nl\/"},{"@type":"ListItem","position":2,"name":"Consulting","item":"https:\/\/www.halifax-consulting.com\/nl\/consulting\/"},{"@type":"ListItem","position":3,"name":"Key Account Management"}]},{"@type":"WebSite","@id":"https:\/\/www.halifax-consulting.com\/nl\/#website","url":"https:\/\/www.halifax-consulting.com\/nl\/","name":"Halifax Consulting \u2013 NL","description":"Un site utilisant Les sites de Halifax Consulting","publisher":{"@id":"https:\/\/www.halifax-consulting.com\/nl\/#organization"},"potentialAction":[{"@type":"SearchAction","target":{"@type":"EntryPoint","urlTemplate":"https:\/\/www.halifax-consulting.com\/nl\/?s={search_term_string}"},"query-input":"required name=search_term_string"}],"inLanguage":"nl"},{"@type":"Organization","@id":"https:\/\/www.halifax-consulting.com\/nl\/#organization","name":"Halifax Consulting","url":"https:\/\/www.halifax-consulting.com\/nl\/","logo":{"@type":"ImageObject","inLanguage":"nl","@id":"https:\/\/www.halifax-consulting.com\/nl\/#\/schema\/logo\/image\/","url":"https:\/\/www.halifax-consulting.com\/wp-content\/uploads\/2020\/06\/Halifax_logo_EN_Transp.png","contentUrl":"https:\/\/www.halifax-consulting.com\/wp-content\/uploads\/2020\/06\/Halifax_logo_EN_Transp.png","width":886,"height":886,"caption":"Halifax Consulting"},"image":{"@id":"https:\/\/www.halifax-consulting.com\/nl\/#\/schema\/logo\/image\/"}}]}},"_links":{"self":[{"href":"https:\/\/www.halifax-consulting.com\/nl\/wp-json\/wp\/v2\/pages\/2938"}],"collection":[{"href":"https:\/\/www.halifax-consulting.com\/nl\/wp-json\/wp\/v2\/pages"}],"about":[{"href":"https:\/\/www.halifax-consulting.com\/nl\/wp-json\/wp\/v2\/types\/page"}],"author":[{"embeddable":true,"href":"https:\/\/www.halifax-consulting.com\/nl\/wp-json\/wp\/v2\/users\/17"}],"replies":[{"embeddable":true,"href":"https:\/\/www.halifax-consulting.com\/nl\/wp-json\/wp\/v2\/comments?post=2938"}],"version-history":[{"count":4,"href":"https:\/\/www.halifax-consulting.com\/nl\/wp-json\/wp\/v2\/pages\/2938\/revisions"}],"predecessor-version":[{"id":4816,"href":"https:\/\/www.halifax-consulting.com\/nl\/wp-json\/wp\/v2\/pages\/2938\/revisions\/4816"}],"up":[{"embeddable":true,"href":"https:\/\/www.halifax-consulting.com\/nl\/wp-json\/wp\/v2\/pages\/543"}],"wp:featuredmedia":[{"embeddable":true,"href":"https:\/\/www.halifax-consulting.com\/nl\/wp-json\/wp\/v2\/media\/2730"}],"wp:attachment":[{"href":"https:\/\/www.halifax-consulting.com\/nl\/wp-json\/wp\/v2\/media?parent=2938"}],"wp:term":[{"taxonomy":"category","embeddable":true,"href":"https:\/\/www.halifax-consulting.com\/nl\/wp-json\/wp\/v2\/categories?post=2938"}],"curies":[{"name":"wp","href":"https:\/\/api.w.org\/{rel}","templated":true}]}}