{"id":2945,"date":"2023-04-12T11:29:26","date_gmt":"2023-04-12T09:29:26","guid":{"rendered":"https:\/\/www.halifax-consulting.com\/en\/?page_id=2945"},"modified":"2025-01-30T15:01:03","modified_gmt":"2025-01-30T14:01:03","slug":"analyse-segmentatie-klantenportefeuille","status":"publish","type":"page","link":"https:\/\/www.halifax-consulting.com\/nl\/consulting\/analyse-segmentatie-klantenportefeuille\/","title":{"rendered":"Analyse van uw verkooporganisatie en segmentatie van uw klantenportefeuille"},"content":{"rendered":"<div class=\"container\">\n\t<div class=\"row\">\n\t\t<div class=\"col-lg-12 col-md-12 col-sm-12\">\n\t\t\t<h2 class=\"intro\">\n\t\t\t\t<strong class=\"intro-h2 d-block\">Een uitgebreid platform dat de energie van uw verkoopteams richt door optimaal en gestructureerd strategisch klantenbeheer.<\/strong>\n\t\t\t\t<p>Stem de inspanningen van uw verkoopteams op elkaar af om uw beste klanten te behouden, de waarde van potenti&euml;le klanten te maximaliseren en uw prospects te kwalificeren. Dit doet u door een verkoopgroeiplan op maat op te stellen.<\/p>\n<p><strong>Venturi<\/strong> is een <strong>oplossing voor strategisch klantenbeheer<\/strong>.<\/p>\n<p>Een gestructureerd verkoopplan, gericht op de meest potenti&euml;le klanten, is essentieel voor de groei van uw bedrijf.<\/p>\n<p>Met Venturi kunt u precies dat doen. Deze gebruiksvriendelijke tool maakt <strong>rechtstreeks verbinding met uw CRM-platform<\/strong> (Customer Relationship Management) en helpt u een gestructureerd verkoopplan op te stellen dat uw team eenvoudig kan volgen en uitvoeren in drie stappen:<\/p>\n<ol>\n<li><strong>Analyseer uw verkoop.<\/strong><\/li>\n<li><strong>Geautomatiseerde categorisatie van uw klanten.<\/strong><\/li>\n<li><strong>Plan verkoopactiviteiten in de agenda van uw verkoopteam.<\/strong><\/li>\n<\/ol>\n<p>Venturi biedt daarnaast <strong>een flitsdiagnose van uw verkooporganisatie<\/strong>. Deze analyse, gebaseerd op een studie met 180 criteria, onderzoekt al uw verkoopprocessen en uw &#8220;verkoopeffici&euml;ntie&#8221;. De diagnose wordt online uitgevoerd in samenwerking met uw managementteams en stelt u in staat om uw verkooporganisatie te benchmarken.<\/p>\t\t\t<\/h2>\n\t\t<\/div>\n\t<\/div>\n<\/div>\n\n\n<section class=\"navy block-benefits-4 py-6\">\n\t<div class=\"container\">\n\t\t<div class=\"row\">\n\t\t\t<div class=\"col-lg-12 col-md-12 col-sm-12\">\n\t\t\t\t<h2 class=\"text-center\">\n\t\t\t\t\tVENTURI BEVAT VERSCHILLENDE TOEPASSINGEN OM:\t\t\t\t\t<span class=\"h2-subtitle\"><\/span>\n\t\t\t\t\t\n\t\t\t\t\t\n\t\t\t\t<\/h2>\n\t\t\t<\/div>\n\t\t<\/div>\n\t\t<div class=\"row\">\n\t\t\t\t\n\t\t\t\t\t\n\t\t\t\t\t<div class=\"col-lg-6 col-md-6 col-sm-12 mb-4\">\n\t\t\t\t\t\t<div class=\"row\">\n\t\t\t\t\t\t\t<div class=\"col-lg-2 col-sm-3 col-sm-12\">\n\t\t\t\t\t\t\t\t<img decoding=\"async\" class=\"fadeIn\" src=\"https:\/\/www.halifax-consulting.com\/nl\/wp-content\/themes\/halifax\/library\/img\/halifax-consulting-benefits-icon.svg\" alt=\"icone benefices\" width=\"100%\" \/>\n\t\t\t\t\t\t\t<\/div>\n\t\t\t\t\t\t\t<div class=\"col-lg-10 col-sm-9 col-sm-12 fadeIn\">\n\t\t\t\t\t\t\t\t<h3 class=\"benef-title\">Analyseren<\/h3>\n\t\t\t\t\t\t\t\t<p class=\"benef-content\">Diepgaande analyse van uw klantenportfolio.<br>\n\t\t\t\t\t\t\t\t\t\t\t\t\t\t\t\t\t<\/p>\n\t\t\t\t\t\t\t<\/div>\n\t\t\t\t\t\t<\/div>\n\t\t\t\t\t<\/div>\n\t\t\t\t\t\n\t\t\t\t\t\t\n\t\t\t\t\t\n\t\t\t\t\t<div class=\"col-lg-6 col-md-6 col-sm-12 mb-4\">\n\t\t\t\t\t\t<div class=\"row\">\n\t\t\t\t\t\t\t<div class=\"col-lg-2 col-sm-3 col-sm-12\">\n\t\t\t\t\t\t\t\t<img decoding=\"async\" class=\"fadeIn\" src=\"https:\/\/www.halifax-consulting.com\/nl\/wp-content\/themes\/halifax\/library\/img\/halifax-consulting-benefits-icon.svg\" alt=\"icone benefices\" width=\"100%\" \/>\n\t\t\t\t\t\t\t<\/div>\n\t\t\t\t\t\t\t<div class=\"col-lg-10 col-sm-9 col-sm-12 fadeIn\">\n\t\t\t\t\t\t\t\t<h3 class=\"benef-title\">Segmenteren<\/h3>\n\t\t\t\t\t\t\t\t<p class=\"benef-content\">Segmentatie van klanten op basis van hun potentieel.<br>\n\t\t\t\t\t\t\t\t\t\t\t\t\t\t\t\t\t<\/p>\n\t\t\t\t\t\t\t<\/div>\n\t\t\t\t\t\t<\/div>\n\t\t\t\t\t<\/div>\n\t\t\t\t\t\n\t\t\t\t\t\t\n\t\t\t\t\t\n\t\t\t\t\t<div class=\"col-lg-6 col-md-6 col-sm-12 mb-4\">\n\t\t\t\t\t\t<div class=\"row\">\n\t\t\t\t\t\t\t<div class=\"col-lg-2 col-sm-3 col-sm-12\">\n\t\t\t\t\t\t\t\t<img decoding=\"async\" class=\"fadeIn\" src=\"https:\/\/www.halifax-consulting.com\/nl\/wp-content\/themes\/halifax\/library\/img\/halifax-consulting-benefits-icon.svg\" alt=\"icone benefices\" width=\"100%\" \/>\n\t\t\t\t\t\t\t<\/div>\n\t\t\t\t\t\t\t<div class=\"col-lg-10 col-sm-9 col-sm-12 fadeIn\">\n\t\t\t\t\t\t\t\t<h3 class=\"benef-title\">Identificeren<\/h3>\n\t\t\t\t\t\t\t\t<p class=\"benef-content\">Identificeren van activiteiten en hun frequentie die nodig zijn voor uw verkoopteam.<br>\n\t\t\t\t\t\t\t\t\t\t\t\t\t\t\t\t\t<\/p>\n\t\t\t\t\t\t\t<\/div>\n\t\t\t\t\t\t<\/div>\n\t\t\t\t\t<\/div>\n\t\t\t\t\t\n\t\t\t\t\t\t\n\t\t\t\t\t\n\t\t\t\t\t<div class=\"col-lg-6 col-md-6 col-sm-12 mb-4\">\n\t\t\t\t\t\t<div class=\"row\">\n\t\t\t\t\t\t\t<div class=\"col-lg-2 col-sm-3 col-sm-12\">\n\t\t\t\t\t\t\t\t<img decoding=\"async\" class=\"fadeIn\" src=\"https:\/\/www.halifax-consulting.com\/nl\/wp-content\/themes\/halifax\/library\/img\/halifax-consulting-benefits-icon.svg\" alt=\"icone benefices\" width=\"100%\" \/>\n\t\t\t\t\t\t\t<\/div>\n\t\t\t\t\t\t\t<div class=\"col-lg-10 col-sm-9 col-sm-12 fadeIn\">\n\t\t\t\t\t\t\t\t<h3 class=\"benef-title\">Prioriteiten stellen<\/h3>\n\t\t\t\t\t\t\t\t<p class=\"benef-content\">Het prioriteren van de inspanningen van uw verkoopteam in hun agenda.<br>\n\t\t\t\t\t\t\t\t\t\t\t\t\t\t\t\t\t<\/p>\n\t\t\t\t\t\t\t<\/div>\n\t\t\t\t\t\t<\/div>\n\t\t\t\t\t<\/div>\n\t\t\t\t\t\n\t\t\t\t\t\t\t\t\n\t\t<\/div>\n\t<\/div>\n<\/section>\n\n<section class=\"light bloc-texte-image p-0\">\t\n\t<div class=\"container-fluid\">\n\t\t<div class=\"row\">\n\t\t\t\t\t\t\n\t\t\t<div class=\"col-lg-8 col-md-6 col-md-12 p-6 bloc-texte-image--content\">\n\t\t\t\t<h4>VENTURI BIEDT OOK, STROOMOPWAARTS VAN HET STRATEGISCH BEHEER VAN UW KLANTENPORTFOLIO, EEN DIAGNOSE VAN UW VERKOOPORGANISATIE.<\/h4>\n\t\t\t\t<p>Is uw verkoopfunctie (doelstellingen, structuur, processen, teambeheer, klantenbeheer, intermediair beheer, dashboards, etc.) in staat om de kans op het behalen van uw verkoopdoelstellingen jaar na jaar te vergroten? Identificeer, dankzij de maturiteitsindex, de verbeteringen die op korte en middellange termijn de meeste impact hebben op het behalen van uw doelstellingen.<\/p>\n\t\t\t\t\t\t\t\t<p><a class=\"btn btn-hx btn-hx-orange\" href=\"https:\/\/www.halifax-consulting.com\/nl\/contact-halifax-consulting\/\">Meer informatie<\/a><\/p>\n\t\t\t\t\t\t\t<\/div>\n\t\t\t\n\t\t\t\t\t\t<div class=\"col-lg-4 col-md-6 col-md-12 p-0\">\n\t\t\t\t<figure>\n<!-- \t\t\t\t\t<img decoding=\"async\" src=\"https:\/\/www.halifax-consulting.com\/nl\/wp-content\/uploads\/sites\/11\/2023\/02\/autres-formations.jpg\" alt=\"photo\" width=\"100%\" \/> -->\n\t\t\t\t\t<img decoding=\"async\" loading=\"lazy\" src=\"https:\/\/www.halifax-consulting.com\/nl\/wp-content\/uploads\/sites\/11\/2023\/02\/autres-formations.jpg\" alt=\"\" width=\"100%\" height=\"\" >\t\t\t\t<\/figure>\n\t\t\t<\/div>\n\t\t\t\t\t<\/div>\n\t<\/div>\n<\/section>\n\n\n<section class=\"white py-6\">\n\t\n\t<div class=\"container-fluid\">\n\t\t\n\t\t<div class=\"row\">\n\t\t\n\t\t\t<div class=\"col-lg-6 col-md-6 col-sm-12\">\n\t\t\t\t<!-- Livre blanc -->\n\t\t\t\t<div class=\"card--livre-blanc navy\">\n\t\t\t\t\t\n\t\t\t\t\t<div class=\"row p-0 m-0\">\n\t\t\t\t\t\t\n\t\t\t\t\t\t<div class=\"col-lg-5 col-md-5 col-sm-12 pl-0 pr-0\">\n\t\t\t\t\t\t\t\n\t\t\t\t\t\t\t<figure class=\"img-simple-success\">\n\t\n\t\t\t\t\t\t\t\t<img decoding=\"async\" loading=\"lazy\" src=\"https:\/\/www.halifax-consulting.com\/nl\/wp-content\/uploads\/sites\/11\/2023\/01\/halifax-consulting-livre-blanc-kam.png\" alt=\"\" width=\"100%\" height=\"\" >\t\t\t\t\t\t\t\t\n\t\t\t\t\t\t\t<\/figure>\n\t\t\t\t\t\t\t\n\t\t\t\t\t\t<\/div>\n\t\t\t\t\t\t\n\t\t\t\t\t\t<div class=\"col-lg-7 col-md-7 col-sm-12 card--lb-content\">\n\t\t\t\t\t\t\t<small>Witboek<\/small>\n\t\t\t\t\t\t\t\n\t\t\t\t\t\t\t\t\t\t\t\t\t\t\n\t\t\t\t\t\t\t\t<h3>Key Account Management<\/h3>\n\t\t\t\t\t\t\t\t\n\t\t\t\t\t\t\t\t\t\t\t\t\t\t\n\t\t\t\t\t\t\t\t\t\t\t\t\t\t\n\t\t\t\t\t\t\t<a href=\"https:\/\/www.halifax-consulting.com\/nl\/telechargez-livre-blanc?b=kam-176287363\" title=\"Livre blanc Key Account Management\" class=\"btn btn-hx btn-hx-orange\">Download it<\/a>\n\t\t\t\t\t\t<\/div>\n\t\t\t\t\t<\/div>\n\t\t\t\t<\/div>\n\t\t\t\t\n\t\t\t<\/div>\n\t\t\t\n\t\t\t\n\t\t\t\t\t\t\t \n\t\t\t\t\t\t\t\t\t\t\n\t\t\t\t\t\t\t\t\n\t\t\t\n\t\t\t\n\t\t\t\n\t\t\t<div class=\"col-lg-6 col-md-6 col-sm-12\">\n\t\t\t\t<!-- Success story -->\n\t\t\t\t<div class=\"card--livre-blanc\">\n\t\t\t\t\t\n\t\t\t\t\t<div class=\"row p-0 m-0\">\n\t\t\t\t\t\t\n\t\t\t\t\t\t<div class=\"col-lg-5 col-md-5 col-sm-12 pl-0 pr-0\">\n\t\t\t\t\t\t\t\n\t\t\t\t\t\t\t<figure class=\"img-simple-success\">\n\t\n\t\t\t\t\t\t\t\t<img decoding=\"async\" loading=\"lazy\" src=\"https:\/\/www.halifax-consulting.com\/nl\/wp-content\/uploads\/sites\/11\/2021\/07\/halifax-consulting-success-story-Deloitte.jpg\" alt=\"\" width=\"100%\" height=\"\" >\t\t\t\t\t\t\t\t\n\t\t\t\t\t\t\t<\/figure>\n\t\t\t\t\t\t\t\n\t\t\t\t\t\t<\/div>\n\t\t\t\t\t\t\n\t\t\t\t\t\t<div class=\"col-lg-7 col-md-7 col-sm-12 card--lb-content\">\n\t\t\t\t\t\t\t<small>Succesverhalen<\/small>\n\t\t\t\t\t\t\n\t\t\t\t\t\t\t<h3>Halifax Consulting begeleidt Deloitte Afrika<\/h3>\n<!-- \t\t\t\t\t\t\t<p>Deloitte Afrika wilde de verkoopcultuur ontwikkelen van medewerkers met een technische achtergrond (boekhouding, juridisch, financi\u00ebn, enz.).<\/p>\n\t -->\n<!--\n\t\t\t\t\t\t\t<p>\n\t\t\t\t\t\t\t\tD\u00e9couvrez comment Halifax Consulting a accompagn\u00e9 Deloitte Afrika sur le chemin de la r\u00e9ussite\n\t\t\t\t\t\t\t<\/p>\n-->\n\t\t\t\n\t\t\t\t\t\t\t\n\t\t\t\t\t\t\t<a href=\"https:\/\/www.halifax-consulting.com\/nl\/succesverhalen\/deloitte-afrika\/\" class=\"btn btn-hx btn-hx-orange\" title=\"Lees verder\">Lees verder<\/a>\n\t\t\t\t\t\t\n\t\t\t\t\t\t<\/div>\n\t\t\t\t\t\t\n\t\t\t\t\t<\/div>\n\t\t\t\t\t\n\t\t\t\t<\/div>\n\t\t\t\t\n\t\t\t<\/div>\n\t\t\t\t\t\t\t\t\t\n\t\t<\/div>\n\t\t\n\t<\/div>\n\t\n<\/section>","protected":false},"excerpt":{"rendered":"","protected":false},"author":17,"featured_media":2729,"parent":543,"menu_order":40,"comment_status":"closed","ping_status":"closed","template":"","meta":[],"categories":[],"acf":[],"yoast_head":"<!-- This site is optimized with the Yoast SEO plugin v19.9 - https:\/\/yoast.com\/wordpress\/plugins\/seo\/ -->\n<title>Diagnose van uw verkooporganisatie<\/title>\n<meta name=\"description\" content=\"Een uitgebreid platform dat de energie van uw verkoopteams richt door optimaal en gestructureerd strategisch klantenbeheer...\" \/>\n<link rel=\"canonical\" href=\"https:\/\/www.halifax-consulting.com\/nl\/consulting\/analyse-segmentatie-klantenportefeuille\/\" \/>\n<meta property=\"og:locale\" content=\"nl_NL\" \/>\n<meta property=\"og:type\" content=\"article\" \/>\n<meta property=\"og:title\" content=\"Diagnose van uw verkooporganisatie\" \/>\n<meta property=\"og:description\" content=\"Een uitgebreid platform dat de energie van uw verkoopteams richt door optimaal en gestructureerd strategisch klantenbeheer...\" \/>\n<meta property=\"og:url\" content=\"https:\/\/www.halifax-consulting.com\/nl\/consulting\/analyse-segmentatie-klantenportefeuille\/\" \/>\n<meta property=\"og:site_name\" content=\"Halifax Consulting \u2013 NL\" \/>\n<meta property=\"article:modified_time\" content=\"2025-01-30T14:01:03+00:00\" \/>\n<meta property=\"og:image\" content=\"https:\/\/www.halifax-consulting.com\/nl\/wp-content\/uploads\/sites\/11\/2023\/02\/formation-vente.png\" \/>\n\t<meta property=\"og:image:width\" content=\"1920\" \/>\n\t<meta property=\"og:image:height\" content=\"545\" \/>\n\t<meta property=\"og:image:type\" content=\"image\/png\" \/>\n<meta name=\"twitter:card\" content=\"summary_large_image\" \/>\n<script type=\"application\/ld+json\" class=\"yoast-schema-graph\">{\"@context\":\"https:\/\/schema.org\",\"@graph\":[{\"@type\":\"WebPage\",\"@id\":\"https:\/\/www.halifax-consulting.com\/nl\/consulting\/analyse-segmentatie-klantenportefeuille\/\",\"url\":\"https:\/\/www.halifax-consulting.com\/nl\/consulting\/analyse-segmentatie-klantenportefeuille\/\",\"name\":\"Diagnose van uw verkooporganisatie\",\"isPartOf\":{\"@id\":\"https:\/\/www.halifax-consulting.com\/nl\/#website\"},\"datePublished\":\"2023-04-12T09:29:26+00:00\",\"dateModified\":\"2025-01-30T14:01:03+00:00\",\"description\":\"Een uitgebreid platform dat de energie van uw verkoopteams richt door optimaal en gestructureerd strategisch klantenbeheer...\",\"breadcrumb\":{\"@id\":\"https:\/\/www.halifax-consulting.com\/nl\/consulting\/analyse-segmentatie-klantenportefeuille\/#breadcrumb\"},\"inLanguage\":\"nl\",\"potentialAction\":[{\"@type\":\"ReadAction\",\"target\":[\"https:\/\/www.halifax-consulting.com\/nl\/consulting\/analyse-segmentatie-klantenportefeuille\/\"]}]},{\"@type\":\"BreadcrumbList\",\"@id\":\"https:\/\/www.halifax-consulting.com\/nl\/consulting\/analyse-segmentatie-klantenportefeuille\/#breadcrumb\",\"itemListElement\":[{\"@type\":\"ListItem\",\"position\":1,\"name\":\"Accueil\",\"item\":\"https:\/\/www.halifax-consulting.com\/nl\/\"},{\"@type\":\"ListItem\",\"position\":2,\"name\":\"Consulting\",\"item\":\"https:\/\/www.halifax-consulting.com\/nl\/consulting\/\"},{\"@type\":\"ListItem\",\"position\":3,\"name\":\"Analyse van uw verkooporganisatie en segmentatie van uw klantenportefeuille\"}]},{\"@type\":\"WebSite\",\"@id\":\"https:\/\/www.halifax-consulting.com\/nl\/#website\",\"url\":\"https:\/\/www.halifax-consulting.com\/nl\/\",\"name\":\"Halifax Consulting \u2013 NL\",\"description\":\"Un site utilisant Les sites de Halifax Consulting\",\"publisher\":{\"@id\":\"https:\/\/www.halifax-consulting.com\/nl\/#organization\"},\"potentialAction\":[{\"@type\":\"SearchAction\",\"target\":{\"@type\":\"EntryPoint\",\"urlTemplate\":\"https:\/\/www.halifax-consulting.com\/nl\/?s={search_term_string}\"},\"query-input\":\"required name=search_term_string\"}],\"inLanguage\":\"nl\"},{\"@type\":\"Organization\",\"@id\":\"https:\/\/www.halifax-consulting.com\/nl\/#organization\",\"name\":\"Halifax Consulting\",\"url\":\"https:\/\/www.halifax-consulting.com\/nl\/\",\"logo\":{\"@type\":\"ImageObject\",\"inLanguage\":\"nl\",\"@id\":\"https:\/\/www.halifax-consulting.com\/nl\/#\/schema\/logo\/image\/\",\"url\":\"https:\/\/www.halifax-consulting.com\/wp-content\/uploads\/2020\/06\/Halifax_logo_EN_Transp.png\",\"contentUrl\":\"https:\/\/www.halifax-consulting.com\/wp-content\/uploads\/2020\/06\/Halifax_logo_EN_Transp.png\",\"width\":886,\"height\":886,\"caption\":\"Halifax Consulting\"},\"image\":{\"@id\":\"https:\/\/www.halifax-consulting.com\/nl\/#\/schema\/logo\/image\/\"}}]}<\/script>\n<!-- \/ Yoast SEO plugin. -->","yoast_head_json":{"title":"Diagnose van uw verkooporganisatie","description":"Een uitgebreid platform dat de energie van uw verkoopteams richt door optimaal en gestructureerd strategisch klantenbeheer...","canonical":"https:\/\/www.halifax-consulting.com\/nl\/consulting\/analyse-segmentatie-klantenportefeuille\/","og_locale":"nl_NL","og_type":"article","og_title":"Diagnose van uw verkooporganisatie","og_description":"Een uitgebreid platform dat de energie van uw verkoopteams richt door optimaal en gestructureerd strategisch klantenbeheer...","og_url":"https:\/\/www.halifax-consulting.com\/nl\/consulting\/analyse-segmentatie-klantenportefeuille\/","og_site_name":"Halifax Consulting \u2013 NL","article_modified_time":"2025-01-30T14:01:03+00:00","og_image":[{"width":1920,"height":545,"url":"https:\/\/www.halifax-consulting.com\/nl\/wp-content\/uploads\/sites\/11\/2023\/02\/formation-vente.png","type":"image\/png"}],"twitter_card":"summary_large_image","schema":{"@context":"https:\/\/schema.org","@graph":[{"@type":"WebPage","@id":"https:\/\/www.halifax-consulting.com\/nl\/consulting\/analyse-segmentatie-klantenportefeuille\/","url":"https:\/\/www.halifax-consulting.com\/nl\/consulting\/analyse-segmentatie-klantenportefeuille\/","name":"Diagnose van uw verkooporganisatie","isPartOf":{"@id":"https:\/\/www.halifax-consulting.com\/nl\/#website"},"datePublished":"2023-04-12T09:29:26+00:00","dateModified":"2025-01-30T14:01:03+00:00","description":"Een uitgebreid platform dat de energie van uw verkoopteams richt door optimaal en gestructureerd strategisch klantenbeheer...","breadcrumb":{"@id":"https:\/\/www.halifax-consulting.com\/nl\/consulting\/analyse-segmentatie-klantenportefeuille\/#breadcrumb"},"inLanguage":"nl","potentialAction":[{"@type":"ReadAction","target":["https:\/\/www.halifax-consulting.com\/nl\/consulting\/analyse-segmentatie-klantenportefeuille\/"]}]},{"@type":"BreadcrumbList","@id":"https:\/\/www.halifax-consulting.com\/nl\/consulting\/analyse-segmentatie-klantenportefeuille\/#breadcrumb","itemListElement":[{"@type":"ListItem","position":1,"name":"Accueil","item":"https:\/\/www.halifax-consulting.com\/nl\/"},{"@type":"ListItem","position":2,"name":"Consulting","item":"https:\/\/www.halifax-consulting.com\/nl\/consulting\/"},{"@type":"ListItem","position":3,"name":"Analyse van uw verkooporganisatie en segmentatie van uw klantenportefeuille"}]},{"@type":"WebSite","@id":"https:\/\/www.halifax-consulting.com\/nl\/#website","url":"https:\/\/www.halifax-consulting.com\/nl\/","name":"Halifax Consulting \u2013 NL","description":"Un site utilisant Les sites de Halifax Consulting","publisher":{"@id":"https:\/\/www.halifax-consulting.com\/nl\/#organization"},"potentialAction":[{"@type":"SearchAction","target":{"@type":"EntryPoint","urlTemplate":"https:\/\/www.halifax-consulting.com\/nl\/?s={search_term_string}"},"query-input":"required name=search_term_string"}],"inLanguage":"nl"},{"@type":"Organization","@id":"https:\/\/www.halifax-consulting.com\/nl\/#organization","name":"Halifax Consulting","url":"https:\/\/www.halifax-consulting.com\/nl\/","logo":{"@type":"ImageObject","inLanguage":"nl","@id":"https:\/\/www.halifax-consulting.com\/nl\/#\/schema\/logo\/image\/","url":"https:\/\/www.halifax-consulting.com\/wp-content\/uploads\/2020\/06\/Halifax_logo_EN_Transp.png","contentUrl":"https:\/\/www.halifax-consulting.com\/wp-content\/uploads\/2020\/06\/Halifax_logo_EN_Transp.png","width":886,"height":886,"caption":"Halifax Consulting"},"image":{"@id":"https:\/\/www.halifax-consulting.com\/nl\/#\/schema\/logo\/image\/"}}]}},"_links":{"self":[{"href":"https:\/\/www.halifax-consulting.com\/nl\/wp-json\/wp\/v2\/pages\/2945"}],"collection":[{"href":"https:\/\/www.halifax-consulting.com\/nl\/wp-json\/wp\/v2\/pages"}],"about":[{"href":"https:\/\/www.halifax-consulting.com\/nl\/wp-json\/wp\/v2\/types\/page"}],"author":[{"embeddable":true,"href":"https:\/\/www.halifax-consulting.com\/nl\/wp-json\/wp\/v2\/users\/17"}],"replies":[{"embeddable":true,"href":"https:\/\/www.halifax-consulting.com\/nl\/wp-json\/wp\/v2\/comments?post=2945"}],"version-history":[{"count":4,"href":"https:\/\/www.halifax-consulting.com\/nl\/wp-json\/wp\/v2\/pages\/2945\/revisions"}],"predecessor-version":[{"id":4825,"href":"https:\/\/www.halifax-consulting.com\/nl\/wp-json\/wp\/v2\/pages\/2945\/revisions\/4825"}],"up":[{"embeddable":true,"href":"https:\/\/www.halifax-consulting.com\/nl\/wp-json\/wp\/v2\/pages\/543"}],"wp:featuredmedia":[{"embeddable":true,"href":"https:\/\/www.halifax-consulting.com\/nl\/wp-json\/wp\/v2\/media\/2729"}],"wp:attachment":[{"href":"https:\/\/www.halifax-consulting.com\/nl\/wp-json\/wp\/v2\/media?parent=2945"}],"wp:term":[{"taxonomy":"category","embeddable":true,"href":"https:\/\/www.halifax-consulting.com\/nl\/wp-json\/wp\/v2\/categories?post=2945"}],"curies":[{"name":"wp","href":"https:\/\/api.w.org\/{rel}","templated":true}]}}