{"id":4686,"date":"2024-04-16T10:30:14","date_gmt":"2024-04-16T08:30:14","guid":{"rendered":"https:\/\/www.halifax-consulting.com\/nl\/?page_id=4686"},"modified":"2024-04-16T10:30:15","modified_gmt":"2024-04-16T08:30:15","slug":"ai-lifax","status":"publish","type":"page","link":"https:\/\/www.halifax-consulting.com\/nl\/digitaal-leren\/ai-lifax\/","title":{"rendered":"AI-lifax"},"content":{"rendered":"<div class=\"container\">\n\t<div class=\"row\">\n\t\t<div class=\"col-lg-12 col-md-12 col-sm-12\">\n\t\t\t<h2 class=\"intro\">\n\t\t\t\t<strong class=\"intro-h2 d-block\">Wat is AI-LIFAX?<\/strong>\n\t\t\t\t<p>AI-LIFAX is een nieuwe integratie van AI in ons leerplatform, een superassistent terwijl u leert en uw verkoopprestaties verbetert.<\/p>\n<ul>\n<li>U wilt een afspraak voorbereiden: geef het de context, het type klant, zijn activiteit, het type contact dat u hebt ontmoet&#8230; en vraag het om u te adviseren over de beste manier om de klant te benaderen!<\/li>\n<li>Je wilt een opeenvolging van de verkooptactiek oefenen: verbeter je pitch, stel de juiste vragen, reageer op bezwaren, verdedig je prijs&#8230; doe je training met AI, die op je zal reageren alsof je in een klantendialoog zit, en je feedback geeft aan het einde.<\/li>\n<li>En natuurlijk, als je je nog goede verkoop- en onderhandelingspraktijken of -methoden wilt herinneren, vraag het gewoon!<\/li>\n<\/ul>\t\t\t<\/h2>\n\t\t<\/div>\n\t<\/div>\n<\/div>\n\n\n<section class=\"navy py-6\">\n\t<div class=\"container\">\n\t\t<div class=\"row\">\n\t\t\t<div class=\"col-lg-12 col-md-12 col-sm-12\">\n\t\t\t\t<h2 class=\"text-center\">AI-lifax<\/h2>\n\t\t\t<\/div>\n\t\t<\/div>\n\t\t\n\t\t<div class=\"row\">\n\t\t\t<div class=\"col-lg-12 col-md-12 col-sm-12\">\n\t\t\t\t<p>\n\t\t\t\t\t<h6>Een gesloten generatieve engine die je verkoopmedewerkers veilig de wereld van AI binnenleidt en tegelijkertijd hun aanwezigheid en effectiviteit bij klanten verbetert.<\/h6>\n<h6>Dankzij :<\/h6>\n<ul>\n<li>Gesloten AI-omgeving voor voordelen op het gebied van intellectueel eigendom en vertrouwelijkheid<\/li>\n<li>Verkoopeffectiviteitsconcepten van wereldklasse van Halifax Consulting<\/li>\n<li>AI-training door verkoopcoaches die gespecialiseerd zijn in het verbeteren van verkoopprestaties<\/li>\n<\/ul>\t\t\t\t<\/p>\n\t\t\t\t\n\t\t\t<\/div>\n\n\t\t<\/div>\n\t<\/div>\n\t<\/section>\n\n<section class=\"light block-benefits-4 py-6\">\n\t<div class=\"container\">\n\t\t<div class=\"row\">\n\t\t\t<div class=\"col-lg-12 col-md-12 col-sm-12\">\n\t\t\t\t<h2 class=\"text-center\">\n\t\t\t\t\tDe voordelen\t\t\t\t\t<span class=\"h2-subtitle\"><\/span>\n\t\t\t\t\t\n\t\t\t\t\t\n\t\t\t\t<\/h2>\n\t\t\t<\/div>\n\t\t<\/div>\n\t\t<div class=\"row\">\n\t\t\t\t\n\t\t\t\t\t\n\t\t\t\t\t<div class=\"col-lg-6 col-md-6 col-sm-12 mb-4\">\n\t\t\t\t\t\t<div class=\"row\">\n\t\t\t\t\t\t\t<div class=\"col-lg-2 col-sm-3 col-sm-12\">\n\t\t\t\t\t\t\t\t<img decoding=\"async\" class=\"fadeIn\" src=\"https:\/\/www.halifax-consulting.com\/nl\/wp-content\/themes\/halifax\/library\/img\/halifax-consulting-benefits-icon.svg\" alt=\"icone benefices\" width=\"100%\" \/>\n\t\t\t\t\t\t\t<\/div>\n\t\t\t\t\t\t\t<div class=\"col-lg-10 col-sm-9 col-sm-12 fadeIn\">\n\t\t\t\t\t\t\t\t<h3 class=\"benef-title\">24\/7 beschikbaar<\/h3>\n\t\t\t\t\t\t\t\t<p class=\"benef-content\"><br>\n\t\t\t\t\t\t\t\t\t\t\t\t\t\t\t\t\t<\/p>\n\t\t\t\t\t\t\t<\/div>\n\t\t\t\t\t\t<\/div>\n\t\t\t\t\t<\/div>\n\t\t\t\t\t\n\t\t\t\t\t\t\n\t\t\t\t\t\n\t\t\t\t\t<div class=\"col-lg-6 col-md-6 col-sm-12 mb-4\">\n\t\t\t\t\t\t<div class=\"row\">\n\t\t\t\t\t\t\t<div class=\"col-lg-2 col-sm-3 col-sm-12\">\n\t\t\t\t\t\t\t\t<img decoding=\"async\" class=\"fadeIn\" src=\"https:\/\/www.halifax-consulting.com\/nl\/wp-content\/themes\/halifax\/library\/img\/halifax-consulting-benefits-icon.svg\" alt=\"icone benefices\" width=\"100%\" \/>\n\t\t\t\t\t\t\t<\/div>\n\t\t\t\t\t\t\t<div class=\"col-lg-10 col-sm-9 col-sm-12 fadeIn\">\n\t\t\t\t\t\t\t\t<h3 class=\"benef-title\">Precies en betrouwbaar<\/h3>\n\t\t\t\t\t\t\t\t<p class=\"benef-content\">Reactie gebaseerd op documentatie en referenties van Halifax Consulting &#8211; de DEAL-methode en de LEAD-methode.<br>\n\t\t\t\t\t\t\t\t\t\t\t\t\t\t\t\t\t<\/p>\n\t\t\t\t\t\t\t<\/div>\n\t\t\t\t\t\t<\/div>\n\t\t\t\t\t<\/div>\n\t\t\t\t\t\n\t\t\t\t\t\t\n\t\t\t\t\t\n\t\t\t\t\t<div class=\"col-lg-6 col-md-6 col-sm-12 mb-4\">\n\t\t\t\t\t\t<div class=\"row\">\n\t\t\t\t\t\t\t<div class=\"col-lg-2 col-sm-3 col-sm-12\">\n\t\t\t\t\t\t\t\t<img decoding=\"async\" class=\"fadeIn\" src=\"https:\/\/www.halifax-consulting.com\/nl\/wp-content\/themes\/halifax\/library\/img\/halifax-consulting-benefits-icon.svg\" alt=\"icone benefices\" width=\"100%\" \/>\n\t\t\t\t\t\t\t<\/div>\n\t\t\t\t\t\t\t<div class=\"col-lg-10 col-sm-9 col-sm-12 fadeIn\">\n\t\t\t\t\t\t\t\t<h3 class=\"benef-title\">In alle talen<\/h3>\n\t\t\t\t\t\t\t\t<p class=\"benef-content\">Direct vertaald in de taal van je voorkeur<br>\n\t\t\t\t\t\t\t\t\t\t\t\t\t\t\t\t\t<\/p>\n\t\t\t\t\t\t\t<\/div>\n\t\t\t\t\t\t<\/div>\n\t\t\t\t\t<\/div>\n\t\t\t\t\t\n\t\t\t\t\t\t\n\t\t\t\t\t\n\t\t\t\t\t<div class=\"col-lg-6 col-md-6 col-sm-12 mb-4\">\n\t\t\t\t\t\t<div class=\"row\">\n\t\t\t\t\t\t\t<div class=\"col-lg-2 col-sm-3 col-sm-12\">\n\t\t\t\t\t\t\t\t<img decoding=\"async\" class=\"fadeIn\" src=\"https:\/\/www.halifax-consulting.com\/nl\/wp-content\/themes\/halifax\/library\/img\/halifax-consulting-benefits-icon.svg\" alt=\"icone benefices\" width=\"100%\" \/>\n\t\t\t\t\t\t\t<\/div>\n\t\t\t\t\t\t\t<div class=\"col-lg-10 col-sm-9 col-sm-12 fadeIn\">\n\t\t\t\t\t\t\t\t<h3 class=\"benef-title\">Persoonlijke coaching<\/h3>\n\t\t\t\t\t\t\t\t<p class=\"benef-content\">Assistent maar ook coach, met verschillende uitdagingen om je vooruit te helpen.<br>\n\t\t\t\t\t\t\t\t\t\t\t\t\t\t\t\t\t<\/p>\n\t\t\t\t\t\t\t<\/div>\n\t\t\t\t\t\t<\/div>\n\t\t\t\t\t<\/div>\n\t\t\t\t\t\n\t\t\t\t\t\t\t\t\n\t\t<\/div>\n\t<\/div>\n<\/section>\n\n\n<section class=\"white py-6\">\n\t\n\t<div class=\"container-fluid\">\n\t\t\n\t\t<div class=\"row\">\n\t\t\n\t\t\t<div class=\"col-lg-6 col-md-6 col-sm-12\">\n\t\t\t\t<!-- Livre blanc -->\n\t\t\t\t<div class=\"card--livre-blanc navy\">\n\t\t\t\t\t\n\t\t\t\t\t<div class=\"row p-0 m-0\">\n\t\t\t\t\t\t\n\t\t\t\t\t\t<div class=\"col-lg-5 col-md-5 col-sm-12 pl-0 pr-0\">\n\t\t\t\t\t\t\t\n\t\t\t\t\t\t\t<figure class=\"img-simple-success\">\n\t\n\t\t\t\t\t\t\t\t<img decoding=\"async\" loading=\"lazy\" src=\"https:\/\/www.halifax-consulting.com\/nl\/wp-content\/uploads\/sites\/11\/2024\/04\/Brouillon-Test-1-1.png\" alt=\"\" width=\"100%\" height=\"\" >\t\t\t\t\t\t\t\t\n\t\t\t\t\t\t\t<\/figure>\n\t\t\t\t\t\t\t\n\t\t\t\t\t\t<\/div>\n\t\t\t\t\t\t\n\t\t\t\t\t\t<div class=\"col-lg-7 col-md-7 col-sm-12 card--lb-content\">\n\t\t\t\t\t\t\t<small>Witboek<\/small>\n\t\t\t\t\t\t\t\n\t\t\t\t\t\t\t\t\t\t\t\t\t\t\n\t\t\t\t\t\t\t\t<h3>AI &amp; Sales Survey<\/h3>\n\t\t\t\t\t\t\t\t\n\t\t\t\t\t\t\t\t\t\t\t\t\t\t\n\t\t\t\t\t\t\t\t\t\t\t\t\t\t\n\t\t\t\t\t\t\t<a href=\"https:\/\/www.halifax-consulting.com\/nl\/telechargez-livre-blanc?b=ai-1193883\" title=\"Livre blanc AI &amp; Sales Survey\" class=\"btn btn-hx btn-hx-orange\">Download it<\/a>\n\t\t\t\t\t\t<\/div>\n\t\t\t\t\t<\/div>\n\t\t\t\t<\/div>\n\t\t\t\t\n\t\t\t<\/div>\n\t\t\t\n\t\t\t\n\t\t\t\t\t\t\t \n\t\t\t\t\t\t\t\t\t\t\n\t\t\t\t\t\t\t\t\n\t\t\t\n\t\t\t\n\t\t\t\n\t\t\t<div class=\"col-lg-6 col-md-6 col-sm-12\">\n\t\t\t\t<!-- Success story -->\n\t\t\t\t<div class=\"card--livre-blanc\">\n\t\t\t\t\t\n\t\t\t\t\t<div class=\"row p-0 m-0\">\n\t\t\t\t\t\t\n\t\t\t\t\t\t<div class=\"col-lg-5 col-md-5 col-sm-12 pl-0 pr-0\">\n\t\t\t\t\t\t\t\n\t\t\t\t\t\t\t<figure class=\"img-simple-success\">\n\t\n\t\t\t\t\t\t\t\t<img decoding=\"async\" loading=\"lazy\" src=\"https:\/\/www.halifax-consulting.com\/nl\/wp-content\/uploads\/sites\/11\/2022\/03\/halifax-consulting-success-story-abbott-2v2-scaled-1.jpg\" alt=\"\" width=\"100%\" height=\"\" >\t\t\t\t\t\t\t\t\n\t\t\t\t\t\t\t<\/figure>\n\t\t\t\t\t\t\t\n\t\t\t\t\t\t<\/div>\n\t\t\t\t\t\t\n\t\t\t\t\t\t<div class=\"col-lg-7 col-md-7 col-sm-12 card--lb-content\">\n\t\t\t\t\t\t\t<small>Succesverhalen<\/small>\n\t\t\t\t\t\t\n\t\t\t\t\t\t\t<h3>Halifax Consulting begeleidt Abbott<\/h3>\n<!-- \t\t\t\t\t\t\t<p>Abbott besloot een van zijn divisies te reorganiseren, wat voor veel verstoringen zorgde. De groep had onlangs ook nieuwe verkopers en technische ingenieurs aangeworven die snel ge\u00efntegreerd moesten worden.<\/p>\n\t -->\n<!--\n\t\t\t\t\t\t\t<p>\n\t\t\t\t\t\t\t\tD\u00e9couvrez comment Halifax Consulting a accompagn\u00e9 Abbott sur le chemin de la r\u00e9ussite\n\t\t\t\t\t\t\t<\/p>\n-->\n\t\t\t\n\t\t\t\t\t\t\t\n\t\t\t\t\t\t\t<a href=\"https:\/\/www.halifax-consulting.com\/nl\/succesverhalen\/abbott\/\" class=\"btn btn-hx btn-hx-orange\" title=\"Lees verder\">Lees verder<\/a>\n\t\t\t\t\t\t\n\t\t\t\t\t\t<\/div>\n\t\t\t\t\t\t\n\t\t\t\t\t<\/div>\n\t\t\t\t\t\n\t\t\t\t<\/div>\n\t\t\t\t\n\t\t\t<\/div>\n\t\t\t\t\t\t\t\t\t\n\t\t<\/div>\n\t\t\n\t<\/div>\n\t\n<\/section>","protected":false},"excerpt":{"rendered":"","protected":false},"author":17,"featured_media":4691,"parent":549,"menu_order":0,"comment_status":"closed","ping_status":"closed","template":"","meta":[],"categories":[],"acf":[],"yoast_head":"<!-- This site is optimized with the Yoast SEO plugin v19.9 - https:\/\/yoast.com\/wordpress\/plugins\/seo\/ -->\n<title>AI-lifax | Halifax Consulting \u2013 NL<\/title>\n<link rel=\"canonical\" href=\"https:\/\/www.halifax-consulting.com\/nl\/digitaal-leren\/ai-lifax\/\" \/>\n<meta property=\"og:locale\" content=\"nl_NL\" \/>\n<meta property=\"og:type\" content=\"article\" \/>\n<meta property=\"og:title\" content=\"AI-lifax | Halifax Consulting \u2013 NL\" \/>\n<meta property=\"og:url\" content=\"https:\/\/www.halifax-consulting.com\/nl\/digitaal-leren\/ai-lifax\/\" \/>\n<meta property=\"og:site_name\" content=\"Halifax Consulting \u2013 NL\" \/>\n<meta property=\"article:modified_time\" content=\"2024-04-16T08:30:15+00:00\" \/>\n<meta property=\"og:image\" content=\"https:\/\/www.halifax-consulting.com\/nl\/wp-content\/uploads\/sites\/11\/2024\/04\/Ai-lifax.png\" \/>\n\t<meta property=\"og:image:width\" content=\"2100\" \/>\n\t<meta property=\"og:image:height\" content=\"400\" \/>\n\t<meta property=\"og:image:type\" content=\"image\/png\" \/>\n<meta name=\"twitter:card\" content=\"summary_large_image\" \/>\n<script type=\"application\/ld+json\" class=\"yoast-schema-graph\">{\"@context\":\"https:\/\/schema.org\",\"@graph\":[{\"@type\":\"WebPage\",\"@id\":\"https:\/\/www.halifax-consulting.com\/nl\/digitaal-leren\/ai-lifax\/\",\"url\":\"https:\/\/www.halifax-consulting.com\/nl\/digitaal-leren\/ai-lifax\/\",\"name\":\"AI-lifax | Halifax Consulting \u2013 NL\",\"isPartOf\":{\"@id\":\"https:\/\/www.halifax-consulting.com\/nl\/#website\"},\"datePublished\":\"2024-04-16T08:30:14+00:00\",\"dateModified\":\"2024-04-16T08:30:15+00:00\",\"breadcrumb\":{\"@id\":\"https:\/\/www.halifax-consulting.com\/nl\/digitaal-leren\/ai-lifax\/#breadcrumb\"},\"inLanguage\":\"nl\",\"potentialAction\":[{\"@type\":\"ReadAction\",\"target\":[\"https:\/\/www.halifax-consulting.com\/nl\/digitaal-leren\/ai-lifax\/\"]}]},{\"@type\":\"BreadcrumbList\",\"@id\":\"https:\/\/www.halifax-consulting.com\/nl\/digitaal-leren\/ai-lifax\/#breadcrumb\",\"itemListElement\":[{\"@type\":\"ListItem\",\"position\":1,\"name\":\"Accueil\",\"item\":\"https:\/\/www.halifax-consulting.com\/nl\/\"},{\"@type\":\"ListItem\",\"position\":2,\"name\":\"Digitaal &amp; IA\",\"item\":\"https:\/\/www.halifax-consulting.com\/nl\/digitaal-leren\/\"},{\"@type\":\"ListItem\",\"position\":3,\"name\":\"AI-lifax\"}]},{\"@type\":\"WebSite\",\"@id\":\"https:\/\/www.halifax-consulting.com\/nl\/#website\",\"url\":\"https:\/\/www.halifax-consulting.com\/nl\/\",\"name\":\"Halifax Consulting \u2013 NL\",\"description\":\"Un site utilisant Les sites de Halifax Consulting\",\"publisher\":{\"@id\":\"https:\/\/www.halifax-consulting.com\/nl\/#organization\"},\"potentialAction\":[{\"@type\":\"SearchAction\",\"target\":{\"@type\":\"EntryPoint\",\"urlTemplate\":\"https:\/\/www.halifax-consulting.com\/nl\/?s={search_term_string}\"},\"query-input\":\"required name=search_term_string\"}],\"inLanguage\":\"nl\"},{\"@type\":\"Organization\",\"@id\":\"https:\/\/www.halifax-consulting.com\/nl\/#organization\",\"name\":\"Halifax Consulting\",\"url\":\"https:\/\/www.halifax-consulting.com\/nl\/\",\"logo\":{\"@type\":\"ImageObject\",\"inLanguage\":\"nl\",\"@id\":\"https:\/\/www.halifax-consulting.com\/nl\/#\/schema\/logo\/image\/\",\"url\":\"https:\/\/www.halifax-consulting.com\/wp-content\/uploads\/2020\/06\/Halifax_logo_EN_Transp.png\",\"contentUrl\":\"https:\/\/www.halifax-consulting.com\/wp-content\/uploads\/2020\/06\/Halifax_logo_EN_Transp.png\",\"width\":886,\"height\":886,\"caption\":\"Halifax Consulting\"},\"image\":{\"@id\":\"https:\/\/www.halifax-consulting.com\/nl\/#\/schema\/logo\/image\/\"}}]}<\/script>\n<!-- \/ Yoast SEO plugin. -->","yoast_head_json":{"title":"AI-lifax | Halifax Consulting \u2013 NL","canonical":"https:\/\/www.halifax-consulting.com\/nl\/digitaal-leren\/ai-lifax\/","og_locale":"nl_NL","og_type":"article","og_title":"AI-lifax | Halifax Consulting \u2013 NL","og_url":"https:\/\/www.halifax-consulting.com\/nl\/digitaal-leren\/ai-lifax\/","og_site_name":"Halifax Consulting \u2013 NL","article_modified_time":"2024-04-16T08:30:15+00:00","og_image":[{"width":2100,"height":400,"url":"https:\/\/www.halifax-consulting.com\/nl\/wp-content\/uploads\/sites\/11\/2024\/04\/Ai-lifax.png","type":"image\/png"}],"twitter_card":"summary_large_image","schema":{"@context":"https:\/\/schema.org","@graph":[{"@type":"WebPage","@id":"https:\/\/www.halifax-consulting.com\/nl\/digitaal-leren\/ai-lifax\/","url":"https:\/\/www.halifax-consulting.com\/nl\/digitaal-leren\/ai-lifax\/","name":"AI-lifax | Halifax Consulting \u2013 NL","isPartOf":{"@id":"https:\/\/www.halifax-consulting.com\/nl\/#website"},"datePublished":"2024-04-16T08:30:14+00:00","dateModified":"2024-04-16T08:30:15+00:00","breadcrumb":{"@id":"https:\/\/www.halifax-consulting.com\/nl\/digitaal-leren\/ai-lifax\/#breadcrumb"},"inLanguage":"nl","potentialAction":[{"@type":"ReadAction","target":["https:\/\/www.halifax-consulting.com\/nl\/digitaal-leren\/ai-lifax\/"]}]},{"@type":"BreadcrumbList","@id":"https:\/\/www.halifax-consulting.com\/nl\/digitaal-leren\/ai-lifax\/#breadcrumb","itemListElement":[{"@type":"ListItem","position":1,"name":"Accueil","item":"https:\/\/www.halifax-consulting.com\/nl\/"},{"@type":"ListItem","position":2,"name":"Digitaal &amp; IA","item":"https:\/\/www.halifax-consulting.com\/nl\/digitaal-leren\/"},{"@type":"ListItem","position":3,"name":"AI-lifax"}]},{"@type":"WebSite","@id":"https:\/\/www.halifax-consulting.com\/nl\/#website","url":"https:\/\/www.halifax-consulting.com\/nl\/","name":"Halifax Consulting \u2013 NL","description":"Un site utilisant Les sites de Halifax Consulting","publisher":{"@id":"https:\/\/www.halifax-consulting.com\/nl\/#organization"},"potentialAction":[{"@type":"SearchAction","target":{"@type":"EntryPoint","urlTemplate":"https:\/\/www.halifax-consulting.com\/nl\/?s={search_term_string}"},"query-input":"required name=search_term_string"}],"inLanguage":"nl"},{"@type":"Organization","@id":"https:\/\/www.halifax-consulting.com\/nl\/#organization","name":"Halifax Consulting","url":"https:\/\/www.halifax-consulting.com\/nl\/","logo":{"@type":"ImageObject","inLanguage":"nl","@id":"https:\/\/www.halifax-consulting.com\/nl\/#\/schema\/logo\/image\/","url":"https:\/\/www.halifax-consulting.com\/wp-content\/uploads\/2020\/06\/Halifax_logo_EN_Transp.png","contentUrl":"https:\/\/www.halifax-consulting.com\/wp-content\/uploads\/2020\/06\/Halifax_logo_EN_Transp.png","width":886,"height":886,"caption":"Halifax Consulting"},"image":{"@id":"https:\/\/www.halifax-consulting.com\/nl\/#\/schema\/logo\/image\/"}}]}},"_links":{"self":[{"href":"https:\/\/www.halifax-consulting.com\/nl\/wp-json\/wp\/v2\/pages\/4686"}],"collection":[{"href":"https:\/\/www.halifax-consulting.com\/nl\/wp-json\/wp\/v2\/pages"}],"about":[{"href":"https:\/\/www.halifax-consulting.com\/nl\/wp-json\/wp\/v2\/types\/page"}],"author":[{"embeddable":true,"href":"https:\/\/www.halifax-consulting.com\/nl\/wp-json\/wp\/v2\/users\/17"}],"replies":[{"embeddable":true,"href":"https:\/\/www.halifax-consulting.com\/nl\/wp-json\/wp\/v2\/comments?post=4686"}],"version-history":[{"count":5,"href":"https:\/\/www.halifax-consulting.com\/nl\/wp-json\/wp\/v2\/pages\/4686\/revisions"}],"predecessor-version":[{"id":4693,"href":"https:\/\/www.halifax-consulting.com\/nl\/wp-json\/wp\/v2\/pages\/4686\/revisions\/4693"}],"up":[{"embeddable":true,"href":"https:\/\/www.halifax-consulting.com\/nl\/wp-json\/wp\/v2\/pages\/549"}],"wp:featuredmedia":[{"embeddable":true,"href":"https:\/\/www.halifax-consulting.com\/nl\/wp-json\/wp\/v2\/media\/4691"}],"wp:attachment":[{"href":"https:\/\/www.halifax-consulting.com\/nl\/wp-json\/wp\/v2\/media?parent=4686"}],"wp:term":[{"taxonomy":"category","embeddable":true,"href":"https:\/\/www.halifax-consulting.com\/nl\/wp-json\/wp\/v2\/categories?post=4686"}],"curies":[{"name":"wp","href":"https:\/\/api.w.org\/{rel}","templated":true}]}}