{"id":543,"date":"2019-12-10T22:44:41","date_gmt":"2019-12-10T21:44:41","guid":{"rendered":"https:\/\/www.halifax-consulting.com\/?page_id=2"},"modified":"2025-01-30T14:36:21","modified_gmt":"2025-01-30T13:36:21","slug":"consulting","status":"publish","type":"page","link":"https:\/\/www.halifax-consulting.com\/nl\/consulting\/","title":{"rendered":"Consulting"},"content":{"rendered":"<div class=\"container\">\n\t<div class=\"row\">\n\t\t<div class=\"col-lg-12 col-md-12 col-sm-12\">\n\t\t\t<h2 class=\"intro\">\n\t\t\t\t<strong class=\"intro-h2 d-block\">Transformeer uw verkoop<\/strong>\n\t\t\t\t<p>Halifax Consulting ondersteunt en begeleidt bedrijven bij de transformatie van hun verkoopstrategie. Door de opkomst van disruptieve bedrijfsmodellen, intensieve concurrentie op wereldschaal en veranderende klantstrategie&euml;n, staan veel organisaties voor de uitdaging hun aanpak te herzien en een onderscheidende verkoopstrategie te ontwikkelen. Halifax Consulting biedt een volledig scala aan consultancy-oplossingen om een succesvolle verkooptransformatie te realiseren, met focus op:<\/p>\n<ul>\n<li>Het optimaliseren van uw verkoopprestaties over verschillende kanalen, producten en diensten.<\/li>\n<li>Het defini&euml;ren van focuspunten voor uw verkoopteams en managers.<\/li>\n<li>Het benutten van de kracht van nieuwe technologie&euml;n om uw teams te ondersteunen, zodat zij de nieuwste digitale diensten effectief aan klanten kunnen presenteren.<\/li>\n<\/ul>\t\t\t<\/h2>\n\t\t<\/div>\n\t<\/div>\n<\/div>\n\n\n\n<p><\/p>\n\n\n<div class=\"container pb-6\">\n\t<div class=\"row\">\n\t\t<div class=\"col-lg-4 col-md-4 col-sm-12\">\n\t\t\t<h4 class=\"key\">9%<\/h4>\n\t\t\t<p class=\"key-description\">jaarlijkse toename in organische groei voor onze klanten<\/p>\t\t\t\t\t\t\t\n\t\t<\/div>\n\t\t<div class=\"col-lg-4 col-md-4 col-sm-12\">\n\t\t\t<h4 class=\"key\">3,000+<\/h4>\n\t\t\t<p class=\"key-description\">verkopers ge\u00ebvalueerd en gecoacht<\/p>\t\t\t\t\t\t\n\t\t<\/div>\n\t\t<div class=\"col-lg-4 col-md-4 col-sm-12\">\n\t\t\t<h4 class=\"key\">120<\/h4>\t\n\t\t\t<p class=\"key-description\"> verkoopvaardigheden beoordeeld<\/p>\t\t\t\t\t\n\t\t<\/div>\n\t<\/div>\n<\/div>\n\n<section class=\"light py-6 conseil\">\n\t\t<div class=\"container\">\n\t\t\t<div class=\"row\">\n\t\t\t\t<div class=\"col-lg-12 col-md-12 col-sm-12\">\n\t\t\t\t\t<h3 class=\"conseil__titre\">DE HALIFAX CONSULTING AANPAK VOOR VERKOOPTRANSFORMATIE<\/h3>\n\t\t\t\t<\/div>\n\t\t\t<\/div>\n\t\t\t\n\t\t\t<div class=\"row\">\n\t\t\t\t<div class=\"col-lg-12 col-md-12 col-sm-12\">\n\t\t\t\t\t\t\t\t\t<\/div>\n\t\t\t<\/div>\n\t\t\t\n\t\t\t<div class=\"row\">\n\t\t\t\t<div class=\"col-lg-3 col-md-3 col-sm-12 text-center\">\n\t\t\t\t\t<h4 class=\"conseil__method\">ADVIES<\/h4>\n\t\t\t\t\t<p class=\"text-center\"><img decoding=\"async\" src=\"https:\/\/www.halifax-consulting.com\/nl\/wp-content\/themes\/halifax\/library\/img\/halifax-picto-1-conseiller.png\" alt=\"halifax-consulting-conseiller\" width=\"130\" \/><\/p>\n\t\t\t\t\t<p class=\"text-center\">Teamtransformatie en verandermanagement.<\/p>\n\t\t\t\t<\/div>\n\t\t\t\t<div class=\"col-lg-3 col-md-3 col-sm-12 text-center\">\n\t\t\t\t\t<h4 class=\"conseil__method\">ASSESSMENT<\/h4>\n\t\t\t\t\t<p class=\"text-center\"><img decoding=\"async\" src=\"https:\/\/www.halifax-consulting.com\/nl\/wp-content\/themes\/halifax\/library\/img\/halifax-picto-2-evaluer.png\" alt=\"halifax-consulting-conseiller\" width=\"130\" \/><\/p>\n\t\t\t\t\t<p class=\"text-center\">Identificatie van talent en beheer van competenties.<\/p>\n\t\t\t\t<\/div>\n\t\t\t\t<div class=\"col-lg-3 col-md-3 col-sm-12 text-center\">\n\t\t\t\t\t<h4 class=\"conseil__method\">IMPLEMENTATIE<\/h4>\n\t\t\t\t\t<p class=\"text-center\"><img decoding=\"async\" src=\"https:\/\/www.halifax-consulting.com\/nl\/wp-content\/themes\/halifax\/library\/img\/halifax-picto-3-implementer.png\" alt=\"halifax-consulting-conseiller\" width=\"130\" \/><\/p>\n\t\t\t\t\t<p class=\"text-center\">Op maat gemaakte blended-learningprogramma&#8217;s voor individuen en groepen.<\/p>\n\t\t\t\t<\/div>\n\t\t\t\t<div class=\"col-lg-3 col-md-3 col-sm-12 text-center\">\n\t\t\t\t\t<h4 class=\"conseil__method\">TRAINING<\/h4>\n\t\t\t\t\t<p class=\"text-center\"><img decoding=\"async\" src=\"https:\/\/www.halifax-consulting.com\/nl\/wp-content\/themes\/halifax\/library\/img\/halifax-picto-4-former.png\" alt=\"halifax-consulting-conseiller\" width=\"130\" \/><\/p>\n\t\t\t\t\t<p class=\"text-center\">Training, coaching en ondersteuning.<\/p>\n\t\t\t\t<\/div>\n\t\t\t<\/div>\n\t\t<\/div>\n\t<\/section>\n\n\t<section class=\"navy py-6\" id=\"bloc_essentiels\">\n\t<div class=\"container\">\n\t\t<div class=\"row\">\n\t\t\t<div class=\"col-lg-12 col-md-12 col-sm-12\">\n\t\t\t\t<h2 class=\"text-center\">\n\t\t\t\t\tEXPERTISEGEBIEDEN VAN HALIFAX CONSULTING\t\t\t\t\t<span class=\"h2-subtitle\"><\/span>\n\t\t\t\t\t\n\t\t\t\t\t<span class=\"resp-show\">\n\t\t\t\t\t\t\t\t\t\t<\/span>\n\t\t\t\t<\/h2>\n\t\t\t<\/div>\n\t\t<\/div>\n\t\t<div class=\"row flex\">\n\t\t\t\n\t\t\t\t\n\t\t\t\t\t\n\t\t\t\t\t\n\t\t\t\t<div class=\"col-lg-4 col-md-6 col-sm-12\">\n\t\t\t\t\t<div class=\"card-essentiels\">\n\t\t\t\t\t<h3 class=\"pb-1\">Advies bij onderhandelingen<\/h3>\n\t\t\t\t\t<p class=\"pb-2\"><\/p>\n\t\t\t\t\t<p><a class=\"more\" href=\"onderhandelingen\">Lees verder<\/a><\/p>\n\t\t\t\t\t<\/div>\n\t\t\t\t<\/div>\t\n\t\t\t\t\t\n\t\t\t\t\t\n\t\t\t\t\n\t\t\t\t\t\n\t\t\t\t\t\n\t\t\t\t<div class=\"col-lg-4 col-md-6 col-sm-12\">\n\t\t\t\t\t<div class=\"card-essentiels\">\n\t\t\t\t\t<h3 class=\"pb-1\">Key Account Management<\/h3>\n\t\t\t\t\t<p class=\"pb-2\"><\/p>\n\t\t\t\t\t<p><a class=\"more\" href=\"key-account-management\">Lees verder<\/a><\/p>\n\t\t\t\t\t<\/div>\n\t\t\t\t<\/div>\t\n\t\t\t\t\t\n\t\t\t\t\t\n\t\t\t\t\n\t\t\t\t\t\n\t\t\t\t\t\n\t\t\t\t<div class=\"col-lg-4 col-md-6 col-sm-12\">\n\t\t\t\t\t<div class=\"card-essentiels\">\n\t\t\t\t\t<h3 class=\"pb-1\">Optimalisatie van verkoopprestaties<\/h3>\n\t\t\t\t\t<p class=\"pb-2\">Execute effectively before you train and manage<\/p>\n\t\t\t\t\t<p><a class=\"more\" href=\"optimalisatie-verkoopprestaties\">Lees verder<\/a><\/p>\n\t\t\t\t\t<\/div>\n\t\t\t\t<\/div>\t\n\t\t\t\t\t\n\t\t\t\t\t\n\t\t\t\t\n\t\t\t\t\t\n\t\t\t\t\t\n\t\t\t\t<div class=\"col-lg-4 col-md-6 col-sm-12\">\n\t\t\t\t\t<div class=\"card-essentiels\">\n\t\t\t\t\t<h3 class=\"pb-1\">Beoordeling van verkoopteams en managers<\/h3>\n\t\t\t\t\t<p class=\"pb-2\">We help you target the right sales talent for your company<\/p>\n\t\t\t\t\t<p><a class=\"more\" href=\"beoordeling-verkoopteams-managers\">Lees verder<\/a><\/p>\n\t\t\t\t\t<\/div>\n\t\t\t\t<\/div>\t\n\t\t\t\t\t\n\t\t\t\t\t\n\t\t\t\t\n\t\t\t\t\t\n\t\t\t\t\t\n\t\t\t\t<div class=\"col-lg-4 col-md-6 col-sm-12\">\n\t\t\t\t\t<div class=\"card-essentiels\">\n\t\t\t\t\t<h3 class=\"pb-1\">Analyse van uw verkooporganisatie en segmentatie van uw klantenportefeuille<\/h3>\n\t\t\t\t\t<p class=\"pb-2\"><\/p>\n\t\t\t\t\t<p><a class=\"more\" href=\"analyse-segmentatie-klantenportefeuille\">Lees verder<\/a><\/p>\n\t\t\t\t\t<\/div>\n\t\t\t\t<\/div>\t\n\t\t\t\t\t\n\t\t\t\t\t\n\t\t\t\t\n\t\t\t\t\t\n\t\t\t\t\t\n\t\t\t\t<div class=\"col-lg-4 col-md-6 col-sm-12\">\n\t\t\t\t\t<div class=\"card-essentiels\">\n\t\t\t\t\t<h3 class=\"pb-1\">Verkoopuniversiteit<\/h3>\n\t\t\t\t\t<p class=\"pb-2\">We give you the versatile, efficient solutions you need, because we don&#8217;t all learn the same way<\/p>\n\t\t\t\t\t<p><a class=\"more\" href=\"verkoopuniversiteit\">Lees verder<\/a><\/p>\n\t\t\t\t\t<\/div>\n\t\t\t\t<\/div>\t\n\t\t\t\t\t\n\t\t\t\t\t\n\t\t\t\t\t\t\t\t\t\t\t\t\t<div class=\"col-lg-4 col-md-6 col-sm-12\">\n\t\t\t\t\t<div class=\"card-essentiels card-essentiels-orange\">\n\t\t\t\t\t\t<p>Meer informatie over onze Consulting oplossingen<\/p>\n\t\t\t\t\t\t<p><a class=\"btn btn-hx btn-hx-orange\" href=\"\/nl\/contact-halifax-consulting\/\">Neem contact met ons op <\/a><\/p>\n\t\t\t\t\t<\/div>\n\t\t\t\t<\/div>\t\n\t\t\t\t\n\t\t<\/div>\n\t<\/div>\n<\/section>\n\n\n<section class=\"white py-6\">\n\t\n\t<div class=\"container-fluid\">\n\t\t\n\t\t<div class=\"row\">\n\t\t\n\t\t\t<div class=\"col-lg-6 col-md-6 col-sm-12\">\n\t\t\t\t<!-- Livre blanc -->\n\t\t\t\t<div class=\"card--livre-blanc navy\">\n\t\t\t\t\t\n\t\t\t\t\t<div class=\"row p-0 m-0\">\n\t\t\t\t\t\t\n\t\t\t\t\t\t<div class=\"col-lg-5 col-md-5 col-sm-12 pl-0 pr-0\">\n\t\t\t\t\t\t\t\n\t\t\t\t\t\t\t<figure class=\"img-simple-success\">\n\t\n\t\t\t\t\t\t\t\t<img decoding=\"async\" loading=\"lazy\" src=\"https:\/\/www.halifax-consulting.com\/nl\/wp-content\/uploads\/sites\/11\/2023\/01\/halifax-consulting-livre-blanc-kam.png\" alt=\"\" width=\"100%\" height=\"\" >\t\t\t\t\t\t\t\t\n\t\t\t\t\t\t\t<\/figure>\n\t\t\t\t\t\t\t\n\t\t\t\t\t\t<\/div>\n\t\t\t\t\t\t\n\t\t\t\t\t\t<div class=\"col-lg-7 col-md-7 col-sm-12 card--lb-content\">\n\t\t\t\t\t\t\t<small>Witboek<\/small>\n\t\t\t\t\t\t\t\n\t\t\t\t\t\t\t\t\t\t\t\t\t\t\n\t\t\t\t\t\t\t\t<h3>Key Account Management<\/h3>\n\t\t\t\t\t\t\t\t\n\t\t\t\t\t\t\t\t\t\t\t\t\t\t\n\t\t\t\t\t\t\t\t\t\t\t\t\t\t\n\t\t\t\t\t\t\t<a href=\"https:\/\/www.halifax-consulting.com\/nl\/telechargez-livre-blanc?b=kam-176287363\" title=\"Livre blanc Key Account Management\" class=\"btn btn-hx btn-hx-orange\">Download it<\/a>\n\t\t\t\t\t\t<\/div>\n\t\t\t\t\t<\/div>\n\t\t\t\t<\/div>\n\t\t\t\t\n\t\t\t<\/div>\n\t\t\t\n\t\t\t\n\t\t\t\t\t\t\t \n\t\t\t\t\t\t\t\t\t\t\n\t\t\t\t\t\t\t\t\n\t\t\t\n\t\t\t\n\t\t\t\n\t\t\t<div class=\"col-lg-6 col-md-6 col-sm-12\">\n\t\t\t\t<!-- Success story -->\n\t\t\t\t<div class=\"card--livre-blanc\">\n\t\t\t\t\t\n\t\t\t\t\t<div class=\"row p-0 m-0\">\n\t\t\t\t\t\t\n\t\t\t\t\t\t<div class=\"col-lg-5 col-md-5 col-sm-12 pl-0 pr-0\">\n\t\t\t\t\t\t\t\n\t\t\t\t\t\t\t<figure class=\"img-simple-success\">\n\t\n\t\t\t\t\t\t\t\t<img decoding=\"async\" loading=\"lazy\" src=\"https:\/\/www.halifax-consulting.com\/nl\/wp-content\/uploads\/sites\/11\/2021\/07\/halifax-consulting-success-story-TotalEnergies.jpg\" alt=\"\" width=\"100%\" height=\"\" >\t\t\t\t\t\t\t\t\n\t\t\t\t\t\t\t<\/figure>\n\t\t\t\t\t\t\t\n\t\t\t\t\t\t<\/div>\n\t\t\t\t\t\t\n\t\t\t\t\t\t<div class=\"col-lg-7 col-md-7 col-sm-12 card--lb-content\">\n\t\t\t\t\t\t\t<small>Succesverhalen<\/small>\n\t\t\t\t\t\t\n\t\t\t\t\t\t\t<h3>Halifax Consulting begeleidt TotalEnergies<\/h3>\n<!-- \t\t\t\t\t\t\t<p>De smeermiddelenactiviteiten van TotalEnergies groeien in de regio&#8217;s LATAM, APAC en Afrika. Het bedrijf wilde het beheer van distributeurs&#8230;<\/p>\n\t -->\n<!--\n\t\t\t\t\t\t\t<p>\n\t\t\t\t\t\t\t\tD\u00e9couvrez comment Halifax Consulting a accompagn\u00e9 TotalEnergies sur le chemin de la r\u00e9ussite\n\t\t\t\t\t\t\t<\/p>\n-->\n\t\t\t\n\t\t\t\t\t\t\t\n\t\t\t\t\t\t\t<a href=\"https:\/\/www.halifax-consulting.com\/nl\/succesverhalen\/totalenergies\/\" class=\"btn btn-hx btn-hx-orange\" title=\"Lees verder\">Lees verder<\/a>\n\t\t\t\t\t\t\n\t\t\t\t\t\t<\/div>\n\t\t\t\t\t\t\n\t\t\t\t\t<\/div>\n\t\t\t\t\t\n\t\t\t\t<\/div>\n\t\t\t\t\n\t\t\t<\/div>\n\t\t\t\t\t\t\t\t\t\n\t\t<\/div>\n\t\t\n\t<\/div>\n\t\n<\/section>","protected":false},"excerpt":{"rendered":"","protected":false},"author":17,"featured_media":1448,"parent":0,"menu_order":1,"comment_status":"closed","ping_status":"closed","template":"","meta":[],"categories":[],"acf":[],"yoast_head":"<!-- This site is optimized with the Yoast SEO plugin v19.9 - https:\/\/yoast.com\/wordpress\/plugins\/seo\/ -->\n<title>Consulting<\/title>\n<meta name=\"description\" content=\"Halifax Consulting adviseert en helpt bedrijven bij het transformeren van hun verkoop. Geconfronteerd met disruptieve bedrijfsmodellen...\" \/>\n<link rel=\"canonical\" href=\"https:\/\/www.halifax-consulting.com\/nl\/consulting\/\" \/>\n<meta property=\"og:locale\" content=\"nl_NL\" \/>\n<meta property=\"og:type\" content=\"article\" \/>\n<meta property=\"og:title\" content=\"Consulting\" \/>\n<meta property=\"og:description\" content=\"Halifax Consulting adviseert en helpt bedrijven bij het transformeren van hun verkoop. Geconfronteerd met disruptieve bedrijfsmodellen...\" \/>\n<meta property=\"og:url\" content=\"https:\/\/www.halifax-consulting.com\/nl\/consulting\/\" \/>\n<meta property=\"og:site_name\" content=\"Halifax Consulting \u2013 NL\" \/>\n<meta property=\"article:modified_time\" content=\"2025-01-30T13:36:21+00:00\" \/>\n<meta property=\"og:image\" content=\"https:\/\/www.halifax-consulting.com\/nl\/wp-content\/uploads\/sites\/11\/2020\/03\/halifax-consulting-consulting.jpg\" \/>\n\t<meta property=\"og:image:width\" content=\"1000\" \/>\n\t<meta property=\"og:image:height\" content=\"360\" \/>\n\t<meta property=\"og:image:type\" content=\"image\/jpeg\" \/>\n<meta name=\"twitter:card\" content=\"summary_large_image\" \/>\n<script type=\"application\/ld+json\" class=\"yoast-schema-graph\">{\"@context\":\"https:\/\/schema.org\",\"@graph\":[{\"@type\":\"WebPage\",\"@id\":\"https:\/\/www.halifax-consulting.com\/nl\/consulting\/\",\"url\":\"https:\/\/www.halifax-consulting.com\/nl\/consulting\/\",\"name\":\"Consulting\",\"isPartOf\":{\"@id\":\"https:\/\/www.halifax-consulting.com\/nl\/#website\"},\"datePublished\":\"2019-12-10T21:44:41+00:00\",\"dateModified\":\"2025-01-30T13:36:21+00:00\",\"description\":\"Halifax Consulting adviseert en helpt bedrijven bij het transformeren van hun verkoop. Geconfronteerd met disruptieve bedrijfsmodellen...\",\"breadcrumb\":{\"@id\":\"https:\/\/www.halifax-consulting.com\/nl\/consulting\/#breadcrumb\"},\"inLanguage\":\"nl\",\"potentialAction\":[{\"@type\":\"ReadAction\",\"target\":[\"https:\/\/www.halifax-consulting.com\/nl\/consulting\/\"]}]},{\"@type\":\"BreadcrumbList\",\"@id\":\"https:\/\/www.halifax-consulting.com\/nl\/consulting\/#breadcrumb\",\"itemListElement\":[{\"@type\":\"ListItem\",\"position\":1,\"name\":\"Accueil\",\"item\":\"https:\/\/www.halifax-consulting.com\/nl\/\"},{\"@type\":\"ListItem\",\"position\":2,\"name\":\"Consulting\"}]},{\"@type\":\"WebSite\",\"@id\":\"https:\/\/www.halifax-consulting.com\/nl\/#website\",\"url\":\"https:\/\/www.halifax-consulting.com\/nl\/\",\"name\":\"Halifax Consulting \u2013 NL\",\"description\":\"Un site utilisant Les sites de Halifax Consulting\",\"publisher\":{\"@id\":\"https:\/\/www.halifax-consulting.com\/nl\/#organization\"},\"potentialAction\":[{\"@type\":\"SearchAction\",\"target\":{\"@type\":\"EntryPoint\",\"urlTemplate\":\"https:\/\/www.halifax-consulting.com\/nl\/?s={search_term_string}\"},\"query-input\":\"required name=search_term_string\"}],\"inLanguage\":\"nl\"},{\"@type\":\"Organization\",\"@id\":\"https:\/\/www.halifax-consulting.com\/nl\/#organization\",\"name\":\"Halifax Consulting\",\"url\":\"https:\/\/www.halifax-consulting.com\/nl\/\",\"logo\":{\"@type\":\"ImageObject\",\"inLanguage\":\"nl\",\"@id\":\"https:\/\/www.halifax-consulting.com\/nl\/#\/schema\/logo\/image\/\",\"url\":\"https:\/\/www.halifax-consulting.com\/wp-content\/uploads\/2020\/06\/Halifax_logo_EN_Transp.png\",\"contentUrl\":\"https:\/\/www.halifax-consulting.com\/wp-content\/uploads\/2020\/06\/Halifax_logo_EN_Transp.png\",\"width\":886,\"height\":886,\"caption\":\"Halifax Consulting\"},\"image\":{\"@id\":\"https:\/\/www.halifax-consulting.com\/nl\/#\/schema\/logo\/image\/\"}}]}<\/script>\n<!-- \/ Yoast SEO plugin. -->","yoast_head_json":{"title":"Consulting","description":"Halifax Consulting adviseert en helpt bedrijven bij het transformeren van hun verkoop. Geconfronteerd met disruptieve bedrijfsmodellen...","canonical":"https:\/\/www.halifax-consulting.com\/nl\/consulting\/","og_locale":"nl_NL","og_type":"article","og_title":"Consulting","og_description":"Halifax Consulting adviseert en helpt bedrijven bij het transformeren van hun verkoop. Geconfronteerd met disruptieve bedrijfsmodellen...","og_url":"https:\/\/www.halifax-consulting.com\/nl\/consulting\/","og_site_name":"Halifax Consulting \u2013 NL","article_modified_time":"2025-01-30T13:36:21+00:00","og_image":[{"width":1000,"height":360,"url":"https:\/\/www.halifax-consulting.com\/nl\/wp-content\/uploads\/sites\/11\/2020\/03\/halifax-consulting-consulting.jpg","type":"image\/jpeg"}],"twitter_card":"summary_large_image","schema":{"@context":"https:\/\/schema.org","@graph":[{"@type":"WebPage","@id":"https:\/\/www.halifax-consulting.com\/nl\/consulting\/","url":"https:\/\/www.halifax-consulting.com\/nl\/consulting\/","name":"Consulting","isPartOf":{"@id":"https:\/\/www.halifax-consulting.com\/nl\/#website"},"datePublished":"2019-12-10T21:44:41+00:00","dateModified":"2025-01-30T13:36:21+00:00","description":"Halifax Consulting adviseert en helpt bedrijven bij het transformeren van hun verkoop. Geconfronteerd met disruptieve bedrijfsmodellen...","breadcrumb":{"@id":"https:\/\/www.halifax-consulting.com\/nl\/consulting\/#breadcrumb"},"inLanguage":"nl","potentialAction":[{"@type":"ReadAction","target":["https:\/\/www.halifax-consulting.com\/nl\/consulting\/"]}]},{"@type":"BreadcrumbList","@id":"https:\/\/www.halifax-consulting.com\/nl\/consulting\/#breadcrumb","itemListElement":[{"@type":"ListItem","position":1,"name":"Accueil","item":"https:\/\/www.halifax-consulting.com\/nl\/"},{"@type":"ListItem","position":2,"name":"Consulting"}]},{"@type":"WebSite","@id":"https:\/\/www.halifax-consulting.com\/nl\/#website","url":"https:\/\/www.halifax-consulting.com\/nl\/","name":"Halifax Consulting \u2013 NL","description":"Un site utilisant Les sites de Halifax Consulting","publisher":{"@id":"https:\/\/www.halifax-consulting.com\/nl\/#organization"},"potentialAction":[{"@type":"SearchAction","target":{"@type":"EntryPoint","urlTemplate":"https:\/\/www.halifax-consulting.com\/nl\/?s={search_term_string}"},"query-input":"required name=search_term_string"}],"inLanguage":"nl"},{"@type":"Organization","@id":"https:\/\/www.halifax-consulting.com\/nl\/#organization","name":"Halifax Consulting","url":"https:\/\/www.halifax-consulting.com\/nl\/","logo":{"@type":"ImageObject","inLanguage":"nl","@id":"https:\/\/www.halifax-consulting.com\/nl\/#\/schema\/logo\/image\/","url":"https:\/\/www.halifax-consulting.com\/wp-content\/uploads\/2020\/06\/Halifax_logo_EN_Transp.png","contentUrl":"https:\/\/www.halifax-consulting.com\/wp-content\/uploads\/2020\/06\/Halifax_logo_EN_Transp.png","width":886,"height":886,"caption":"Halifax Consulting"},"image":{"@id":"https:\/\/www.halifax-consulting.com\/nl\/#\/schema\/logo\/image\/"}}]}},"_links":{"self":[{"href":"https:\/\/www.halifax-consulting.com\/nl\/wp-json\/wp\/v2\/pages\/543"}],"collection":[{"href":"https:\/\/www.halifax-consulting.com\/nl\/wp-json\/wp\/v2\/pages"}],"about":[{"href":"https:\/\/www.halifax-consulting.com\/nl\/wp-json\/wp\/v2\/types\/page"}],"author":[{"embeddable":true,"href":"https:\/\/www.halifax-consulting.com\/nl\/wp-json\/wp\/v2\/users\/17"}],"replies":[{"embeddable":true,"href":"https:\/\/www.halifax-consulting.com\/nl\/wp-json\/wp\/v2\/comments?post=543"}],"version-history":[{"count":3,"href":"https:\/\/www.halifax-consulting.com\/nl\/wp-json\/wp\/v2\/pages\/543\/revisions"}],"predecessor-version":[{"id":4796,"href":"https:\/\/www.halifax-consulting.com\/nl\/wp-json\/wp\/v2\/pages\/543\/revisions\/4796"}],"wp:featuredmedia":[{"embeddable":true,"href":"https:\/\/www.halifax-consulting.com\/nl\/wp-json\/wp\/v2\/media\/1448"}],"wp:attachment":[{"href":"https:\/\/www.halifax-consulting.com\/nl\/wp-json\/wp\/v2\/media?parent=543"}],"wp:term":[{"taxonomy":"category","embeddable":true,"href":"https:\/\/www.halifax-consulting.com\/nl\/wp-json\/wp\/v2\/categories?post=543"}],"curies":[{"name":"wp","href":"https:\/\/api.w.org\/{rel}","templated":true}]}}