{"id":545,"date":"2019-12-11T15:10:50","date_gmt":"2019-12-11T14:10:50","guid":{"rendered":"https:\/\/www.halifax-consulting.com\/?page_id=7"},"modified":"2024-04-17T22:00:02","modified_gmt":"2024-04-17T20:00:02","slug":"training","status":"publish","type":"page","link":"https:\/\/www.halifax-consulting.com\/nl\/training\/","title":{"rendered":"Training"},"content":{"rendered":"<div class=\"container\">\n\t<div class=\"row\">\n\t\t<div class=\"col-lg-12 col-md-12 col-sm-12\">\n\t\t\t<h2 class=\"intro\">\n\t\t\t\t<strong class=\"intro-h2 d-block\">De juiste training die je nodig hebt om te groeien<\/strong>\n\t\t\t\t<p>Halifax Consulting voldoet aan uw individuele trainingsvoorkeuren met op maat gemaakte middelen die zijn ontworpen om uw vaardigheden op het gebied van verkoop, management, key account management en onderhandeling te verbeteren. Of u nu al een baan hebt, van carri&egrave;re wilt veranderen of wilt overstappen naar een verkoopgerelateerd vakgebied, u vindt hier een training op maat die aan uw behoeften voldoet, samen met cursussen die leiden tot certificering.<br \/><br \/>Dit omvat:<\/p>\n<ul>\n<li>Programma&#8217;s op maat voor verkoop, onderhandeling, management, KAM en klantrelaties.<\/li>\n<li>Cursussen voor verkopers, B2B-vertegenwoordigers, key account managers en verkoopmanagers.<\/li>\n<li>Exclusieve Halifax-methodes om de verkoopprestaties te verbeteren: verkopen met de LEAD METHOD&reg;, onderhandelen met de DEAL METHOD&reg;, managen met de BOSS METHOD&reg; en omgaan met key accounts met de THE PAC$ METHOD&reg;.<\/li>\n<\/ul>\n<p>Halifax Consulting kan ook internationale trainingsprogramma&#8217;s aanbieden in de taal van uw keuze via ons netwerk van kantoren en expertise ter plaatse.<\/p>\t\t\t<\/h2>\n\t\t<\/div>\n\t<\/div>\n<\/div>\n\n\n\n<p><\/p>\n\n\n<div class=\"container pb-6\">\n\t<div class=\"row\">\n\t\t<div class=\"col-lg-4 col-md-4 col-sm-12\">\n\t\t\t<h4 class=\"key\">15,000+<\/h4>\n\t\t\t<p class=\"key-description\">mensen die elk jaar worden opgeleid<\/p>\t\t\t\t\t\t\t\n\t\t<\/div>\n\t\t<div class=\"col-lg-4 col-md-4 col-sm-12\">\n\t\t\t<h4 class=\"key\">15+<\/h4>\n\t\t\t<p class=\"key-description\">talen wereldwijd<\/p>\t\t\t\t\t\t\n\t\t<\/div>\n\t\t<div class=\"col-lg-4 col-md-4 col-sm-12\">\n\t\t\t<h4 class=\"key\">4<\/h4>\t\n\t\t\t<p class=\"key-description\">best verkopende trainingsprogramma&#8217;s over verkoop uitmuntendheid<\/p>\t\t\t\t\t\n\t\t<\/div>\n\t<\/div>\n<\/div>\n\n\t<section class=\"navy py-6\" id=\"bloc_essentiels\">\n\t<div class=\"container\">\n\t\t<div class=\"row\">\n\t\t\t<div class=\"col-lg-12 col-md-12 col-sm-12\">\n\t\t\t\t<h2 class=\"text-center\">\n\t\t\t\t\tHalifax Consulting gespecialiseerd in verkooptraining\t\t\t\t\t<span class=\"h2-subtitle\"><\/span>\n\t\t\t\t\t\n\t\t\t\t\t<span class=\"resp-show\">\n\t\t\t\t\t\t\t\t\t\t<\/span>\n\t\t\t\t<\/h2>\n\t\t\t<\/div>\n\t\t<\/div>\n\t\t<div class=\"row flex\">\n\t\t\t\n\t\t\t\t\n\t\t\t\t\t\n\t\t\t\t\t\n\t\t\t\t<div class=\"col-lg-4 col-md-6 col-sm-12\">\n\t\t\t\t\t<div class=\"card-essentiels\">\n\t\t\t\t\t<h3 class=\"pb-1\">Verkooptraining<\/h3>\n\t\t\t\t\t<p class=\"pb-2\"><\/p>\n\t\t\t\t\t<p><a class=\"more\" href=\"verkooptraining\">Lees verder<\/a><\/p>\n\t\t\t\t\t<\/div>\n\t\t\t\t<\/div>\t\n\t\t\t\t\t\n\t\t\t\t\t\n\t\t\t\t\n\t\t\t\t\t\n\t\t\t\t\t\n\t\t\t\t<div class=\"col-lg-4 col-md-6 col-sm-12\">\n\t\t\t\t\t<div class=\"card-essentiels\">\n\t\t\t\t\t<h3 class=\"pb-1\">Training verkooponderhandelingen<\/h3>\n\t\t\t\t\t<p class=\"pb-2\"><\/p>\n\t\t\t\t\t<p><a class=\"more\" href=\"training-verkooponderhandelingen\">Lees verder<\/a><\/p>\n\t\t\t\t\t<\/div>\n\t\t\t\t<\/div>\t\n\t\t\t\t\t\n\t\t\t\t\t\n\t\t\t\t\n\t\t\t\t\t\n\t\t\t\t\t\n\t\t\t\t<div class=\"col-lg-4 col-md-6 col-sm-12\">\n\t\t\t\t\t<div class=\"card-essentiels\">\n\t\t\t\t\t<h3 class=\"pb-1\">Training verkoopmanagement<\/h3>\n\t\t\t\t\t<p class=\"pb-2\"><\/p>\n\t\t\t\t\t<p><a class=\"more\" href=\"training-verkoopmanagement\">Lees verder<\/a><\/p>\n\t\t\t\t\t<\/div>\n\t\t\t\t<\/div>\t\n\t\t\t\t\t\n\t\t\t\t\t\n\t\t\t\t\n\t\t\t\t\t\n\t\t\t\t\t\n\t\t\t\t<div class=\"col-lg-4 col-md-6 col-sm-12\">\n\t\t\t\t\t<div class=\"card-essentiels\">\n\t\t\t\t\t<h3 class=\"pb-1\">Verkooptraining &#8220;Best-sellers&#8221;<\/h3>\n\t\t\t\t\t<p class=\"pb-2\"><\/p>\n\t\t\t\t\t<p><a class=\"more\" href=\"verkooptraining-bestsellers\">Lees verder<\/a><\/p>\n\t\t\t\t\t<\/div>\n\t\t\t\t<\/div>\t\n\t\t\t\t\t\n\t\t\t\t\t\n\t\t\t\t\n\t\t\t\t\t\n\t\t\t\t\t\n\t\t\t\t<div class=\"col-lg-4 col-md-6 col-sm-12\">\n\t\t\t\t\t<div class=\"card-essentiels\">\n\t\t\t\t\t<h3 class=\"pb-1\">Training Accountbeheer<\/h3>\n\t\t\t\t\t<p class=\"pb-2\"><\/p>\n\t\t\t\t\t<p><a class=\"more\" href=\"training-accountbeheer\">Lees verder<\/a><\/p>\n\t\t\t\t\t<\/div>\n\t\t\t\t<\/div>\t\n\t\t\t\t\t\n\t\t\t\t\t\n\t\t\t\t\n\t\t\t\t\t\n\t\t\t\t\t\n\t\t\t\t<div class=\"col-lg-4 col-md-6 col-sm-12\">\n\t\t\t\t\t<div class=\"card-essentiels\">\n\t\t\t\t\t<h3 class=\"pb-1\">Training Strategisch Accountbeheer<\/h3>\n\t\t\t\t\t<p class=\"pb-2\"><\/p>\n\t\t\t\t\t<p><a class=\"more\" href=\"training-strategisch-accountbeheer\">Lees verder<\/a><\/p>\n\t\t\t\t\t<\/div>\n\t\t\t\t<\/div>\t\n\t\t\t\t\t\n\t\t\t\t\t\n\t\t\t\t\n\t\t\t\t\t\n\t\t\t\t\t\n\t\t\t\t<div class=\"col-lg-4 col-md-6 col-sm-12\">\n\t\t\t\t\t<div class=\"card-essentiels\">\n\t\t\t\t\t<h3 class=\"pb-1\">Gecertificeerde trainingen van hoge kwaliteit<\/h3>\n\t\t\t\t\t<p class=\"pb-2\"><\/p>\n\t\t\t\t\t<p><a class=\"more\" href=\"gecertificeerde-trainingen\">Lees verder<\/a><\/p>\n\t\t\t\t\t<\/div>\n\t\t\t\t<\/div>\t\n\t\t\t\t\t\n\t\t\t\t\t\n\t\t\t\t\n\t\t\t\t\t\n\t\t\t\t\t\n\t\t\t\t<div class=\"col-lg-4 col-md-6 col-sm-12\">\n\t\t\t\t\t<div class=\"card-essentiels\">\n\t\t\t\t\t<h3 class=\"pb-1\">Onze andere verkooptrainingen<\/h3>\n\t\t\t\t\t<p class=\"pb-2\"><\/p>\n\t\t\t\t\t<p><a class=\"more\" href=\"onze-andere-verkooptrainingen\">Lees verder<\/a><\/p>\n\t\t\t\t\t<\/div>\n\t\t\t\t<\/div>\t\n\t\t\t\t\t\n\t\t\t\t\t\n\t\t\t\t\n\t\t\t\t\t\n\t\t\t\t\t\n\t\t\t\t<div class=\"col-lg-4 col-md-6 col-sm-12\">\n\t\t\t\t\t<div class=\"card-essentiels\">\n\t\t\t\t\t<h3 class=\"pb-1\">Calculate the carbon footprint of your training<\/h3>\n\t\t\t\t\t<p class=\"pb-2\"><\/p>\n\t\t\t\t\t<p><a class=\"more\" href=\"calculate-carbon-footprint-training\">Lees verder<\/a><\/p>\n\t\t\t\t\t<\/div>\n\t\t\t\t<\/div>\t\n\t\t\t\t\t\n\t\t\t\t\t\n\t\t\t\t\t\t\t\t\t\t\t\t\t<div class=\"col-lg-4 col-md-6 col-sm-12\">\n\t\t\t\t\t<div class=\"card-essentiels card-essentiels-orange\">\n\t\t\t\t\t\t<p>Wil je meer weten over onze trainingen?<\/p>\n\t\t\t\t\t\t<p><a class=\"btn btn-hx btn-hx-orange\" href=\"\/nl\/contact-halifax-consulting\/\">Neem contact op met<\/a><\/p>\n\t\t\t\t\t<\/div>\n\t\t\t\t<\/div>\t\n\t\t\t\t\n\t\t<\/div>\n\t<\/div>\n<\/section>\n\n<section class=\"white py-6\">\n\t<div class=\"container\">\n\t\t<div class=\"row\">\n\t\t\t<div class=\"col-lg-12 col-md-12 col-sm-12\">\n\t\t\t\t<h2 class=\"text-center\">\n\t\t\t\t\tBestsellers van Halifax Consulting\t\t\t\t\t<span class=\"h2-subtitle\"><\/span>\n\t\t\t\t\t\n\t\t\t\t\t\n\t\t\t\t<\/h2>\n\t\t\t<\/div>\n\t\t<\/div>\n\t\t<div class=\"row\">\n\t\t\t\n\t\t\t<div class=\"col-lg-12 col-md-12 col-sm-12\">\n\t\t\t\t<div class=\"accordion\" id=\"accordionExample\">\n\t\t\t\t\t<div class=\"card\">\n\t\t\t\t\t    <div class=\"card-header\" id=\"headingOne\">\n\t\t\t\t\t\n\t\t\t\t\t        <button type=\"button\" data-toggle=\"collapse\" data-target=\"#collapseOne\" aria-expanded=\"true\" aria-controls=\"collapseOne\">\n\t\t\t\t\t        \tVerkopen met THE LEAD METHOD\u00ae\t\t\t\t\t        \t<i data-feather=\"chevron-down\"><\/i>\n\t\t\t\t\t        <\/button>\n\t\t\t\t\t\t\t\n\t\t\t\t\t    <\/div>\n\t\t\t\t\t\n\t\t\t\t\t    <div id=\"collapseOne\" class=\"collapse show\" aria-labelledby=\"headingOne\" data-parent=\"#accordionExample\">\n\t\t\t\t\t\t    <div class=\"card-body\">\n\t\t\t\t\t\t        THE LEAD METHOD\u00ae is een geavanceerd blended-learning trainingsprogramma dat verkopers helpt om hun onderscheidende kwaliteiten, expertise en professionaliteit beter te benutten. Deze specifieke verkooptraining helpt je ook om de conversie-indicatoren van je verkoopgesprekken te verbeteren.\t\t\t\t\t\t    <\/div>\n\t\t\t\t\t    <\/div>\n\t\t\t\t\t<\/div>\n\t\t\t\t\t<div class=\"card\">\n\t\t\t\t\t    <div class=\"card-header\" id=\"headingTwo\">\n\t\t\t\t\t      \n\t\t\t\t\t        <button class=\"btn btn-link collapsed\" type=\"button\" data-toggle=\"collapse\" data-target=\"#collapseTwo\" aria-expanded=\"false\" aria-controls=\"collapseTwo\">\n\t\t\t\t\t        \tOnderhandelen met DE DEAL METHOD\u00ae\t\t\t\t\t        \t<i data-feather=\"chevron-down\"><\/i>\n\t\t\t\t\t        <\/button>\n\t\t\t\t\t    <\/div>\n\t\t\t\t\t    <div id=\"collapseTwo\" class=\"collapse\" aria-labelledby=\"headingTwo\" data-parent=\"#accordionExample\">\n\t\t\t\t\t      <div class=\"card-body\">\n\t\t\t\t\t        THE DEAL METHOD\u00ae is een trainingsprogramma voor verkooponderhandelingen dat gebruikmaakt van blended learning om verkopers te helpen hun onderhandelingen met doorgewinterde inkopers te structureren en voor te bereiden en hun vermogen om deals te sluiten en gezonde marges te behouden, te verbeteren.\t\t\t\t\t      <\/div>\n\t\t\t\t\t    <\/div>\n\t\t\t\t\t  <\/div>\n\t\t\t\t\t\t\t\t\t\t<div class=\"card\">\n\t\t\t\t\t    <div class=\"card-header\" id=\"headingThree\">\n\t\t\t\t\t      \n\t\t\t\t\t        <button class=\"btn btn-link collapsed\" type=\"button\" data-toggle=\"collapse\" data-target=\"#collapseThree\" aria-expanded=\"false\" aria-controls=\"collapseThree\">\n\t\t\t\t\t        \tManagen met THE BOSS METHOD\u00ae\t\t\t\t\t        \t<i data-feather=\"chevron-down\"><\/i>\n\t\t\t\t\t        <\/button>\n\t\t\t\t\t    <\/div>\n\t\t\t\t\t    <div id=\"collapseThree\" class=\"collapse\" aria-labelledby=\"headingThree\" data-parent=\"#accordionExample\">\n\t\t\t\t\t      <div class=\"card-body\">\n\t\t\t\t\t        THE BOSS METHOD\u00ae is een training om salesmanagers te helpen bij het coachen en verbeteren van de prestaties van salesteams.\n\t\t\t\t\t      <\/div>\n\t\t\t\t\t    <\/div>\n\t\t\t\t\t  <\/div>\t\n\t\t\t\t\t\t\t\t\t\t\t\t\t\t\t<div class=\"card\">\n\t\t\t\t\t    <div class=\"card-header\" id=\"headingFour\">\n\t\t\t\t\t      \n\t\t\t\t\t        <button class=\"btn btn-link collapsed\" type=\"button\" data-toggle=\"collapse\" data-target=\"#collapseFour\" aria-expanded=\"false\" aria-controls=\"collapseFour\">\n\t\t\t\t\t        \tKAM met DE PAC$ METHODE\u00ae\t\t\t\t\t        \t<i data-feather=\"chevron-down\"><\/i>\n\t\t\t\t\t        <\/button>\n\t\t\t\t\t    <\/div>\n\t\t\t\t\t    <div id=\"collapseFour\" class=\"collapse\" aria-labelledby=\"headingFour\" data-parent=\"#accordionExample\">\n\t\t\t\t\t      <div class=\"card-body\">\n\t\t\t\t\t        THE PAC$ METHOD\u00ae is een zeer effectief blended-learningprogramma dat een geavanceerde training biedt om verkopers te helpen hun onderscheidende kwaliteiten, expertise en professionaliteit beter te benutten.\t\t\t\t\t      <\/div>\n\t\t\t\t\t    <\/div>\n\t\t\t\t\t  <\/div>\t\n\t\t\t\t\t\t\t\t\t\t\t\t\t\t\t\t\t\t\t\t\t\t\t\t\t\t\t\t\t<\/div>\n\t\t\t<\/div>\n\t\t\t\n\t\t<\/div>\n\t<\/div>\n<\/section>\n\n\n<section class=\"white py-6\">\n\t\n\t<div class=\"container-fluid\">\n\t\t\n\t\t<div class=\"row\">\n\t\t\n\t\t\t<div class=\"col-lg-6 col-md-6 col-sm-12\">\n\t\t\t\t<!-- Livre blanc -->\n\t\t\t\t<div class=\"card--livre-blanc navy\">\n\t\t\t\t\t\n\t\t\t\t\t<div class=\"row p-0 m-0\">\n\t\t\t\t\t\t\n\t\t\t\t\t\t<div class=\"col-lg-5 col-md-5 col-sm-12 pl-0 pr-0\">\n\t\t\t\t\t\t\t\n\t\t\t\t\t\t\t<figure class=\"img-simple-success\">\n\t\n\t\t\t\t\t\t\t\t<img decoding=\"async\" loading=\"lazy\" src=\"https:\/\/www.halifax-consulting.com\/nl\/wp-content\/uploads\/sites\/11\/2020\/12\/Halifax-consulting-ebook-cover.png\" alt=\"5 tips on selling via videoconference ebook\" width=\"100%\" height=\"\" >\t\t\t\t\t\t\t\t\n\t\t\t\t\t\t\t<\/figure>\n\t\t\t\t\t\t\t\n\t\t\t\t\t\t<\/div>\n\t\t\t\t\t\t\n\t\t\t\t\t\t<div class=\"col-lg-7 col-md-7 col-sm-12 card--lb-content\">\n\t\t\t\t\t\t\t<small>Witboek<\/small>\n\t\t\t\t\t\t\t\n\t\t\t\t\t\t\t\t\t\t\t\t\t\t\n\t\t\t\t\t\t\t\t<h3>New ebook: 5 tips on selling via videoconference<\/h3>\n\t\t\t\t\t\t\t\t\n\t\t\t\t\t\t\t\t\t\t\t\t\t\t\n\t\t\t\t\t\t\t\t\t\t\t\t\t\t\n\t\t\t\t\t\t\t<a href=\"https:\/\/www.halifax-consulting.com\/nl\/telechargez-livre-blanc?b=5cons-128376 \" title=\"Livre blanc New ebook: 5 tips on selling via videoconference\" class=\"btn btn-hx btn-hx-orange\">Download now<\/a>\n\t\t\t\t\t\t<\/div>\n\t\t\t\t\t<\/div>\n\t\t\t\t<\/div>\n\t\t\t\t\n\t\t\t<\/div>\n\t\t\t\n\t\t\t\n\t\t\t\t\t\t\t \n\t\t\t\t\t\t\t\t\t\t\n\t\t\t\t\t\t\t\t\n\t\t\t\n\t\t\t\n\t\t\t\n\t\t\t<div class=\"col-lg-6 col-md-6 col-sm-12\">\n\t\t\t\t<!-- Success story -->\n\t\t\t\t<div class=\"card--livre-blanc\">\n\t\t\t\t\t\n\t\t\t\t\t<div class=\"row p-0 m-0\">\n\t\t\t\t\t\t\n\t\t\t\t\t\t<div class=\"col-lg-5 col-md-5 col-sm-12 pl-0 pr-0\">\n\t\t\t\t\t\t\t\n\t\t\t\t\t\t\t<figure class=\"img-simple-success\">\n\t\n\t\t\t\t\t\t\t\t<img decoding=\"async\" loading=\"lazy\" src=\"https:\/\/www.halifax-consulting.com\/nl\/wp-content\/uploads\/sites\/11\/2019\/12\/halifax-consulting-success-story-3DS.jpg\" alt=\"\" width=\"100%\" height=\"\" >\t\t\t\t\t\t\t\t\n\t\t\t\t\t\t\t<\/figure>\n\t\t\t\t\t\t\t\n\t\t\t\t\t\t<\/div>\n\t\t\t\t\t\t\n\t\t\t\t\t\t<div class=\"col-lg-7 col-md-7 col-sm-12 card--lb-content\">\n\t\t\t\t\t\t\t<small>Succesverhalen<\/small>\n\t\t\t\t\t\t\n\t\t\t\t\t\t\t<h3>Halifax Consulting begeleidt Dassault Syst\u00e8mes<\/h3>\n<!-- \t\t\t\t\t\t\t<p>Dassault Syst\u00e8mes is een marktleider met een wereldwijd netwerk van distributeurs, die het bedrijf helpt bij het verbeteren van de verkoop&#8230;<\/p>\n\t -->\n<!--\n\t\t\t\t\t\t\t<p>\n\t\t\t\t\t\t\t\tD\u00e9couvrez comment Halifax Consulting a accompagn\u00e9 Dassault Syst\u00e8mes sur le chemin de la r\u00e9ussite\n\t\t\t\t\t\t\t<\/p>\n-->\n\t\t\t\n\t\t\t\t\t\t\t\n\t\t\t\t\t\t\t<a href=\"https:\/\/www.halifax-consulting.com\/nl\/succesverhalen\/dassault-systemes\/\" class=\"btn btn-hx btn-hx-orange\" title=\"Lees verder\">Lees verder<\/a>\n\t\t\t\t\t\t\n\t\t\t\t\t\t<\/div>\n\t\t\t\t\t\t\n\t\t\t\t\t<\/div>\n\t\t\t\t\t\n\t\t\t\t<\/div>\n\t\t\t\t\n\t\t\t<\/div>\n\t\t\t\t\t\t\t\t\t\n\t\t<\/div>\n\t\t\n\t<\/div>\n\t\n<\/section>","protected":false},"excerpt":{"rendered":"","protected":false},"author":17,"featured_media":985,"parent":0,"menu_order":10,"comment_status":"closed","ping_status":"closed","template":"","meta":[],"categories":[],"acf":[],"yoast_head":"<!-- This site is optimized with the Yoast SEO plugin v19.9 - https:\/\/yoast.com\/wordpress\/plugins\/seo\/ -->\n<title>De juiste training die je nodig hebt om te groeien<\/title>\n<meta name=\"description\" content=\"Halifax Consulting voldoet aan uw trainingswensen met op maat gemaakte middelen om uw vaardigheden op het gebied van verkoop, key account ...\" \/>\n<link rel=\"canonical\" href=\"https:\/\/www.halifax-consulting.com\/nl\/training\/\" \/>\n<meta property=\"og:locale\" content=\"nl_NL\" \/>\n<meta property=\"og:type\" content=\"article\" \/>\n<meta property=\"og:title\" content=\"De juiste training die je nodig hebt om te groeien\" \/>\n<meta property=\"og:description\" content=\"Halifax Consulting voldoet aan uw trainingswensen met op maat gemaakte middelen om uw vaardigheden op het gebied van verkoop, key account ...\" \/>\n<meta property=\"og:url\" content=\"https:\/\/www.halifax-consulting.com\/nl\/training\/\" \/>\n<meta property=\"og:site_name\" content=\"Halifax Consulting \u2013 NL\" \/>\n<meta property=\"article:modified_time\" content=\"2024-04-17T20:00:02+00:00\" \/>\n<meta property=\"og:image\" content=\"https:\/\/www.halifax-consulting.com\/nl\/wp-content\/uploads\/sites\/11\/2020\/03\/halifax-consulting-formation-2.jpg\" \/>\n\t<meta property=\"og:image:width\" content=\"1000\" \/>\n\t<meta property=\"og:image:height\" content=\"360\" \/>\n\t<meta property=\"og:image:type\" content=\"image\/jpeg\" \/>\n<meta name=\"twitter:card\" content=\"summary_large_image\" \/>\n<script type=\"application\/ld+json\" class=\"yoast-schema-graph\">{\"@context\":\"https:\/\/schema.org\",\"@graph\":[{\"@type\":\"WebPage\",\"@id\":\"https:\/\/www.halifax-consulting.com\/nl\/training\/\",\"url\":\"https:\/\/www.halifax-consulting.com\/nl\/training\/\",\"name\":\"De juiste training die je nodig hebt om te groeien\",\"isPartOf\":{\"@id\":\"https:\/\/www.halifax-consulting.com\/nl\/#website\"},\"datePublished\":\"2019-12-11T14:10:50+00:00\",\"dateModified\":\"2024-04-17T20:00:02+00:00\",\"description\":\"Halifax Consulting voldoet aan uw trainingswensen met op maat gemaakte middelen om uw vaardigheden op het gebied van verkoop, key account ...\",\"breadcrumb\":{\"@id\":\"https:\/\/www.halifax-consulting.com\/nl\/training\/#breadcrumb\"},\"inLanguage\":\"nl\",\"potentialAction\":[{\"@type\":\"ReadAction\",\"target\":[\"https:\/\/www.halifax-consulting.com\/nl\/training\/\"]}]},{\"@type\":\"BreadcrumbList\",\"@id\":\"https:\/\/www.halifax-consulting.com\/nl\/training\/#breadcrumb\",\"itemListElement\":[{\"@type\":\"ListItem\",\"position\":1,\"name\":\"Accueil\",\"item\":\"https:\/\/www.halifax-consulting.com\/nl\/\"},{\"@type\":\"ListItem\",\"position\":2,\"name\":\"Training\"}]},{\"@type\":\"WebSite\",\"@id\":\"https:\/\/www.halifax-consulting.com\/nl\/#website\",\"url\":\"https:\/\/www.halifax-consulting.com\/nl\/\",\"name\":\"Halifax Consulting \u2013 NL\",\"description\":\"Un site utilisant Les sites de Halifax Consulting\",\"publisher\":{\"@id\":\"https:\/\/www.halifax-consulting.com\/nl\/#organization\"},\"potentialAction\":[{\"@type\":\"SearchAction\",\"target\":{\"@type\":\"EntryPoint\",\"urlTemplate\":\"https:\/\/www.halifax-consulting.com\/nl\/?s={search_term_string}\"},\"query-input\":\"required name=search_term_string\"}],\"inLanguage\":\"nl\"},{\"@type\":\"Organization\",\"@id\":\"https:\/\/www.halifax-consulting.com\/nl\/#organization\",\"name\":\"Halifax Consulting\",\"url\":\"https:\/\/www.halifax-consulting.com\/nl\/\",\"logo\":{\"@type\":\"ImageObject\",\"inLanguage\":\"nl\",\"@id\":\"https:\/\/www.halifax-consulting.com\/nl\/#\/schema\/logo\/image\/\",\"url\":\"https:\/\/www.halifax-consulting.com\/wp-content\/uploads\/2020\/06\/Halifax_logo_EN_Transp.png\",\"contentUrl\":\"https:\/\/www.halifax-consulting.com\/wp-content\/uploads\/2020\/06\/Halifax_logo_EN_Transp.png\",\"width\":886,\"height\":886,\"caption\":\"Halifax Consulting\"},\"image\":{\"@id\":\"https:\/\/www.halifax-consulting.com\/nl\/#\/schema\/logo\/image\/\"}}]}<\/script>\n<!-- \/ Yoast SEO plugin. -->","yoast_head_json":{"title":"De juiste training die je nodig hebt om te groeien","description":"Halifax Consulting voldoet aan uw trainingswensen met op maat gemaakte middelen om uw vaardigheden op het gebied van verkoop, key account ...","canonical":"https:\/\/www.halifax-consulting.com\/nl\/training\/","og_locale":"nl_NL","og_type":"article","og_title":"De juiste training die je nodig hebt om te groeien","og_description":"Halifax Consulting voldoet aan uw trainingswensen met op maat gemaakte middelen om uw vaardigheden op het gebied van verkoop, key account ...","og_url":"https:\/\/www.halifax-consulting.com\/nl\/training\/","og_site_name":"Halifax Consulting \u2013 NL","article_modified_time":"2024-04-17T20:00:02+00:00","og_image":[{"width":1000,"height":360,"url":"https:\/\/www.halifax-consulting.com\/nl\/wp-content\/uploads\/sites\/11\/2020\/03\/halifax-consulting-formation-2.jpg","type":"image\/jpeg"}],"twitter_card":"summary_large_image","schema":{"@context":"https:\/\/schema.org","@graph":[{"@type":"WebPage","@id":"https:\/\/www.halifax-consulting.com\/nl\/training\/","url":"https:\/\/www.halifax-consulting.com\/nl\/training\/","name":"De juiste training die je nodig hebt om te groeien","isPartOf":{"@id":"https:\/\/www.halifax-consulting.com\/nl\/#website"},"datePublished":"2019-12-11T14:10:50+00:00","dateModified":"2024-04-17T20:00:02+00:00","description":"Halifax Consulting voldoet aan uw trainingswensen met op maat gemaakte middelen om uw vaardigheden op het gebied van verkoop, key account ...","breadcrumb":{"@id":"https:\/\/www.halifax-consulting.com\/nl\/training\/#breadcrumb"},"inLanguage":"nl","potentialAction":[{"@type":"ReadAction","target":["https:\/\/www.halifax-consulting.com\/nl\/training\/"]}]},{"@type":"BreadcrumbList","@id":"https:\/\/www.halifax-consulting.com\/nl\/training\/#breadcrumb","itemListElement":[{"@type":"ListItem","position":1,"name":"Accueil","item":"https:\/\/www.halifax-consulting.com\/nl\/"},{"@type":"ListItem","position":2,"name":"Training"}]},{"@type":"WebSite","@id":"https:\/\/www.halifax-consulting.com\/nl\/#website","url":"https:\/\/www.halifax-consulting.com\/nl\/","name":"Halifax Consulting \u2013 NL","description":"Un site utilisant Les sites de Halifax Consulting","publisher":{"@id":"https:\/\/www.halifax-consulting.com\/nl\/#organization"},"potentialAction":[{"@type":"SearchAction","target":{"@type":"EntryPoint","urlTemplate":"https:\/\/www.halifax-consulting.com\/nl\/?s={search_term_string}"},"query-input":"required name=search_term_string"}],"inLanguage":"nl"},{"@type":"Organization","@id":"https:\/\/www.halifax-consulting.com\/nl\/#organization","name":"Halifax Consulting","url":"https:\/\/www.halifax-consulting.com\/nl\/","logo":{"@type":"ImageObject","inLanguage":"nl","@id":"https:\/\/www.halifax-consulting.com\/nl\/#\/schema\/logo\/image\/","url":"https:\/\/www.halifax-consulting.com\/wp-content\/uploads\/2020\/06\/Halifax_logo_EN_Transp.png","contentUrl":"https:\/\/www.halifax-consulting.com\/wp-content\/uploads\/2020\/06\/Halifax_logo_EN_Transp.png","width":886,"height":886,"caption":"Halifax Consulting"},"image":{"@id":"https:\/\/www.halifax-consulting.com\/nl\/#\/schema\/logo\/image\/"}}]}},"_links":{"self":[{"href":"https:\/\/www.halifax-consulting.com\/nl\/wp-json\/wp\/v2\/pages\/545"}],"collection":[{"href":"https:\/\/www.halifax-consulting.com\/nl\/wp-json\/wp\/v2\/pages"}],"about":[{"href":"https:\/\/www.halifax-consulting.com\/nl\/wp-json\/wp\/v2\/types\/page"}],"author":[{"embeddable":true,"href":"https:\/\/www.halifax-consulting.com\/nl\/wp-json\/wp\/v2\/users\/17"}],"replies":[{"embeddable":true,"href":"https:\/\/www.halifax-consulting.com\/nl\/wp-json\/wp\/v2\/comments?post=545"}],"version-history":[{"count":3,"href":"https:\/\/www.halifax-consulting.com\/nl\/wp-json\/wp\/v2\/pages\/545\/revisions"}],"predecessor-version":[{"id":4698,"href":"https:\/\/www.halifax-consulting.com\/nl\/wp-json\/wp\/v2\/pages\/545\/revisions\/4698"}],"wp:featuredmedia":[{"embeddable":true,"href":"https:\/\/www.halifax-consulting.com\/nl\/wp-json\/wp\/v2\/media\/985"}],"wp:attachment":[{"href":"https:\/\/www.halifax-consulting.com\/nl\/wp-json\/wp\/v2\/media?parent=545"}],"wp:term":[{"taxonomy":"category","embeddable":true,"href":"https:\/\/www.halifax-consulting.com\/nl\/wp-json\/wp\/v2\/categories?post=545"}],"curies":[{"name":"wp","href":"https:\/\/api.w.org\/{rel}","templated":true}]}}