{"id":633,"date":"2020-02-17T15:39:46","date_gmt":"2020-02-17T14:39:46","guid":{"rendered":"https:\/\/www.halifax-consulting.com\/en\/?page_id=633"},"modified":"2024-04-23T16:25:33","modified_gmt":"2024-04-23T14:25:33","slug":"internationale-aanwezigheid","status":"publish","type":"page","link":"https:\/\/www.halifax-consulting.com\/nl\/over-ons\/internationale-aanwezigheid\/","title":{"rendered":"Een internationale aanwezigheid"},"content":{"rendered":"<section class=\"white py-6\">\n\t<div class=\"container\">\n\t\t<div class=\"row\">\n\t\t\t<div class=\"col-lg-12 col-md-12 col-sm-12\">\n\t\t\t\t<h2 class=\"text-center\">Een wereldwijde visie afgestemd op lokale behoeften<\/h2>\n\t\t\t<\/div>\n\t\t<\/div>\n\t\t\n\t\t<div class=\"row\">\n\t\t\t<div class=\"col-lg-12 col-md-12 col-sm-12\">\n\t\t\t\t<p>\n\t\t\t\t\t<p>Halifax Consulting werkt met klanten over de hele wereld. Onze vier internationale dochterondernemingen (Noord-Amerika, Latijns-Amerika, Azi&euml;, Europa, het Midden-Oosten &amp; Afrika) worden ondersteund door een sterk netwerk van exclusieve Halifax Consulting vertegenwoordigers (meer dan 15 distributeurs en franchises), waardoor we oplossingen en diensten in meer dan 15 talen kunnen aanbieden.<\/p>\t\t\t\t<\/p>\n\t\t\t\t\n\t\t\t<\/div>\n\n\t\t<\/div>\n\t<\/div>\n\t<\/section>\n\n<section class=\"navy py-6 bureaux\">\n\t<div class=\"container\">\n\t\t<div class=\"row\">\n\t\t\t<div class=\"col-lg-12 col-md-12 col-sm-12 p-6\">\n\t\t\t\t<div>\n\t\t\t\t\t<h2 class=\"text-center\">Our offices<\/h2>\n\t\t\t\t<\/div>\n\t\t\t<\/div>\n\t\t<\/div>\n\n\t\t<div class=\"row\">\n\t\t\t\t\t\t\t\t<div class=\"col-lg-2-4 col-md-3 col-sm-12\">\n\t\t\t\t<h4 class=\"region\"><i class=\"fas fa-map-marker-alt\"><\/i> Europe<\/h4>\n\n\t\t\t\t<div class=\"bureau\"><p><strong class=\"siege\">FRANCE &#8211; Hoofdkantoor<\/strong><br>Halifax Consulting<br>15, rue de Pontoise<br>78100 Saint Germain-en-Laye, France<br>Tel. : +33 (0) 1 30 61 81 91<br><a href=\"mailto:fra&#110;&#099;e&#064;&#104;&#097;l&#105;&#102;ax&#045;c&#111;&#110;s&#117;lt&#105;ng.co&#109;\" title=\"fra&#110;&#099;e&#064;&#104;&#097;l&#105;&#102;ax&#045;c&#111;&#110;s&#117;lt&#105;ng.co&#109;\">fra&#110;&#099;e&#064;&#104;&#097;l&#105;&#102;ax&#045;c&#111;&#110;s&#117;lt&#105;ng.co&#109;<\/a><\/p><\/div><div class=\"bureau\"><p><strong>ITALIE<\/strong><br>Via Pitagora 11<br>Rubano 35030 (PD), Italy<br><a href=\"mailto:i&#116;al&#121;&#064;h&#097;l&#105;fa&#120;&#045;consult&#105;ng&#046;&#099;om\" title=\"i&#116;al&#121;&#064;h&#097;l&#105;fa&#120;&#045;consult&#105;ng&#046;&#099;om\">i&#116;al&#121;&#064;h&#097;l&#105;fa&#120;&#045;consult&#105;ng&#046;&#099;om<\/a><\/p><\/div><div class=\"bureau\"><p><strong>ESPAGNE<\/strong><br>Calle Castell\u00f3, 24. Esc1. 5\u00b0C<br>28001 Madrid, Spain<br><a href=\"mailto:&#115;&#112;&#097;&#105;&#110;&#064;h&#097;&#108;&#105;&#102;&#097;&#120;-cons&#117;&#108;&#116;&#105;ng.&#099;&#111;&#109;\" title=\"&#115;&#112;&#097;&#105;&#110;&#064;h&#097;&#108;&#105;&#102;&#097;&#120;-cons&#117;&#108;&#116;&#105;ng.&#099;&#111;&#109;\">&#115;&#112;&#097;&#105;&#110;&#064;h&#097;&#108;&#105;&#102;&#097;&#120;-cons&#117;&#108;&#116;&#105;ng.&#099;&#111;&#109;<\/a><\/p><\/div><div class=\"bureau\"><p><strong>GR\u00c8CE<\/strong><br>3rd September str.<br>61 Athens 10433, Greece<br><a href=\"mailto:gr&#101;e&#099;e&#064;h&#097;l&#105;&#102;ax&#045;&#099;o&#110;&#115;u&#108;t&#105;&#110;&#103;&#046;c&#111;&#109;\" title=\"gr&#101;e&#099;e&#064;h&#097;l&#105;&#102;ax&#045;&#099;o&#110;&#115;u&#108;t&#105;&#110;&#103;&#046;c&#111;&#109;\">gr&#101;e&#099;e&#064;h&#097;l&#105;&#102;ax&#045;&#099;o&#110;&#115;u&#108;t&#105;&#110;&#103;&#046;c&#111;&#109;<\/a><\/p><\/div><div class=\"bureau\"><p><strong>BENELUX<\/strong><br>Ottergemsesteenweg Zuid 808\/550<br>9000 Ghent, Belgium<br><a href=\"mailto:&#099;&#111;&#110;&#116;&#097;&#099;&#116;&#064;&#104;al&#105;&#102;&#097;x-&#099;ons&#117;l&#116;&#105;ng.com\" title=\"&#099;&#111;&#110;&#116;&#097;&#099;&#116;&#064;&#104;al&#105;&#102;&#097;x-&#099;ons&#117;l&#116;&#105;ng.com\">&#099;&#111;&#110;&#116;&#097;&#099;&#116;&#064;&#104;al&#105;&#102;&#097;x-&#099;ons&#117;l&#116;&#105;ng.com<\/a><\/p><\/div>\t\t\t<\/div>\n\t\t\t\t\t\t\t\t<div class=\"col-lg-2-4 col-md-3 col-sm-12\">\n\t\t\t\t<h4 class=\"region\"><i class=\"fas fa-map-marker-alt\"><\/i> Asia<\/h4>\n\n\t\t\t\t<div class=\"bureau\"><p><strong class=\"siege\">SINGAPOUR &#8211; dochteronderneming<\/strong><br>541 Orchard Road,<br>#09-01 Liat Towers,<br>Singapore 238881<br><a href=\"mailto:a&#115;i&#097;&#064;h&#097;lifa&#120;&#045;c&#111;&#110;sult&#105;ng&#046;&#099;o&#109;\" title=\"a&#115;i&#097;&#064;h&#097;lifa&#120;&#045;c&#111;&#110;sult&#105;ng&#046;&#099;o&#109;\">a&#115;i&#097;&#064;h&#097;lifa&#120;&#045;c&#111;&#110;sult&#105;ng&#046;&#099;o&#109;<\/a><\/p><\/div><div class=\"bureau\"><p><strong>MALAISIE<\/strong><br>Halifax RERO<br>10th floor,<br>Plaza Sentral, Jalan Stesen Sentral 5,<br>50470 Kuala Lumpur, Malaysia<br><a href=\"mailto:&#097;&#115;i&#097;&#064;hal&#105;&#102;a&#120;-c&#111;n&#115;&#117;&#108;tin&#103;&#046;com\" title=\"&#097;&#115;i&#097;&#064;hal&#105;&#102;a&#120;-c&#111;n&#115;&#117;&#108;tin&#103;&#046;com\">&#097;&#115;i&#097;&#064;hal&#105;&#102;a&#120;-c&#111;n&#115;&#117;&#108;tin&#103;&#046;com<\/a><\/p><\/div><div class=\"bureau\"><p><strong>CHINE<\/strong><br>C\/O Nego Asia<br>4802, 48\/F Grand Gateway Tower Building II,<br>N\u00b0 3 Hongqiao Road, Xuhui District,<br>200030 Shanghai, China<br><a href=\"mailto:c&#104;&#105;n&#097;&#064;ha&#108;&#105;&#102;a&#120;-cons&#117;l&#116;in&#103;&#046;co&#109;\" title=\"c&#104;&#105;n&#097;&#064;ha&#108;&#105;&#102;a&#120;-cons&#117;l&#116;in&#103;&#046;co&#109;\">c&#104;&#105;n&#097;&#064;ha&#108;&#105;&#102;a&#120;-cons&#117;l&#116;in&#103;&#046;co&#109;<\/a><\/p><\/div><div class=\"bureau\"><p><strong>HONG KONG<\/strong><br>C\/O Nego Asia LTD HK<br>Unit B 3\/F Kai Wan HSE 146 Kung Choi<br>St Mongkok Kowloon Hong Kong<br><a href=\"mailto:&#099;&#104;&#105;n&#097;&#064;&#104;&#097;&#108;if&#097;&#120;&#045;&#099;o&#110;&#115;&#117;&#108;&#116;ing.&#099;&#111;&#109;\" title=\"&#099;&#104;&#105;n&#097;&#064;&#104;&#097;&#108;if&#097;&#120;&#045;&#099;o&#110;&#115;&#117;&#108;&#116;ing.&#099;&#111;&#109;\">&#099;&#104;&#105;n&#097;&#064;&#104;&#097;&#108;if&#097;&#120;&#045;&#099;o&#110;&#115;&#117;&#108;&#116;ing.&#099;&#111;&#109;<\/a><\/p><\/div>\t\t\t<\/div>\n\t\t\t\t\t\t\t\t<div class=\"col-lg-2-4 col-md-3 col-sm-12\">\n\t\t\t\t<h4 class=\"region\"><i class=\"fas fa-map-marker-alt\"><\/i> LATAM<\/h4>\n\n\t\t\t\t<div class=\"bureau\"><p><strong class=\"siege\">CHILI &#8211; dochteronderneming<\/strong><br>Roman Diaz 117<br>Providencia<br>Santiago de Chile, Chile<br><a href=\"mailto:l&#097;&#116;am&#064;&#104;&#097;lif&#097;&#120;-c&#111;&#110;&#115;u&#108;ti&#110;g.c&#111;&#109;\" title=\"l&#097;&#116;am&#064;&#104;&#097;lif&#097;&#120;-c&#111;&#110;&#115;u&#108;ti&#110;g.c&#111;&#109;\">l&#097;&#116;am&#064;&#104;&#097;lif&#097;&#120;-c&#111;&#110;&#115;u&#108;ti&#110;g.c&#111;&#109;<\/a><\/p><\/div><div class=\"bureau\"><p><strong>COLOMBIE<\/strong><br>Calle 27sur #27-21 Conjunto residencial Lyon<br>Loma del esmeralda, Envigado<br>Antioquia, Colombia<br><a href=\"mailto:&#108;at&#097;m&#064;h&#097;lif&#097;x-&#099;&#111;&#110;&#115;&#117;&#108;t&#105;ng&#046;com\" title=\"&#108;at&#097;m&#064;h&#097;lif&#097;x-&#099;&#111;&#110;&#115;&#117;&#108;t&#105;ng&#046;com\">&#108;at&#097;m&#064;h&#097;lif&#097;x-&#099;&#111;&#110;&#115;&#117;&#108;t&#105;ng&#046;com<\/a><\/p><\/div><div class=\"bureau\"><p><strong>MEXIQUE<\/strong><br>Rancho Mozota 60, colonia hacienda de Coyoac\u00e1n,<br>04970 Cuidad de Mexico, Mexico<br><a href=\"mailto:&#108;&#097;&#116;am&#064;h&#097;li&#102;ax&#045;&#099;&#111;nsul&#116;in&#103;&#046;&#099;o&#109;\" title=\"&#108;&#097;&#116;am&#064;h&#097;li&#102;ax&#045;&#099;&#111;nsul&#116;in&#103;&#046;&#099;o&#109;\">&#108;&#097;&#116;am&#064;h&#097;li&#102;ax&#045;&#099;&#111;nsul&#116;in&#103;&#046;&#099;o&#109;<\/a><\/p><\/div><div class=\"bureau\"><p><strong>ARGENTINE<\/strong><br>Nu\u00f1ez 2210, Piso 12.B.<br>Ciudad de Buenos Aires, Argentina<br><a href=\"mailto:&#108;ata&#109;&#064;&#104;alif&#097;&#120;&#045;c&#111;&#110;sult&#105;&#110;&#103;&#046;&#099;om\" title=\"&#108;ata&#109;&#064;&#104;alif&#097;&#120;&#045;c&#111;&#110;sult&#105;&#110;&#103;&#046;&#099;om\">&#108;ata&#109;&#064;&#104;alif&#097;&#120;&#045;c&#111;&#110;sult&#105;&#110;&#103;&#046;&#099;om<\/a><\/p><\/div>\t\t\t<\/div>\n\t\t\t\t\t\t\t\t<div class=\"col-lg-2-4 col-md-3 col-sm-12\">\n\t\t\t\t<h4 class=\"region\"><i class=\"fas fa-map-marker-alt\"><\/i> Canada \/ North America<\/h4>\n\n\t\t\t\t<div class=\"bureau\"><p><strong>QUEBEC<\/strong><br>600 Avenue Belv\u00e9d\u00e8re<br>Bureau C-101<br>Qu\u00e9bec, QC G1S 3E5<br>Canada<br><a href=\"mailto:&#110;&#111;rth&#097;&#109;&#064;h&#097;&#108;&#105;f&#097;x&#045;c&#111;&#110;s&#117;&#108;&#116;&#105;ng&#046;c&#111;m\" title=\"&#110;&#111;rth&#097;&#109;&#064;h&#097;&#108;&#105;f&#097;x&#045;c&#111;&#110;s&#117;&#108;&#116;&#105;ng&#046;c&#111;m\">&#110;&#111;rth&#097;&#109;&#064;h&#097;&#108;&#105;f&#097;x&#045;c&#111;&#110;s&#117;&#108;&#116;&#105;ng&#046;c&#111;m<\/a><\/p><\/div><div class=\"bureau\"><p><strong>TORONTO<\/strong><br>2006 Penetanguishene Rd.<br>Springwater, Ontario, L9X 0R4<br>Canada<br><a href=\"mailto:nor&#116;&#104;&#097;&#109;&#064;ha&#108;&#105;fax-&#099;&#111;ns&#117;&#108;tin&#103;.&#099;om\" title=\"nor&#116;&#104;&#097;&#109;&#064;ha&#108;&#105;fax-&#099;&#111;ns&#117;&#108;tin&#103;.&#099;om\">nor&#116;&#104;&#097;&#109;&#064;ha&#108;&#105;fax-&#099;&#111;ns&#117;&#108;tin&#103;.&#099;om<\/a><\/p><\/div>\t\t\t<\/div>\n\t\t\t\t\t\t\t\t<div class=\"col-lg-2-4 col-md-3 col-sm-12\">\n\t\t\t\t<h4 class=\"region\"><i class=\"fas fa-map-marker-alt\"><\/i> MEA<\/h4>\n\n\t\t\t\t<div class=\"bureau\"><p><strong class=\"siege\">MAROC &#8211; dochteronderneming<\/strong><br>1, rue Ait Baamrane<br>Mohamed V Office Center, Bureau n\u00b0807<br>Casablanca, Morocco<br><a href=\"mailto:mo&#114;occo&#064;&#104;&#097;&#108;&#105;&#102;&#097;&#120;&#045;c&#111;n&#115;&#117;&#108;ti&#110;&#103;&#046;c&#111;&#109;\" title=\"mo&#114;occo&#064;&#104;&#097;&#108;&#105;&#102;&#097;&#120;&#045;c&#111;n&#115;&#117;&#108;ti&#110;&#103;&#046;c&#111;&#109;\">mo&#114;occo&#064;&#104;&#097;&#108;&#105;&#102;&#097;&#120;&#045;c&#111;n&#115;&#117;&#108;ti&#110;&#103;&#046;c&#111;&#109;<\/a><\/p><\/div><div class=\"bureau\"><p><strong>TUNISIE<\/strong><br>76, Habib Bourguiba avenue<br>2080 Ariana, Tunisia<br><a href=\"mailto:t&#117;n&#105;s&#105;&#097;&#064;&#104;&#097;&#108;ifa&#120;&#045;&#099;o&#110;sult&#105;n&#103;&#046;&#099;o&#109;\" title=\"t&#117;n&#105;s&#105;&#097;&#064;&#104;&#097;&#108;ifa&#120;&#045;&#099;o&#110;sult&#105;n&#103;&#046;&#099;o&#109;\">t&#117;n&#105;s&#105;&#097;&#064;&#104;&#097;&#108;ifa&#120;&#045;&#099;o&#110;sult&#105;n&#103;&#046;&#099;o&#109;<\/a><\/p><\/div>\t\t\t<\/div>\n\t\t\t\t\t\t\t\t<div class=\"col-lg-2-4 col-md-3 col-sm-12\">\n\t\t\t\t<h4 class=\"region\"><i class=\"fas fa-map-marker-alt\"><\/i> OCEANIA<\/h4>\n\n\t\t\t\t<div class=\"bureau\"><p><strong>AUSTRALIE<\/strong><br>PO Box 8800<br>Middle Camberwell VIC 3124<br>Melbourne, Australia<br><a href=\"mailto:austral&#105;a&#064;hal&#105;&#102;ax&#045;&#099;&#111;&#110;&#115;&#117;lt&#105;&#110;g.&#099;&#111;&#109;\" title=\"austral&#105;a&#064;hal&#105;&#102;ax&#045;&#099;&#111;&#110;&#115;&#117;lt&#105;&#110;g.&#099;&#111;&#109;\">austral&#105;a&#064;hal&#105;&#102;ax&#045;&#099;&#111;&#110;&#115;&#117;lt&#105;&#110;g.&#099;&#111;&#109;<\/a><\/p><\/div>\t\t\t<\/div>\n\t\t\t\t<\/div>\n\t<\/div>\n<\/section>","protected":false},"excerpt":{"rendered":"","protected":false},"author":17,"featured_media":635,"parent":384,"menu_order":20,"comment_status":"closed","ping_status":"closed","template":"page-presenceinter.php","meta":[],"categories":[],"acf":[],"yoast_head":"<!-- This site is optimized with the Yoast SEO plugin v19.9 - https:\/\/yoast.com\/wordpress\/plugins\/seo\/ -->\n<title>An international presence - Halifax Consulting<\/title>\n<meta name=\"description\" content=\"Onze vier internationale vestigingen worden ondersteund door een sterk netwerk van exclusieve vertegenwoordigers van Halifax Consulting...\" \/>\n<link rel=\"canonical\" href=\"https:\/\/www.halifax-consulting.com\/nl\/over-ons\/internationale-aanwezigheid\/\" \/>\n<meta property=\"og:locale\" content=\"nl_NL\" \/>\n<meta property=\"og:type\" content=\"article\" \/>\n<meta property=\"og:title\" content=\"An international presence - Halifax Consulting\" \/>\n<meta property=\"og:description\" content=\"Onze vier internationale vestigingen worden ondersteund door een sterk netwerk van exclusieve vertegenwoordigers van Halifax Consulting...\" \/>\n<meta property=\"og:url\" content=\"https:\/\/www.halifax-consulting.com\/nl\/over-ons\/internationale-aanwezigheid\/\" \/>\n<meta property=\"og:site_name\" content=\"Halifax Consulting \u2013 NL\" \/>\n<meta property=\"article:modified_time\" content=\"2024-04-23T14:25:33+00:00\" \/>\n<meta property=\"og:image\" content=\"https:\/\/www.halifax-consulting.com\/nl\/wp-content\/uploads\/sites\/11\/2020\/02\/halifax-consulting-groupe-presence-internationale-1.jpg\" \/>\n\t<meta property=\"og:image:width\" content=\"1000\" \/>\n\t<meta property=\"og:image:height\" content=\"360\" \/>\n\t<meta property=\"og:image:type\" content=\"image\/jpeg\" \/>\n<meta name=\"twitter:card\" content=\"summary_large_image\" \/>\n<script type=\"application\/ld+json\" class=\"yoast-schema-graph\">{\"@context\":\"https:\/\/schema.org\",\"@graph\":[{\"@type\":\"WebPage\",\"@id\":\"https:\/\/www.halifax-consulting.com\/nl\/over-ons\/internationale-aanwezigheid\/\",\"url\":\"https:\/\/www.halifax-consulting.com\/nl\/over-ons\/internationale-aanwezigheid\/\",\"name\":\"An international presence - Halifax Consulting\",\"isPartOf\":{\"@id\":\"https:\/\/www.halifax-consulting.com\/nl\/#website\"},\"datePublished\":\"2020-02-17T14:39:46+00:00\",\"dateModified\":\"2024-04-23T14:25:33+00:00\",\"description\":\"Onze vier internationale vestigingen worden ondersteund door een sterk netwerk van exclusieve vertegenwoordigers van Halifax Consulting...\",\"breadcrumb\":{\"@id\":\"https:\/\/www.halifax-consulting.com\/nl\/over-ons\/internationale-aanwezigheid\/#breadcrumb\"},\"inLanguage\":\"nl\",\"potentialAction\":[{\"@type\":\"ReadAction\",\"target\":[\"https:\/\/www.halifax-consulting.com\/nl\/over-ons\/internationale-aanwezigheid\/\"]}]},{\"@type\":\"BreadcrumbList\",\"@id\":\"https:\/\/www.halifax-consulting.com\/nl\/over-ons\/internationale-aanwezigheid\/#breadcrumb\",\"itemListElement\":[{\"@type\":\"ListItem\",\"position\":1,\"name\":\"Accueil\",\"item\":\"https:\/\/www.halifax-consulting.com\/nl\/\"},{\"@type\":\"ListItem\",\"position\":2,\"name\":\"Over ons\",\"item\":\"https:\/\/www.halifax-consulting.com\/nl\/over-ons\/\"},{\"@type\":\"ListItem\",\"position\":3,\"name\":\"Een internationale aanwezigheid\"}]},{\"@type\":\"WebSite\",\"@id\":\"https:\/\/www.halifax-consulting.com\/nl\/#website\",\"url\":\"https:\/\/www.halifax-consulting.com\/nl\/\",\"name\":\"Halifax Consulting \u2013 NL\",\"description\":\"Un site utilisant Les sites de Halifax Consulting\",\"publisher\":{\"@id\":\"https:\/\/www.halifax-consulting.com\/nl\/#organization\"},\"potentialAction\":[{\"@type\":\"SearchAction\",\"target\":{\"@type\":\"EntryPoint\",\"urlTemplate\":\"https:\/\/www.halifax-consulting.com\/nl\/?s={search_term_string}\"},\"query-input\":\"required name=search_term_string\"}],\"inLanguage\":\"nl\"},{\"@type\":\"Organization\",\"@id\":\"https:\/\/www.halifax-consulting.com\/nl\/#organization\",\"name\":\"Halifax Consulting\",\"url\":\"https:\/\/www.halifax-consulting.com\/nl\/\",\"logo\":{\"@type\":\"ImageObject\",\"inLanguage\":\"nl\",\"@id\":\"https:\/\/www.halifax-consulting.com\/nl\/#\/schema\/logo\/image\/\",\"url\":\"https:\/\/www.halifax-consulting.com\/wp-content\/uploads\/2020\/06\/Halifax_logo_EN_Transp.png\",\"contentUrl\":\"https:\/\/www.halifax-consulting.com\/wp-content\/uploads\/2020\/06\/Halifax_logo_EN_Transp.png\",\"width\":886,\"height\":886,\"caption\":\"Halifax Consulting\"},\"image\":{\"@id\":\"https:\/\/www.halifax-consulting.com\/nl\/#\/schema\/logo\/image\/\"}}]}<\/script>\n<!-- \/ Yoast SEO plugin. -->","yoast_head_json":{"title":"An international presence - Halifax Consulting","description":"Onze vier internationale vestigingen worden ondersteund door een sterk netwerk van exclusieve vertegenwoordigers van Halifax Consulting...","canonical":"https:\/\/www.halifax-consulting.com\/nl\/over-ons\/internationale-aanwezigheid\/","og_locale":"nl_NL","og_type":"article","og_title":"An international presence - Halifax Consulting","og_description":"Onze vier internationale vestigingen worden ondersteund door een sterk netwerk van exclusieve vertegenwoordigers van Halifax Consulting...","og_url":"https:\/\/www.halifax-consulting.com\/nl\/over-ons\/internationale-aanwezigheid\/","og_site_name":"Halifax Consulting \u2013 NL","article_modified_time":"2024-04-23T14:25:33+00:00","og_image":[{"width":1000,"height":360,"url":"https:\/\/www.halifax-consulting.com\/nl\/wp-content\/uploads\/sites\/11\/2020\/02\/halifax-consulting-groupe-presence-internationale-1.jpg","type":"image\/jpeg"}],"twitter_card":"summary_large_image","schema":{"@context":"https:\/\/schema.org","@graph":[{"@type":"WebPage","@id":"https:\/\/www.halifax-consulting.com\/nl\/over-ons\/internationale-aanwezigheid\/","url":"https:\/\/www.halifax-consulting.com\/nl\/over-ons\/internationale-aanwezigheid\/","name":"An international presence - Halifax Consulting","isPartOf":{"@id":"https:\/\/www.halifax-consulting.com\/nl\/#website"},"datePublished":"2020-02-17T14:39:46+00:00","dateModified":"2024-04-23T14:25:33+00:00","description":"Onze vier internationale vestigingen worden ondersteund door een sterk netwerk van exclusieve vertegenwoordigers van Halifax Consulting...","breadcrumb":{"@id":"https:\/\/www.halifax-consulting.com\/nl\/over-ons\/internationale-aanwezigheid\/#breadcrumb"},"inLanguage":"nl","potentialAction":[{"@type":"ReadAction","target":["https:\/\/www.halifax-consulting.com\/nl\/over-ons\/internationale-aanwezigheid\/"]}]},{"@type":"BreadcrumbList","@id":"https:\/\/www.halifax-consulting.com\/nl\/over-ons\/internationale-aanwezigheid\/#breadcrumb","itemListElement":[{"@type":"ListItem","position":1,"name":"Accueil","item":"https:\/\/www.halifax-consulting.com\/nl\/"},{"@type":"ListItem","position":2,"name":"Over ons","item":"https:\/\/www.halifax-consulting.com\/nl\/over-ons\/"},{"@type":"ListItem","position":3,"name":"Een internationale aanwezigheid"}]},{"@type":"WebSite","@id":"https:\/\/www.halifax-consulting.com\/nl\/#website","url":"https:\/\/www.halifax-consulting.com\/nl\/","name":"Halifax Consulting \u2013 NL","description":"Un site utilisant Les sites de Halifax Consulting","publisher":{"@id":"https:\/\/www.halifax-consulting.com\/nl\/#organization"},"potentialAction":[{"@type":"SearchAction","target":{"@type":"EntryPoint","urlTemplate":"https:\/\/www.halifax-consulting.com\/nl\/?s={search_term_string}"},"query-input":"required name=search_term_string"}],"inLanguage":"nl"},{"@type":"Organization","@id":"https:\/\/www.halifax-consulting.com\/nl\/#organization","name":"Halifax Consulting","url":"https:\/\/www.halifax-consulting.com\/nl\/","logo":{"@type":"ImageObject","inLanguage":"nl","@id":"https:\/\/www.halifax-consulting.com\/nl\/#\/schema\/logo\/image\/","url":"https:\/\/www.halifax-consulting.com\/wp-content\/uploads\/2020\/06\/Halifax_logo_EN_Transp.png","contentUrl":"https:\/\/www.halifax-consulting.com\/wp-content\/uploads\/2020\/06\/Halifax_logo_EN_Transp.png","width":886,"height":886,"caption":"Halifax Consulting"},"image":{"@id":"https:\/\/www.halifax-consulting.com\/nl\/#\/schema\/logo\/image\/"}}]}},"_links":{"self":[{"href":"https:\/\/www.halifax-consulting.com\/nl\/wp-json\/wp\/v2\/pages\/633"}],"collection":[{"href":"https:\/\/www.halifax-consulting.com\/nl\/wp-json\/wp\/v2\/pages"}],"about":[{"href":"https:\/\/www.halifax-consulting.com\/nl\/wp-json\/wp\/v2\/types\/page"}],"author":[{"embeddable":true,"href":"https:\/\/www.halifax-consulting.com\/nl\/wp-json\/wp\/v2\/users\/17"}],"replies":[{"embeddable":true,"href":"https:\/\/www.halifax-consulting.com\/nl\/wp-json\/wp\/v2\/comments?post=633"}],"version-history":[{"count":2,"href":"https:\/\/www.halifax-consulting.com\/nl\/wp-json\/wp\/v2\/pages\/633\/revisions"}],"predecessor-version":[{"id":3585,"href":"https:\/\/www.halifax-consulting.com\/nl\/wp-json\/wp\/v2\/pages\/633\/revisions\/3585"}],"up":[{"embeddable":true,"href":"https:\/\/www.halifax-consulting.com\/nl\/wp-json\/wp\/v2\/pages\/384"}],"wp:featuredmedia":[{"embeddable":true,"href":"https:\/\/www.halifax-consulting.com\/nl\/wp-json\/wp\/v2\/media\/635"}],"wp:attachment":[{"href":"https:\/\/www.halifax-consulting.com\/nl\/wp-json\/wp\/v2\/media?parent=633"}],"wp:term":[{"taxonomy":"category","embeddable":true,"href":"https:\/\/www.halifax-consulting.com\/nl\/wp-json\/wp\/v2\/categories?post=633"}],"curies":[{"name":"wp","href":"https:\/\/api.w.org\/{rel}","templated":true}]}}