{"id":120,"date":"2019-12-19T22:00:07","date_gmt":"2019-12-19T21:00:07","guid":{"rendered":"https:\/\/www.halifax-consulting.com\/?page_id=120"},"modified":"2025-05-21T11:36:27","modified_gmt":"2025-05-21T09:36:27","slug":"evaluacion-equipo-ventas-gerentes","status":"publish","type":"page","link":"https:\/\/www.halifax-consulting.com\/splat\/consultoria\/evaluacion-equipo-ventas-gerentes\/","title":{"rendered":"Evaluaci\u00f3n del equipo de ventas y gerentes"},"content":{"rendered":"<div class=\"container\">\n\t<div class=\"row\">\n\t\t<div class=\"col-lg-12 col-md-12 col-sm-12\">\n\t\t\t<h2 class=\"intro\">\n\t\t\t\t<strong class=\"intro-h2 d-block\">Le ayudamos a identificar el talento de ventas adecuado para su empresa<\/strong>\n\t\t\t\t<p>Cuando incorpora equipos de venta, con el fin de optimizar el departamento y aprovechar al m&aacute;ximo sus habilidades,&nbsp;<strong>puede ser de gran utilidad realizar una evaluaci&oacute;n objetiva y profunda de los perfiles y habilidades de los representantes de venta y los gerentes<\/strong>. Nos basamos en un amplio conocimiento del arte de las ventas para ofrecer un enfoque multifac&eacute;tico, basando nuestras evaluaciones en&nbsp;<strong>3 ejes complementarios:<\/strong><\/p>\n<ul>\n<li>Prueba psicom&eacute;trica&nbsp;<a href=\"https:\/\/atmanco.com\/\"><strong>ATMAN<\/strong><\/a>, desarrollada en colaboraci&oacute;n con la Universidad de Montreal, para medir el potencial y los perfiles de los vendedores.<\/li>\n<li>Una plataforma de autoevaluaci&oacute;n de habilidades, que puede adaptarse a los perfiles espec&iacute;ficos de sus equipos de ventas, para determinar las percepciones individuales en relaci&oacute;n con las capacidades requeridas.<\/li>\n<li>Una variedad de juegos de rol y casos de negocios que nos permiten observar habilidades efectivas puestas en acci&oacute;n.<\/li>\n<\/ul>\n<p>Tambi&eacute;n hacemos el ejercicio de dar&nbsp;<strong>una devoluci&oacute;n a cada representante evaluado<\/strong>, lo que siempre resulta en una experiencia esclarecedora para todos los involucrados.<\/p>\t\t\t<\/h2>\n\t\t<\/div>\n\t<\/div>\n<\/div>\n\n\n<section class=\"light block-benefits-4 py-6\">\n\t<div class=\"container\">\n\t\t<div class=\"row\">\n\t\t\t<div class=\"col-lg-12 col-md-12 col-sm-12\">\n\t\t\t\t<h2 class=\"text-center\">\n\t\t\t\t\tLA EVALUACI\u00d3N POR HALIFAX CONSULTING\t\t\t\t\t<span class=\"h2-subtitle\"><\/span>\n\t\t\t\t\t\n\t\t\t\t\t\n\t\t\t\t<\/h2>\n\t\t\t<\/div>\n\t\t<\/div>\n\t\t<div class=\"row\">\n\t\t\t\t\n\t\t\t\t\t\n\t\t\t\t\t<div class=\"col-lg-6 col-md-6 col-sm-12 mb-4\">\n\t\t\t\t\t\t<div class=\"row\">\n\t\t\t\t\t\t\t<div class=\"col-lg-2 col-sm-3 col-sm-12\">\n\t\t\t\t\t\t\t\t<img decoding=\"async\" class=\"fadeIn\" src=\"https:\/\/www.halifax-consulting.com\/splat\/wp-content\/themes\/halifax\/library\/img\/halifax-consulting-benefits-icon.svg\" alt=\"icone benefices\" width=\"100%\" \/>\n\t\t\t\t\t\t\t<\/div>\n\t\t\t\t\t\t\t<div class=\"col-lg-10 col-sm-9 col-sm-12 fadeIn\">\n\t\t\t\t\t\t\t\t<h3 class=\"benef-title\">Triple enfoque<\/h3>\n\t\t\t\t\t\t\t\t<p class=\"benef-content\">Los perfiles individuales de venta de cada persona son multifac\u00e9ticos y dif\u00edciles de definir. Nosotros utilizamos un enfoque de tres partes basado en pruebas psicom\u00e9tricas, observaci\u00f3n de habilidades, y autoevaluaci\u00f3n, para delinear un perfil detallado de cada vendedor y sus necesidades de desarrollo.<br>\n\t\t\t\t\t\t\t\t\t\t\t\t\t\t\t\t\t<\/p>\n\t\t\t\t\t\t\t<\/div>\n\t\t\t\t\t\t<\/div>\n\t\t\t\t\t<\/div>\n\t\t\t\t\t\n\t\t\t\t\t\t\n\t\t\t\t\t\n\t\t\t\t\t<div class=\"col-lg-6 col-md-6 col-sm-12 mb-4\">\n\t\t\t\t\t\t<div class=\"row\">\n\t\t\t\t\t\t\t<div class=\"col-lg-2 col-sm-3 col-sm-12\">\n\t\t\t\t\t\t\t\t<img decoding=\"async\" class=\"fadeIn\" src=\"https:\/\/www.halifax-consulting.com\/splat\/wp-content\/themes\/halifax\/library\/img\/halifax-consulting-benefits-icon.svg\" alt=\"icone benefices\" width=\"100%\" \/>\n\t\t\t\t\t\t\t<\/div>\n\t\t\t\t\t\t\t<div class=\"col-lg-10 col-sm-9 col-sm-12 fadeIn\">\n\t\t\t\t\t\t\t\t<h3 class=\"benef-title\">Experiencia en la pr\u00e1ctica<\/h3>\n\t\t\t\t\t\t\t\t<p class=\"benef-content\">Nuestros m\u00e9todos de evaluaci\u00f3n son hechos a medida para perfilar equipos de venta y gerentes. Los resultados de las pruebas son revisados por consultores especialistas de amplia experiencia ejecutiva en terreno.<br>\n\t\t\t\t\t\t\t\t\t\t\t\t\t\t\t\t\t<\/p>\n\t\t\t\t\t\t\t<\/div>\n\t\t\t\t\t\t<\/div>\n\t\t\t\t\t<\/div>\n\t\t\t\t\t\n\t\t\t\t\t\t\n\t\t\t\t\t\n\t\t\t\t\t<div class=\"col-lg-6 col-md-6 col-sm-12 mb-4\">\n\t\t\t\t\t\t<div class=\"row\">\n\t\t\t\t\t\t\t<div class=\"col-lg-2 col-sm-3 col-sm-12\">\n\t\t\t\t\t\t\t\t<img decoding=\"async\" class=\"fadeIn\" src=\"https:\/\/www.halifax-consulting.com\/splat\/wp-content\/themes\/halifax\/library\/img\/halifax-consulting-benefits-icon.svg\" alt=\"icone benefices\" width=\"100%\" \/>\n\t\t\t\t\t\t\t<\/div>\n\t\t\t\t\t\t\t<div class=\"col-lg-10 col-sm-9 col-sm-12 fadeIn\">\n\t\t\t\t\t\t\t\t<h3 class=\"benef-title\">100% a distancia<\/h3>\n\t\t\t\t\t\t\t\t<p class=\"benef-content\">Nuestras pruebas psicom\u00e9tricas y autoevaluaciones pueden ser realizadas \u00edntegramente de manera remota, utilizando juegos de roles y an\u00e1lisis de casos de negocios v\u00eda online, por tel\u00e9fono o a trav\u00e9s de videoconferencia.<br>\n\t\t\t\t\t\t\t\t\t\t\t\t\t\t\t\t\t<\/p>\n\t\t\t\t\t\t\t<\/div>\n\t\t\t\t\t\t<\/div>\n\t\t\t\t\t<\/div>\n\t\t\t\t\t\n\t\t\t\t\t\t\n\t\t\t\t\t\n\t\t\t\t\t<div class=\"col-lg-6 col-md-6 col-sm-12 mb-4\">\n\t\t\t\t\t\t<div class=\"row\">\n\t\t\t\t\t\t\t<div class=\"col-lg-2 col-sm-3 col-sm-12\">\n\t\t\t\t\t\t\t\t<img decoding=\"async\" class=\"fadeIn\" src=\"https:\/\/www.halifax-consulting.com\/splat\/wp-content\/themes\/halifax\/library\/img\/halifax-consulting-benefits-icon.svg\" alt=\"icone benefices\" width=\"100%\" \/>\n\t\t\t\t\t\t\t<\/div>\n\t\t\t\t\t\t\t<div class=\"col-lg-10 col-sm-9 col-sm-12 fadeIn\">\n\t\t\t\t\t\t\t\t<h3 class=\"benef-title\">Hecho a medida<\/h3>\n\t\t\t\t\t\t\t\t<p class=\"benef-content\">Combinamos nuestra experiencia en ventas con otros recursos de vanguardia, incluyendo ajustes puntuales para el tipo de trabajo, pruebas psicom\u00e9tricas, autoevaluaciones y juegos de roles personalizados, para generar evaluaciones precisas con personas de distintos perfiles espec\u00edficos.<br>\n\t\t\t\t\t\t\t\t\t\t\t\t\t\t\t\t\t<\/p>\n\t\t\t\t\t\t\t<\/div>\n\t\t\t\t\t\t<\/div>\n\t\t\t\t\t<\/div>\n\t\t\t\t\t\n\t\t\t\t\t\t\t\t\n\t\t<\/div>\n\t<\/div>\n<\/section>\n\n<section class=\"block_texte_cta\">\n\t<div class=\"container\">\n\t\t<div class=\"row\">\n\t\t\n\t\t\t<div class=\"col-lg-6 col-md-6 col-sm-12 block_texte_cta--contenu\">\n\t\t\t\t\n\t\t\t\t\u00bfDesea saber m\u00e1s sobre nuestras soluciones de evaluaci\u00f3n para vendedores y jefes de ventas?\t\t\t\t\n\t\t\t<\/div>\n\t\t\t<div class=\"col-lg-6 col-md-6 col-sm-12 block_texte_cta--bouton\">\n\t\t\t\t\n\t\t\t\t<a class=\"btn\" href=\"https:\/\/forms.zohopublic.com\/andernagroup\/form\/latamcontact\/formperma\/r3B8xqOZp-6Yu8rYInpOobKbuXm7rLYh6hpDTVNxWK0\" title=\"Cont\u00e1ctenos\">Cont\u00e1ctenos<\/a>\n\t\t\t\t\n\t\t\t<\/div>\n\t\t\n\t\t<\/div>\n\t<\/div>\n\t\n<\/section>\n\n<section class=\"success-single grey\">\n\t<div class=\"container-fluid\">\n\t\t<div class=\"row\">\n\t\t\t\t\t\t\t \n\t\t\t\t\t\t\t\t\t\t\n\t\t\t\t\t\t\t\t\t\t<div class=\"col-lg-7 col-md-6 col-sm-12 p-6\">\n\t\t\t\t\t\t<div>\n\t\t\t\t\t\t\t<h3>Historias de \u00c9xito: Renault-Nissan-Mitsubishi<\/h3>\n\t\t\t\t\t\t\t<p>Renault-Nissan buscaba apoyar el crecimiento de las ventas B2B dentro del grupo, especialmente con cuentas clave, las cuales son manejadas por equipos de venta de flota dedicados.<\/p>\n\t\t\t\t\t\t\t<p>\n\t\t\t\t\t\t\t\t<a href=\"https:\/\/www.halifax-consulting.com\/splat\/historias-exito\/renault-nissan-mitsubishi\/\" class=\"btn btn-hx btn-hx-ducky\">Siga leyendo<\/a>\n\t\t\t\t\t\t\t<\/p>\n\t\t\t\t\t\t<\/div>\n\t\t\t\t\t<\/div>\n\t\t\t\t\t<div class=\"col-lg-5 col-md-6 col-sm-12 p-0\">\n\t\t\t\t\t\t\t<figure class=\"\">\n<!-- \t\t\t\t\t\t\t\t<img decoding=\"async\" src=\"https:\/\/www.halifax-consulting.com\/splat\/wp-content\/uploads\/sites\/5\/2019\/12\/halifax-consulting-success-stories-renault.jpg\" alt=\"image success-story\" \/> -->\n\t\t\t\t\t\t\t\t<img decoding=\"async\" loading=\"lazy\" src=\"https:\/\/www.halifax-consulting.com\/splat\/wp-content\/uploads\/sites\/5\/2019\/12\/halifax-consulting-success-stories-renault.jpg\" alt=\"Auto Renault Nissan Mitsubishi, cliente de Halifax Consulting, especialista en formaci\u00f3n en t\u00e9cnicas de venta, negociaci\u00f3n y gesti\u00f3n de cuentas clave\" width=\"100%\" height=\"\" >\t\t\t\t\t\t\t<\/figure>\n\t\t\t\t\t<\/div>\n\t\t\t\t\t\t\t\t\t<\/div>\n\t<\/div>\n<\/section>\n","protected":false},"excerpt":{"rendered":"<p>Le ayudamos a seleccionar el talento de venta adecuado para su empresa<\/p>\n","protected":false},"author":1,"featured_media":4099,"parent":543,"menu_order":10,"comment_status":"closed","ping_status":"closed","template":"","meta":[],"categories":[],"acf":[],"yoast_head":"<!-- This site is optimized with the Yoast SEO plugin v19.9 - https:\/\/yoast.com\/wordpress\/plugins\/seo\/ -->\n<title>Evaluaci\u00f3n del equipo de ventas y gerentes - Halifax Consulting<\/title>\n<meta name=\"description\" content=\"Puede ser de gran utilidad realizar una evaluaci\u00f3n objetiva y profunda de los perfiles y habilidades de los representantes de venta...\" \/>\n<link rel=\"canonical\" href=\"https:\/\/www.halifax-consulting.com\/splat\/consultoria\/evaluacion-equipo-ventas-gerentes\/\" \/>\n<meta property=\"og:locale\" content=\"es_ES\" \/>\n<meta property=\"og:type\" content=\"article\" \/>\n<meta property=\"og:title\" content=\"Evaluaci\u00f3n del equipo de ventas y gerentes - Halifax Consulting\" \/>\n<meta property=\"og:description\" content=\"Puede ser de gran utilidad realizar una evaluaci\u00f3n objetiva y profunda de los perfiles y habilidades de los representantes de venta...\" \/>\n<meta property=\"og:url\" content=\"https:\/\/www.halifax-consulting.com\/splat\/consultoria\/evaluacion-equipo-ventas-gerentes\/\" \/>\n<meta property=\"og:site_name\" content=\"Halifax Consulting \u2013 LATAM\" \/>\n<meta property=\"article:modified_time\" content=\"2025-05-21T09:36:27+00:00\" \/>\n<meta property=\"og:image\" content=\"https:\/\/www.halifax-consulting.com\/splat\/wp-content\/uploads\/sites\/5\/2023\/03\/visuel-bandeaux-autres-formations_asessment-atman.png\" \/>\n\t<meta property=\"og:image:width\" content=\"8809\" \/>\n\t<meta property=\"og:image:height\" content=\"1621\" \/>\n\t<meta property=\"og:image:type\" content=\"image\/png\" \/>\n<meta name=\"twitter:card\" content=\"summary_large_image\" \/>\n<script type=\"application\/ld+json\" class=\"yoast-schema-graph\">{\"@context\":\"https:\/\/schema.org\",\"@graph\":[{\"@type\":\"WebPage\",\"@id\":\"https:\/\/www.halifax-consulting.com\/splat\/consultoria\/evaluacion-equipo-ventas-gerentes\/\",\"url\":\"https:\/\/www.halifax-consulting.com\/splat\/consultoria\/evaluacion-equipo-ventas-gerentes\/\",\"name\":\"Evaluaci\u00f3n del equipo de ventas y gerentes - Halifax Consulting\",\"isPartOf\":{\"@id\":\"https:\/\/www.halifax-consulting.com\/splat\/#website\"},\"datePublished\":\"2019-12-19T21:00:07+00:00\",\"dateModified\":\"2025-05-21T09:36:27+00:00\",\"description\":\"Puede ser de gran utilidad realizar una evaluaci\u00f3n objetiva y profunda de los perfiles y habilidades de los representantes de venta...\",\"breadcrumb\":{\"@id\":\"https:\/\/www.halifax-consulting.com\/splat\/consultoria\/evaluacion-equipo-ventas-gerentes\/#breadcrumb\"},\"inLanguage\":\"es-AR\",\"potentialAction\":[{\"@type\":\"ReadAction\",\"target\":[\"https:\/\/www.halifax-consulting.com\/splat\/consultoria\/evaluacion-equipo-ventas-gerentes\/\"]}]},{\"@type\":\"BreadcrumbList\",\"@id\":\"https:\/\/www.halifax-consulting.com\/splat\/consultoria\/evaluacion-equipo-ventas-gerentes\/#breadcrumb\",\"itemListElement\":[{\"@type\":\"ListItem\",\"position\":1,\"name\":\"Accueil\",\"item\":\"https:\/\/www.halifax-consulting.com\/splat\/\"},{\"@type\":\"ListItem\",\"position\":2,\"name\":\"Consultor\u00eda\",\"item\":\"https:\/\/www.halifax-consulting.com\/splat\/consultoria\/\"},{\"@type\":\"ListItem\",\"position\":3,\"name\":\"Evaluaci\u00f3n del equipo de ventas y gerentes\"}]},{\"@type\":\"WebSite\",\"@id\":\"https:\/\/www.halifax-consulting.com\/splat\/#website\",\"url\":\"https:\/\/www.halifax-consulting.com\/splat\/\",\"name\":\"Halifax Consulting \u2013 LATAM\",\"description\":\"Halifax Consulting est un cabinet de conseil en performance commerciale sp\u00e9cialis\u00e9 dans la formation des \u00e9quipes et managers\",\"potentialAction\":[{\"@type\":\"SearchAction\",\"target\":{\"@type\":\"EntryPoint\",\"urlTemplate\":\"https:\/\/www.halifax-consulting.com\/splat\/?s={search_term_string}\"},\"query-input\":\"required name=search_term_string\"}],\"inLanguage\":\"es-AR\"}]}<\/script>\n<!-- \/ Yoast SEO plugin. -->","yoast_head_json":{"title":"Evaluaci\u00f3n del equipo de ventas y gerentes - Halifax Consulting","description":"Puede ser de gran utilidad realizar una evaluaci\u00f3n objetiva y profunda de los perfiles y habilidades de los representantes de venta...","canonical":"https:\/\/www.halifax-consulting.com\/splat\/consultoria\/evaluacion-equipo-ventas-gerentes\/","og_locale":"es_ES","og_type":"article","og_title":"Evaluaci\u00f3n del equipo de ventas y gerentes - Halifax Consulting","og_description":"Puede ser de gran utilidad realizar una evaluaci\u00f3n objetiva y profunda de los perfiles y habilidades de los representantes de venta...","og_url":"https:\/\/www.halifax-consulting.com\/splat\/consultoria\/evaluacion-equipo-ventas-gerentes\/","og_site_name":"Halifax Consulting \u2013 LATAM","article_modified_time":"2025-05-21T09:36:27+00:00","og_image":[{"width":8809,"height":1621,"url":"https:\/\/www.halifax-consulting.com\/splat\/wp-content\/uploads\/sites\/5\/2023\/03\/visuel-bandeaux-autres-formations_asessment-atman.png","type":"image\/png"}],"twitter_card":"summary_large_image","schema":{"@context":"https:\/\/schema.org","@graph":[{"@type":"WebPage","@id":"https:\/\/www.halifax-consulting.com\/splat\/consultoria\/evaluacion-equipo-ventas-gerentes\/","url":"https:\/\/www.halifax-consulting.com\/splat\/consultoria\/evaluacion-equipo-ventas-gerentes\/","name":"Evaluaci\u00f3n del equipo de ventas y gerentes - Halifax Consulting","isPartOf":{"@id":"https:\/\/www.halifax-consulting.com\/splat\/#website"},"datePublished":"2019-12-19T21:00:07+00:00","dateModified":"2025-05-21T09:36:27+00:00","description":"Puede ser de gran utilidad realizar una evaluaci\u00f3n objetiva y profunda de los perfiles y habilidades de los representantes de venta...","breadcrumb":{"@id":"https:\/\/www.halifax-consulting.com\/splat\/consultoria\/evaluacion-equipo-ventas-gerentes\/#breadcrumb"},"inLanguage":"es-AR","potentialAction":[{"@type":"ReadAction","target":["https:\/\/www.halifax-consulting.com\/splat\/consultoria\/evaluacion-equipo-ventas-gerentes\/"]}]},{"@type":"BreadcrumbList","@id":"https:\/\/www.halifax-consulting.com\/splat\/consultoria\/evaluacion-equipo-ventas-gerentes\/#breadcrumb","itemListElement":[{"@type":"ListItem","position":1,"name":"Accueil","item":"https:\/\/www.halifax-consulting.com\/splat\/"},{"@type":"ListItem","position":2,"name":"Consultor\u00eda","item":"https:\/\/www.halifax-consulting.com\/splat\/consultoria\/"},{"@type":"ListItem","position":3,"name":"Evaluaci\u00f3n del equipo de ventas y gerentes"}]},{"@type":"WebSite","@id":"https:\/\/www.halifax-consulting.com\/splat\/#website","url":"https:\/\/www.halifax-consulting.com\/splat\/","name":"Halifax Consulting \u2013 LATAM","description":"Halifax Consulting est un cabinet de conseil en performance commerciale sp\u00e9cialis\u00e9 dans la formation des \u00e9quipes et managers","potentialAction":[{"@type":"SearchAction","target":{"@type":"EntryPoint","urlTemplate":"https:\/\/www.halifax-consulting.com\/splat\/?s={search_term_string}"},"query-input":"required name=search_term_string"}],"inLanguage":"es-AR"}]}},"_links":{"self":[{"href":"https:\/\/www.halifax-consulting.com\/splat\/wp-json\/wp\/v2\/pages\/120"}],"collection":[{"href":"https:\/\/www.halifax-consulting.com\/splat\/wp-json\/wp\/v2\/pages"}],"about":[{"href":"https:\/\/www.halifax-consulting.com\/splat\/wp-json\/wp\/v2\/types\/page"}],"author":[{"embeddable":true,"href":"https:\/\/www.halifax-consulting.com\/splat\/wp-json\/wp\/v2\/users\/1"}],"replies":[{"embeddable":true,"href":"https:\/\/www.halifax-consulting.com\/splat\/wp-json\/wp\/v2\/comments?post=120"}],"version-history":[{"count":23,"href":"https:\/\/www.halifax-consulting.com\/splat\/wp-json\/wp\/v2\/pages\/120\/revisions"}],"predecessor-version":[{"id":5099,"href":"https:\/\/www.halifax-consulting.com\/splat\/wp-json\/wp\/v2\/pages\/120\/revisions\/5099"}],"up":[{"embeddable":true,"href":"https:\/\/www.halifax-consulting.com\/splat\/wp-json\/wp\/v2\/pages\/543"}],"wp:featuredmedia":[{"embeddable":true,"href":"https:\/\/www.halifax-consulting.com\/splat\/wp-json\/wp\/v2\/media\/4099"}],"wp:attachment":[{"href":"https:\/\/www.halifax-consulting.com\/splat\/wp-json\/wp\/v2\/media?parent=120"}],"wp:term":[{"taxonomy":"category","embeddable":true,"href":"https:\/\/www.halifax-consulting.com\/splat\/wp-json\/wp\/v2\/categories?post=120"}],"curies":[{"name":"wp","href":"https:\/\/api.w.org\/{rel}","templated":true}]}}