{"id":124,"date":"2019-12-19T22:01:54","date_gmt":"2019-12-19T21:01:54","guid":{"rendered":"https:\/\/www.halifax-consulting.com\/?page_id=124"},"modified":"2025-05-21T11:36:44","modified_gmt":"2025-05-21T09:36:44","slug":"salesuniversity","status":"publish","type":"page","link":"https:\/\/www.halifax-consulting.com\/splat\/consultoria\/salesuniversity\/","title":{"rendered":"Sales University"},"content":{"rendered":"<div class=\"container\">\n\t<div class=\"row\">\n\t\t<div class=\"col-lg-12 col-md-12 col-sm-12\">\n\t\t\t<h2 class=\"intro\">\n\t\t\t\t<strong class=\"intro-h2 d-block\">Le ayudamos a crear o transformar su escuela de ventas<\/strong>\n\t\t\t\t<p>Las necesidades de desarrollo de las competencias de sus vendedores son m&uacute;ltiples y afectan tanto a los conocimientos comerciales como a sus procesos internos. Conocimientos conductuales y metodol&oacute;gicos, pero tambi&eacute;n las habilidades blandas y la postura de sus vendedores. Por estas razones, muchos de nuestros clientes invierten en la creaci&oacute;n de su propia escuela de ventas o &ldquo;universidad de ventas&rdquo; en entornos internacionales y nos piden ayuda.<\/p>\n<p>Nuestra experiencia de m&aacute;s de 20 a&ntilde;os en el coaching y la formaci&oacute;n de fuerzas de venta, ademas en las tecnolog&iacute;as de aprendizaje, nos permite orientarle en sus necesidades y expectativas para que pueda ser plenamente operativo y aut&oacute;nomo en las formaciones que desee poner en marcha en su empresa.<\/p>\t\t\t<\/h2>\n\t\t<\/div>\n\t<\/div>\n<\/div>\n\n\n<section class=\"navy py-6\">\n\t<div class=\"container\">\n\t\t<div class=\"row\">\n\t\t\t<div class=\"col-lg-12 col-md-12 col-sm-12\">\n\t\t\t\t\t\t\t\t<h2 class=\"text-center\">\n\t\t\t\t\tUNA UNIVERSIDAD DE VENTAS CONSISTE EN :\t\t\t\t<\/h2>\n\t\t\t<\/div>\n\t\t<\/div>\n\t\t<div class=\"row\">\n\t\t\t<div class=\"col-lg-12 col-md-12 col-sm-12\">\n\t\t\t\t<p class=\"benef-content pb-3\">\n\t\t\t\t\t\t\t\t\t<\/p>\n\t\t\t<\/div>\n\t\t<\/div>\n\t\t<div class=\"row\">\n\t\t\t<div class=\"col-lg-3 col-md-3 col-sm-12\">\n\t\t\t\t<h5 class=\"text-center py-4\">Un onboarding<\/h5>\n\t\t\t\t<p class=\"benef-content\"><p>Un curso de onboarding para acelerar la integraci\u00f3n.<\/p>\n<\/p>\t\t\t\t\t\t\n\t\t\t<\/div>\n\t\t\t<div class=\"col-lg-3 col-md-3 col-sm-12\">\n\t\t\t\t<h5 class=\"text-center py-4\">Programa de formaci\u00f3n<\/h5>\n\t\t\t\t<p class=\"benef-content\"><p>Programas de formaci\u00f3n atractivos y eficaces alineados con el desarrollo profesional y la experiencia en ventas.<\/p>\n<\/p>\t\t\t\t\t\t\n\t\t\t<\/div>\n\t\t\t<div class=\"col-lg-3 col-md-3 col-sm-12\">\n\t\t\t\t<h5 class=\"text-center py-4\">Digitalizaci\u00f3n<\/h5>\n\t\t\t\t<p class=\"benef-content\"><p>Digitalizaci\u00f3n y gesti\u00f3n de conocimientos centrados en el negocio, el mercado, los procesos, la normativa, la tecnolog\u00eda, etc., que permiten poner al d\u00eda a cada vendedor en funci\u00f3n de sus necesidades.<\/p>\n<\/p>\t\t\t\t\t\t\n\t\t\t<\/div>\n\t\t\t<div class=\"col-lg-3 col-md-3 col-sm-12\">\n\t\t\t\t<h5 class=\"text-center py-4\">Certificaciones<\/h5>\n\t\t\t\t<p class=\"benef-content\"><p>Certificaciones y diplomaturas para algunos de sus comerciales.<\/p>\n<\/p>\t\t\t\t\t\t\n\t\t\t<\/div>\n\t\t<\/div>\n\t<\/div>\n<\/section>\n\n<section class=\"light block-benefits-4 py-6\">\n\t<div class=\"container\">\n\t\t<div class=\"row\">\n\t\t\t<div class=\"col-lg-12 col-md-12 col-sm-12\">\n\t\t\t\t<h2 class=\"text-center\">\n\t\t\t\t\tBENEFICIOS\t\t\t\t\t<span class=\"h2-subtitle\"><\/span>\n\t\t\t\t\t\n\t\t\t\t\t\n\t\t\t\t<\/h2>\n\t\t\t<\/div>\n\t\t<\/div>\n\t\t<div class=\"row\">\n\t\t\t\t\n\t\t\t\t\t\n\t\t\t\t\t<div class=\"col-lg-6 col-md-6 col-sm-12 mb-4\">\n\t\t\t\t\t\t<div class=\"row\">\n\t\t\t\t\t\t\t<div class=\"col-lg-2 col-sm-3 col-sm-12\">\n\t\t\t\t\t\t\t\t<img decoding=\"async\" class=\"fadeIn\" src=\"https:\/\/www.halifax-consulting.com\/splat\/wp-content\/themes\/halifax\/library\/img\/halifax-consulting-benefits-icon.svg\" alt=\"icone benefices\" width=\"100%\" \/>\n\t\t\t\t\t\t\t<\/div>\n\t\t\t\t\t\t\t<div class=\"col-lg-10 col-sm-9 col-sm-12 fadeIn\">\n\t\t\t\t\t\t\t\t<h3 class=\"benef-title\">100% profesionales de ventas<\/h3>\n\t\t\t\t\t\t\t\t<p class=\"benef-content\">Cualquiera que sea su enfoque (producto, herramienta o proceso), nuestros consultores pueden ayudar a sus equipos de ventas a convertir cualquier situaci\u00f3n a su favor.<br>\n\t\t\t\t\t\t\t\t\t\t\t\t\t\t\t\t\t<\/p>\n\t\t\t\t\t\t\t<\/div>\n\t\t\t\t\t\t<\/div>\n\t\t\t\t\t<\/div>\n\t\t\t\t\t\n\t\t\t\t\t\t\n\t\t\t\t\t\n\t\t\t\t\t<div class=\"col-lg-6 col-md-6 col-sm-12 mb-4\">\n\t\t\t\t\t\t<div class=\"row\">\n\t\t\t\t\t\t\t<div class=\"col-lg-2 col-sm-3 col-sm-12\">\n\t\t\t\t\t\t\t\t<img decoding=\"async\" class=\"fadeIn\" src=\"https:\/\/www.halifax-consulting.com\/splat\/wp-content\/themes\/halifax\/library\/img\/halifax-consulting-benefits-icon.svg\" alt=\"icone benefices\" width=\"100%\" \/>\n\t\t\t\t\t\t\t<\/div>\n\t\t\t\t\t\t\t<div class=\"col-lg-10 col-sm-9 col-sm-12 fadeIn\">\n\t\t\t\t\t\t\t\t<h3 class=\"benef-title\">30% menos de tiempo en clase<\/h3>\n\t\t\t\t\t\t\t\t<p class=\"benef-content\">Ofrecemos soluciones que le permiten desplegar programas para sus vendedores que requieren mucho menos tiempo en clase que los enfoques convencionales, y a su vez generan una mejor tasa de retenci\u00f3n y adquisici\u00f3n.<br>\n\t\t\t\t\t\t\t\t\t\t\t\t\t\t\t\t\t<\/p>\n\t\t\t\t\t\t\t<\/div>\n\t\t\t\t\t\t<\/div>\n\t\t\t\t\t<\/div>\n\t\t\t\t\t\n\t\t\t\t\t\t\n\t\t\t\t\t\n\t\t\t\t\t<div class=\"col-lg-6 col-md-6 col-sm-12 mb-4\">\n\t\t\t\t\t\t<div class=\"row\">\n\t\t\t\t\t\t\t<div class=\"col-lg-2 col-sm-3 col-sm-12\">\n\t\t\t\t\t\t\t\t<img decoding=\"async\" class=\"fadeIn\" src=\"https:\/\/www.halifax-consulting.com\/splat\/wp-content\/themes\/halifax\/library\/img\/halifax-consulting-benefits-icon.svg\" alt=\"icone benefices\" width=\"100%\" \/>\n\t\t\t\t\t\t\t<\/div>\n\t\t\t\t\t\t\t<div class=\"col-lg-10 col-sm-9 col-sm-12 fadeIn\">\n\t\t\t\t\t\t\t\t<h3 class=\"benef-title\">20% de aumento en la tasa de retenci\u00f3n<\/h3>\n\t\t\t\t\t\t\t\t<p class=\"benef-content\">Alrededor del 30% de los vendedores no saben lo suficiente acerca de sus productos para presentarlos correctamente y cerrar acuerdos solo\u2026 Proporcionamos las herramientas necesarias para incorporar y reforzar continuamente el conocimiento.<br>\n\t\t\t\t\t\t\t\t\t\t\t\t\t\t\t\t\t<\/p>\n\t\t\t\t\t\t\t<\/div>\n\t\t\t\t\t\t<\/div>\n\t\t\t\t\t<\/div>\n\t\t\t\t\t\n\t\t\t\t\t\t\n\t\t\t\t\t\n\t\t\t\t\t<div class=\"col-lg-6 col-md-6 col-sm-12 mb-4\">\n\t\t\t\t\t\t<div class=\"row\">\n\t\t\t\t\t\t\t<div class=\"col-lg-2 col-sm-3 col-sm-12\">\n\t\t\t\t\t\t\t\t<img decoding=\"async\" class=\"fadeIn\" src=\"https:\/\/www.halifax-consulting.com\/splat\/wp-content\/themes\/halifax\/library\/img\/halifax-consulting-benefits-icon.svg\" alt=\"icone benefices\" width=\"100%\" \/>\n\t\t\t\t\t\t\t<\/div>\n\t\t\t\t\t\t\t<div class=\"col-lg-10 col-sm-9 col-sm-12 fadeIn\">\n\t\t\t\t\t\t\t\t<h3 class=\"benef-title\">100% de autosuficiencia<\/h3>\n\t\t\t\t\t\t\t\t<p class=\"benef-content\">Brindaremos apoyo a sus equipos en todo, desde el marketing de productos y el soporte t\u00e9cnico, la b\u00fasqueda de la excelencia de ventas, y el desarrollo de entrenadores internos; generando la autosuficiencia necesaria para mantener su impulso ascendente.<br>\n\t\t\t\t\t\t\t\t\t\t\t\t\t\t\t\t\t<\/p>\n\t\t\t\t\t\t\t<\/div>\n\t\t\t\t\t\t<\/div>\n\t\t\t\t\t<\/div>\n\t\t\t\t\t\n\t\t\t\t\t\t\t\t\n\t\t<\/div>\n\t<\/div>\n<\/section>\n\n<section class=\"block_texte_cta\">\n\t<div class=\"container\">\n\t\t<div class=\"row\">\n\t\t\n\t\t\t<div class=\"col-lg-6 col-md-6 col-sm-12 block_texte_cta--contenu\">\n\t\t\t\t\n\t\t\t\t\u00bfDesea saber m\u00e1s sobre nuestra Universidad de Ventas?\t\t\t\t\n\t\t\t<\/div>\n\t\t\t<div class=\"col-lg-6 col-md-6 col-sm-12 block_texte_cta--bouton\">\n\t\t\t\t\n\t\t\t\t<a class=\"btn\" href=\"https:\/\/forms.zohopublic.com\/andernagroup\/form\/latamcontact\/formperma\/r3B8xqOZp-6Yu8rYInpOobKbuXm7rLYh6hpDTVNxWK0\" title=\"Cont\u00e1ctenos\">Cont\u00e1ctenos<\/a>\n\t\t\t\t\n\t\t\t<\/div>\n\t\t\n\t\t<\/div>\n\t<\/div>\n\t\n<\/section>\n\n<section class=\"success-single grey\">\n\t<div class=\"container-fluid\">\n\t\t<div class=\"row\">\n\t\t\t\t\t\t\t \n\t\t\t\t\t\t\t\t\t\t\n\t\t\t\t\t\t\t\t\t\t<div class=\"col-lg-7 col-md-6 col-sm-12 p-6\">\n\t\t\t\t\t\t<div>\n\t\t\t\t\t\t\t<h3>Historias de \u00c9xito: Airbus<\/h3>\n\t\t\t\t\t\t\t<p>Para hacer frente a los distintos desaf\u00edos de negocios, Airbus estaba buscando formas vers\u00e1tiles de desarrollar las habilidades de sus diferentes equipos de venta repartidos por todo el mundo.<\/p>\n\t\t\t\t\t\t\t<p>\n\t\t\t\t\t\t\t\t<a href=\"https:\/\/www.halifax-consulting.com\/splat\/historias-exito\/airbus\/\" class=\"btn btn-hx btn-hx-ducky\">Siga leyendo<\/a>\n\t\t\t\t\t\t\t<\/p>\n\t\t\t\t\t\t<\/div>\n\t\t\t\t\t<\/div>\n\t\t\t\t\t<div class=\"col-lg-5 col-md-6 col-sm-12 p-0\">\n\t\t\t\t\t\t\t<figure class=\"\">\n<!-- \t\t\t\t\t\t\t\t<img decoding=\"async\" src=\"https:\/\/www.halifax-consulting.com\/splat\/wp-content\/uploads\/sites\/5\/2020\/03\/halifax-consulting-success-story-Airbus-2.jpg\" alt=\"image success-story\" \/> -->\n\t\t\t\t\t\t\t\t<img decoding=\"async\" loading=\"lazy\" src=\"https:\/\/www.halifax-consulting.com\/splat\/wp-content\/uploads\/sites\/5\/2020\/03\/halifax-consulting-success-story-Airbus-2.jpg\" alt=\"Historia de \u00e9xito de la industria de la aviaci\u00f3n\" width=\"100%\" height=\"\" >\t\t\t\t\t\t\t<\/figure>\n\t\t\t\t\t<\/div>\n\t\t\t\t\t\t\t\t\t<\/div>\n\t<\/div>\n<\/section>\n","protected":false},"excerpt":{"rendered":"<p>Le brindamos las soluciones vers\u00e1tiles y eficientes que usted y su equipo necesitan, porque no todos aprendemos de la misma manera.<\/p>\n","protected":false},"author":1,"featured_media":1452,"parent":543,"menu_order":30,"comment_status":"closed","ping_status":"closed","template":"","meta":[],"categories":[],"acf":[],"yoast_head":"<!-- This site is optimized with the Yoast SEO plugin v19.9 - https:\/\/yoast.com\/wordpress\/plugins\/seo\/ -->\n<title>Sales University - Halifax Consulting<\/title>\n<meta name=\"description\" content=\"Nuestra experiencia en el coaching, la formaci\u00f3n y en las tecnolog\u00edas de aprendizaje nos permite orientarle en sus necesidades.\" \/>\n<link rel=\"canonical\" href=\"https:\/\/www.halifax-consulting.com\/splat\/consultoria\/salesuniversity\/\" \/>\n<meta property=\"og:locale\" content=\"es_ES\" \/>\n<meta property=\"og:type\" content=\"article\" \/>\n<meta property=\"og:title\" content=\"Sales University - Halifax Consulting\" \/>\n<meta property=\"og:description\" content=\"Nuestra experiencia en el coaching, la formaci\u00f3n y en las tecnolog\u00edas de aprendizaje nos permite orientarle en sus necesidades.\" \/>\n<meta property=\"og:url\" content=\"https:\/\/www.halifax-consulting.com\/splat\/consultoria\/salesuniversity\/\" \/>\n<meta property=\"og:site_name\" content=\"Halifax Consulting \u2013 LATAM\" \/>\n<meta property=\"article:modified_time\" content=\"2025-05-21T09:36:44+00:00\" \/>\n<meta property=\"og:image\" content=\"https:\/\/www.halifax-consulting.com\/splat\/wp-content\/uploads\/sites\/5\/2020\/03\/halifax-consulting-instructional-design-digital-learning.jpg\" \/>\n\t<meta property=\"og:image:width\" content=\"1000\" \/>\n\t<meta property=\"og:image:height\" content=\"360\" \/>\n\t<meta property=\"og:image:type\" content=\"image\/jpeg\" \/>\n<meta name=\"twitter:card\" content=\"summary_large_image\" \/>\n<script type=\"application\/ld+json\" class=\"yoast-schema-graph\">{\"@context\":\"https:\/\/schema.org\",\"@graph\":[{\"@type\":\"WebPage\",\"@id\":\"https:\/\/www.halifax-consulting.com\/splat\/consultoria\/salesuniversity\/\",\"url\":\"https:\/\/www.halifax-consulting.com\/splat\/consultoria\/salesuniversity\/\",\"name\":\"Sales University - Halifax Consulting\",\"isPartOf\":{\"@id\":\"https:\/\/www.halifax-consulting.com\/splat\/#website\"},\"datePublished\":\"2019-12-19T21:01:54+00:00\",\"dateModified\":\"2025-05-21T09:36:44+00:00\",\"description\":\"Nuestra experiencia en el coaching, la formaci\u00f3n y en las tecnolog\u00edas de aprendizaje nos permite orientarle en sus necesidades.\",\"breadcrumb\":{\"@id\":\"https:\/\/www.halifax-consulting.com\/splat\/consultoria\/salesuniversity\/#breadcrumb\"},\"inLanguage\":\"es-AR\",\"potentialAction\":[{\"@type\":\"ReadAction\",\"target\":[\"https:\/\/www.halifax-consulting.com\/splat\/consultoria\/salesuniversity\/\"]}]},{\"@type\":\"BreadcrumbList\",\"@id\":\"https:\/\/www.halifax-consulting.com\/splat\/consultoria\/salesuniversity\/#breadcrumb\",\"itemListElement\":[{\"@type\":\"ListItem\",\"position\":1,\"name\":\"Accueil\",\"item\":\"https:\/\/www.halifax-consulting.com\/splat\/\"},{\"@type\":\"ListItem\",\"position\":2,\"name\":\"Consultor\u00eda\",\"item\":\"https:\/\/www.halifax-consulting.com\/splat\/consultoria\/\"},{\"@type\":\"ListItem\",\"position\":3,\"name\":\"Sales University\"}]},{\"@type\":\"WebSite\",\"@id\":\"https:\/\/www.halifax-consulting.com\/splat\/#website\",\"url\":\"https:\/\/www.halifax-consulting.com\/splat\/\",\"name\":\"Halifax Consulting \u2013 LATAM\",\"description\":\"Halifax Consulting est un cabinet de conseil en performance commerciale sp\u00e9cialis\u00e9 dans la formation des \u00e9quipes et managers\",\"potentialAction\":[{\"@type\":\"SearchAction\",\"target\":{\"@type\":\"EntryPoint\",\"urlTemplate\":\"https:\/\/www.halifax-consulting.com\/splat\/?s={search_term_string}\"},\"query-input\":\"required name=search_term_string\"}],\"inLanguage\":\"es-AR\"}]}<\/script>\n<!-- \/ Yoast SEO plugin. -->","yoast_head_json":{"title":"Sales University - Halifax Consulting","description":"Nuestra experiencia en el coaching, la formaci\u00f3n y en las tecnolog\u00edas de aprendizaje nos permite orientarle en sus necesidades.","canonical":"https:\/\/www.halifax-consulting.com\/splat\/consultoria\/salesuniversity\/","og_locale":"es_ES","og_type":"article","og_title":"Sales University - Halifax Consulting","og_description":"Nuestra experiencia en el coaching, la formaci\u00f3n y en las tecnolog\u00edas de aprendizaje nos permite orientarle en sus necesidades.","og_url":"https:\/\/www.halifax-consulting.com\/splat\/consultoria\/salesuniversity\/","og_site_name":"Halifax Consulting \u2013 LATAM","article_modified_time":"2025-05-21T09:36:44+00:00","og_image":[{"width":1000,"height":360,"url":"https:\/\/www.halifax-consulting.com\/splat\/wp-content\/uploads\/sites\/5\/2020\/03\/halifax-consulting-instructional-design-digital-learning.jpg","type":"image\/jpeg"}],"twitter_card":"summary_large_image","schema":{"@context":"https:\/\/schema.org","@graph":[{"@type":"WebPage","@id":"https:\/\/www.halifax-consulting.com\/splat\/consultoria\/salesuniversity\/","url":"https:\/\/www.halifax-consulting.com\/splat\/consultoria\/salesuniversity\/","name":"Sales University - Halifax Consulting","isPartOf":{"@id":"https:\/\/www.halifax-consulting.com\/splat\/#website"},"datePublished":"2019-12-19T21:01:54+00:00","dateModified":"2025-05-21T09:36:44+00:00","description":"Nuestra experiencia en el coaching, la formaci\u00f3n y en las tecnolog\u00edas de aprendizaje nos permite orientarle en sus necesidades.","breadcrumb":{"@id":"https:\/\/www.halifax-consulting.com\/splat\/consultoria\/salesuniversity\/#breadcrumb"},"inLanguage":"es-AR","potentialAction":[{"@type":"ReadAction","target":["https:\/\/www.halifax-consulting.com\/splat\/consultoria\/salesuniversity\/"]}]},{"@type":"BreadcrumbList","@id":"https:\/\/www.halifax-consulting.com\/splat\/consultoria\/salesuniversity\/#breadcrumb","itemListElement":[{"@type":"ListItem","position":1,"name":"Accueil","item":"https:\/\/www.halifax-consulting.com\/splat\/"},{"@type":"ListItem","position":2,"name":"Consultor\u00eda","item":"https:\/\/www.halifax-consulting.com\/splat\/consultoria\/"},{"@type":"ListItem","position":3,"name":"Sales University"}]},{"@type":"WebSite","@id":"https:\/\/www.halifax-consulting.com\/splat\/#website","url":"https:\/\/www.halifax-consulting.com\/splat\/","name":"Halifax Consulting \u2013 LATAM","description":"Halifax Consulting est un cabinet de conseil en performance commerciale sp\u00e9cialis\u00e9 dans la formation des \u00e9quipes et managers","potentialAction":[{"@type":"SearchAction","target":{"@type":"EntryPoint","urlTemplate":"https:\/\/www.halifax-consulting.com\/splat\/?s={search_term_string}"},"query-input":"required name=search_term_string"}],"inLanguage":"es-AR"}]}},"_links":{"self":[{"href":"https:\/\/www.halifax-consulting.com\/splat\/wp-json\/wp\/v2\/pages\/124"}],"collection":[{"href":"https:\/\/www.halifax-consulting.com\/splat\/wp-json\/wp\/v2\/pages"}],"about":[{"href":"https:\/\/www.halifax-consulting.com\/splat\/wp-json\/wp\/v2\/types\/page"}],"author":[{"embeddable":true,"href":"https:\/\/www.halifax-consulting.com\/splat\/wp-json\/wp\/v2\/users\/1"}],"replies":[{"embeddable":true,"href":"https:\/\/www.halifax-consulting.com\/splat\/wp-json\/wp\/v2\/comments?post=124"}],"version-history":[{"count":17,"href":"https:\/\/www.halifax-consulting.com\/splat\/wp-json\/wp\/v2\/pages\/124\/revisions"}],"predecessor-version":[{"id":5100,"href":"https:\/\/www.halifax-consulting.com\/splat\/wp-json\/wp\/v2\/pages\/124\/revisions\/5100"}],"up":[{"embeddable":true,"href":"https:\/\/www.halifax-consulting.com\/splat\/wp-json\/wp\/v2\/pages\/543"}],"wp:featuredmedia":[{"embeddable":true,"href":"https:\/\/www.halifax-consulting.com\/splat\/wp-json\/wp\/v2\/media\/1452"}],"wp:attachment":[{"href":"https:\/\/www.halifax-consulting.com\/splat\/wp-json\/wp\/v2\/media?parent=124"}],"wp:term":[{"taxonomy":"category","embeddable":true,"href":"https:\/\/www.halifax-consulting.com\/splat\/wp-json\/wp\/v2\/categories?post=124"}],"curies":[{"name":"wp","href":"https:\/\/api.w.org\/{rel}","templated":true}]}}