{"id":1413,"date":"2020-03-24T16:30:26","date_gmt":"2020-03-24T15:30:26","guid":{"rendered":"https:\/\/www.halifax-consulting.com\/en\/?page_id=1413"},"modified":"2021-10-11T18:39:54","modified_gmt":"2021-10-11T16:39:54","slug":"airbus","status":"publish","type":"page","link":"https:\/\/www.halifax-consulting.com\/splat\/historias-exito\/airbus\/","title":{"rendered":"Airbus"},"content":{"rendered":"<div class=\"container\">\n\t<div class=\"row\">\n\t\t<div class=\"col-lg-12 col-md-12 col-sm-12\">\n\t\t\t<h2 class=\"intro\">\n\t\t\t\t<strong class=\"intro-h2 d-block\">Desaf\u00edos<\/strong>\n\t\t\t\tAirbus es uno de los productores de aeronaves de pasajeros mas grandes del mundo. Tambi\u00e9n lidera el camino en lanzadores, sat\u00e9lites y equipamiento de defensa, y, como otros grandes productores, comercializa una amplia gama de servicios. Para hacer frente a los distintos desaf\u00edos de negocios, la empresa estaba buscando formas vers\u00e1tiles de desarrollar las habilidades de venta de un gran n\u00famero de personas repartidas por todo el mundo. Se decidieron por una soluci\u00f3n que combinara tecnolog\u00eda digital, paquetes multiling\u00fce y aprendizaje mixto.\t\t\t<\/h2>\n\t\t<\/div>\n\t<\/div>\n<\/div>\n\n\n<div class=\"container pb-6\">\n\t<div class=\"row\">\n\t\t<div class=\"col-lg-4 col-md-4 col-sm-12\">\n\t\t\t<h4 class=\"key\">5,000<\/h4>\n\t\t\t<p class=\"key-description\">personas alrededor del mundo<\/p>\t\t\t\t\t\t\t\n\t\t<\/div>\n\t\t<div class=\"col-lg-4 col-md-4 col-sm-12\">\n\t\t\t<h4 class=\"key\">6<\/h4>\n\t\t\t<p class=\"key-description\">idiomas<\/p>\t\t\t\t\t\t\n\t\t<\/div>\n\t\t<div class=\"col-lg-4 col-md-4 col-sm-12\">\n\t\t\t<h4 class=\"key\">40+<\/h4>\t\n\t\t\t<p class=\"key-description\">m\u00f3dulos e-learning<br>para potenciar la eficiencia en ventas<\/p>\t\t\t\t\t\n\t\t<\/div>\n\t<\/div>\n<\/div>\n\n<section class=\"grey bloc-solution p-0\">\t\n\t<div class=\"container-fluid\">\n\t\t<div class=\"row\">\n\t\t\t<div class=\"col-lg-6 col-md-6 col-md-12 p-6\">\n\t\t\t\t<h3 class=\"success-single-titre\">La Soluci\u00f3n de Halifax Consulting<\/h3>\n\t\t\t\t<p>Halifax se asoci\u00f3 con Airbus para proveer contenido LMS incluyendo dos paquetes de Venta (Fundamentos de Ventas y Ventas avanzadas) cada uno con 20 m\u00f3dulos disponibles en seis idiomas. Todo el contenido fue implementado e integrado en tres meses para su utilizaci\u00f3n en todo el mundo.<\/p>\n\t\t\t<\/div>\n\t\t\t<div class=\"col-lg-6 col-md-6 col-md-12 p-0\">\n\t\t\t\t<figure>\n\t\t\t\t\t<!--<img decoding=\"async\" src=\"https:\/\/www.halifax-consulting.com\/splat\/wp-content\/uploads\/sites\/5\/2020\/03\/halifax-consulting-success-story-Airbus-3.jpg\" alt=\"photo success story Airbus\" width=\"100%\" \/>-->\n\t\t\t\t\t<img decoding=\"async\" loading=\"lazy\" src=\"https:\/\/www.halifax-consulting.com\/splat\/wp-content\/uploads\/sites\/5\/2020\/03\/halifax-consulting-success-story-Airbus-3.jpg\" alt=\"Historia de \u00e9xito de la industria de la aviaci\u00f3n\" width=\"100%\" height=\"\" >\t\t\t\t<\/figure>\n\t\t\t<\/div>\n\t\t<\/div>\n\t<\/div>\n<\/section>\n\n<section class=\"light py-6\">\n\t<div class=\"container\">\n\t\t<div class=\"row\">\n\t\t\t<div class=\"col-lg-12 col-md-12 col-sm-12\">\n\t\t\t\t<h2 class=\"text-center\">\n\t\t\t\t\tClaves del \u00e9xito\t\t\t\n\t\t\t\t<\/h2>\n\t\t\t<\/div>\n\t\t<\/div>\n\t\t<div class=\"row\">\n\t\t\t<div class=\"col-lg-12 col-md-12 col-sm-12 bloc-cles-success\">\n\t\t\t\t<ul>\n<li>Una profunda gama de soluciones para potenciar las ventas B2B.<\/li>\n<li>Una matriz diversa de m\u00e9todos e-learning.<\/li>\n<li>Un paquete ofreciendo una gama de opciones de idiomas Europeos.<\/li>\n<\/ul>\n\t\t\t<\/div>\n\t\t<\/div>\n\t<\/div>\n<\/section>","protected":false},"excerpt":{"rendered":"<p>Para hacer frente a los distintos desaf\u00edos de negocios, Airbus estaba buscando formas vers\u00e1tiles de desarrollar las habilidades de sus diferentes equipos de venta repartidos por todo el mundo.<\/p>\n","protected":false},"author":1,"featured_media":1414,"parent":547,"menu_order":0,"comment_status":"closed","ping_status":"closed","template":"page-success-single.php","meta":[],"categories":[3],"acf":[],"yoast_head":"<!-- This site is optimized with the Yoast SEO plugin v19.9 - https:\/\/yoast.com\/wordpress\/plugins\/seo\/ -->\n<title>Airbus - Halifax Consulting \u2013 LATAM<\/title>\n<link rel=\"canonical\" href=\"https:\/\/www.halifax-consulting.com\/splat\/historias-exito\/airbus\/\" \/>\n<meta property=\"og:locale\" content=\"es_ES\" \/>\n<meta property=\"og:type\" content=\"article\" \/>\n<meta property=\"og:title\" content=\"Airbus - Halifax Consulting \u2013 LATAM\" \/>\n<meta property=\"og:description\" content=\"Para hacer frente a los distintos desaf\u00edos de negocios, Airbus estaba buscando formas vers\u00e1tiles de desarrollar las habilidades de sus diferentes equipos de venta repartidos por todo el mundo.\" \/>\n<meta property=\"og:url\" content=\"https:\/\/www.halifax-consulting.com\/splat\/historias-exito\/airbus\/\" \/>\n<meta property=\"og:site_name\" content=\"Halifax Consulting \u2013 LATAM\" \/>\n<meta property=\"article:modified_time\" content=\"2021-10-11T16:39:54+00:00\" \/>\n<meta property=\"og:image\" content=\"https:\/\/www.halifax-consulting.com\/splat\/wp-content\/uploads\/sites\/5\/2020\/03\/halifax-consulting-success-story-Airbus-2.jpg\" \/>\n\t<meta property=\"og:image:width\" content=\"1180\" \/>\n\t<meta property=\"og:image:height\" content=\"735\" \/>\n\t<meta property=\"og:image:type\" content=\"image\/jpeg\" \/>\n<meta name=\"twitter:card\" content=\"summary_large_image\" \/>\n<script type=\"application\/ld+json\" class=\"yoast-schema-graph\">{\"@context\":\"https:\/\/schema.org\",\"@graph\":[{\"@type\":\"WebPage\",\"@id\":\"https:\/\/www.halifax-consulting.com\/splat\/historias-exito\/airbus\/\",\"url\":\"https:\/\/www.halifax-consulting.com\/splat\/historias-exito\/airbus\/\",\"name\":\"Airbus - Halifax Consulting \u2013 LATAM\",\"isPartOf\":{\"@id\":\"https:\/\/www.halifax-consulting.com\/splat\/#website\"},\"datePublished\":\"2020-03-24T15:30:26+00:00\",\"dateModified\":\"2021-10-11T16:39:54+00:00\",\"breadcrumb\":{\"@id\":\"https:\/\/www.halifax-consulting.com\/splat\/historias-exito\/airbus\/#breadcrumb\"},\"inLanguage\":\"es-AR\",\"potentialAction\":[{\"@type\":\"ReadAction\",\"target\":[\"https:\/\/www.halifax-consulting.com\/splat\/historias-exito\/airbus\/\"]}]},{\"@type\":\"BreadcrumbList\",\"@id\":\"https:\/\/www.halifax-consulting.com\/splat\/historias-exito\/airbus\/#breadcrumb\",\"itemListElement\":[{\"@type\":\"ListItem\",\"position\":1,\"name\":\"Accueil\",\"item\":\"https:\/\/www.halifax-consulting.com\/splat\/\"},{\"@type\":\"ListItem\",\"position\":2,\"name\":\"Historias de \u00c9xito\",\"item\":\"https:\/\/www.halifax-consulting.com\/splat\/historias-exito\/\"},{\"@type\":\"ListItem\",\"position\":3,\"name\":\"Airbus\"}]},{\"@type\":\"WebSite\",\"@id\":\"https:\/\/www.halifax-consulting.com\/splat\/#website\",\"url\":\"https:\/\/www.halifax-consulting.com\/splat\/\",\"name\":\"Halifax Consulting \u2013 LATAM\",\"description\":\"Halifax Consulting est un cabinet de conseil en performance commerciale sp\u00e9cialis\u00e9 dans la formation des \u00e9quipes et managers\",\"potentialAction\":[{\"@type\":\"SearchAction\",\"target\":{\"@type\":\"EntryPoint\",\"urlTemplate\":\"https:\/\/www.halifax-consulting.com\/splat\/?s={search_term_string}\"},\"query-input\":\"required name=search_term_string\"}],\"inLanguage\":\"es-AR\"}]}<\/script>\n<!-- \/ Yoast SEO plugin. -->","yoast_head_json":{"title":"Airbus - Halifax Consulting \u2013 LATAM","canonical":"https:\/\/www.halifax-consulting.com\/splat\/historias-exito\/airbus\/","og_locale":"es_ES","og_type":"article","og_title":"Airbus - Halifax Consulting \u2013 LATAM","og_description":"Para hacer frente a los distintos desaf\u00edos de negocios, Airbus estaba buscando formas vers\u00e1tiles de desarrollar las habilidades de sus diferentes equipos de venta repartidos por todo el mundo.","og_url":"https:\/\/www.halifax-consulting.com\/splat\/historias-exito\/airbus\/","og_site_name":"Halifax Consulting \u2013 LATAM","article_modified_time":"2021-10-11T16:39:54+00:00","og_image":[{"width":1180,"height":735,"url":"https:\/\/www.halifax-consulting.com\/splat\/wp-content\/uploads\/sites\/5\/2020\/03\/halifax-consulting-success-story-Airbus-2.jpg","type":"image\/jpeg"}],"twitter_card":"summary_large_image","schema":{"@context":"https:\/\/schema.org","@graph":[{"@type":"WebPage","@id":"https:\/\/www.halifax-consulting.com\/splat\/historias-exito\/airbus\/","url":"https:\/\/www.halifax-consulting.com\/splat\/historias-exito\/airbus\/","name":"Airbus - Halifax Consulting \u2013 LATAM","isPartOf":{"@id":"https:\/\/www.halifax-consulting.com\/splat\/#website"},"datePublished":"2020-03-24T15:30:26+00:00","dateModified":"2021-10-11T16:39:54+00:00","breadcrumb":{"@id":"https:\/\/www.halifax-consulting.com\/splat\/historias-exito\/airbus\/#breadcrumb"},"inLanguage":"es-AR","potentialAction":[{"@type":"ReadAction","target":["https:\/\/www.halifax-consulting.com\/splat\/historias-exito\/airbus\/"]}]},{"@type":"BreadcrumbList","@id":"https:\/\/www.halifax-consulting.com\/splat\/historias-exito\/airbus\/#breadcrumb","itemListElement":[{"@type":"ListItem","position":1,"name":"Accueil","item":"https:\/\/www.halifax-consulting.com\/splat\/"},{"@type":"ListItem","position":2,"name":"Historias de \u00c9xito","item":"https:\/\/www.halifax-consulting.com\/splat\/historias-exito\/"},{"@type":"ListItem","position":3,"name":"Airbus"}]},{"@type":"WebSite","@id":"https:\/\/www.halifax-consulting.com\/splat\/#website","url":"https:\/\/www.halifax-consulting.com\/splat\/","name":"Halifax Consulting \u2013 LATAM","description":"Halifax Consulting est un cabinet de conseil en performance commerciale sp\u00e9cialis\u00e9 dans la formation des \u00e9quipes et managers","potentialAction":[{"@type":"SearchAction","target":{"@type":"EntryPoint","urlTemplate":"https:\/\/www.halifax-consulting.com\/splat\/?s={search_term_string}"},"query-input":"required name=search_term_string"}],"inLanguage":"es-AR"}]}},"_links":{"self":[{"href":"https:\/\/www.halifax-consulting.com\/splat\/wp-json\/wp\/v2\/pages\/1413"}],"collection":[{"href":"https:\/\/www.halifax-consulting.com\/splat\/wp-json\/wp\/v2\/pages"}],"about":[{"href":"https:\/\/www.halifax-consulting.com\/splat\/wp-json\/wp\/v2\/types\/page"}],"author":[{"embeddable":true,"href":"https:\/\/www.halifax-consulting.com\/splat\/wp-json\/wp\/v2\/users\/1"}],"replies":[{"embeddable":true,"href":"https:\/\/www.halifax-consulting.com\/splat\/wp-json\/wp\/v2\/comments?post=1413"}],"version-history":[{"count":10,"href":"https:\/\/www.halifax-consulting.com\/splat\/wp-json\/wp\/v2\/pages\/1413\/revisions"}],"predecessor-version":[{"id":3691,"href":"https:\/\/www.halifax-consulting.com\/splat\/wp-json\/wp\/v2\/pages\/1413\/revisions\/3691"}],"up":[{"embeddable":true,"href":"https:\/\/www.halifax-consulting.com\/splat\/wp-json\/wp\/v2\/pages\/547"}],"wp:featuredmedia":[{"embeddable":true,"href":"https:\/\/www.halifax-consulting.com\/splat\/wp-json\/wp\/v2\/media\/1414"}],"wp:attachment":[{"href":"https:\/\/www.halifax-consulting.com\/splat\/wp-json\/wp\/v2\/media?parent=1413"}],"wp:term":[{"taxonomy":"category","embeddable":true,"href":"https:\/\/www.halifax-consulting.com\/splat\/wp-json\/wp\/v2\/categories?post=1413"}],"curies":[{"name":"wp","href":"https:\/\/api.w.org\/{rel}","templated":true}]}}