{"id":1425,"date":"2020-03-21T16:40:00","date_gmt":"2020-03-21T15:40:00","guid":{"rendered":"https:\/\/www.halifax-consulting.com\/en\/?page_id=1425"},"modified":"2021-10-11T18:41:23","modified_gmt":"2021-10-11T16:41:23","slug":"laboratorio-veterinario","status":"publish","type":"page","link":"https:\/\/www.halifax-consulting.com\/splat\/historias-exito\/laboratorio-veterinario\/","title":{"rendered":"Laboratorio veterinario"},"content":{"rendered":"<div class=\"container\">\n\t<div class=\"row\">\n\t\t<div class=\"col-lg-12 col-md-12 col-sm-12\">\n\t\t\t<h2 class=\"intro\">\n\t\t\t\t<strong class=\"intro-h2 d-block\">Desaf\u00edos<\/strong>\n\t\t\t\tEl objetivo era aumentar y apoyar las habilidades y la especializaci\u00f3n de los representantes de venta a trav\u00e9s de una gama de diferentes productos. La capacitaci\u00f3n necesitaba refrescar conocimiento respecto a los productos y el mercado en l\u00ednea con el creciente n\u00famero de productos lanzados y los cambios en los requerimientos legales  identificando y compensando cualquier deficiencia.\t\t\t<\/h2>\n\t\t<\/div>\n\t<\/div>\n<\/div>\n\n\n<div class=\"container pb-6\">\n\t<div class=\"row\">\n\t\t<div class=\"col-lg-4 col-md-4 col-sm-12\">\n\t\t\t<h4 class=\"key\">40%<\/h4>\n\t\t\t<p class=\"key-description\">mejora en el<br><br \/>\nconocimiento de producto<\/p>\t\t\t\t\t\t\t\n\t\t<\/div>\n\t\t<div class=\"col-lg-4 col-md-4 col-sm-12\">\n\t\t\t<h4 class=\"key\">10<\/h4>\n\t\t\t<p class=\"key-description\">minutos a la semana<\/p>\t\t\t\t\t\t\n\t\t<\/div>\n\t\t<div class=\"col-lg-4 col-md-4 col-sm-12\">\n\t\t\t<h4 class=\"key\">6<\/h4>\t\n\t\t\t<p class=\"key-description\">semanas<\/p>\t\t\t\t\t\n\t\t<\/div>\n\t<\/div>\n<\/div>\n\n<section class=\"grey bloc-solution p-0\">\t\n\t<div class=\"container-fluid\">\n\t\t<div class=\"row\">\n\t\t\t<div class=\"col-lg-6 col-md-6 col-md-12 p-6\">\n\t\t\t\t<h3 class=\"success-single-titre\">La Soluci\u00f3n de Halifax Consulting<\/h3>\n\t\t\t\t<p>Desarrollamos una soluci\u00f3n que refuerce habilidades permitiendo a las personas probar su conocimiento y aprendizaje a trav\u00e9s de la gamificaci\u00f3n. Un taller de un d\u00eda con gerentes de producto y otros supervisores fue utilizado para dise\u00f1ar un nuevo enfoque en la capacitaci\u00f3n de producto.<\/p>\n\t\t\t<\/div>\n\t\t\t<div class=\"col-lg-6 col-md-6 col-md-12 p-0\">\n\t\t\t\t<figure>\n\t\t\t\t\t<!--<img decoding=\"async\" src=\"https:\/\/www.halifax-consulting.com\/splat\/wp-content\/uploads\/sites\/5\/2020\/03\/halifax-consulting-success-story-Laboratoire-veterinaire-2.jpg\" alt=\"photo success story Laboratorio veterinario\" width=\"100%\" \/>-->\n\t\t\t\t\t<img decoding=\"async\" loading=\"lazy\" src=\"https:\/\/www.halifax-consulting.com\/splat\/wp-content\/uploads\/sites\/5\/2020\/03\/halifax-consulting-success-story-Laboratoire-veterinaire-2.jpg\" alt=\"Caso de \u00c9xito Laboratorio Veterinario\" width=\"100%\" height=\"\" >\t\t\t\t<\/figure>\n\t\t\t<\/div>\n\t\t<\/div>\n\t<\/div>\n<\/section>\n\n<section class=\"light py-6\">\n\t<div class=\"container\">\n\t\t<div class=\"row\">\n\t\t\t<div class=\"col-lg-12 col-md-12 col-sm-12\">\n\t\t\t\t<h2 class=\"text-center\">\n\t\t\t\t\tClaves de \u00e9xito\t\t\t\n\t\t\t\t<\/h2>\n\t\t\t<\/div>\n\t\t<\/div>\n\t\t<div class=\"row\">\n\t\t\t<div class=\"col-lg-12 col-md-12 col-sm-12 bloc-cles-success\">\n\t\t\t\t<ul>\n<li>Co-crear con equipos de gerencia y de marketing.<\/li>\n<li>Mejoras al entrenamiento convencional.<\/li>\n<li>Evaluaci\u00f3n de rendimiento.<\/li>\n<\/ul>\n\t\t\t<\/div>\n\t\t<\/div>\n\t<\/div>\n<\/section>","protected":false},"excerpt":{"rendered":"<p>El objetivo era aumentar y apoyar las habilidades y la especializaci\u00f3n de los representantes de venta a trav\u00e9s de una gama de diferentes productos.<\/p>\n","protected":false},"author":1,"featured_media":1427,"parent":547,"menu_order":0,"comment_status":"closed","ping_status":"closed","template":"page-success-single.php","meta":[],"categories":[3],"acf":[],"yoast_head":"<!-- This site is optimized with the Yoast SEO plugin v19.9 - https:\/\/yoast.com\/wordpress\/plugins\/seo\/ -->\n<title>Laboratorio veterinario - Halifax Consulting \u2013 LATAM<\/title>\n<link rel=\"canonical\" href=\"https:\/\/www.halifax-consulting.com\/splat\/historias-exito\/laboratorio-veterinario\/\" \/>\n<meta property=\"og:locale\" content=\"es_ES\" \/>\n<meta property=\"og:type\" content=\"article\" \/>\n<meta property=\"og:title\" content=\"Laboratorio veterinario - Halifax Consulting \u2013 LATAM\" \/>\n<meta property=\"og:description\" content=\"El objetivo era aumentar y apoyar las habilidades y la especializaci\u00f3n de los representantes de venta a trav\u00e9s de una gama de diferentes productos.\" \/>\n<meta property=\"og:url\" content=\"https:\/\/www.halifax-consulting.com\/splat\/historias-exito\/laboratorio-veterinario\/\" \/>\n<meta property=\"og:site_name\" content=\"Halifax Consulting \u2013 LATAM\" \/>\n<meta property=\"article:modified_time\" content=\"2021-10-11T16:41:23+00:00\" \/>\n<meta property=\"og:image\" content=\"https:\/\/www.halifax-consulting.com\/splat\/wp-content\/uploads\/sites\/5\/2020\/03\/halifax-consulting-success-story-Laboratoire-veterinaire.jpg\" \/>\n\t<meta property=\"og:image:width\" content=\"1180\" \/>\n\t<meta property=\"og:image:height\" content=\"735\" \/>\n\t<meta property=\"og:image:type\" content=\"image\/jpeg\" \/>\n<meta name=\"twitter:card\" content=\"summary_large_image\" \/>\n<script type=\"application\/ld+json\" class=\"yoast-schema-graph\">{\"@context\":\"https:\/\/schema.org\",\"@graph\":[{\"@type\":\"WebPage\",\"@id\":\"https:\/\/www.halifax-consulting.com\/splat\/historias-exito\/laboratorio-veterinario\/\",\"url\":\"https:\/\/www.halifax-consulting.com\/splat\/historias-exito\/laboratorio-veterinario\/\",\"name\":\"Laboratorio veterinario - Halifax Consulting \u2013 LATAM\",\"isPartOf\":{\"@id\":\"https:\/\/www.halifax-consulting.com\/splat\/#website\"},\"datePublished\":\"2020-03-21T15:40:00+00:00\",\"dateModified\":\"2021-10-11T16:41:23+00:00\",\"breadcrumb\":{\"@id\":\"https:\/\/www.halifax-consulting.com\/splat\/historias-exito\/laboratorio-veterinario\/#breadcrumb\"},\"inLanguage\":\"es-AR\",\"potentialAction\":[{\"@type\":\"ReadAction\",\"target\":[\"https:\/\/www.halifax-consulting.com\/splat\/historias-exito\/laboratorio-veterinario\/\"]}]},{\"@type\":\"BreadcrumbList\",\"@id\":\"https:\/\/www.halifax-consulting.com\/splat\/historias-exito\/laboratorio-veterinario\/#breadcrumb\",\"itemListElement\":[{\"@type\":\"ListItem\",\"position\":1,\"name\":\"Accueil\",\"item\":\"https:\/\/www.halifax-consulting.com\/splat\/\"},{\"@type\":\"ListItem\",\"position\":2,\"name\":\"Historias de \u00c9xito\",\"item\":\"https:\/\/www.halifax-consulting.com\/splat\/historias-exito\/\"},{\"@type\":\"ListItem\",\"position\":3,\"name\":\"Laboratorio veterinario\"}]},{\"@type\":\"WebSite\",\"@id\":\"https:\/\/www.halifax-consulting.com\/splat\/#website\",\"url\":\"https:\/\/www.halifax-consulting.com\/splat\/\",\"name\":\"Halifax Consulting \u2013 LATAM\",\"description\":\"Halifax Consulting est un cabinet de conseil en performance commerciale sp\u00e9cialis\u00e9 dans la formation des \u00e9quipes et managers\",\"potentialAction\":[{\"@type\":\"SearchAction\",\"target\":{\"@type\":\"EntryPoint\",\"urlTemplate\":\"https:\/\/www.halifax-consulting.com\/splat\/?s={search_term_string}\"},\"query-input\":\"required name=search_term_string\"}],\"inLanguage\":\"es-AR\"}]}<\/script>\n<!-- \/ Yoast SEO plugin. -->","yoast_head_json":{"title":"Laboratorio veterinario - Halifax Consulting \u2013 LATAM","canonical":"https:\/\/www.halifax-consulting.com\/splat\/historias-exito\/laboratorio-veterinario\/","og_locale":"es_ES","og_type":"article","og_title":"Laboratorio veterinario - Halifax Consulting \u2013 LATAM","og_description":"El objetivo era aumentar y apoyar las habilidades y la especializaci\u00f3n de los representantes de venta a trav\u00e9s de una gama de diferentes productos.","og_url":"https:\/\/www.halifax-consulting.com\/splat\/historias-exito\/laboratorio-veterinario\/","og_site_name":"Halifax Consulting \u2013 LATAM","article_modified_time":"2021-10-11T16:41:23+00:00","og_image":[{"width":1180,"height":735,"url":"https:\/\/www.halifax-consulting.com\/splat\/wp-content\/uploads\/sites\/5\/2020\/03\/halifax-consulting-success-story-Laboratoire-veterinaire.jpg","type":"image\/jpeg"}],"twitter_card":"summary_large_image","schema":{"@context":"https:\/\/schema.org","@graph":[{"@type":"WebPage","@id":"https:\/\/www.halifax-consulting.com\/splat\/historias-exito\/laboratorio-veterinario\/","url":"https:\/\/www.halifax-consulting.com\/splat\/historias-exito\/laboratorio-veterinario\/","name":"Laboratorio veterinario - Halifax Consulting \u2013 LATAM","isPartOf":{"@id":"https:\/\/www.halifax-consulting.com\/splat\/#website"},"datePublished":"2020-03-21T15:40:00+00:00","dateModified":"2021-10-11T16:41:23+00:00","breadcrumb":{"@id":"https:\/\/www.halifax-consulting.com\/splat\/historias-exito\/laboratorio-veterinario\/#breadcrumb"},"inLanguage":"es-AR","potentialAction":[{"@type":"ReadAction","target":["https:\/\/www.halifax-consulting.com\/splat\/historias-exito\/laboratorio-veterinario\/"]}]},{"@type":"BreadcrumbList","@id":"https:\/\/www.halifax-consulting.com\/splat\/historias-exito\/laboratorio-veterinario\/#breadcrumb","itemListElement":[{"@type":"ListItem","position":1,"name":"Accueil","item":"https:\/\/www.halifax-consulting.com\/splat\/"},{"@type":"ListItem","position":2,"name":"Historias de \u00c9xito","item":"https:\/\/www.halifax-consulting.com\/splat\/historias-exito\/"},{"@type":"ListItem","position":3,"name":"Laboratorio veterinario"}]},{"@type":"WebSite","@id":"https:\/\/www.halifax-consulting.com\/splat\/#website","url":"https:\/\/www.halifax-consulting.com\/splat\/","name":"Halifax Consulting \u2013 LATAM","description":"Halifax Consulting est un cabinet de conseil en performance commerciale sp\u00e9cialis\u00e9 dans la formation des \u00e9quipes et managers","potentialAction":[{"@type":"SearchAction","target":{"@type":"EntryPoint","urlTemplate":"https:\/\/www.halifax-consulting.com\/splat\/?s={search_term_string}"},"query-input":"required name=search_term_string"}],"inLanguage":"es-AR"}]}},"_links":{"self":[{"href":"https:\/\/www.halifax-consulting.com\/splat\/wp-json\/wp\/v2\/pages\/1425"}],"collection":[{"href":"https:\/\/www.halifax-consulting.com\/splat\/wp-json\/wp\/v2\/pages"}],"about":[{"href":"https:\/\/www.halifax-consulting.com\/splat\/wp-json\/wp\/v2\/types\/page"}],"author":[{"embeddable":true,"href":"https:\/\/www.halifax-consulting.com\/splat\/wp-json\/wp\/v2\/users\/1"}],"replies":[{"embeddable":true,"href":"https:\/\/www.halifax-consulting.com\/splat\/wp-json\/wp\/v2\/comments?post=1425"}],"version-history":[{"count":10,"href":"https:\/\/www.halifax-consulting.com\/splat\/wp-json\/wp\/v2\/pages\/1425\/revisions"}],"predecessor-version":[{"id":3700,"href":"https:\/\/www.halifax-consulting.com\/splat\/wp-json\/wp\/v2\/pages\/1425\/revisions\/3700"}],"up":[{"embeddable":true,"href":"https:\/\/www.halifax-consulting.com\/splat\/wp-json\/wp\/v2\/pages\/547"}],"wp:featuredmedia":[{"embeddable":true,"href":"https:\/\/www.halifax-consulting.com\/splat\/wp-json\/wp\/v2\/media\/1427"}],"wp:attachment":[{"href":"https:\/\/www.halifax-consulting.com\/splat\/wp-json\/wp\/v2\/media?parent=1425"}],"wp:term":[{"taxonomy":"category","embeddable":true,"href":"https:\/\/www.halifax-consulting.com\/splat\/wp-json\/wp\/v2\/categories?post=1425"}],"curies":[{"name":"wp","href":"https:\/\/api.w.org\/{rel}","templated":true}]}}