{"id":206,"date":"2019-12-30T20:30:50","date_gmt":"2019-12-30T19:30:50","guid":{"rendered":"https:\/\/www.halifax-consulting.com\/?page_id=206"},"modified":"2025-05-21T11:43:08","modified_gmt":"2025-05-21T09:43:08","slug":"juego-en-serio","status":"publish","type":"page","link":"https:\/\/www.halifax-consulting.com\/splat\/digital-learning\/juego-en-serio\/","title":{"rendered":"Serious Game"},"content":{"rendered":"<div class=\"container\">\n\t<div class=\"row\">\n\t\t<div class=\"col-lg-12 col-md-12 col-sm-12\">\n\t\t\t<h2 class=\"intro\">\n\t\t\t\t<strong class=\"intro-h2 d-block\">Juegue, negocie y mejore<\/strong>\n\t\t\t\t<p>Un juego en serio es un video juego educativo que sumerge a los aprendices en un mundo ficticio que les permite experimentar cuatro escenarios y perfeccionar sus habilidades al tratar con cuatro tipos diferentes de negociador. Los juegos en serio son una forma divertida de optimizar la concentraci&oacute;n y la retenci&oacute;n proporcionando feedback inmediato en cada paso del camino.<\/p>\t\t\t<\/h2>\n\t\t<\/div>\n\t<\/div>\n<\/div>\n\n\n<div class=\"container pb-6\">\n\t<div class=\"row\">\n\t\t<div class=\"col-lg-4 col-md-4 col-sm-12\">\n\t\t\t<h4 class=\"key\">4 x 15<\/h4>\n\t\t\t<p class=\"key-description\">minutos llenos de acci\u00f3n!<\/p>\t\t\t\t\t\t\t\n\t\t<\/div>\n\t\t<div class=\"col-lg-4 col-md-4 col-sm-12\">\n\t\t\t<h4 class=\"key\">6<\/h4>\n\t\t\t<p class=\"key-description\">idiomas disponibles<\/p>\t\t\t\t\t\t\n\t\t<\/div>\n\t\t<div class=\"col-lg-4 col-md-4 col-sm-12\">\n\t\t\t<h4 class=\"key\">1<\/h4>\t\n\t\t\t<p class=\"key-description\">revisi\u00f3n guiada de las elecciones hechas y clarificaci\u00f3n de las decisiones correctas<\/p>\t\t\t\t\t\n\t\t<\/div>\n\t<\/div>\n<\/div>\n\n<section class=\"light py-6\">\n\t<div class=\"container\">\n\t\t<div class=\"row\">\n\t\t\t<div class=\"col-lg-12 col-md-12 col-sm-12\">\n\t\t\t\t<h2 class=\"text-center\">\n\t\t\t\t\tBeneficios\t\t\t\t\t<span class=\"h2-subtitle\"><\/span>\n\t\t\t\t\t\n\t\t\t\t\t\n\t\t\t\t<\/h2>\n\t\t\t<\/div>\n\t\t<\/div>\n\t\t<div class=\"row\">\n\t\t\t\t\n\t\t\t\t\t\n\t\t\t\t\t<div class=\"col-lg-6 col-md-6 col-sm-12 mb-4\">\n\t\t\t\t\t\t<div class=\"row\">\n\t\t\t\t\t\t\t<div class=\"col-lg-2 col-sm-3 col-sm-12\">\n\t\t\t\t\t\t\t\t<img decoding=\"async\" class=\"wow fadeIn\" data-wow-delay=\"0s\" src=\"https:\/\/www.halifax-consulting.com\/splat\/wp-content\/themes\/halifax\/library\/img\/halifax-consulting-benefits-icon.svg\" alt=\"icone benefices\" width=\"100%\" \/>\n\t\t\t\t\t\t\t<\/div>\n\t\t\t\t\t\t\t<div class=\"col-lg-10 col-sm-9 col-sm-12 wow fadeIn\" data-wow-delay=\"0s\">\n\t\t\t\t\t\t\t\t<h3 class=\"benef-title\">Inmersi\u00f3n y retroalimentaci\u00f3n constante<\/h3>\n\t\t\t\t\t\t\t\t<p class=\"benef-content\"><p>Empoderar a las personas a aprender a trav\u00e9s de la gamificaci\u00f3n.<\/p>\n<\/p>\n\t\t\t\t\t\t\t<\/div>\n\t\t\t\t\t\t<\/div>\n\t\t\t\t\t<\/div>\n\t\t\t\t\t\n\t\t\t\t\t\t\n\t\t\t\t\t\n\t\t\t\t\t<div class=\"col-lg-6 col-md-6 col-sm-12 mb-4\">\n\t\t\t\t\t\t<div class=\"row\">\n\t\t\t\t\t\t\t<div class=\"col-lg-2 col-sm-3 col-sm-12\">\n\t\t\t\t\t\t\t\t<img decoding=\"async\" class=\"wow fadeIn\" data-wow-delay=\"0.5s\" src=\"https:\/\/www.halifax-consulting.com\/splat\/wp-content\/themes\/halifax\/library\/img\/halifax-consulting-benefits-icon.svg\" alt=\"icone benefices\" width=\"100%\" \/>\n\t\t\t\t\t\t\t<\/div>\n\t\t\t\t\t\t\t<div class=\"col-lg-10 col-sm-9 col-sm-12 wow fadeIn\" data-wow-delay=\"0.5s\">\n\t\t\t\t\t\t\t\t<h3 class=\"benef-title\">Desaf\u00edo y progresi\u00f3n<\/h3>\n\t\t\t\t\t\t\t\t<p class=\"benef-content\"><p>Escenarios realistas, di\u00e1logo de ritmo r\u00e1pido y un nivel de contenido que sorprende y desaf\u00eda a los jugadores.<\/p>\n<\/p>\n\t\t\t\t\t\t\t<\/div>\n\t\t\t\t\t\t<\/div>\n\t\t\t\t\t<\/div>\n\t\t\t\t\t\n\t\t\t\t\t\t\t\t\n\t\t<\/div>\n\t<\/div>\n<\/section>\n\n<section class=\"navy py-6\">\n\t<div class=\"container\">\n\t\t<div class=\"row\">\n\t\t\t<div class=\"col-lg-12 col-md-12 col-sm-12\">\n\t\t\t\t\t\t\t\t<h2 class=\"text-center\">\n\t\t\t\t\tEscenarios de Juego en Serio\t\t\t\t<\/h2>\n\t\t\t<\/div>\n\t\t<\/div>\n\t\t<div class=\"row\">\n\t\t\t<div class=\"col-lg-12 col-md-12 col-sm-12\">\n\t\t\t\t<p class=\"benef-content pb-3\">\n\t\t\t\t\t<p>Halifax Consulting desarroll\u00f3 un juego en serio para negociaci\u00f3n de ventas basado en cuatro situaciones para vendedores de primera l\u00ednea, administradores de cuentas clave,  gerentes de venta y el resto de los equipos multifuncionales en la empresa.<\/p>\n\t\t\t\t<\/p>\n\t\t\t<\/div>\n\t\t<\/div>\n\t\t<div class=\"row\">\n\t\t\t<div class=\"col-lg-3 col-md-3 col-sm-12\">\n\t\t\t\t<h5 class=\"text-center py-4\">Campa\u00f1a Catirex<\/h5>\n\t\t\t\t<p class=\"benef-content\"><p>Un joven colega pide su consejo previo a reunirse con un cliente para concluir un importante contrato. \u00bfPodr\u00e1 usted proveer la gu\u00eda correcta y explicarle como prepararse en forma efectiva para esta pr\u00f3xima negociaci\u00f3n? <\/p>\n<\/p>\t\t\t\t\t\t\n\t\t\t<\/div>\n\t\t\t<div class=\"col-lg-3 col-md-3 col-sm-12\">\n\t\t\t\t<h5 class=\"text-center py-4\">Misi\u00f3n Princesa<\/h5>\n\t\t\t\t<p class=\"benef-content\"><p>Usted este envuelto en conversaciones dif\u00edciles con un productor de cine trabajando en una pel\u00edcula llamada &#8220;La Misi\u00f3n Princesa&#8221; dirigida por un renombrado director. Usted necesita lograr un acuerdo pero definitivamente hoy no est\u00e1n en la misma p\u00e1gina y su contacto es algo&#8230; al l\u00edmite. <\/p>\n<\/p>\t\t\t\t\t\t\n\t\t\t<\/div>\n\t\t\t<div class=\"col-lg-3 col-md-3 col-sm-12\">\n\t\t\t\t<h5 class=\"text-center py-4\">Buenos deseos<\/h5>\n\t\t\t\t<p class=\"benef-content\"><p>Usted est\u00e1 en conversaciones con una joven pareja. La negociaci\u00f3n parece ir bien pero \u00bfC\u00f3mo negocia con dos personas a la vez&#8230; es as\u00ed de facil?<\/p>\n<\/p>\t\t\t\t\t\t\n\t\t\t<\/div>\n\t\t\t<div class=\"col-lg-3 col-md-3 col-sm-12\">\n\t\t\t\t<h5 class=\"text-center py-4\">Querido Bertrand\u2026<\/h5>\n\t\t\t\t<p class=\"benef-content\"><p>Usted se re\u00fane con un antiguo conocido, Bertrand, quien claramente est\u00e1 tratando de apalancarse en su relaci\u00f3n personal para obtener lo m\u00e1ximo posible de las negociaciones. \u00bfC\u00f3mo reaccionar\u00e1 usted?<\/p>\n<\/p>\t\t\t\t\t\t\n\t\t\t<\/div>\n\t\t<\/div>\n\t<\/div>\n<\/section>\n\n<section class=\"light bloc-texte-image p-0\">\t\n\t<div class=\"container-fluid\">\n\t\t<div class=\"row\">\n\t\t\t\t\t\t\n\t\t\t<div class=\"col-lg-8 col-md-6 col-md-12 p-6 bloc-texte-image--content\">\n\t\t\t\t<h4>Serious DEAL<\/h4>\n\t\t\t\t<p>\u00a1Descubre nuestro Serious Game sobre negociaci\u00f3n!<\/p>\n\t\t\t\t\t\t\t\t<p><a class=\"btn btn-hx btn-hx-orange\" href=\"https:\/\/youtu.be\/9eSGCFVgXOQ\">Ver el v\u00eddeo<\/a><\/p>\n\t\t\t\t\t\t\t<\/div>\n\t\t\t\n\t\t\t\t\t\t<div class=\"col-lg-4 col-md-6 col-md-12 p-0\">\n\t\t\t\t<figure>\n<!-- \t\t\t\t\t<img decoding=\"async\" src=\"https:\/\/www.halifax-consulting.com\/splat\/wp-content\/uploads\/sites\/5\/2020\/04\/halifax-consulting-formations-distancielles.jpg\" alt=\"photo\" width=\"100%\" \/> -->\n\t\t\t\t\t<img decoding=\"async\" loading=\"lazy\" src=\"https:\/\/www.halifax-consulting.com\/splat\/wp-content\/uploads\/sites\/5\/2020\/04\/halifax-consulting-formations-distancielles.jpg\" alt=\"Un curso a distancia organizado por Halifax Consulting\" width=\"100%\" height=\"\" >\t\t\t\t<\/figure>\n\t\t\t<\/div>\n\t\t\t\t\t<\/div>\n\t<\/div>\n<\/section>\n\n<section class=\"block_texte_cta\">\n\t<div class=\"container\">\n\t\t<div class=\"row\">\n\t\t\n\t\t\t<div class=\"col-lg-6 col-md-6 col-sm-12 block_texte_cta--contenu\">\n\t\t\t\t\n\t\t\t\tSi quiere saber m\u00e1s sobre nuestro Serious Game&#8230;\t\t\t\t\n\t\t\t<\/div>\n\t\t\t<div class=\"col-lg-6 col-md-6 col-sm-12 block_texte_cta--bouton\">\n\t\t\t\t\n\t\t\t\t<a class=\"btn\" href=\"https:\/\/forms.zohopublic.com\/andernagroup\/form\/latamcontact\/formperma\/r3B8xqOZp-6Yu8rYInpOobKbuXm7rLYh6hpDTVNxWK0\" title=\"Cont\u00e1ctenos\">Cont\u00e1ctenos<\/a>\n\t\t\t\t\n\t\t\t<\/div>\n\t\t\n\t\t<\/div>\n\t<\/div>\n\t\n<\/section>","protected":false},"excerpt":{"rendered":"<p>Mejorando el aprendizaje y el desarrollo de habilidades a trav\u00e9s de la gamificaci\u00f3n<\/p>\n","protected":false},"author":1,"featured_media":1462,"parent":549,"menu_order":15,"comment_status":"closed","ping_status":"closed","template":"page-generique-simple.php","meta":[],"categories":[],"acf":[],"yoast_head":"<!-- This site is optimized with the Yoast SEO plugin v19.9 - https:\/\/yoast.com\/wordpress\/plugins\/seo\/ -->\n<title>Serious Game - Halifax Consulting<\/title>\n<meta name=\"description\" content=\"Un juego en serio, o &quot;Serious Game&quot; es un video juego educativo que sumerge a los aprendices en un mundo ficticio...\" \/>\n<link rel=\"canonical\" href=\"https:\/\/www.halifax-consulting.com\/splat\/digital-learning\/juego-en-serio\/\" \/>\n<meta property=\"og:locale\" content=\"es_ES\" \/>\n<meta property=\"og:type\" content=\"article\" \/>\n<meta property=\"og:title\" content=\"Serious Game - Halifax Consulting\" \/>\n<meta property=\"og:description\" content=\"Un juego en serio, o &quot;Serious Game&quot; es un video juego educativo que sumerge a los aprendices en un mundo ficticio...\" \/>\n<meta property=\"og:url\" content=\"https:\/\/www.halifax-consulting.com\/splat\/digital-learning\/juego-en-serio\/\" \/>\n<meta property=\"og:site_name\" content=\"Halifax Consulting \u2013 LATAM\" \/>\n<meta property=\"article:modified_time\" content=\"2025-05-21T09:43:08+00:00\" \/>\n<meta property=\"og:image\" content=\"https:\/\/www.halifax-consulting.com\/splat\/wp-content\/uploads\/sites\/5\/2020\/03\/halifax-consulting-digital-learning-serious-game.jpg\" \/>\n\t<meta property=\"og:image:width\" content=\"1000\" \/>\n\t<meta property=\"og:image:height\" content=\"360\" \/>\n\t<meta property=\"og:image:type\" content=\"image\/jpeg\" \/>\n<meta name=\"twitter:card\" content=\"summary_large_image\" \/>\n<script type=\"application\/ld+json\" class=\"yoast-schema-graph\">{\"@context\":\"https:\/\/schema.org\",\"@graph\":[{\"@type\":\"WebPage\",\"@id\":\"https:\/\/www.halifax-consulting.com\/splat\/digital-learning\/juego-en-serio\/\",\"url\":\"https:\/\/www.halifax-consulting.com\/splat\/digital-learning\/juego-en-serio\/\",\"name\":\"Serious Game - Halifax Consulting\",\"isPartOf\":{\"@id\":\"https:\/\/www.halifax-consulting.com\/splat\/#website\"},\"datePublished\":\"2019-12-30T19:30:50+00:00\",\"dateModified\":\"2025-05-21T09:43:08+00:00\",\"description\":\"Un juego en serio, o \\\"Serious Game\\\" es un video juego educativo que sumerge a los aprendices en un mundo ficticio...\",\"breadcrumb\":{\"@id\":\"https:\/\/www.halifax-consulting.com\/splat\/digital-learning\/juego-en-serio\/#breadcrumb\"},\"inLanguage\":\"es-AR\",\"potentialAction\":[{\"@type\":\"ReadAction\",\"target\":[\"https:\/\/www.halifax-consulting.com\/splat\/digital-learning\/juego-en-serio\/\"]}]},{\"@type\":\"BreadcrumbList\",\"@id\":\"https:\/\/www.halifax-consulting.com\/splat\/digital-learning\/juego-en-serio\/#breadcrumb\",\"itemListElement\":[{\"@type\":\"ListItem\",\"position\":1,\"name\":\"Accueil\",\"item\":\"https:\/\/www.halifax-consulting.com\/splat\/\"},{\"@type\":\"ListItem\",\"position\":2,\"name\":\"Digital &amp; IA\",\"item\":\"https:\/\/www.halifax-consulting.com\/splat\/digital-learning\/\"},{\"@type\":\"ListItem\",\"position\":3,\"name\":\"Serious Game\"}]},{\"@type\":\"WebSite\",\"@id\":\"https:\/\/www.halifax-consulting.com\/splat\/#website\",\"url\":\"https:\/\/www.halifax-consulting.com\/splat\/\",\"name\":\"Halifax Consulting \u2013 LATAM\",\"description\":\"Halifax Consulting est un cabinet de conseil en performance commerciale sp\u00e9cialis\u00e9 dans la formation des \u00e9quipes et managers\",\"potentialAction\":[{\"@type\":\"SearchAction\",\"target\":{\"@type\":\"EntryPoint\",\"urlTemplate\":\"https:\/\/www.halifax-consulting.com\/splat\/?s={search_term_string}\"},\"query-input\":\"required name=search_term_string\"}],\"inLanguage\":\"es-AR\"}]}<\/script>\n<!-- \/ Yoast SEO plugin. -->","yoast_head_json":{"title":"Serious Game - Halifax Consulting","description":"Un juego en serio, o \"Serious Game\" es un video juego educativo que sumerge a los aprendices en un mundo ficticio...","canonical":"https:\/\/www.halifax-consulting.com\/splat\/digital-learning\/juego-en-serio\/","og_locale":"es_ES","og_type":"article","og_title":"Serious Game - Halifax Consulting","og_description":"Un juego en serio, o \"Serious Game\" es un video juego educativo que sumerge a los aprendices en un mundo ficticio...","og_url":"https:\/\/www.halifax-consulting.com\/splat\/digital-learning\/juego-en-serio\/","og_site_name":"Halifax Consulting \u2013 LATAM","article_modified_time":"2025-05-21T09:43:08+00:00","og_image":[{"width":1000,"height":360,"url":"https:\/\/www.halifax-consulting.com\/splat\/wp-content\/uploads\/sites\/5\/2020\/03\/halifax-consulting-digital-learning-serious-game.jpg","type":"image\/jpeg"}],"twitter_card":"summary_large_image","schema":{"@context":"https:\/\/schema.org","@graph":[{"@type":"WebPage","@id":"https:\/\/www.halifax-consulting.com\/splat\/digital-learning\/juego-en-serio\/","url":"https:\/\/www.halifax-consulting.com\/splat\/digital-learning\/juego-en-serio\/","name":"Serious Game - Halifax Consulting","isPartOf":{"@id":"https:\/\/www.halifax-consulting.com\/splat\/#website"},"datePublished":"2019-12-30T19:30:50+00:00","dateModified":"2025-05-21T09:43:08+00:00","description":"Un juego en serio, o \"Serious Game\" es un video juego educativo que sumerge a los aprendices en un mundo ficticio...","breadcrumb":{"@id":"https:\/\/www.halifax-consulting.com\/splat\/digital-learning\/juego-en-serio\/#breadcrumb"},"inLanguage":"es-AR","potentialAction":[{"@type":"ReadAction","target":["https:\/\/www.halifax-consulting.com\/splat\/digital-learning\/juego-en-serio\/"]}]},{"@type":"BreadcrumbList","@id":"https:\/\/www.halifax-consulting.com\/splat\/digital-learning\/juego-en-serio\/#breadcrumb","itemListElement":[{"@type":"ListItem","position":1,"name":"Accueil","item":"https:\/\/www.halifax-consulting.com\/splat\/"},{"@type":"ListItem","position":2,"name":"Digital &amp; IA","item":"https:\/\/www.halifax-consulting.com\/splat\/digital-learning\/"},{"@type":"ListItem","position":3,"name":"Serious Game"}]},{"@type":"WebSite","@id":"https:\/\/www.halifax-consulting.com\/splat\/#website","url":"https:\/\/www.halifax-consulting.com\/splat\/","name":"Halifax Consulting \u2013 LATAM","description":"Halifax Consulting est un cabinet de conseil en performance commerciale sp\u00e9cialis\u00e9 dans la formation des \u00e9quipes et managers","potentialAction":[{"@type":"SearchAction","target":{"@type":"EntryPoint","urlTemplate":"https:\/\/www.halifax-consulting.com\/splat\/?s={search_term_string}"},"query-input":"required name=search_term_string"}],"inLanguage":"es-AR"}]}},"_links":{"self":[{"href":"https:\/\/www.halifax-consulting.com\/splat\/wp-json\/wp\/v2\/pages\/206"}],"collection":[{"href":"https:\/\/www.halifax-consulting.com\/splat\/wp-json\/wp\/v2\/pages"}],"about":[{"href":"https:\/\/www.halifax-consulting.com\/splat\/wp-json\/wp\/v2\/types\/page"}],"author":[{"embeddable":true,"href":"https:\/\/www.halifax-consulting.com\/splat\/wp-json\/wp\/v2\/users\/1"}],"replies":[{"embeddable":true,"href":"https:\/\/www.halifax-consulting.com\/splat\/wp-json\/wp\/v2\/comments?post=206"}],"version-history":[{"count":32,"href":"https:\/\/www.halifax-consulting.com\/splat\/wp-json\/wp\/v2\/pages\/206\/revisions"}],"predecessor-version":[{"id":5115,"href":"https:\/\/www.halifax-consulting.com\/splat\/wp-json\/wp\/v2\/pages\/206\/revisions\/5115"}],"up":[{"embeddable":true,"href":"https:\/\/www.halifax-consulting.com\/splat\/wp-json\/wp\/v2\/pages\/549"}],"wp:featuredmedia":[{"embeddable":true,"href":"https:\/\/www.halifax-consulting.com\/splat\/wp-json\/wp\/v2\/media\/1462"}],"wp:attachment":[{"href":"https:\/\/www.halifax-consulting.com\/splat\/wp-json\/wp\/v2\/media?parent=206"}],"wp:term":[{"taxonomy":"category","embeddable":true,"href":"https:\/\/www.halifax-consulting.com\/splat\/wp-json\/wp\/v2\/categories?post=206"}],"curies":[{"name":"wp","href":"https:\/\/api.w.org\/{rel}","templated":true}]}}