{"id":384,"date":"2020-01-02T18:24:14","date_gmt":"2020-01-02T17:24:14","guid":{"rendered":"https:\/\/www.halifax-consulting.com\/?page_id=384"},"modified":"2025-05-21T11:45:03","modified_gmt":"2025-05-21T09:45:03","slug":"el-grupo","status":"publish","type":"page","link":"https:\/\/www.halifax-consulting.com\/splat\/el-grupo\/","title":{"rendered":"El grupo"},"content":{"rendered":"<div class=\"container\">\n\t<div class=\"row\">\n\t\t<div class=\"col-lg-12 col-md-12 col-sm-12\">\n\t\t\t<h2 class=\"intro\">\n\t\t\t\t<strong class=\"intro-h2 d-block\">Un enfoque &#8220;glocal&#8221;<\/strong>\n\t\t\t\t<p>Halifax es una firma de consultor&iacute;a y capacitaci&oacute;n especializada en rendimiento de ventas y relacionamiento con el cliente. Establecida en 2003, hemos crecido para convertirnos en una de las pocas compa&ntilde;&iacute;as europeas en la industria capaces de atender clientes alrededor del mundo. Ofrecemos un potente mix combinando:<\/p>\n<ul>\n<li>Experiencia espec&iacute;fica de negocios y conocimiento profundo de ventas.<\/li>\n<li>Una organizaci&oacute;n centrada en el mercado, apuntando a segmentos claves de clientes para capitalizar sobre las mejores pr&aacute;cticas.<\/li>\n<li>Contenidos afinados, actualizados regularmente, y m&eacute;todos con un amplio alcance (m&aacute;s de 15 publicaciones, traducidas a varios idiomas).<\/li>\n<li>Alianzas con las top escuelas de negocios de Francia y con jugadores LMS globales quienes proveen nuestro contenido e-learning multiling&uuml;e.<\/li>\n<li>Tecnolog&iacute;as de vanguardia para aumentar el rendimiento, modificar pr&aacute;cticas y facilitar una implementaci&oacute;n flexible.<\/li>\n<li>Alcance para manejar proyectos globales ajustados a las necesidades locales.<\/li>\n<\/ul>\t\t\t<\/h2>\n\t\t<\/div>\n\t<\/div>\n<\/div>\n\n\n<section class=\"navy bloc-texte-image p-0\">\t\n\t<div class=\"container-fluid\">\n\t\t<div class=\"row\">\n\t\t\t\t\t\t\n\t\t\t<div class=\"col-lg-8 col-md-6 col-md-12 p-6 bloc-texte-image--content\">\n\t\t\t\t<h4>Un equipo dedicado listo para ayudar<\/h4>\n\t\t\t\t<p>Nuestro equipo de consultores trabaja muy de cerca con departamentos de ventas, gerentes de excelencia en ventas y universidades corporativas para mejorar toda una gama de habilidades destinada a representantes de venta, gerentes de venta, administradores de cuentas clave, consultores t\u00e9cnicos, personal de front y back office, y telemarketers.<\/p>\n\t\t\t\t\t\t\t\t<p><a class=\"btn btn-hx btn-hx-orange\" href=\"https:\/\/www.halifax-consulting.com\/splat\/el-grupo\/equipo-halifax-consulting\/\">Conozca al equipo Halifax<\/a><\/p>\n\t\t\t\t\t\t\t<\/div>\n\t\t\t\n\t\t\t\t\t\t<div class=\"col-lg-4 col-md-6 col-md-12 p-0\">\n\t\t\t\t<figure>\n<!-- \t\t\t\t\t<img decoding=\"async\" src=\"https:\/\/www.halifax-consulting.com\/splat\/wp-content\/uploads\/sites\/5\/2020\/01\/halifax-consulting-equipe.jpg\" alt=\"photo\" width=\"100%\" \/> -->\n\t\t\t\t\t<img decoding=\"async\" loading=\"lazy\" src=\"https:\/\/www.halifax-consulting.com\/splat\/wp-content\/uploads\/sites\/5\/2020\/01\/halifax-consulting-equipe.jpg\" alt=\"El equipo de Halifax Consulting durante un seminario de negocios, donde los temas tratados giraron en torno a la gesti\u00f3n de cuentas clave y el rendimiento comercial\" width=\"100%\" height=\"\" >\t\t\t\t<\/figure>\n\t\t\t<\/div>\n\t\t\t\t\t<\/div>\n\t<\/div>\n<\/section>\n\n<section class=\"white bloc-texte-image p-0\">\t\n\t<div class=\"container-fluid\">\n\t\t<div class=\"row\">\n\t\t\t\t\t\t<div class=\"col-lg-4 col-md-6 col-md-12 p-0\">\n\t\t\t\t<figure>\n<!-- \t\t\t\t\t<img decoding=\"async\" src=\"https:\/\/www.halifax-consulting.com\/splat\/wp-content\/uploads\/sites\/5\/2025\/05\/Map-Monde-22.04.25.png\" alt=\"photo\" width=\"100%\" \/> -->\n\t\t\t\t\t<img decoding=\"async\" loading=\"lazy\" src=\"https:\/\/www.halifax-consulting.com\/splat\/wp-content\/uploads\/sites\/5\/2025\/05\/Map-Monde-22.04.25.png\" alt=\"\" width=\"100%\" height=\"\" >\t\t\t\t<\/figure>\n\t\t\t<\/div>\n\t\t\t\t\t\t\n\t\t\t<div class=\"col-lg-8 col-md-6 col-md-12 p-6 bloc-texte-image--content\">\n\t\t\t\t<h4>Halifax Consulting en el mundo<\/h4>\n\t\t\t\t<p>Halifax Consulting acompa\u00f1a a sus clientes a nivel internacional a trav\u00e9s de 3 filiales en el extranjero (LATAM- Sao Paulo, ASIA &#8211; Singapur, MEA- Casablanca) y una potente red de distribuidores exclusivos (12 distribuidores y agentes), que nos permite implementar en m\u00e1s de 15 idiomas diferentes.<\/p>\n\t\t\t\t\t\t\t\t<p><a class=\"btn btn-hx btn-hx-orange\" href=\"https:\/\/www.halifax-consulting.com\/splat\/el-grupo\/presencia-internacional\/\">Leer mas<\/a><\/p>\n\t\t\t\t\t\t\t<\/div>\n\t\t\t\n\t\t\t\t\t<\/div>\n\t<\/div>\n<\/section>","protected":false},"excerpt":{"rendered":"","protected":false},"author":1,"featured_media":385,"parent":0,"menu_order":40,"comment_status":"closed","ping_status":"closed","template":"page-generique-simple.php","meta":[],"categories":[],"acf":[],"yoast_head":"<!-- This site is optimized with the Yoast SEO plugin v19.9 - https:\/\/yoast.com\/wordpress\/plugins\/seo\/ -->\n<title>El grupo Halifax Consulting<\/title>\n<meta name=\"description\" content=\"Establecida en 2003, hemos crecido para convertirnos en una de las pocas compa\u00f1\u00edas europeas en la industria...\" \/>\n<link rel=\"canonical\" href=\"https:\/\/www.halifax-consulting.com\/splat\/el-grupo\/\" \/>\n<meta property=\"og:locale\" content=\"es_ES\" \/>\n<meta property=\"og:type\" content=\"article\" \/>\n<meta property=\"og:title\" content=\"El grupo Halifax Consulting\" \/>\n<meta property=\"og:description\" content=\"Establecida en 2003, hemos crecido para convertirnos en una de las pocas compa\u00f1\u00edas europeas en la industria...\" \/>\n<meta property=\"og:url\" content=\"https:\/\/www.halifax-consulting.com\/splat\/el-grupo\/\" \/>\n<meta property=\"og:site_name\" content=\"Halifax Consulting \u2013 LATAM\" \/>\n<meta property=\"article:modified_time\" content=\"2025-05-21T09:45:03+00:00\" \/>\n<meta property=\"og:image\" content=\"https:\/\/www.halifax-consulting.com\/splat\/wp-content\/uploads\/sites\/5\/2020\/01\/halifax-consulting-groupe.jpg\" \/>\n\t<meta property=\"og:image:width\" content=\"1000\" \/>\n\t<meta property=\"og:image:height\" content=\"360\" \/>\n\t<meta property=\"og:image:type\" content=\"image\/jpeg\" \/>\n<meta name=\"twitter:card\" content=\"summary_large_image\" \/>\n<script type=\"application\/ld+json\" class=\"yoast-schema-graph\">{\"@context\":\"https:\/\/schema.org\",\"@graph\":[{\"@type\":\"WebPage\",\"@id\":\"https:\/\/www.halifax-consulting.com\/splat\/el-grupo\/\",\"url\":\"https:\/\/www.halifax-consulting.com\/splat\/el-grupo\/\",\"name\":\"El grupo Halifax Consulting\",\"isPartOf\":{\"@id\":\"https:\/\/www.halifax-consulting.com\/splat\/#website\"},\"datePublished\":\"2020-01-02T17:24:14+00:00\",\"dateModified\":\"2025-05-21T09:45:03+00:00\",\"description\":\"Establecida en 2003, hemos crecido para convertirnos en una de las pocas compa\u00f1\u00edas europeas en la industria...\",\"breadcrumb\":{\"@id\":\"https:\/\/www.halifax-consulting.com\/splat\/el-grupo\/#breadcrumb\"},\"inLanguage\":\"es-AR\",\"potentialAction\":[{\"@type\":\"ReadAction\",\"target\":[\"https:\/\/www.halifax-consulting.com\/splat\/el-grupo\/\"]}]},{\"@type\":\"BreadcrumbList\",\"@id\":\"https:\/\/www.halifax-consulting.com\/splat\/el-grupo\/#breadcrumb\",\"itemListElement\":[{\"@type\":\"ListItem\",\"position\":1,\"name\":\"Accueil\",\"item\":\"https:\/\/www.halifax-consulting.com\/splat\/\"},{\"@type\":\"ListItem\",\"position\":2,\"name\":\"El grupo\"}]},{\"@type\":\"WebSite\",\"@id\":\"https:\/\/www.halifax-consulting.com\/splat\/#website\",\"url\":\"https:\/\/www.halifax-consulting.com\/splat\/\",\"name\":\"Halifax Consulting \u2013 LATAM\",\"description\":\"Halifax Consulting est un cabinet de conseil en performance commerciale sp\u00e9cialis\u00e9 dans la formation des \u00e9quipes et managers\",\"potentialAction\":[{\"@type\":\"SearchAction\",\"target\":{\"@type\":\"EntryPoint\",\"urlTemplate\":\"https:\/\/www.halifax-consulting.com\/splat\/?s={search_term_string}\"},\"query-input\":\"required name=search_term_string\"}],\"inLanguage\":\"es-AR\"}]}<\/script>\n<!-- \/ Yoast SEO plugin. -->","yoast_head_json":{"title":"El grupo Halifax Consulting","description":"Establecida en 2003, hemos crecido para convertirnos en una de las pocas compa\u00f1\u00edas europeas en la industria...","canonical":"https:\/\/www.halifax-consulting.com\/splat\/el-grupo\/","og_locale":"es_ES","og_type":"article","og_title":"El grupo Halifax Consulting","og_description":"Establecida en 2003, hemos crecido para convertirnos en una de las pocas compa\u00f1\u00edas europeas en la industria...","og_url":"https:\/\/www.halifax-consulting.com\/splat\/el-grupo\/","og_site_name":"Halifax Consulting \u2013 LATAM","article_modified_time":"2025-05-21T09:45:03+00:00","og_image":[{"width":1000,"height":360,"url":"https:\/\/www.halifax-consulting.com\/splat\/wp-content\/uploads\/sites\/5\/2020\/01\/halifax-consulting-groupe.jpg","type":"image\/jpeg"}],"twitter_card":"summary_large_image","schema":{"@context":"https:\/\/schema.org","@graph":[{"@type":"WebPage","@id":"https:\/\/www.halifax-consulting.com\/splat\/el-grupo\/","url":"https:\/\/www.halifax-consulting.com\/splat\/el-grupo\/","name":"El grupo Halifax Consulting","isPartOf":{"@id":"https:\/\/www.halifax-consulting.com\/splat\/#website"},"datePublished":"2020-01-02T17:24:14+00:00","dateModified":"2025-05-21T09:45:03+00:00","description":"Establecida en 2003, hemos crecido para convertirnos en una de las pocas compa\u00f1\u00edas europeas en la industria...","breadcrumb":{"@id":"https:\/\/www.halifax-consulting.com\/splat\/el-grupo\/#breadcrumb"},"inLanguage":"es-AR","potentialAction":[{"@type":"ReadAction","target":["https:\/\/www.halifax-consulting.com\/splat\/el-grupo\/"]}]},{"@type":"BreadcrumbList","@id":"https:\/\/www.halifax-consulting.com\/splat\/el-grupo\/#breadcrumb","itemListElement":[{"@type":"ListItem","position":1,"name":"Accueil","item":"https:\/\/www.halifax-consulting.com\/splat\/"},{"@type":"ListItem","position":2,"name":"El grupo"}]},{"@type":"WebSite","@id":"https:\/\/www.halifax-consulting.com\/splat\/#website","url":"https:\/\/www.halifax-consulting.com\/splat\/","name":"Halifax Consulting \u2013 LATAM","description":"Halifax Consulting est un cabinet de conseil en performance commerciale sp\u00e9cialis\u00e9 dans la formation des \u00e9quipes et managers","potentialAction":[{"@type":"SearchAction","target":{"@type":"EntryPoint","urlTemplate":"https:\/\/www.halifax-consulting.com\/splat\/?s={search_term_string}"},"query-input":"required name=search_term_string"}],"inLanguage":"es-AR"}]}},"_links":{"self":[{"href":"https:\/\/www.halifax-consulting.com\/splat\/wp-json\/wp\/v2\/pages\/384"}],"collection":[{"href":"https:\/\/www.halifax-consulting.com\/splat\/wp-json\/wp\/v2\/pages"}],"about":[{"href":"https:\/\/www.halifax-consulting.com\/splat\/wp-json\/wp\/v2\/types\/page"}],"author":[{"embeddable":true,"href":"https:\/\/www.halifax-consulting.com\/splat\/wp-json\/wp\/v2\/users\/1"}],"replies":[{"embeddable":true,"href":"https:\/\/www.halifax-consulting.com\/splat\/wp-json\/wp\/v2\/comments?post=384"}],"version-history":[{"count":19,"href":"https:\/\/www.halifax-consulting.com\/splat\/wp-json\/wp\/v2\/pages\/384\/revisions"}],"predecessor-version":[{"id":5119,"href":"https:\/\/www.halifax-consulting.com\/splat\/wp-json\/wp\/v2\/pages\/384\/revisions\/5119"}],"wp:featuredmedia":[{"embeddable":true,"href":"https:\/\/www.halifax-consulting.com\/splat\/wp-json\/wp\/v2\/media\/385"}],"wp:attachment":[{"href":"https:\/\/www.halifax-consulting.com\/splat\/wp-json\/wp\/v2\/media?parent=384"}],"wp:term":[{"taxonomy":"category","embeddable":true,"href":"https:\/\/www.halifax-consulting.com\/splat\/wp-json\/wp\/v2\/categories?post=384"}],"curies":[{"name":"wp","href":"https:\/\/api.w.org\/{rel}","templated":true}]}}