{"id":39,"date":"2019-12-13T14:45:31","date_gmt":"2019-12-13T13:45:31","guid":{"rendered":"https:\/\/www.halifax-consulting.com\/?page_id=39"},"modified":"2023-06-14T09:59:11","modified_gmt":"2023-06-14T07:59:11","slug":"aprendizaje-adaptativo","status":"publish","type":"page","link":"https:\/\/www.halifax-consulting.com\/splat\/digital-learning\/aprendizaje-adaptativo\/","title":{"rendered":"Adaptive Learning"},"content":{"rendered":"<div class=\"container\">\n\t<div class=\"row\">\n\t\t<div class=\"col-lg-12 col-md-12 col-sm-12\">\n\t\t\t<h2 class=\"intro\">\n\t\t\t\t<strong class=\"intro-h2 d-block\">Cada cerebro es diferente<\/strong>\n\t\t\t\t<p>Los cursos de capacitaci&oacute;n han sido siempre construidos en base a clases y grupos en un intento de hacer las cosas m&aacute;s eficientes. Sin embargo, todos sabemos que no se puede superar un enfoque individual y personalizado, porque el cerebro de cada uno es diferente. Es por eso que, en Halifax, hemos ido r&aacute;pidamente hacia enfoques de aprendizaje adaptativo, empoderando a las personas a aprender a su propio ritmo en l&iacute;nea con sus preferencias personales. Utilizamos uno de los mejores sistemas disponibles hoy en d&iacute;a, basado en innovadora tecnolog&iacute;a Danesa.<\/p>\t\t\t<\/h2>\n\t\t<\/div>\n\t<\/div>\n<\/div>\n\n\n<div class=\"container pb-6\">\n\t<div class=\"row\">\n\t\t<div class=\"col-lg-4 col-md-4 col-sm-12\">\n\t\t\t<h4 class=\"key\">50%<\/h4>\n\t\t\t<p class=\"key-description\">reducci\u00f3n promedio en tiempo de aprendizaje comparado con abordajes convencionales de e-learning<\/p>\t\t\t\t\t\t\t\n\t\t<\/div>\n\t\t<div class=\"col-lg-4 col-md-4 col-sm-12\">\n\t\t\t<h4 class=\"key\">20 millones<\/h4>\n\t\t\t<p class=\"key-description\">usuarios alrededor del mundo<\/p>\t\t\t\t\t\t\n\t\t<\/div>\n\t\t<div class=\"col-lg-4 col-md-4 col-sm-12\">\n\t\t\t<h4 class=\"key\">20 a\u00f1os<\/h4>\t\n\t\t\t<p class=\"key-description\">de investigaci\u00f3n combinando neurociencia con inteligencia artificial<\/p>\t\t\t\t\t\n\t\t<\/div>\n\t<\/div>\n<\/div>\n\n<section class=\"light block-benefits-4 py-6\">\n\t<div class=\"container\">\n\t\t<div class=\"row\">\n\t\t\t<div class=\"col-lg-12 col-md-12 col-sm-12\">\n\t\t\t\t<h2 class=\"text-center\">\n\t\t\t\t\tBeneficios\t\t\t\t\t<span class=\"h2-subtitle\"><\/span>\n\t\t\t\t\t\n\t\t\t\t\t\n\t\t\t\t<\/h2>\n\t\t\t<\/div>\n\t\t<\/div>\n\t\t<div class=\"row\">\n\t\t\t\t\n\t\t\t\t\t\n\t\t\t\t\t<div class=\"col-lg-6 col-md-6 col-sm-12 mb-4\">\n\t\t\t\t\t\t<div class=\"row\">\n\t\t\t\t\t\t\t<div class=\"col-lg-2 col-sm-3 col-sm-12\">\n\t\t\t\t\t\t\t\t<img decoding=\"async\" class=\"fadeIn\" src=\"https:\/\/www.halifax-consulting.com\/splat\/wp-content\/themes\/halifax\/library\/img\/halifax-consulting-benefits-icon.svg\" alt=\"icone benefices\" width=\"100%\" \/>\n\t\t\t\t\t\t\t<\/div>\n\t\t\t\t\t\t\t<div class=\"col-lg-10 col-sm-9 col-sm-12 fadeIn\">\n\t\t\t\t\t\t\t\t<h3 class=\"benef-title\">Una experiencia de aprendizaje personalizada<\/h3>\n\t\t\t\t\t\t\t\t<p class=\"benef-content\">Un curso e-learning a la medida de necesidades individuales, y adaptable para una implementaci\u00f3n a gran escala. <br>\n\t\t\t\t\t\t\t\t\t\t\t\t\t\t\t\t\t<\/p>\n\t\t\t\t\t\t\t<\/div>\n\t\t\t\t\t\t<\/div>\n\t\t\t\t\t<\/div>\n\t\t\t\t\t\n\t\t\t\t\t\t\n\t\t\t\t\t\n\t\t\t\t\t<div class=\"col-lg-6 col-md-6 col-sm-12 mb-4\">\n\t\t\t\t\t\t<div class=\"row\">\n\t\t\t\t\t\t\t<div class=\"col-lg-2 col-sm-3 col-sm-12\">\n\t\t\t\t\t\t\t\t<img decoding=\"async\" class=\"fadeIn\" src=\"https:\/\/www.halifax-consulting.com\/splat\/wp-content\/themes\/halifax\/library\/img\/halifax-consulting-benefits-icon.svg\" alt=\"icone benefices\" width=\"100%\" \/>\n\t\t\t\t\t\t\t<\/div>\n\t\t\t\t\t\t\t<div class=\"col-lg-10 col-sm-9 col-sm-12 fadeIn\">\n\t\t\t\t\t\t\t\t<h3 class=\"benef-title\">Una visi\u00f3n hol\u00edstica de la capacitaci\u00f3n<\/h3>\n\t\t\t\t\t\t\t\t<p class=\"benef-content\">Nuestra soluci\u00f3n brinda a ambos, aprendices y administradores de sitio, datos profundos y de alto impacto para monitorear la adquisici\u00f3n de habilidades.<br>\n\t\t\t\t\t\t\t\t\t\t\t\t\t\t\t\t\t<\/p>\n\t\t\t\t\t\t\t<\/div>\n\t\t\t\t\t\t<\/div>\n\t\t\t\t\t<\/div>\n\t\t\t\t\t\n\t\t\t\t\t\t\n\t\t\t\t\t\n\t\t\t\t\t<div class=\"col-lg-6 col-md-6 col-sm-12 mb-4\">\n\t\t\t\t\t\t<div class=\"row\">\n\t\t\t\t\t\t\t<div class=\"col-lg-2 col-sm-3 col-sm-12\">\n\t\t\t\t\t\t\t\t<img decoding=\"async\" class=\"fadeIn\" src=\"https:\/\/www.halifax-consulting.com\/splat\/wp-content\/themes\/halifax\/library\/img\/halifax-consulting-benefits-icon.svg\" alt=\"icone benefices\" width=\"100%\" \/>\n\t\t\t\t\t\t\t<\/div>\n\t\t\t\t\t\t\t<div class=\"col-lg-10 col-sm-9 col-sm-12 fadeIn\">\n\t\t\t\t\t\t\t\t<h3 class=\"benef-title\">Una gama de recursos disponibles<\/h3>\n\t\t\t\t\t\t\t\t<p class=\"benef-content\">Potenciar el involucramiento de gerentes con indicadores espec\u00edficos que permitan coaching personalizado y seguimiento, junto con una evaluaci\u00f3n precisa de las habilidades adquiridas.<br>\n\t\t\t\t\t\t\t\t\t\t\t\t\t\t\t\t\t<\/p>\n\t\t\t\t\t\t\t<\/div>\n\t\t\t\t\t\t<\/div>\n\t\t\t\t\t<\/div>\n\t\t\t\t\t\n\t\t\t\t\t\t\n\t\t\t\t\t\n\t\t\t\t\t<div class=\"col-lg-6 col-md-6 col-sm-12 mb-4\">\n\t\t\t\t\t\t<div class=\"row\">\n\t\t\t\t\t\t\t<div class=\"col-lg-2 col-sm-3 col-sm-12\">\n\t\t\t\t\t\t\t\t<img decoding=\"async\" class=\"fadeIn\" src=\"https:\/\/www.halifax-consulting.com\/splat\/wp-content\/themes\/halifax\/library\/img\/halifax-consulting-benefits-icon.svg\" alt=\"icone benefices\" width=\"100%\" \/>\n\t\t\t\t\t\t\t<\/div>\n\t\t\t\t\t\t\t<div class=\"col-lg-10 col-sm-9 col-sm-12 fadeIn\">\n\t\t\t\t\t\t\t\t<h3 class=\"benef-title\">Contenido personalizado<\/h3>\n\t\t\t\t\t\t\t\t<p class=\"benef-content\">Ya sea que est\u00e9 tratando de mejorar el impacto de sus cursos de e-learning, tenga m\u00f3dulos que son dif\u00edciles de implementar, necesite implementar actualizaciones frecuentes, quiera incorporar certificaci\u00f3n o se enfrentan a otros desaf\u00edos, Halifax le ayudar\u00e1 a construir sus propios m\u00f3dulos y lo empoderar\u00e1 para continuar avanzando por su cuenta. <br>\n\t\t\t\t\t\t\t\t\t\t\t\t\t\t\t\t\t<\/p>\n\t\t\t\t\t\t\t<\/div>\n\t\t\t\t\t\t<\/div>\n\t\t\t\t\t<\/div>\n\t\t\t\t\t\n\t\t\t\t\t\t\t\t\n\t\t<\/div>\n\t<\/div>\n<\/section>\n\n<section class=\"navy py-6\">\n\t<div class=\"container\">\n\t\t<div class=\"row\">\n\t\t\t<div class=\"col-lg-12 col-md-12 col-sm-12\">\n\t\t\t\t<h2 class=\"text-center\">\n\t\t\t\t\tAprendizaje adaptativo: una soluci\u00f3n integral\t\t\t\t\t<span class=\"h2-subtitle\"><\/span>\n\t\t\t\t\t\n\t\t\t\t\t\n\t\t\t\t<\/h2>\n\t\t\t<\/div>\n\t\t<\/div>\n\t\t<div class=\"row\">\n\t\t\t\n\t\t\t<div class=\"col-lg-12 col-md-12 col-sm-12\">\n\t\t\t\t<div class=\"accordion\" id=\"accordionExample\">\n\t\t\t\t\t<div class=\"card\">\n\t\t\t\t\t    <div class=\"card-header\" id=\"headingOne\">\n\t\t\t\t\t\n\t\t\t\t\t        <button type=\"button\" data-toggle=\"collapse\" data-target=\"#collapseOne\" aria-expanded=\"true\" aria-controls=\"collapseOne\">\n\t\t\t\t\t        \tPara aprendices\t\t\t\t\t        \t<i data-feather=\"chevron-down\"><\/i>\n\t\t\t\t\t        <\/button>\n\t\t\t\t\t\t\t\n\t\t\t\t\t    <\/div>\n\t\t\t\t\t\n\t\t\t\t\t    <div id=\"collapseOne\" class=\"collapse show\" aria-labelledby=\"headingOne\" data-parent=\"#accordionExample\">\n\t\t\t\t\t\t    <div class=\"card-body\">\n\t\t\t\t\t\t        <ul>\n<li>Aumente su compromiso con un sistema que le permite aprender a su propio ritmo en base a sus preferencias personales, oportunidades y dificultades.<\/li>\n<li>Obtenga acceso a una extensa biblioteca de recursos, con miles de videos, PDFs, presentaciones y mas, los cuales puede utilizar como y cuando est\u00e9 listo.<\/li>\n<\/ul>\n\t\t\t\t\t\t    <\/div>\n\t\t\t\t\t    <\/div>\n\t\t\t\t\t<\/div>\n\t\t\t\t\t<div class=\"card\">\n\t\t\t\t\t    <div class=\"card-header\" id=\"headingTwo\">\n\t\t\t\t\t      \n\t\t\t\t\t        <button class=\"btn btn-link collapsed\" type=\"button\" data-toggle=\"collapse\" data-target=\"#collapseTwo\" aria-expanded=\"false\" aria-controls=\"collapseTwo\">\n\t\t\t\t\t        \tPara empresas\t\t\t\t\t        \t<i data-feather=\"chevron-down\"><\/i>\n\t\t\t\t\t        <\/button>\n\t\t\t\t\t    <\/div>\n\t\t\t\t\t    <div id=\"collapseTwo\" class=\"collapse\" aria-labelledby=\"headingTwo\" data-parent=\"#accordionExample\">\n\t\t\t\t\t      <div class=\"card-body\">\n\t\t\t\t\t        <ul>\n<li>El aprendizaje adaptativo permite a personas de diferentes niveles empezar el mismo programa, asegurando que todos terminan con el mismo nivel de habilidades y especializaci\u00f3n<\/li>\n<li>En algunas cuestiones cr\u00edticas, que requieren un conocimiento del 100%, proporcionamos una manera sencilla y f\u00e1cil para asegurar que todos alcancen el m\u00e1s alto est\u00e1ndar<\/li>\n<li>Pinta una imagen detallada del perfil de los aprendices y se enfoca en cada deficiencia identificada. <\/li>\n<\/ul>\n\t\t\t\t\t      <\/div>\n\t\t\t\t\t    <\/div>\n\t\t\t\t\t  <\/div>\n\t\t\t\t\t\t\t\t\t\t\t\t\t\t\t\t\t\t\t\t\t\t\t\t\t\t\t\t\t\t\t\t\t\t<\/div>\n\t\t\t<\/div>\n\t\t\t\n\t\t<\/div>\n\t<\/div>\n<\/section>\n\n\n<p><\/p>\n","protected":false},"excerpt":{"rendered":"<p>Aprendizaje a medida basado en neurociencia e inteligencia artificial<\/p>\n","protected":false},"author":1,"featured_media":1460,"parent":549,"menu_order":10,"comment_status":"closed","ping_status":"closed","template":"page-generique-simple.php","meta":[],"categories":[],"acf":[],"yoast_head":"<!-- This site is optimized with the Yoast SEO plugin v19.9 - https:\/\/yoast.com\/wordpress\/plugins\/seo\/ -->\n<title>Adaptive Learning - Halifax Consulting<\/title>\n<meta name=\"description\" content=\"Los cursos de capacitaci\u00f3n han sido siempre construidos en base a clases y grupos en un intento de hacer las cosas m\u00e1s eficientes...\" \/>\n<link rel=\"canonical\" href=\"https:\/\/www.halifax-consulting.com\/splat\/digital-learning\/aprendizaje-adaptativo\/\" \/>\n<meta property=\"og:locale\" content=\"es_ES\" \/>\n<meta property=\"og:type\" content=\"article\" \/>\n<meta property=\"og:title\" content=\"Adaptive Learning - Halifax Consulting\" \/>\n<meta property=\"og:description\" content=\"Los cursos de capacitaci\u00f3n han sido siempre construidos en base a clases y grupos en un intento de hacer las cosas m\u00e1s eficientes...\" \/>\n<meta property=\"og:url\" content=\"https:\/\/www.halifax-consulting.com\/splat\/digital-learning\/aprendizaje-adaptativo\/\" \/>\n<meta property=\"og:site_name\" content=\"Halifax Consulting \u2013 LATAM\" \/>\n<meta property=\"article:modified_time\" content=\"2023-06-14T07:59:11+00:00\" \/>\n<meta property=\"og:image\" content=\"https:\/\/www.halifax-consulting.com\/splat\/wp-content\/uploads\/sites\/5\/2020\/03\/halifax-consulting-digital-learning-adaptive.jpg\" \/>\n\t<meta property=\"og:image:width\" content=\"1000\" \/>\n\t<meta property=\"og:image:height\" content=\"360\" \/>\n\t<meta property=\"og:image:type\" content=\"image\/jpeg\" \/>\n<meta name=\"twitter:card\" content=\"summary_large_image\" \/>\n<script type=\"application\/ld+json\" class=\"yoast-schema-graph\">{\"@context\":\"https:\/\/schema.org\",\"@graph\":[{\"@type\":\"WebPage\",\"@id\":\"https:\/\/www.halifax-consulting.com\/splat\/digital-learning\/aprendizaje-adaptativo\/\",\"url\":\"https:\/\/www.halifax-consulting.com\/splat\/digital-learning\/aprendizaje-adaptativo\/\",\"name\":\"Adaptive Learning - Halifax Consulting\",\"isPartOf\":{\"@id\":\"https:\/\/www.halifax-consulting.com\/splat\/#website\"},\"datePublished\":\"2019-12-13T13:45:31+00:00\",\"dateModified\":\"2023-06-14T07:59:11+00:00\",\"description\":\"Los cursos de capacitaci\u00f3n han sido siempre construidos en base a clases y grupos en un intento de hacer las cosas m\u00e1s eficientes...\",\"breadcrumb\":{\"@id\":\"https:\/\/www.halifax-consulting.com\/splat\/digital-learning\/aprendizaje-adaptativo\/#breadcrumb\"},\"inLanguage\":\"es-AR\",\"potentialAction\":[{\"@type\":\"ReadAction\",\"target\":[\"https:\/\/www.halifax-consulting.com\/splat\/digital-learning\/aprendizaje-adaptativo\/\"]}]},{\"@type\":\"BreadcrumbList\",\"@id\":\"https:\/\/www.halifax-consulting.com\/splat\/digital-learning\/aprendizaje-adaptativo\/#breadcrumb\",\"itemListElement\":[{\"@type\":\"ListItem\",\"position\":1,\"name\":\"Accueil\",\"item\":\"https:\/\/www.halifax-consulting.com\/splat\/\"},{\"@type\":\"ListItem\",\"position\":2,\"name\":\"Digital &amp; IA\",\"item\":\"https:\/\/www.halifax-consulting.com\/splat\/digital-learning\/\"},{\"@type\":\"ListItem\",\"position\":3,\"name\":\"Adaptive Learning\"}]},{\"@type\":\"WebSite\",\"@id\":\"https:\/\/www.halifax-consulting.com\/splat\/#website\",\"url\":\"https:\/\/www.halifax-consulting.com\/splat\/\",\"name\":\"Halifax Consulting \u2013 LATAM\",\"description\":\"Halifax Consulting est un cabinet de conseil en performance commerciale sp\u00e9cialis\u00e9 dans la formation des \u00e9quipes et managers\",\"potentialAction\":[{\"@type\":\"SearchAction\",\"target\":{\"@type\":\"EntryPoint\",\"urlTemplate\":\"https:\/\/www.halifax-consulting.com\/splat\/?s={search_term_string}\"},\"query-input\":\"required name=search_term_string\"}],\"inLanguage\":\"es-AR\"}]}<\/script>\n<!-- \/ Yoast SEO plugin. -->","yoast_head_json":{"title":"Adaptive Learning - Halifax Consulting","description":"Los cursos de capacitaci\u00f3n han sido siempre construidos en base a clases y grupos en un intento de hacer las cosas m\u00e1s eficientes...","canonical":"https:\/\/www.halifax-consulting.com\/splat\/digital-learning\/aprendizaje-adaptativo\/","og_locale":"es_ES","og_type":"article","og_title":"Adaptive Learning - Halifax Consulting","og_description":"Los cursos de capacitaci\u00f3n han sido siempre construidos en base a clases y grupos en un intento de hacer las cosas m\u00e1s eficientes...","og_url":"https:\/\/www.halifax-consulting.com\/splat\/digital-learning\/aprendizaje-adaptativo\/","og_site_name":"Halifax Consulting \u2013 LATAM","article_modified_time":"2023-06-14T07:59:11+00:00","og_image":[{"width":1000,"height":360,"url":"https:\/\/www.halifax-consulting.com\/splat\/wp-content\/uploads\/sites\/5\/2020\/03\/halifax-consulting-digital-learning-adaptive.jpg","type":"image\/jpeg"}],"twitter_card":"summary_large_image","schema":{"@context":"https:\/\/schema.org","@graph":[{"@type":"WebPage","@id":"https:\/\/www.halifax-consulting.com\/splat\/digital-learning\/aprendizaje-adaptativo\/","url":"https:\/\/www.halifax-consulting.com\/splat\/digital-learning\/aprendizaje-adaptativo\/","name":"Adaptive Learning - Halifax Consulting","isPartOf":{"@id":"https:\/\/www.halifax-consulting.com\/splat\/#website"},"datePublished":"2019-12-13T13:45:31+00:00","dateModified":"2023-06-14T07:59:11+00:00","description":"Los cursos de capacitaci\u00f3n han sido siempre construidos en base a clases y grupos en un intento de hacer las cosas m\u00e1s eficientes...","breadcrumb":{"@id":"https:\/\/www.halifax-consulting.com\/splat\/digital-learning\/aprendizaje-adaptativo\/#breadcrumb"},"inLanguage":"es-AR","potentialAction":[{"@type":"ReadAction","target":["https:\/\/www.halifax-consulting.com\/splat\/digital-learning\/aprendizaje-adaptativo\/"]}]},{"@type":"BreadcrumbList","@id":"https:\/\/www.halifax-consulting.com\/splat\/digital-learning\/aprendizaje-adaptativo\/#breadcrumb","itemListElement":[{"@type":"ListItem","position":1,"name":"Accueil","item":"https:\/\/www.halifax-consulting.com\/splat\/"},{"@type":"ListItem","position":2,"name":"Digital &amp; IA","item":"https:\/\/www.halifax-consulting.com\/splat\/digital-learning\/"},{"@type":"ListItem","position":3,"name":"Adaptive Learning"}]},{"@type":"WebSite","@id":"https:\/\/www.halifax-consulting.com\/splat\/#website","url":"https:\/\/www.halifax-consulting.com\/splat\/","name":"Halifax Consulting \u2013 LATAM","description":"Halifax Consulting est un cabinet de conseil en performance commerciale sp\u00e9cialis\u00e9 dans la formation des \u00e9quipes et managers","potentialAction":[{"@type":"SearchAction","target":{"@type":"EntryPoint","urlTemplate":"https:\/\/www.halifax-consulting.com\/splat\/?s={search_term_string}"},"query-input":"required name=search_term_string"}],"inLanguage":"es-AR"}]}},"_links":{"self":[{"href":"https:\/\/www.halifax-consulting.com\/splat\/wp-json\/wp\/v2\/pages\/39"}],"collection":[{"href":"https:\/\/www.halifax-consulting.com\/splat\/wp-json\/wp\/v2\/pages"}],"about":[{"href":"https:\/\/www.halifax-consulting.com\/splat\/wp-json\/wp\/v2\/types\/page"}],"author":[{"embeddable":true,"href":"https:\/\/www.halifax-consulting.com\/splat\/wp-json\/wp\/v2\/users\/1"}],"replies":[{"embeddable":true,"href":"https:\/\/www.halifax-consulting.com\/splat\/wp-json\/wp\/v2\/comments?post=39"}],"version-history":[{"count":36,"href":"https:\/\/www.halifax-consulting.com\/splat\/wp-json\/wp\/v2\/pages\/39\/revisions"}],"predecessor-version":[{"id":4233,"href":"https:\/\/www.halifax-consulting.com\/splat\/wp-json\/wp\/v2\/pages\/39\/revisions\/4233"}],"up":[{"embeddable":true,"href":"https:\/\/www.halifax-consulting.com\/splat\/wp-json\/wp\/v2\/pages\/549"}],"wp:featuredmedia":[{"embeddable":true,"href":"https:\/\/www.halifax-consulting.com\/splat\/wp-json\/wp\/v2\/media\/1460"}],"wp:attachment":[{"href":"https:\/\/www.halifax-consulting.com\/splat\/wp-json\/wp\/v2\/media?parent=39"}],"wp:term":[{"taxonomy":"category","embeddable":true,"href":"https:\/\/www.halifax-consulting.com\/splat\/wp-json\/wp\/v2\/categories?post=39"}],"curies":[{"name":"wp","href":"https:\/\/api.w.org\/{rel}","templated":true}]}}