{"id":3951,"date":"2023-02-24T15:17:41","date_gmt":"2023-02-24T14:17:41","guid":{"rendered":"https:\/\/www.halifax-consulting.com\/splat\/?page_id=3951"},"modified":"2023-06-14T10:24:00","modified_gmt":"2023-06-14T08:24:00","slug":"formaciones-comerciales-best-sellers","status":"publish","type":"page","link":"https:\/\/www.halifax-consulting.com\/splat\/formacion\/formaciones-comerciales-best-sellers\/","title":{"rendered":"Formaciones comerciales &#8220;Best-Sellers&#8221;"},"content":{"rendered":"<div class=\"container\">\n\t<div class=\"row\">\n\t\t<div class=\"col-lg-12 col-md-12 col-sm-12\">\n\t\t\t<h2 class=\"intro\">\n\t\t\t\t<strong class=\"intro-h2 d-block\">Lo que es sencillo es complejo de ejecutar<\/strong>\n\t\t\t\t<p style=\"text-align: justify\">Con 20 a&ntilde;os de experiencia en el rendimiento de las ventas, Halifax Consulting ha dejado su impronta con 200 clientes activos en los 5 continentes. Halifax Consulting puede impartir sus cursos de formaci&oacute;n en ventas, formaci&oacute;n en negociaci&oacute;n y formaci&oacute;n para gestores de cuentas clave a escala internacional y en el idioma local. Podemos apoyar y formar a tus directivos y vendedores para aumentar tus indicadores de transformaci&oacute;n y rendimiento de ventas. Halifax despliega m&eacute;todos Best-Seller dedicados al rendimiento de las ventas: La venta con EL METODO LEAD&reg;, la negociaci&oacute;n con EL METODO DEAL&reg;, la gesti&oacute;n de equipos con EL METODO BOSS&reg; y la gesti&oacute;n de cuentas clave con EL METODO PAC$&reg;.<\/p>\n<p style=\"text-align: justify\">Los objetivos de nuestros m&eacute;todos son los siguientes<\/p>\n<ul>\n<li style=\"text-align: justify\"><strong>Formaci&oacute;n en Ventas<\/strong>: articular mejor tus conversaciones de venta y dominar las palancas de la persuasi&oacute;n para ganar la decisi&oacute;n de compra, aumentar la tasa de &eacute;xito y el importe medio de los negocios.<\/li>\n<li style=\"text-align: justify\"><strong>Formaci&oacute;n en Negociaci&oacute;n<\/strong>: identifica los distintos tipos de interlocutores, estructura y prepara tus negociaciones B2B. Aumentar los m&aacute;rgenes, tener &eacute;xito en las campa&ntilde;as de aumento de precios.<\/li>\n<li style=\"text-align: justify\"><strong>Formaci&oacute;n en Gesti&oacute;n Comercial<\/strong>: retiene el talento comercial, controla y mide el progreso de tus equipos de ventas. Aumenta y mide el nivel de entrenamiento y la relaci&oacute;n con el rendimiento.<\/li>\n<li style=\"text-align: justify\"><strong>Formaci&oacute;n en Key Account Management<\/strong>: establece revisiones estrat&eacute;gicas de cuentas, vende tus ideas y moviliza a tus equipos internamente. Desarrolla ventas estrat&eacute;gicas con clientes clave.<\/li>\n<li style=\"text-align: justify\"><strong>Formaci&oacute;n en Strategic Account Management<\/strong>: define una estrategia de clientes rentables y alinea tu empresa con tu ambici&oacute;n de resultados. Pon en marcha iniciativas estrat&eacute;gicas.<\/li>\n<\/ul>\n<p style=\"text-align: justify\">Nuestras formaciones agrupan 4 m&eacute;todos de formaci&oacute;n creados por Halifax Consulting. Son nuestros <em><strong>Best Sellers<\/strong><\/em>, el resultado de muchas mejoras con miles de vendedores B2B formados e incorporando las &uacute;ltimas tecnolog&iacute;as de coaching y <a href=\"https:\/\/www.halifax-consulting.com\/digital-learning\/\">digital learning<\/a> para fuerzas comerciales. Nuestro objetivo es proporcionar la mejor experiencia de aprendizaje en ventas y gesti&oacute;n de ventas para marcar la diferencia en su mercado.<\/p>\t\t\t<\/h2>\n\t\t<\/div>\n\t<\/div>\n<\/div>\n\n\n<!-- Bloc Formations -->\n<section class=\"navy py-6 formations\">\n\t\n\t<div class=\"container\">\n\t\t\n\t\t<div class=\"row\">\n\t\t\t\n\t\t\t<div class=\"col-lg-12 col-md-12 col-sm-12\">\n\t\t\t\t\n\t\t\t\t<h2 class=\"text-center\">\n\t\t\t\t\t\n\t\t\t\t\tLas formaciones comerciales &#8220;Best-Sellers&#8221; de Halifax Consulting\t\t\n\t\t\t\t<\/h2>\n\t\t\t\t\n\t\t\t<\/div>\n\t\t\t\n\t\t<\/div>\n\t\t\n\t\t<div class=\"row\">\n\t\t\t\t\t\t\t\n\t\t\t\t\t\t\t\t\t\n\t\t\t\t\t\t\t\t\t\n\t\t\t\t\t<div class=\"col-lg-4 col-md-4 col-sm-12\">\n\t\t\t\t\t\t<div class=\"formation\">\n\t\t\t\t\t\t<h3 class=\"pb-1 formation__h3\">Formaci\u00f3n en ventas <i class=\"fas fa-arrow-right\"><\/i><\/h3>\n\t\t\t\t\t\t<p><a class=\"stretched-link\" href=\"\"><\/a><\/p>\n\t\t\t\t\t\t<\/div>\n\t\t\t\t\t<\/div>\n\t\t\t\t\t\n\t\t\t\t\t\t\t\t\t\n\t\t\t\t\t\t\t\t\t\n\t\t\t\t\t<div class=\"col-lg-4 col-md-4 col-sm-12\">\n\t\t\t\t\t\t<div class=\"formation\">\n\t\t\t\t\t\t<h3 class=\"pb-1 formation__h3\">Formaci\u00f3n en negociaci\u00f3n comercial <i class=\"fas fa-arrow-right\"><\/i><\/h3>\n\t\t\t\t\t\t<p><a class=\"stretched-link\" href=\"\"><\/a><\/p>\n\t\t\t\t\t\t<\/div>\n\t\t\t\t\t<\/div>\n\t\t\t\t\t\n\t\t\t\t\t\t\t\t\t\n\t\t\t\t\t\t\t\t\t\n\t\t\t\t\t<div class=\"col-lg-4 col-md-4 col-sm-12\">\n\t\t\t\t\t\t<div class=\"formation\">\n\t\t\t\t\t\t<h3 class=\"pb-1 formation__h3\">Formaci\u00f3n en gesti\u00f3n comercial <i class=\"fas fa-arrow-right\"><\/i><\/h3>\n\t\t\t\t\t\t<p><a class=\"stretched-link\" href=\"\"><\/a><\/p>\n\t\t\t\t\t\t<\/div>\n\t\t\t\t\t<\/div>\n\t\t\t\t\t\n\t\t\t\t\t\t\t\t\t\n\t\t\t\t\t\t\t\t\t\n\t\t\t\t\t<div class=\"col-lg-4 col-md-4 col-sm-12\">\n\t\t\t\t\t\t<div class=\"formation\">\n\t\t\t\t\t\t<h3 class=\"pb-1 formation__h3\">Formaci\u00f3n Key Account Management <i class=\"fas fa-arrow-right\"><\/i><\/h3>\n\t\t\t\t\t\t<p><a class=\"stretched-link\" href=\"\"><\/a><\/p>\n\t\t\t\t\t\t<\/div>\n\t\t\t\t\t<\/div>\n\t\t\t\t\t\n\t\t\t\t\t\t\t\t\t\n\t\t\t\t\t\t\t\t\t\n\t\t\t\t\t<div class=\"col-lg-4 col-md-4 col-sm-12\">\n\t\t\t\t\t\t<div class=\"formation\">\n\t\t\t\t\t\t<h3 class=\"pb-1 formation__h3\">Formaci\u00f3n Strategic Account Management <i class=\"fas fa-arrow-right\"><\/i><\/h3>\n\t\t\t\t\t\t<p><a class=\"stretched-link\" href=\"\"><\/a><\/p>\n\t\t\t\t\t\t<\/div>\n\t\t\t\t\t<\/div>\n\t\t\t\t\t\n\t\t\t\t\t\n\t\t\t\t\n\t\t\t\t\t\t\n\t\t\t\t\t\t\n\t\t<\/div>\n\n<\/section>","protected":false},"excerpt":{"rendered":"","protected":false},"author":17,"featured_media":3954,"parent":545,"menu_order":35,"comment_status":"closed","ping_status":"closed","template":"","meta":[],"categories":[],"acf":[],"yoast_head":"<!-- This site is optimized with the Yoast SEO plugin v19.9 - https:\/\/yoast.com\/wordpress\/plugins\/seo\/ -->\n<title>Nuestras formaciones comerciales &quot;Best-Sellers&quot;<\/title>\n<meta name=\"description\" content=\"Halifax Consulting puede impartir sus cursos de formaci\u00f3n en ventas, formaci\u00f3n en negociaci\u00f3n y formaci\u00f3n para gestores de cuentas clave...\" \/>\n<link rel=\"canonical\" href=\"https:\/\/www.halifax-consulting.com\/splat\/formacion\/formaciones-comerciales-best-sellers\/\" \/>\n<meta property=\"og:locale\" content=\"es_ES\" \/>\n<meta property=\"og:type\" content=\"article\" \/>\n<meta property=\"og:title\" content=\"Nuestras formaciones comerciales &quot;Best-Sellers&quot;\" \/>\n<meta property=\"og:description\" content=\"Halifax Consulting puede impartir sus cursos de formaci\u00f3n en ventas, formaci\u00f3n en negociaci\u00f3n y formaci\u00f3n para gestores de cuentas clave...\" \/>\n<meta property=\"og:url\" content=\"https:\/\/www.halifax-consulting.com\/splat\/formacion\/formaciones-comerciales-best-sellers\/\" \/>\n<meta property=\"og:site_name\" content=\"Halifax Consulting \u2013 LATAM\" \/>\n<meta property=\"article:modified_time\" content=\"2023-06-14T08:24:00+00:00\" \/>\n<meta property=\"og:image\" content=\"https:\/\/www.halifax-consulting.com\/splat\/wp-content\/uploads\/sites\/5\/2023\/02\/best-sellers.jpg\" \/>\n\t<meta property=\"og:image:width\" content=\"1920\" \/>\n\t<meta property=\"og:image:height\" content=\"545\" \/>\n\t<meta property=\"og:image:type\" content=\"image\/jpeg\" \/>\n<meta name=\"twitter:card\" content=\"summary_large_image\" \/>\n<script type=\"application\/ld+json\" class=\"yoast-schema-graph\">{\"@context\":\"https:\/\/schema.org\",\"@graph\":[{\"@type\":\"WebPage\",\"@id\":\"https:\/\/www.halifax-consulting.com\/splat\/formacion\/formaciones-comerciales-best-sellers\/\",\"url\":\"https:\/\/www.halifax-consulting.com\/splat\/formacion\/formaciones-comerciales-best-sellers\/\",\"name\":\"Nuestras formaciones comerciales \\\"Best-Sellers\\\"\",\"isPartOf\":{\"@id\":\"https:\/\/www.halifax-consulting.com\/splat\/#website\"},\"datePublished\":\"2023-02-24T14:17:41+00:00\",\"dateModified\":\"2023-06-14T08:24:00+00:00\",\"description\":\"Halifax Consulting puede impartir sus cursos de formaci\u00f3n en ventas, formaci\u00f3n en negociaci\u00f3n y formaci\u00f3n para gestores de cuentas clave...\",\"breadcrumb\":{\"@id\":\"https:\/\/www.halifax-consulting.com\/splat\/formacion\/formaciones-comerciales-best-sellers\/#breadcrumb\"},\"inLanguage\":\"es-AR\",\"potentialAction\":[{\"@type\":\"ReadAction\",\"target\":[\"https:\/\/www.halifax-consulting.com\/splat\/formacion\/formaciones-comerciales-best-sellers\/\"]}]},{\"@type\":\"BreadcrumbList\",\"@id\":\"https:\/\/www.halifax-consulting.com\/splat\/formacion\/formaciones-comerciales-best-sellers\/#breadcrumb\",\"itemListElement\":[{\"@type\":\"ListItem\",\"position\":1,\"name\":\"Accueil\",\"item\":\"https:\/\/www.halifax-consulting.com\/splat\/\"},{\"@type\":\"ListItem\",\"position\":2,\"name\":\"Formaci\u00f3n\",\"item\":\"https:\/\/www.halifax-consulting.com\/splat\/formacion\/\"},{\"@type\":\"ListItem\",\"position\":3,\"name\":\"Formaciones comerciales &#8220;Best-Sellers&#8221;\"}]},{\"@type\":\"WebSite\",\"@id\":\"https:\/\/www.halifax-consulting.com\/splat\/#website\",\"url\":\"https:\/\/www.halifax-consulting.com\/splat\/\",\"name\":\"Halifax Consulting \u2013 LATAM\",\"description\":\"Halifax Consulting est un cabinet de conseil en performance commerciale sp\u00e9cialis\u00e9 dans la formation des \u00e9quipes et managers\",\"potentialAction\":[{\"@type\":\"SearchAction\",\"target\":{\"@type\":\"EntryPoint\",\"urlTemplate\":\"https:\/\/www.halifax-consulting.com\/splat\/?s={search_term_string}\"},\"query-input\":\"required name=search_term_string\"}],\"inLanguage\":\"es-AR\"}]}<\/script>\n<!-- \/ Yoast SEO plugin. -->","yoast_head_json":{"title":"Nuestras formaciones comerciales \"Best-Sellers\"","description":"Halifax Consulting puede impartir sus cursos de formaci\u00f3n en ventas, formaci\u00f3n en negociaci\u00f3n y formaci\u00f3n para gestores de cuentas clave...","canonical":"https:\/\/www.halifax-consulting.com\/splat\/formacion\/formaciones-comerciales-best-sellers\/","og_locale":"es_ES","og_type":"article","og_title":"Nuestras formaciones comerciales \"Best-Sellers\"","og_description":"Halifax Consulting puede impartir sus cursos de formaci\u00f3n en ventas, formaci\u00f3n en negociaci\u00f3n y formaci\u00f3n para gestores de cuentas clave...","og_url":"https:\/\/www.halifax-consulting.com\/splat\/formacion\/formaciones-comerciales-best-sellers\/","og_site_name":"Halifax Consulting \u2013 LATAM","article_modified_time":"2023-06-14T08:24:00+00:00","og_image":[{"width":1920,"height":545,"url":"https:\/\/www.halifax-consulting.com\/splat\/wp-content\/uploads\/sites\/5\/2023\/02\/best-sellers.jpg","type":"image\/jpeg"}],"twitter_card":"summary_large_image","schema":{"@context":"https:\/\/schema.org","@graph":[{"@type":"WebPage","@id":"https:\/\/www.halifax-consulting.com\/splat\/formacion\/formaciones-comerciales-best-sellers\/","url":"https:\/\/www.halifax-consulting.com\/splat\/formacion\/formaciones-comerciales-best-sellers\/","name":"Nuestras formaciones comerciales \"Best-Sellers\"","isPartOf":{"@id":"https:\/\/www.halifax-consulting.com\/splat\/#website"},"datePublished":"2023-02-24T14:17:41+00:00","dateModified":"2023-06-14T08:24:00+00:00","description":"Halifax Consulting puede impartir sus cursos de formaci\u00f3n en ventas, formaci\u00f3n en negociaci\u00f3n y formaci\u00f3n para gestores de cuentas clave...","breadcrumb":{"@id":"https:\/\/www.halifax-consulting.com\/splat\/formacion\/formaciones-comerciales-best-sellers\/#breadcrumb"},"inLanguage":"es-AR","potentialAction":[{"@type":"ReadAction","target":["https:\/\/www.halifax-consulting.com\/splat\/formacion\/formaciones-comerciales-best-sellers\/"]}]},{"@type":"BreadcrumbList","@id":"https:\/\/www.halifax-consulting.com\/splat\/formacion\/formaciones-comerciales-best-sellers\/#breadcrumb","itemListElement":[{"@type":"ListItem","position":1,"name":"Accueil","item":"https:\/\/www.halifax-consulting.com\/splat\/"},{"@type":"ListItem","position":2,"name":"Formaci\u00f3n","item":"https:\/\/www.halifax-consulting.com\/splat\/formacion\/"},{"@type":"ListItem","position":3,"name":"Formaciones comerciales &#8220;Best-Sellers&#8221;"}]},{"@type":"WebSite","@id":"https:\/\/www.halifax-consulting.com\/splat\/#website","url":"https:\/\/www.halifax-consulting.com\/splat\/","name":"Halifax Consulting \u2013 LATAM","description":"Halifax Consulting est un cabinet de conseil en performance commerciale sp\u00e9cialis\u00e9 dans la formation des \u00e9quipes et managers","potentialAction":[{"@type":"SearchAction","target":{"@type":"EntryPoint","urlTemplate":"https:\/\/www.halifax-consulting.com\/splat\/?s={search_term_string}"},"query-input":"required name=search_term_string"}],"inLanguage":"es-AR"}]}},"_links":{"self":[{"href":"https:\/\/www.halifax-consulting.com\/splat\/wp-json\/wp\/v2\/pages\/3951"}],"collection":[{"href":"https:\/\/www.halifax-consulting.com\/splat\/wp-json\/wp\/v2\/pages"}],"about":[{"href":"https:\/\/www.halifax-consulting.com\/splat\/wp-json\/wp\/v2\/types\/page"}],"author":[{"embeddable":true,"href":"https:\/\/www.halifax-consulting.com\/splat\/wp-json\/wp\/v2\/users\/17"}],"replies":[{"embeddable":true,"href":"https:\/\/www.halifax-consulting.com\/splat\/wp-json\/wp\/v2\/comments?post=3951"}],"version-history":[{"count":6,"href":"https:\/\/www.halifax-consulting.com\/splat\/wp-json\/wp\/v2\/pages\/3951\/revisions"}],"predecessor-version":[{"id":4295,"href":"https:\/\/www.halifax-consulting.com\/splat\/wp-json\/wp\/v2\/pages\/3951\/revisions\/4295"}],"up":[{"embeddable":true,"href":"https:\/\/www.halifax-consulting.com\/splat\/wp-json\/wp\/v2\/pages\/545"}],"wp:featuredmedia":[{"embeddable":true,"href":"https:\/\/www.halifax-consulting.com\/splat\/wp-json\/wp\/v2\/media\/3954"}],"wp:attachment":[{"href":"https:\/\/www.halifax-consulting.com\/splat\/wp-json\/wp\/v2\/media?parent=3951"}],"wp:term":[{"taxonomy":"category","embeddable":true,"href":"https:\/\/www.halifax-consulting.com\/splat\/wp-json\/wp\/v2\/categories?post=3951"}],"curies":[{"name":"wp","href":"https:\/\/api.w.org\/{rel}","templated":true}]}}