{"id":4027,"date":"2023-04-05T11:22:58","date_gmt":"2023-04-05T09:22:58","guid":{"rendered":"https:\/\/www.halifax-consulting.com\/splat\/?page_id=4027"},"modified":"2025-05-21T11:39:27","modified_gmt":"2025-05-21T09:39:27","slug":"nuestras-otras-formaciones-comerciales","status":"publish","type":"page","link":"https:\/\/www.halifax-consulting.com\/splat\/formacion\/nuestras-otras-formaciones-comerciales\/","title":{"rendered":"Nuestras otras formaciones comerciales"},"content":{"rendered":"<div class=\"container\">\n\t<div class=\"row\">\n\t\t<div class=\"col-lg-12 col-md-12 col-sm-12\">\n\t\t\t<h2 class=\"intro\">\n\t\t\t\t<strong class=\"intro-h2 d-block\">Cuanto m\u00e1s me entrene, mejores ser\u00e1n mis posibilidades<\/strong>\n\t\t\t\t<p>Halifax Consulting dise&ntilde;a espec&iacute;ficamente para nuestros clientes programas de formaci&oacute;n dirigidos a todas las poblaciones de ventas y a todos los momentos clave de su proceso de ventas. Esto incluye tanto cursos de formaci&oacute;n como nuestros <strong>Best-Sellers<\/strong> como cursos de formaci&oacute;n m&aacute;s relacionados que le ayuden a alcanzar todos sus objetivos de rendimiento de ventas.<\/p>\n<p>Entre nuestros programas m&aacute;s frecuentes, destacan <em>Social Selling<\/em>, o c&oacute;mo prospectar mejor a trav&eacute;s de las redes sociales; <em>Remote Selling<\/em>, o c&oacute;mo vender mejor a distancia a trav&eacute;s de v&iacute;deo; <em>Gesti&oacute;n de Distribuidores<\/em>, o c&oacute;mo vender mejor a trav&eacute;s de la animaci&oacute;n de redes de revendedores; <em>Relaci&oacute;n con el Cliente<\/em>, tanto con clientes internos como externos; <em>Prospecci&oacute;n Comercial<\/em> por enfoque directo; <em>C-level Selling<\/em>, o c&oacute;mo vender a altos ejecutivos y <em>Luxury Selling<\/em>, o c&oacute;mo vender con los c&oacute;digos del lujo.<\/p>\t\t\t<\/h2>\n\t\t<\/div>\n\t<\/div>\n<\/div>\n\n\n<!-- Bloc Formations -->\n<section class=\"navy py-6 formations\">\n\t\n\t<div class=\"container\">\n\t\t\n\t\t<div class=\"row\">\n\t\t\t\n\t\t\t<div class=\"col-lg-12 col-md-12 col-sm-12\">\n\t\t\t\t\n\t\t\t\t<h2 class=\"text-center\">\n\t\t\t\t\t\n\t\t\t\t\tLas otras formaciones comerciales de Halifax Consulting\t\t\n\t\t\t\t<\/h2>\n\t\t\t\t\n\t\t\t<\/div>\n\t\t\t\n\t\t<\/div>\n\t\t\n\t\t<div class=\"row\">\n\t\t\t\t\t\t\t\n\t\t\t\t\t\t\t\t\t\n\t\t\t\t\t\t\t\t\t\n\t\t\t\t\t<div class=\"col-lg-4 col-md-4 col-sm-12\">\n\t\t\t\t\t\t<div class=\"formation\">\n\t\t\t\t\t\t<h3 class=\"pb-1 formation__h3\">Formaci\u00f3n C-Level Selling <i class=\"fas fa-arrow-right\"><\/i><\/h3>\n\t\t\t\t\t\t<p><a class=\"stretched-link\" href=\"https:\/\/www.halifax-consulting.com\/splat\/formacion\/nuestras-otras-formaciones-comerciales\/formacion-c-level-selling\/\"><\/a><\/p>\n\t\t\t\t\t\t<\/div>\n\t\t\t\t\t<\/div>\n\t\t\t\t\t\n\t\t\t\t\t\t\t\t\t\n\t\t\t\t\t\t\t\t\t\n\t\t\t\t\t<div class=\"col-lg-4 col-md-4 col-sm-12\">\n\t\t\t\t\t\t<div class=\"formation\">\n\t\t\t\t\t\t<h3 class=\"pb-1 formation__h3\">Formaci\u00f3n Gesti\u00f3n de Distribuidores <i class=\"fas fa-arrow-right\"><\/i><\/h3>\n\t\t\t\t\t\t<p><a class=\"stretched-link\" href=\"https:\/\/www.halifax-consulting.com\/splat\/formacion\/nuestras-otras-formaciones-comerciales\/formacion-gestion-de-distribuidores\/\"><\/a><\/p>\n\t\t\t\t\t\t<\/div>\n\t\t\t\t\t<\/div>\n\t\t\t\t\t\n\t\t\t\t\t\t\t\t\t\n\t\t\t\t\t\t\t\t\t\n\t\t\t\t\t<div class=\"col-lg-4 col-md-4 col-sm-12\">\n\t\t\t\t\t\t<div class=\"formation\">\n\t\t\t\t\t\t<h3 class=\"pb-1 formation__h3\">Formaci\u00f3n Prospecci\u00f3n Comercial <i class=\"fas fa-arrow-right\"><\/i><\/h3>\n\t\t\t\t\t\t<p><a class=\"stretched-link\" href=\"https:\/\/www.halifax-consulting.com\/splat\/formacion\/nuestras-otras-formaciones-comerciales\/formacion-prospeccion-comercial\/\"><\/a><\/p>\n\t\t\t\t\t\t<\/div>\n\t\t\t\t\t<\/div>\n\t\t\t\t\t\n\t\t\t\t\t\t\t\t\t\n\t\t\t\t\t\t\t\t\t\n\t\t\t\t\t<div class=\"col-lg-4 col-md-4 col-sm-12\">\n\t\t\t\t\t\t<div class=\"formation\">\n\t\t\t\t\t\t<h3 class=\"pb-1 formation__h3\">Formaci\u00f3n Social Selling <i class=\"fas fa-arrow-right\"><\/i><\/h3>\n\t\t\t\t\t\t<p><a class=\"stretched-link\" href=\"https:\/\/www.halifax-consulting.com\/splat\/formacion\/nuestras-otras-formaciones-comerciales\/formacion-social-selling\/\"><\/a><\/p>\n\t\t\t\t\t\t<\/div>\n\t\t\t\t\t<\/div>\n\t\t\t\t\t\n\t\t\t\t\t\t\t\t\t\n\t\t\t\t\t\t\t\t\t\n\t\t\t\t\t<div class=\"col-lg-4 col-md-4 col-sm-12\">\n\t\t\t\t\t\t<div class=\"formation\">\n\t\t\t\t\t\t<h3 class=\"pb-1 formation__h3\">Formaci\u00f3n Remote Selling <i class=\"fas fa-arrow-right\"><\/i><\/h3>\n\t\t\t\t\t\t<p><a class=\"stretched-link\" href=\"https:\/\/www.halifax-consulting.com\/splat\/formacion\/nuestras-otras-formaciones-comerciales\/formacion-remote-selling\/\"><\/a><\/p>\n\t\t\t\t\t\t<\/div>\n\t\t\t\t\t<\/div>\n\t\t\t\t\t\n\t\t\t\t\t\t\t\t\t\n\t\t\t\t\t\t\t\t\t\n\t\t\t\t\t<div class=\"col-lg-4 col-md-4 col-sm-12\">\n\t\t\t\t\t\t<div class=\"formation\">\n\t\t\t\t\t\t<h3 class=\"pb-1 formation__h3\">Formaci\u00f3n Relaci\u00f3n con el Cliente <i class=\"fas fa-arrow-right\"><\/i><\/h3>\n\t\t\t\t\t\t<p><a class=\"stretched-link\" href=\"https:\/\/www.halifax-consulting.com\/splat\/formacion\/nuestras-otras-formaciones-comerciales\/formacion-relacion-con-el-cliente\/\"><\/a><\/p>\n\t\t\t\t\t\t<\/div>\n\t\t\t\t\t<\/div>\n\t\t\t\t\t\n\t\t\t\t\t\t\t\t\t\n\t\t\t\t\t\t\t\t\t\n\t\t\t\t\t<div class=\"col-lg-4 col-md-4 col-sm-12\">\n\t\t\t\t\t\t<div class=\"formation\">\n\t\t\t\t\t\t<h3 class=\"pb-1 formation__h3\">Formaci\u00f3n Luxury Selling <i class=\"fas fa-arrow-right\"><\/i><\/h3>\n\t\t\t\t\t\t<p><a class=\"stretched-link\" href=\"https:\/\/www.halifax-consulting.com\/splat\/formacion\/nuestras-otras-formaciones-comerciales\/formacion-luxury-selling\/\"><\/a><\/p>\n\t\t\t\t\t\t<\/div>\n\t\t\t\t\t<\/div>\n\t\t\t\t\t\n\t\t\t\t\t\n\t\t\t\t\n\t\t\t\t\t\t\n\t\t\t\t\t\t\n\t\t<\/div>\n\n<\/section>\n\n<section class=\"success-single grey\">\n\t<div class=\"container-fluid\">\n\t\t<div class=\"row\">\n\t\t\t\t\t\t\t \n\t\t\t\t\t\t\t\t\t\t\n\t\t\t\t\t\t\t\t\t\t<div class=\"col-lg-7 col-md-6 col-sm-12 p-6\">\n\t\t\t\t\t\t<div>\n\t\t\t\t\t\t\t<h3>Historias de \u00c9xito: Compa\u00f1\u00eda de gesti\u00f3n de aguas y residuos<\/h3>\n\t\t\t\t\t\t\t<p>La empresa esta asociada con varios fabricantes y autoridades locales, y tiene como objetivo establecer est\u00e1ndares en la gesti\u00f3n de recursos renovables.<\/p>\n\t\t\t\t\t\t\t<p>\n\t\t\t\t\t\t\t\t<a href=\"https:\/\/www.halifax-consulting.com\/splat\/historias-exito\/compania-gestion-aguas-residuos\/\" class=\"btn btn-hx btn-hx-ducky\">Siga leyendo<\/a>\n\t\t\t\t\t\t\t<\/p>\n\t\t\t\t\t\t<\/div>\n\t\t\t\t\t<\/div>\n\t\t\t\t\t<div class=\"col-lg-5 col-md-6 col-sm-12 p-0\">\n\t\t\t\t\t\t\t<figure class=\"\">\n<!-- \t\t\t\t\t\t\t\t<img decoding=\"async\" src=\"https:\/\/www.halifax-consulting.com\/splat\/wp-content\/uploads\/sites\/5\/2020\/04\/halifax-consulting-success-story-Veolia.jpg\" alt=\"image success-story\" \/> -->\n\t\t\t\t\t\t\t\t<img decoding=\"async\" loading=\"lazy\" src=\"https:\/\/www.halifax-consulting.com\/splat\/wp-content\/uploads\/sites\/5\/2020\/04\/halifax-consulting-success-story-Veolia.jpg\" alt=\"\" width=\"100%\" height=\"\" >\t\t\t\t\t\t\t<\/figure>\n\t\t\t\t\t<\/div>\n\t\t\t\t\t\t\t\t\t<\/div>\n\t<\/div>\n<\/section>\n","protected":false},"excerpt":{"rendered":"","protected":false},"author":17,"featured_media":4089,"parent":545,"menu_order":30,"comment_status":"closed","ping_status":"closed","template":"","meta":[],"categories":[],"acf":[],"yoast_head":"<!-- This site is optimized with the Yoast SEO plugin v19.9 - https:\/\/yoast.com\/wordpress\/plugins\/seo\/ -->\n<title>Nuestras otras formaciones comerciales - Halifax Consulting<\/title>\n<meta name=\"description\" content=\"Halifax Consulting dise\u00f1a espec\u00edficamente para nuestros clientes programas de formaci\u00f3n dirigidos a todas las poblaciones de ventas...\" \/>\n<link rel=\"canonical\" href=\"https:\/\/www.halifax-consulting.com\/splat\/formacion\/nuestras-otras-formaciones-comerciales\/\" \/>\n<meta property=\"og:locale\" content=\"es_ES\" \/>\n<meta property=\"og:type\" content=\"article\" \/>\n<meta property=\"og:title\" content=\"Nuestras otras formaciones comerciales - Halifax Consulting\" \/>\n<meta property=\"og:description\" content=\"Halifax Consulting dise\u00f1a espec\u00edficamente para nuestros clientes programas de formaci\u00f3n dirigidos a todas las poblaciones de ventas...\" \/>\n<meta property=\"og:url\" content=\"https:\/\/www.halifax-consulting.com\/splat\/formacion\/nuestras-otras-formaciones-comerciales\/\" \/>\n<meta property=\"og:site_name\" content=\"Halifax Consulting \u2013 LATAM\" \/>\n<meta property=\"article:modified_time\" content=\"2025-05-21T09:39:27+00:00\" \/>\n<meta property=\"og:image\" content=\"https:\/\/www.halifax-consulting.com\/splat\/wp-content\/uploads\/sites\/5\/2023\/03\/nos-autres-formations-commerciales-B2B.jpg\" \/>\n\t<meta property=\"og:image:width\" content=\"1920\" \/>\n\t<meta property=\"og:image:height\" content=\"545\" \/>\n\t<meta property=\"og:image:type\" content=\"image\/jpeg\" \/>\n<meta name=\"twitter:card\" content=\"summary_large_image\" \/>\n<script type=\"application\/ld+json\" class=\"yoast-schema-graph\">{\"@context\":\"https:\/\/schema.org\",\"@graph\":[{\"@type\":\"WebPage\",\"@id\":\"https:\/\/www.halifax-consulting.com\/splat\/formacion\/nuestras-otras-formaciones-comerciales\/\",\"url\":\"https:\/\/www.halifax-consulting.com\/splat\/formacion\/nuestras-otras-formaciones-comerciales\/\",\"name\":\"Nuestras otras formaciones comerciales - Halifax Consulting\",\"isPartOf\":{\"@id\":\"https:\/\/www.halifax-consulting.com\/splat\/#website\"},\"datePublished\":\"2023-04-05T09:22:58+00:00\",\"dateModified\":\"2025-05-21T09:39:27+00:00\",\"description\":\"Halifax Consulting dise\u00f1a espec\u00edficamente para nuestros clientes programas de formaci\u00f3n dirigidos a todas las poblaciones de ventas...\",\"breadcrumb\":{\"@id\":\"https:\/\/www.halifax-consulting.com\/splat\/formacion\/nuestras-otras-formaciones-comerciales\/#breadcrumb\"},\"inLanguage\":\"es-AR\",\"potentialAction\":[{\"@type\":\"ReadAction\",\"target\":[\"https:\/\/www.halifax-consulting.com\/splat\/formacion\/nuestras-otras-formaciones-comerciales\/\"]}]},{\"@type\":\"BreadcrumbList\",\"@id\":\"https:\/\/www.halifax-consulting.com\/splat\/formacion\/nuestras-otras-formaciones-comerciales\/#breadcrumb\",\"itemListElement\":[{\"@type\":\"ListItem\",\"position\":1,\"name\":\"Accueil\",\"item\":\"https:\/\/www.halifax-consulting.com\/splat\/\"},{\"@type\":\"ListItem\",\"position\":2,\"name\":\"Formaci\u00f3n\",\"item\":\"https:\/\/www.halifax-consulting.com\/splat\/formacion\/\"},{\"@type\":\"ListItem\",\"position\":3,\"name\":\"Nuestras otras formaciones comerciales\"}]},{\"@type\":\"WebSite\",\"@id\":\"https:\/\/www.halifax-consulting.com\/splat\/#website\",\"url\":\"https:\/\/www.halifax-consulting.com\/splat\/\",\"name\":\"Halifax Consulting \u2013 LATAM\",\"description\":\"Halifax Consulting est un cabinet de conseil en performance commerciale sp\u00e9cialis\u00e9 dans la formation des \u00e9quipes et managers\",\"potentialAction\":[{\"@type\":\"SearchAction\",\"target\":{\"@type\":\"EntryPoint\",\"urlTemplate\":\"https:\/\/www.halifax-consulting.com\/splat\/?s={search_term_string}\"},\"query-input\":\"required name=search_term_string\"}],\"inLanguage\":\"es-AR\"}]}<\/script>\n<!-- \/ Yoast SEO plugin. -->","yoast_head_json":{"title":"Nuestras otras formaciones comerciales - Halifax Consulting","description":"Halifax Consulting dise\u00f1a espec\u00edficamente para nuestros clientes programas de formaci\u00f3n dirigidos a todas las poblaciones de ventas...","canonical":"https:\/\/www.halifax-consulting.com\/splat\/formacion\/nuestras-otras-formaciones-comerciales\/","og_locale":"es_ES","og_type":"article","og_title":"Nuestras otras formaciones comerciales - Halifax Consulting","og_description":"Halifax Consulting dise\u00f1a espec\u00edficamente para nuestros clientes programas de formaci\u00f3n dirigidos a todas las poblaciones de ventas...","og_url":"https:\/\/www.halifax-consulting.com\/splat\/formacion\/nuestras-otras-formaciones-comerciales\/","og_site_name":"Halifax Consulting \u2013 LATAM","article_modified_time":"2025-05-21T09:39:27+00:00","og_image":[{"width":1920,"height":545,"url":"https:\/\/www.halifax-consulting.com\/splat\/wp-content\/uploads\/sites\/5\/2023\/03\/nos-autres-formations-commerciales-B2B.jpg","type":"image\/jpeg"}],"twitter_card":"summary_large_image","schema":{"@context":"https:\/\/schema.org","@graph":[{"@type":"WebPage","@id":"https:\/\/www.halifax-consulting.com\/splat\/formacion\/nuestras-otras-formaciones-comerciales\/","url":"https:\/\/www.halifax-consulting.com\/splat\/formacion\/nuestras-otras-formaciones-comerciales\/","name":"Nuestras otras formaciones comerciales - Halifax Consulting","isPartOf":{"@id":"https:\/\/www.halifax-consulting.com\/splat\/#website"},"datePublished":"2023-04-05T09:22:58+00:00","dateModified":"2025-05-21T09:39:27+00:00","description":"Halifax Consulting dise\u00f1a espec\u00edficamente para nuestros clientes programas de formaci\u00f3n dirigidos a todas las poblaciones de ventas...","breadcrumb":{"@id":"https:\/\/www.halifax-consulting.com\/splat\/formacion\/nuestras-otras-formaciones-comerciales\/#breadcrumb"},"inLanguage":"es-AR","potentialAction":[{"@type":"ReadAction","target":["https:\/\/www.halifax-consulting.com\/splat\/formacion\/nuestras-otras-formaciones-comerciales\/"]}]},{"@type":"BreadcrumbList","@id":"https:\/\/www.halifax-consulting.com\/splat\/formacion\/nuestras-otras-formaciones-comerciales\/#breadcrumb","itemListElement":[{"@type":"ListItem","position":1,"name":"Accueil","item":"https:\/\/www.halifax-consulting.com\/splat\/"},{"@type":"ListItem","position":2,"name":"Formaci\u00f3n","item":"https:\/\/www.halifax-consulting.com\/splat\/formacion\/"},{"@type":"ListItem","position":3,"name":"Nuestras otras formaciones comerciales"}]},{"@type":"WebSite","@id":"https:\/\/www.halifax-consulting.com\/splat\/#website","url":"https:\/\/www.halifax-consulting.com\/splat\/","name":"Halifax Consulting \u2013 LATAM","description":"Halifax Consulting est un cabinet de conseil en performance commerciale sp\u00e9cialis\u00e9 dans la formation des \u00e9quipes et managers","potentialAction":[{"@type":"SearchAction","target":{"@type":"EntryPoint","urlTemplate":"https:\/\/www.halifax-consulting.com\/splat\/?s={search_term_string}"},"query-input":"required name=search_term_string"}],"inLanguage":"es-AR"}]}},"_links":{"self":[{"href":"https:\/\/www.halifax-consulting.com\/splat\/wp-json\/wp\/v2\/pages\/4027"}],"collection":[{"href":"https:\/\/www.halifax-consulting.com\/splat\/wp-json\/wp\/v2\/pages"}],"about":[{"href":"https:\/\/www.halifax-consulting.com\/splat\/wp-json\/wp\/v2\/types\/page"}],"author":[{"embeddable":true,"href":"https:\/\/www.halifax-consulting.com\/splat\/wp-json\/wp\/v2\/users\/17"}],"replies":[{"embeddable":true,"href":"https:\/\/www.halifax-consulting.com\/splat\/wp-json\/wp\/v2\/comments?post=4027"}],"version-history":[{"count":6,"href":"https:\/\/www.halifax-consulting.com\/splat\/wp-json\/wp\/v2\/pages\/4027\/revisions"}],"predecessor-version":[{"id":4331,"href":"https:\/\/www.halifax-consulting.com\/splat\/wp-json\/wp\/v2\/pages\/4027\/revisions\/4331"}],"up":[{"embeddable":true,"href":"https:\/\/www.halifax-consulting.com\/splat\/wp-json\/wp\/v2\/pages\/545"}],"wp:featuredmedia":[{"embeddable":true,"href":"https:\/\/www.halifax-consulting.com\/splat\/wp-json\/wp\/v2\/media\/4089"}],"wp:attachment":[{"href":"https:\/\/www.halifax-consulting.com\/splat\/wp-json\/wp\/v2\/media?parent=4027"}],"wp:term":[{"taxonomy":"category","embeddable":true,"href":"https:\/\/www.halifax-consulting.com\/splat\/wp-json\/wp\/v2\/categories?post=4027"}],"curies":[{"name":"wp","href":"https:\/\/api.w.org\/{rel}","templated":true}]}}