{"id":4037,"date":"2023-04-12T12:38:26","date_gmt":"2023-04-12T10:38:26","guid":{"rendered":"https:\/\/www.halifax-consulting.com\/splat\/?page_id=4037"},"modified":"2025-05-21T11:41:34","modified_gmt":"2025-05-21T09:41:34","slug":"formacion-social-selling","status":"publish","type":"page","link":"https:\/\/www.halifax-consulting.com\/splat\/formacion\/nuestras-otras-formaciones-comerciales\/formacion-social-selling\/","title":{"rendered":"Formaci\u00f3n Social Selling"},"content":{"rendered":"<div class=\"container\">\n\t<div class=\"row\">\n\t\t<div class=\"col-lg-12 col-md-12 col-sm-12\">\n\t\t\t<h2 class=\"intro\">\n\t\t\t\t<strong class=\"intro-h2 d-block\">Formaci\u00f3n Social Selling: Prospectar con las redes sociales, construir un ecosistema de influencia, generar citas a trav\u00e9s de la social selling&#8230;<\/strong>\n\t\t\t\t<p style=\"text-align: justify\">El uso de las redes sociales y de Internet forma ya parte integrante de nuestra vida profesional y personal. El n&uacute;mero de personas conectadas representa el 60% de la poblaci&oacute;n mundial, con 5.700 millones de personas. Cada minuto, cada d&iacute;a, se intercambian millones de mensajes, v&iacute;deos y publicaciones en las principales redes sociales como LinkedIn, Facebook, Instagram, Tiktok, Club House&#8230;<\/p>\n<p style=\"text-align: justify\">Este curso est&aacute; dise&ntilde;ado para ayudar a los vendedores a integrar estos nuevos medios de comunicaci&oacute;n en su proceso de venta con el fin de establecer contactos o influir, desarrollar su reputaci&oacute;n personal (personal branding), la de su empresa (lobbying) y la de sus productos y servicios (brand awareness). El curso se centra en las redes profesionales, y en particular en LinkedIn, para prospectar y vender mejor.<\/p>\t\t\t<\/h2>\n\t\t<\/div>\n\t<\/div>\n<\/div>\n\n\n<section class=\"grey p-6 essentiels\">\t\n\t\n\t<div class=\"container\">\n\t\t\n\t\t<div class=\"row\">\n\t\t\t\n\t\t\t<div class=\"col-lg-7 col-md-7 col-sm-12\">\n\t\t\t\t\n\t\t\t\t\t\t\t\t\t<h3>Los objetivos de la formaci\u00f3n <\/h3>\n\t\t\t\t\t<ul>\n<li>Comprender el papel de las redes sociales en el proceso de prospecci&oacute;n y venta B2B,<\/li>\n<li>Evaluar el potencial personal como networker virtual,<\/li>\n<li>Construir su imagen comercial y su presencia de captaci&oacute;n de clientes en las redes sociales,<\/li>\n<li>Ampliar su espectro de contactos y saber utilizar el salto estructural para una mejor prospecci&oacute;n,<\/li>\n<li>Realizar posts que generen reacciones y aumenten la visibilidad comercial de sus soluciones.<\/li>\n<\/ul>\t\t\t\t\t\t\t\t\n\t\t\t\t\t\t\t\t\t<h3>Las ventajas de la formaci\u00f3n <\/h3>\n\t\t\t\t\t<ul>\n<li>Formaci&oacute;n pr&aacute;ctica con idas y venidas entre principios, buenas pr&aacute;cticas y aplicaci&oacute;n en plataformas de redes sociales.<\/li>\n<li>Coaching individualizado al final del curso para ayudar a los participantes a mejorar su perfil de LinkedIn y su &iacute;ndice de ventas sociales (SSI), ampliar su red, realizar publicaciones espec&iacute;ficas y conectar con prospectos interesantes.<\/li>\n<li>Un programa de formaci&oacute;n semipresencial de 5h30 (30min de E-learning previo + 4h de clase virtual en grupo + 1h de coaching individual)<\/li>\n<\/ul>\t\t\t\t\t\t\t\t\n\t\t\t\t\t\t\t\t\t<h3>\u00bfA QUI\u00c9N VA DIRIGIDA ESTA FORMACI\u00d3N?<\/h3>\n\t\t\t\t\t<p>Todo tipo de vendedores, SDRs, BDRs, preventa, gestores de grandes cuentas, consultores, jefes de ventas.<\/p>\t\t\t\t\t\t\t<\/div>\n\t\t\t\n\t\t\t<div class=\"col-lg-1 col-md-1 col-sm-12\">\t\t\t\n\t\t\t<\/div>\n\t\t\t\n\t\t\t<div class=\"col-lg-4 col-md-4 col-sm-12\">\n\t\t\t\n\t\t\t\t<!-- Notation CPF -->\n\t\t\t\t\t\t\t\t\n\t\t\t\t<div class=\"card\">\n\t\t\t\t\t\n\t\t\t\t\t<div class=\"card-header\">\n\t\t\t\t\t\n\t\t\t\t\t\t\u00cdndice de satisfacci\u00f3n\t\t\t\t\t\t\n\t\t\t\t\t<\/div>\n\t\t\t\t\t\n\t\t\t\t\t\t\t\t\t\t\n\t\t\t\t\t<div class=\"satisfaction\">\n\t\t\t\t\t\t<label class=\"rating-label\">\n\t\t\t\t\t\t\t<input\n\t\t\t\t\t\t    class=\"rating\"\n\t\t\t\t\t\t    max=\"5\"\n\t\t\t\t\t\t    step=\"0.5\"\n\t\t\t\t\t\t    style=\"--value:4.5\"\n\t\t\t\t\t\t    type=\"range\"\n\t\t\t\t\t\t    value=\"4.5\">\n\t\t\t\t\t\t<\/label>\n\t\t\t\t\t\n\t\t\t\t\t\t\t\t\t\t\t\n\t\t\t\t\t\t<small class=\"text-left\"><em>De 58 rese\u00f1as<\/em><\/small>\n\t\t\t\t\t\n\t\t\t\t\t\t\t\t\t\t\n\t\t\t\t\t<\/div>\n\t\t\t\t\t\n\t\t\t\t<\/div>\n\t\t\t\t\n\t\t\t\t\n\t\t\t\t<!-- Bouton VOIR LE PROGRAMME -->\n\t\t\t\t\n\t\t\t\t<p class=\"mt-4\">\n\t\t\t\t\t\n\t\t\t\t\t\t\t\t\t\t<!-- true = ouverture lien externe -->\n\t\t\t\t\t<a class=\"btn btn-hx btn-hx-orange d-block\" href=\"https:\/\/forms.zohopublic.com\/andernagroup\/form\/latamcontact\/formperma\/r3B8xqOZp-6Yu8rYInpOobKbuXm7rLYh6hpDTVNxWK0\" title=\"Cont\u00e1ctenos\" target=\"_blank\">Cont\u00e1ctenos<\/a>\n\t\t\t\t\t\n\t\t\t\t\t\t\t\t\t\t\n\t\t\t\t<\/p>\n\t\t\t<\/div>\n\t\t<\/div>\n\t<\/div>\n<\/section>\n\n<!-- MODALE -->\n\n\n\n<section class=\"block_texte_cta\">\n\t<div class=\"container\">\n\t\t<div class=\"row\">\n\t\t\n\t\t\t<div class=\"col-lg-6 col-md-6 col-sm-12 block_texte_cta--contenu\">\n\t\t\t\t\n\t\t\t\tHalifax Consulting tambi\u00e9n ofrece otros cursos de formaci\u00f3n empresarial adaptados a sus necesidades espec\u00edficas\t\t\t\t\n\t\t\t<\/div>\n\t\t\t<div class=\"col-lg-6 col-md-6 col-sm-12 block_texte_cta--bouton\">\n\t\t\t\t\n\t\t\t\t<a class=\"btn\" href=\"https:\/\/www.halifax-consulting.com\/splat\/capacitacion\/\" title=\"Descubra nuestros otros cursos de formaci\u00f3n\">Descubra nuestros otros cursos de formaci\u00f3n<\/a>\n\t\t\t\t\n\t\t\t<\/div>\n\t\t\n\t\t<\/div>\n\t<\/div>\n\t\n<\/section>\n\n<section class=\"success-single grey\">\n\t<div class=\"container-fluid\">\n\t\t<div class=\"row\">\n\t\t\t\t\t\t\t \n\t\t\t\t\t\t\t\t\t\t\n\t\t\t\t\t\t\t\t\t\t<div class=\"col-lg-7 col-md-6 col-sm-12 p-6\">\n\t\t\t\t\t\t<div>\n\t\t\t\t\t\t\t<h3>Historias de \u00c9xito: Dassault Syst\u00e8mes<\/h3>\n\t\t\t\t\t\t\t<p>Para acelerar el crecimiento, Dassault Syst\u00e8mes tambi\u00e9n se basa en el apoyo de una fuerza de tele-ventas interna altamente preparada.<\/p>\n\t\t\t\t\t\t\t<p>\n\t\t\t\t\t\t\t\t<a href=\"https:\/\/www.halifax-consulting.com\/splat\/historias-exito\/dassault-systemes\/\" class=\"btn btn-hx btn-hx-ducky\">Siga leyendo<\/a>\n\t\t\t\t\t\t\t<\/p>\n\t\t\t\t\t\t<\/div>\n\t\t\t\t\t<\/div>\n\t\t\t\t\t<div class=\"col-lg-5 col-md-6 col-sm-12 p-0\">\n\t\t\t\t\t\t\t<figure class=\"\">\n<!-- \t\t\t\t\t\t\t\t<img decoding=\"async\" src=\"https:\/\/www.halifax-consulting.com\/splat\/wp-content\/uploads\/sites\/5\/2019\/12\/halifax-consulting-success-story-3DS.jpg\" alt=\"image success-story\" \/> -->\n\t\t\t\t\t\t\t\t<img decoding=\"async\" loading=\"lazy\" src=\"https:\/\/www.halifax-consulting.com\/splat\/wp-content\/uploads\/sites\/5\/2019\/12\/halifax-consulting-success-story-3DS.jpg\" alt=\"3DS, caso de \u00e9xito de Halifax Consulting, especializada en formaci\u00f3n en t\u00e9cnicas de negociaci\u00f3n y venta\" width=\"100%\" height=\"\" >\t\t\t\t\t\t\t<\/figure>\n\t\t\t\t\t<\/div>\n\t\t\t\t\t\t\t\t\t<\/div>\n\t<\/div>\n<\/section>\n","protected":false},"excerpt":{"rendered":"","protected":false},"author":17,"featured_media":4096,"parent":4027,"menu_order":0,"comment_status":"closed","ping_status":"closed","template":"","meta":[],"categories":[],"acf":[],"yoast_head":"<!-- This site is optimized with the Yoast SEO plugin v19.9 - https:\/\/yoast.com\/wordpress\/plugins\/seo\/ -->\n<title>Formaci\u00f3n Social Selling - Halifax Consulting<\/title>\n<meta name=\"description\" content=\"El uso de las redes sociales y de Internet forma ya parte integrante de nuestra vida profesional y personal...\" \/>\n<link rel=\"canonical\" href=\"https:\/\/www.halifax-consulting.com\/splat\/formacion\/nuestras-otras-formaciones-comerciales\/formacion-social-selling\/\" \/>\n<meta property=\"og:locale\" content=\"es_ES\" \/>\n<meta property=\"og:type\" content=\"article\" \/>\n<meta property=\"og:title\" content=\"Formaci\u00f3n Social Selling - Halifax Consulting\" \/>\n<meta property=\"og:description\" content=\"El uso de las redes sociales y de Internet forma ya parte integrante de nuestra vida profesional y personal...\" \/>\n<meta property=\"og:url\" content=\"https:\/\/www.halifax-consulting.com\/splat\/formacion\/nuestras-otras-formaciones-comerciales\/formacion-social-selling\/\" \/>\n<meta property=\"og:site_name\" content=\"Halifax Consulting \u2013 LATAM\" \/>\n<meta property=\"article:modified_time\" content=\"2025-05-21T09:41:34+00:00\" \/>\n<meta property=\"og:image\" content=\"https:\/\/www.halifax-consulting.com\/splat\/wp-content\/uploads\/sites\/5\/2023\/03\/social-selling2.png\" \/>\n\t<meta property=\"og:image:width\" content=\"1920\" \/>\n\t<meta property=\"og:image:height\" content=\"545\" \/>\n\t<meta property=\"og:image:type\" content=\"image\/png\" \/>\n<meta name=\"twitter:card\" content=\"summary_large_image\" \/>\n<script type=\"application\/ld+json\" class=\"yoast-schema-graph\">{\"@context\":\"https:\/\/schema.org\",\"@graph\":[{\"@type\":\"WebPage\",\"@id\":\"https:\/\/www.halifax-consulting.com\/splat\/formacion\/nuestras-otras-formaciones-comerciales\/formacion-social-selling\/\",\"url\":\"https:\/\/www.halifax-consulting.com\/splat\/formacion\/nuestras-otras-formaciones-comerciales\/formacion-social-selling\/\",\"name\":\"Formaci\u00f3n Social Selling - Halifax Consulting\",\"isPartOf\":{\"@id\":\"https:\/\/www.halifax-consulting.com\/splat\/#website\"},\"datePublished\":\"2023-04-12T10:38:26+00:00\",\"dateModified\":\"2025-05-21T09:41:34+00:00\",\"description\":\"El uso de las redes sociales y de Internet forma ya parte integrante de nuestra vida profesional y personal...\",\"breadcrumb\":{\"@id\":\"https:\/\/www.halifax-consulting.com\/splat\/formacion\/nuestras-otras-formaciones-comerciales\/formacion-social-selling\/#breadcrumb\"},\"inLanguage\":\"es-AR\",\"potentialAction\":[{\"@type\":\"ReadAction\",\"target\":[\"https:\/\/www.halifax-consulting.com\/splat\/formacion\/nuestras-otras-formaciones-comerciales\/formacion-social-selling\/\"]}]},{\"@type\":\"BreadcrumbList\",\"@id\":\"https:\/\/www.halifax-consulting.com\/splat\/formacion\/nuestras-otras-formaciones-comerciales\/formacion-social-selling\/#breadcrumb\",\"itemListElement\":[{\"@type\":\"ListItem\",\"position\":1,\"name\":\"Accueil\",\"item\":\"https:\/\/www.halifax-consulting.com\/splat\/\"},{\"@type\":\"ListItem\",\"position\":2,\"name\":\"Formaci\u00f3n\",\"item\":\"https:\/\/www.halifax-consulting.com\/splat\/formacion\/\"},{\"@type\":\"ListItem\",\"position\":3,\"name\":\"Nuestras otras formaciones comerciales\",\"item\":\"https:\/\/www.halifax-consulting.com\/splat\/formacion\/nuestras-otras-formaciones-comerciales\/\"},{\"@type\":\"ListItem\",\"position\":4,\"name\":\"Formaci\u00f3n Social Selling\"}]},{\"@type\":\"WebSite\",\"@id\":\"https:\/\/www.halifax-consulting.com\/splat\/#website\",\"url\":\"https:\/\/www.halifax-consulting.com\/splat\/\",\"name\":\"Halifax Consulting \u2013 LATAM\",\"description\":\"Halifax Consulting est un cabinet de conseil en performance commerciale sp\u00e9cialis\u00e9 dans la formation des \u00e9quipes et managers\",\"potentialAction\":[{\"@type\":\"SearchAction\",\"target\":{\"@type\":\"EntryPoint\",\"urlTemplate\":\"https:\/\/www.halifax-consulting.com\/splat\/?s={search_term_string}\"},\"query-input\":\"required name=search_term_string\"}],\"inLanguage\":\"es-AR\"}]}<\/script>\n<!-- \/ Yoast SEO plugin. -->","yoast_head_json":{"title":"Formaci\u00f3n Social Selling - Halifax Consulting","description":"El uso de las redes sociales y de Internet forma ya parte integrante de nuestra vida profesional y personal...","canonical":"https:\/\/www.halifax-consulting.com\/splat\/formacion\/nuestras-otras-formaciones-comerciales\/formacion-social-selling\/","og_locale":"es_ES","og_type":"article","og_title":"Formaci\u00f3n Social Selling - Halifax Consulting","og_description":"El uso de las redes sociales y de Internet forma ya parte integrante de nuestra vida profesional y personal...","og_url":"https:\/\/www.halifax-consulting.com\/splat\/formacion\/nuestras-otras-formaciones-comerciales\/formacion-social-selling\/","og_site_name":"Halifax Consulting \u2013 LATAM","article_modified_time":"2025-05-21T09:41:34+00:00","og_image":[{"width":1920,"height":545,"url":"https:\/\/www.halifax-consulting.com\/splat\/wp-content\/uploads\/sites\/5\/2023\/03\/social-selling2.png","type":"image\/png"}],"twitter_card":"summary_large_image","schema":{"@context":"https:\/\/schema.org","@graph":[{"@type":"WebPage","@id":"https:\/\/www.halifax-consulting.com\/splat\/formacion\/nuestras-otras-formaciones-comerciales\/formacion-social-selling\/","url":"https:\/\/www.halifax-consulting.com\/splat\/formacion\/nuestras-otras-formaciones-comerciales\/formacion-social-selling\/","name":"Formaci\u00f3n Social Selling - Halifax Consulting","isPartOf":{"@id":"https:\/\/www.halifax-consulting.com\/splat\/#website"},"datePublished":"2023-04-12T10:38:26+00:00","dateModified":"2025-05-21T09:41:34+00:00","description":"El uso de las redes sociales y de Internet forma ya parte integrante de nuestra vida profesional y personal...","breadcrumb":{"@id":"https:\/\/www.halifax-consulting.com\/splat\/formacion\/nuestras-otras-formaciones-comerciales\/formacion-social-selling\/#breadcrumb"},"inLanguage":"es-AR","potentialAction":[{"@type":"ReadAction","target":["https:\/\/www.halifax-consulting.com\/splat\/formacion\/nuestras-otras-formaciones-comerciales\/formacion-social-selling\/"]}]},{"@type":"BreadcrumbList","@id":"https:\/\/www.halifax-consulting.com\/splat\/formacion\/nuestras-otras-formaciones-comerciales\/formacion-social-selling\/#breadcrumb","itemListElement":[{"@type":"ListItem","position":1,"name":"Accueil","item":"https:\/\/www.halifax-consulting.com\/splat\/"},{"@type":"ListItem","position":2,"name":"Formaci\u00f3n","item":"https:\/\/www.halifax-consulting.com\/splat\/formacion\/"},{"@type":"ListItem","position":3,"name":"Nuestras otras formaciones comerciales","item":"https:\/\/www.halifax-consulting.com\/splat\/formacion\/nuestras-otras-formaciones-comerciales\/"},{"@type":"ListItem","position":4,"name":"Formaci\u00f3n Social Selling"}]},{"@type":"WebSite","@id":"https:\/\/www.halifax-consulting.com\/splat\/#website","url":"https:\/\/www.halifax-consulting.com\/splat\/","name":"Halifax Consulting \u2013 LATAM","description":"Halifax Consulting est un cabinet de conseil en performance commerciale sp\u00e9cialis\u00e9 dans la formation des \u00e9quipes et managers","potentialAction":[{"@type":"SearchAction","target":{"@type":"EntryPoint","urlTemplate":"https:\/\/www.halifax-consulting.com\/splat\/?s={search_term_string}"},"query-input":"required name=search_term_string"}],"inLanguage":"es-AR"}]}},"_links":{"self":[{"href":"https:\/\/www.halifax-consulting.com\/splat\/wp-json\/wp\/v2\/pages\/4037"}],"collection":[{"href":"https:\/\/www.halifax-consulting.com\/splat\/wp-json\/wp\/v2\/pages"}],"about":[{"href":"https:\/\/www.halifax-consulting.com\/splat\/wp-json\/wp\/v2\/types\/page"}],"author":[{"embeddable":true,"href":"https:\/\/www.halifax-consulting.com\/splat\/wp-json\/wp\/v2\/users\/17"}],"replies":[{"embeddable":true,"href":"https:\/\/www.halifax-consulting.com\/splat\/wp-json\/wp\/v2\/comments?post=4037"}],"version-history":[{"count":9,"href":"https:\/\/www.halifax-consulting.com\/splat\/wp-json\/wp\/v2\/pages\/4037\/revisions"}],"predecessor-version":[{"id":5113,"href":"https:\/\/www.halifax-consulting.com\/splat\/wp-json\/wp\/v2\/pages\/4037\/revisions\/5113"}],"up":[{"embeddable":true,"href":"https:\/\/www.halifax-consulting.com\/splat\/wp-json\/wp\/v2\/pages\/4027"}],"wp:featuredmedia":[{"embeddable":true,"href":"https:\/\/www.halifax-consulting.com\/splat\/wp-json\/wp\/v2\/media\/4096"}],"wp:attachment":[{"href":"https:\/\/www.halifax-consulting.com\/splat\/wp-json\/wp\/v2\/media?parent=4037"}],"wp:term":[{"taxonomy":"category","embeddable":true,"href":"https:\/\/www.halifax-consulting.com\/splat\/wp-json\/wp\/v2\/categories?post=4037"}],"curies":[{"name":"wp","href":"https:\/\/api.w.org\/{rel}","templated":true}]}}