{"id":4047,"date":"2023-04-12T12:38:23","date_gmt":"2023-04-12T10:38:23","guid":{"rendered":"https:\/\/www.halifax-consulting.com\/splat\/?page_id=4047"},"modified":"2025-05-21T11:40:30","modified_gmt":"2025-05-21T09:40:30","slug":"formacion-luxury-selling","status":"publish","type":"page","link":"https:\/\/www.halifax-consulting.com\/splat\/formacion\/nuestras-otras-formaciones-comerciales\/formacion-luxury-selling\/","title":{"rendered":"Formaci\u00f3n Luxury Selling"},"content":{"rendered":"<div class=\"container\">\n\t<div class=\"row\">\n\t\t<div class=\"col-lg-12 col-md-12 col-sm-12\">\n\t\t\t<h2 class=\"intro\">\n\t\t\t\t<strong class=\"intro-h2 d-block\">Formaci\u00f3n &#8220;Luxury Selling&#8221;: La elegancia relacional no es una opci\u00f3n sino una condici\u00f3n para el \u00e9xito<\/strong>\n\t\t\t\t<p style=\"text-align: justify\">El lujo es un mundo aparte, con sus propios c&oacute;digos.<\/p>\n<p style=\"text-align: justify\">Uno de los puntos esenciales de las pr&aacute;cticas de las grandes marcas de lujo es asegurarse de que los valores de la marca sean siempre puestos en juego por los empleados. Esto no es opcional, es la prioridad. El nivel de exigencia es enorme en este punto y se ponen en marcha todos los medios necesarios para garantizar una buena transmisi&oacute;n sobre el terreno de los comportamientos esperados, las emociones a transmitir y la atenci&oacute;n al detalle. M&aacute;s all&aacute; de estos pocos puntos, estas marcas tambi&eacute;n est&aacute;n atentas al respeto de los nuevos c&oacute;digos del lujo en todos los niveles de la cadena comercial.<\/p>\t\t\t<\/h2>\n\t\t<\/div>\n\t<\/div>\n<\/div>\n\n\n<section class=\"grey p-6 essentiels\">\t\n\t\n\t<div class=\"container\">\n\t\t\n\t\t<div class=\"row\">\n\t\t\t\n\t\t\t<div class=\"col-lg-7 col-md-7 col-sm-12\">\n\t\t\t\t\n\t\t\t\t\t\t\t\t\t<h3>Los objetivos de la formaci\u00f3n <\/h3>\n\t\t\t\t\t<ul>\n<li>Comprender mejor los c&oacute;digos de venta en el sector del lujo y las exigencias de una clientela premium.<\/li>\n<li>Ser capaz de sincronizarse con los clientes a nivel cultural.<\/li>\n<li>Comprender los mecanismos emocionales en las ventas premium.<\/li>\n<\/ul>\t\t\t\t\t\t\t\t\n\t\t\t\t\t\t\t\t\t<h3>Las ventajas de la formaci\u00f3n<\/h3>\n\t\t\t\t\t<ul>\n<li>Un curso &#8220;blended learning&#8221;, con una parte anal&iacute;tica de buenas pr&aacute;cticas en formato e-learning, din&aacute;mico y r&iacute;tmico.<\/li>\n<li>Una parte de taller en grupo para co-construir, implementar y practicar los niveles de discurso con una clientela exigente.<\/li>\n<li>El enfoque combina el buen comportamiento y el saber hacer relacional (soft-skills) inspirado en las mejores pr&aacute;cticas de la venta de lujo.<\/li>\n<li>La situaci&oacute;n final se pone en pr&aacute;ctica con un debriefing individualizado.<\/li>\n<\/ul>\t\t\t\t\t\t\t\t\n\t\t\t\t\t\t\t\t\t<h3>\u00bfA QUI\u00c9N VA DIRIGIDA ESTA FORMACI\u00d3N?<\/h3>\n\t\t\t\t\t<p>Todo tipo de vendedores que trabajen en entornos premium o con clientes premium.<\/p>\t\t\t\t\t\t\t<\/div>\n\t\t\t\n\t\t\t<div class=\"col-lg-1 col-md-1 col-sm-12\">\t\t\t\n\t\t\t<\/div>\n\t\t\t\n\t\t\t<div class=\"col-lg-4 col-md-4 col-sm-12\">\n\t\t\t\n\t\t\t\t<!-- Notation CPF -->\n\t\t\t\t\n\t\t\t\t\n\t\t\t\t<!-- Bouton VOIR LE PROGRAMME -->\n\t\t\t\t\n\t\t\t\t<p class=\"mt-4\">\n\t\t\t\t\t\n\t\t\t\t\t\t\t\t\t\t<!-- true = ouverture lien externe -->\n\t\t\t\t\t<a class=\"btn btn-hx btn-hx-orange d-block\" href=\"https:\/\/forms.zohopublic.com\/andernagroup\/form\/latamcontact\/formperma\/r3B8xqOZp-6Yu8rYInpOobKbuXm7rLYh6hpDTVNxWK0\" title=\"Cont\u00e1ctenos\" target=\"_blank\">Cont\u00e1ctenos<\/a>\n\t\t\t\t\t\n\t\t\t\t\t\t\t\t\t\t\n\t\t\t\t<\/p>\n\t\t\t<\/div>\n\t\t<\/div>\n\t<\/div>\n<\/section>\n\n<!-- MODALE -->\n\n\n\n<section class=\"block_texte_cta\">\n\t<div class=\"container\">\n\t\t<div class=\"row\">\n\t\t\n\t\t\t<div class=\"col-lg-6 col-md-6 col-sm-12 block_texte_cta--contenu\">\n\t\t\t\t\n\t\t\t\tHalifax Consulting tambi\u00e9n ofrece otros cursos de formaci\u00f3n empresarial adaptados a sus necesidades espec\u00edficas.\t\t\t\t\n\t\t\t<\/div>\n\t\t\t<div class=\"col-lg-6 col-md-6 col-sm-12 block_texte_cta--bouton\">\n\t\t\t\t\n\t\t\t\t<a class=\"btn\" href=\"https:\/\/www.halifax-consulting.com\/splat\/capacitacion\/\" title=\"Descubra nuestros otros cursos de formaci\u00f3n\">Descubra nuestros otros cursos de formaci\u00f3n<\/a>\n\t\t\t\t\n\t\t\t<\/div>\n\t\t\n\t\t<\/div>\n\t<\/div>\n\t\n<\/section>\n\n<section class=\"success-single grey\">\n\t<div class=\"container-fluid\">\n\t\t<div class=\"row\">\n\t\t\t\t\t\t\t \n\t\t\t\t\t\t\t\t\t\t\n\t\t\t\t\t\t\t\t\t\t<div class=\"col-lg-7 col-md-6 col-sm-12 p-6\">\n\t\t\t\t\t\t<div>\n\t\t\t\t\t\t\t<h3>Historias de \u00c9xito: La Banque Postale<\/h3>\n\t\t\t\t\t\t\t<p>El banco hab\u00eda establecido objetivos de gran alcance en t\u00e9rminos de ganar mercado y al mismo tiempo tratar de mantener las ganancias en sus cuatro mercados bancarios B2B.<\/p>\n\t\t\t\t\t\t\t<p>\n\t\t\t\t\t\t\t\t<a href=\"https:\/\/www.halifax-consulting.com\/splat\/historias-exito\/la-banque-postale\/\" class=\"btn btn-hx btn-hx-ducky\">Siga leyendo<\/a>\n\t\t\t\t\t\t\t<\/p>\n\t\t\t\t\t\t<\/div>\n\t\t\t\t\t<\/div>\n\t\t\t\t\t<div class=\"col-lg-5 col-md-6 col-sm-12 p-0\">\n\t\t\t\t\t\t\t<figure class=\"\">\n<!-- \t\t\t\t\t\t\t\t<img decoding=\"async\" src=\"https:\/\/www.halifax-consulting.com\/splat\/wp-content\/uploads\/sites\/5\/2020\/01\/halifax-consulting-success-story-banque-postale.jpg\" alt=\"image success-story\" \/> -->\n\t\t\t\t\t\t\t\t<img decoding=\"async\" loading=\"lazy\" src=\"https:\/\/www.halifax-consulting.com\/splat\/wp-content\/uploads\/sites\/5\/2020\/01\/halifax-consulting-success-story-banque-postale.jpg\" alt=\"Asesores del banco postal, tras haber seguido cursos de formaci\u00f3n en blended learning de Halifax Consulting, especialista en formaci\u00f3n en t\u00e9cnicas de venta, negociaci\u00f3n y gesti\u00f3n de cuentas clave\" width=\"100%\" height=\"\" >\t\t\t\t\t\t\t<\/figure>\n\t\t\t\t\t<\/div>\n\t\t\t\t\t\t\t\t\t<\/div>\n\t<\/div>\n<\/section>\n","protected":false},"excerpt":{"rendered":"","protected":false},"author":17,"featured_media":1309,"parent":4027,"menu_order":0,"comment_status":"closed","ping_status":"closed","template":"","meta":[],"categories":[],"acf":[],"yoast_head":"<!-- This site is optimized with the Yoast SEO plugin v19.9 - https:\/\/yoast.com\/wordpress\/plugins\/seo\/ -->\n<title>Formaci\u00f3n Luxury Selling - Halifax Consulting<\/title>\n<meta name=\"description\" content=\"Uno de los puntos esenciales de las pr\u00e1cticas de las grandes marcas de lujo es asegurarse de que los valores de la marca...\" \/>\n<link rel=\"canonical\" href=\"https:\/\/www.halifax-consulting.com\/splat\/formacion\/nuestras-otras-formaciones-comerciales\/formacion-luxury-selling\/\" \/>\n<meta property=\"og:locale\" content=\"es_ES\" \/>\n<meta property=\"og:type\" content=\"article\" \/>\n<meta property=\"og:title\" content=\"Formaci\u00f3n Luxury Selling - Halifax Consulting\" \/>\n<meta property=\"og:description\" content=\"Uno de los puntos esenciales de las pr\u00e1cticas de las grandes marcas de lujo es asegurarse de que los valores de la marca...\" \/>\n<meta property=\"og:url\" content=\"https:\/\/www.halifax-consulting.com\/splat\/formacion\/nuestras-otras-formaciones-comerciales\/formacion-luxury-selling\/\" \/>\n<meta property=\"og:site_name\" content=\"Halifax Consulting \u2013 LATAM\" \/>\n<meta property=\"article:modified_time\" content=\"2025-05-21T09:40:30+00:00\" \/>\n<meta property=\"og:image\" content=\"https:\/\/www.halifax-consulting.com\/splat\/wp-content\/uploads\/sites\/5\/2020\/03\/halifax-consulting-formation-luxe.jpg\" \/>\n\t<meta property=\"og:image:width\" content=\"1000\" \/>\n\t<meta property=\"og:image:height\" content=\"360\" \/>\n\t<meta property=\"og:image:type\" content=\"image\/jpeg\" \/>\n<meta name=\"twitter:card\" content=\"summary_large_image\" \/>\n<script type=\"application\/ld+json\" class=\"yoast-schema-graph\">{\"@context\":\"https:\/\/schema.org\",\"@graph\":[{\"@type\":\"WebPage\",\"@id\":\"https:\/\/www.halifax-consulting.com\/splat\/formacion\/nuestras-otras-formaciones-comerciales\/formacion-luxury-selling\/\",\"url\":\"https:\/\/www.halifax-consulting.com\/splat\/formacion\/nuestras-otras-formaciones-comerciales\/formacion-luxury-selling\/\",\"name\":\"Formaci\u00f3n Luxury Selling - Halifax Consulting\",\"isPartOf\":{\"@id\":\"https:\/\/www.halifax-consulting.com\/splat\/#website\"},\"datePublished\":\"2023-04-12T10:38:23+00:00\",\"dateModified\":\"2025-05-21T09:40:30+00:00\",\"description\":\"Uno de los puntos esenciales de las pr\u00e1cticas de las grandes marcas de lujo es asegurarse de que los valores de la marca...\",\"breadcrumb\":{\"@id\":\"https:\/\/www.halifax-consulting.com\/splat\/formacion\/nuestras-otras-formaciones-comerciales\/formacion-luxury-selling\/#breadcrumb\"},\"inLanguage\":\"es-AR\",\"potentialAction\":[{\"@type\":\"ReadAction\",\"target\":[\"https:\/\/www.halifax-consulting.com\/splat\/formacion\/nuestras-otras-formaciones-comerciales\/formacion-luxury-selling\/\"]}]},{\"@type\":\"BreadcrumbList\",\"@id\":\"https:\/\/www.halifax-consulting.com\/splat\/formacion\/nuestras-otras-formaciones-comerciales\/formacion-luxury-selling\/#breadcrumb\",\"itemListElement\":[{\"@type\":\"ListItem\",\"position\":1,\"name\":\"Accueil\",\"item\":\"https:\/\/www.halifax-consulting.com\/splat\/\"},{\"@type\":\"ListItem\",\"position\":2,\"name\":\"Formaci\u00f3n\",\"item\":\"https:\/\/www.halifax-consulting.com\/splat\/formacion\/\"},{\"@type\":\"ListItem\",\"position\":3,\"name\":\"Nuestras otras formaciones comerciales\",\"item\":\"https:\/\/www.halifax-consulting.com\/splat\/formacion\/nuestras-otras-formaciones-comerciales\/\"},{\"@type\":\"ListItem\",\"position\":4,\"name\":\"Formaci\u00f3n Luxury Selling\"}]},{\"@type\":\"WebSite\",\"@id\":\"https:\/\/www.halifax-consulting.com\/splat\/#website\",\"url\":\"https:\/\/www.halifax-consulting.com\/splat\/\",\"name\":\"Halifax Consulting \u2013 LATAM\",\"description\":\"Halifax Consulting est un cabinet de conseil en performance commerciale sp\u00e9cialis\u00e9 dans la formation des \u00e9quipes et managers\",\"potentialAction\":[{\"@type\":\"SearchAction\",\"target\":{\"@type\":\"EntryPoint\",\"urlTemplate\":\"https:\/\/www.halifax-consulting.com\/splat\/?s={search_term_string}\"},\"query-input\":\"required name=search_term_string\"}],\"inLanguage\":\"es-AR\"}]}<\/script>\n<!-- \/ Yoast SEO plugin. -->","yoast_head_json":{"title":"Formaci\u00f3n Luxury Selling - Halifax Consulting","description":"Uno de los puntos esenciales de las pr\u00e1cticas de las grandes marcas de lujo es asegurarse de que los valores de la marca...","canonical":"https:\/\/www.halifax-consulting.com\/splat\/formacion\/nuestras-otras-formaciones-comerciales\/formacion-luxury-selling\/","og_locale":"es_ES","og_type":"article","og_title":"Formaci\u00f3n Luxury Selling - Halifax Consulting","og_description":"Uno de los puntos esenciales de las pr\u00e1cticas de las grandes marcas de lujo es asegurarse de que los valores de la marca...","og_url":"https:\/\/www.halifax-consulting.com\/splat\/formacion\/nuestras-otras-formaciones-comerciales\/formacion-luxury-selling\/","og_site_name":"Halifax Consulting \u2013 LATAM","article_modified_time":"2025-05-21T09:40:30+00:00","og_image":[{"width":1000,"height":360,"url":"https:\/\/www.halifax-consulting.com\/splat\/wp-content\/uploads\/sites\/5\/2020\/03\/halifax-consulting-formation-luxe.jpg","type":"image\/jpeg"}],"twitter_card":"summary_large_image","schema":{"@context":"https:\/\/schema.org","@graph":[{"@type":"WebPage","@id":"https:\/\/www.halifax-consulting.com\/splat\/formacion\/nuestras-otras-formaciones-comerciales\/formacion-luxury-selling\/","url":"https:\/\/www.halifax-consulting.com\/splat\/formacion\/nuestras-otras-formaciones-comerciales\/formacion-luxury-selling\/","name":"Formaci\u00f3n Luxury Selling - Halifax Consulting","isPartOf":{"@id":"https:\/\/www.halifax-consulting.com\/splat\/#website"},"datePublished":"2023-04-12T10:38:23+00:00","dateModified":"2025-05-21T09:40:30+00:00","description":"Uno de los puntos esenciales de las pr\u00e1cticas de las grandes marcas de lujo es asegurarse de que los valores de la marca...","breadcrumb":{"@id":"https:\/\/www.halifax-consulting.com\/splat\/formacion\/nuestras-otras-formaciones-comerciales\/formacion-luxury-selling\/#breadcrumb"},"inLanguage":"es-AR","potentialAction":[{"@type":"ReadAction","target":["https:\/\/www.halifax-consulting.com\/splat\/formacion\/nuestras-otras-formaciones-comerciales\/formacion-luxury-selling\/"]}]},{"@type":"BreadcrumbList","@id":"https:\/\/www.halifax-consulting.com\/splat\/formacion\/nuestras-otras-formaciones-comerciales\/formacion-luxury-selling\/#breadcrumb","itemListElement":[{"@type":"ListItem","position":1,"name":"Accueil","item":"https:\/\/www.halifax-consulting.com\/splat\/"},{"@type":"ListItem","position":2,"name":"Formaci\u00f3n","item":"https:\/\/www.halifax-consulting.com\/splat\/formacion\/"},{"@type":"ListItem","position":3,"name":"Nuestras otras formaciones comerciales","item":"https:\/\/www.halifax-consulting.com\/splat\/formacion\/nuestras-otras-formaciones-comerciales\/"},{"@type":"ListItem","position":4,"name":"Formaci\u00f3n Luxury Selling"}]},{"@type":"WebSite","@id":"https:\/\/www.halifax-consulting.com\/splat\/#website","url":"https:\/\/www.halifax-consulting.com\/splat\/","name":"Halifax Consulting \u2013 LATAM","description":"Halifax Consulting est un cabinet de conseil en performance commerciale sp\u00e9cialis\u00e9 dans la formation des \u00e9quipes et managers","potentialAction":[{"@type":"SearchAction","target":{"@type":"EntryPoint","urlTemplate":"https:\/\/www.halifax-consulting.com\/splat\/?s={search_term_string}"},"query-input":"required name=search_term_string"}],"inLanguage":"es-AR"}]}},"_links":{"self":[{"href":"https:\/\/www.halifax-consulting.com\/splat\/wp-json\/wp\/v2\/pages\/4047"}],"collection":[{"href":"https:\/\/www.halifax-consulting.com\/splat\/wp-json\/wp\/v2\/pages"}],"about":[{"href":"https:\/\/www.halifax-consulting.com\/splat\/wp-json\/wp\/v2\/types\/page"}],"author":[{"embeddable":true,"href":"https:\/\/www.halifax-consulting.com\/splat\/wp-json\/wp\/v2\/users\/17"}],"replies":[{"embeddable":true,"href":"https:\/\/www.halifax-consulting.com\/splat\/wp-json\/wp\/v2\/comments?post=4047"}],"version-history":[{"count":7,"href":"https:\/\/www.halifax-consulting.com\/splat\/wp-json\/wp\/v2\/pages\/4047\/revisions"}],"predecessor-version":[{"id":5109,"href":"https:\/\/www.halifax-consulting.com\/splat\/wp-json\/wp\/v2\/pages\/4047\/revisions\/5109"}],"up":[{"embeddable":true,"href":"https:\/\/www.halifax-consulting.com\/splat\/wp-json\/wp\/v2\/pages\/4027"}],"wp:featuredmedia":[{"embeddable":true,"href":"https:\/\/www.halifax-consulting.com\/splat\/wp-json\/wp\/v2\/media\/1309"}],"wp:attachment":[{"href":"https:\/\/www.halifax-consulting.com\/splat\/wp-json\/wp\/v2\/media?parent=4047"}],"wp:term":[{"taxonomy":"category","embeddable":true,"href":"https:\/\/www.halifax-consulting.com\/splat\/wp-json\/wp\/v2\/categories?post=4047"}],"curies":[{"name":"wp","href":"https:\/\/api.w.org\/{rel}","templated":true}]}}