{"id":4051,"date":"2023-03-27T18:06:15","date_gmt":"2023-03-27T16:06:15","guid":{"rendered":"https:\/\/www.halifax-consulting.com\/splat\/?page_id=4051"},"modified":"2024-11-06T18:08:51","modified_gmt":"2024-11-06T17:08:51","slug":"formaciones-certificadas-y-cualificadas","status":"publish","type":"page","link":"https:\/\/www.halifax-consulting.com\/splat\/formacion\/formaciones-certificadas-y-cualificadas\/","title":{"rendered":"Formaciones certificadas y cualificadas"},"content":{"rendered":"<div class=\"container\">\n\t<div class=\"row\">\n\t\t<div class=\"col-lg-12 col-md-12 col-sm-12\">\n\t\t\t<h2 class=\"intro\">\n\t\t\t\t<strong class=\"intro-h2 d-block\">\u00bfUn diploma de ventas? \u00bfUna Certificaci\u00f3n? \u00bfPara qu\u00e9?<\/strong>\n\t\t\t\t<p style=\"text-align: justify\">La formaci&oacute;n en ventas es el pariente pobre de la ense&ntilde;anza superior, ya sea en Francia o en el mundo. Sin embargo, el tema es cada vez m&aacute;s complejo y exige una mayor profesionalidad en la funci&oacute;n de ventas. Ya se trate de un perfil t&eacute;cnico que necesita utilizar sus conocimientos para el desarrollo comercial, o de un vendedor de productos que quiere pasar a vender soluciones m&aacute;s complejas o funciones de gestor de grandes cuentas. O j&oacute;venes licenciados que quieren completar una carrera de marketing y gesti&oacute;n con una mayor especializaci&oacute;n comercial. Todas estas situaciones requieren cursos m&aacute;s largos y adaptados. Para ello, Halifax Consulting ha desarrollado asociaciones con Business Schools para programas de certificaci&oacute;n y\/o diplomatura a medida.&nbsp;<\/p>\t\t\t<\/h2>\n\t\t<\/div>\n\t<\/div>\n<\/div>\n\n\n<section class=\"light block-benefits-4 py-6\">\n\t\n\t<div class=\"container\">\n\t\t\n\t\t<div class=\"row\">\n\t\t\t\n\t\t\t<div class=\"col-lg-12 col-md-12 col-sm-12\">\n\t\t\t\t\n\t\t\t\t<h2 class=\"text-center\">Beneficios de nuestras formaciones certificadas<\/h2>\n\t\t\t\t\n\t\t\t<\/div>\n\t\t\n\t\t<\/div>\n\t\t\n\t\t<div class=\"row\">\n\t\t\t \n\t\t\t\t\t\t\t\n\t\t\t\t\t\t\t\t \n\t\t\t\t\t\n\t\t\t\t\t<div class=\"col-lg-6 col-md-6 col-sm-12 mb-4\">\n\t\t\t\t\t\t\n\t\t\t\t\t\t<div class=\"row\">\n\t\t\t\t\t\t\t\n\t\t\t\t\t\t\t<div class=\"col-lg-2 col-sm-3 col-sm-12\">\n\t\t\t\t\t\t\t\t\n\t\t\t\t\t\t\t\t<img decoding=\"async\" class=\"fadeIn\" src=\"https:\/\/www.halifax-consulting.com\/splat\/wp-content\/themes\/halifax\/library\/img\/halifax-consulting-benefits-icon.svg\" alt=\"icone benefices\" width=\"100%\" \/>\n\t\t\t\t\t\t\t<\/div>\n\t\t\t\t\t\t\t\n\t\t\t\t\t\t\t<div class=\"col-lg-10 col-sm-9 col-sm-12 fadeIn\">\n\t\t\t\t\t\t\t\t\n\t\t\t\t\t\t\t\t<h3 class=\"benef-title\">Lo mejor de dos mundos<\/h3>\n\t\t\t\t\t\t\t\t\n\t\t\t\t\t\t\t\t<div class=\"benef-content\">\n\t\t\t\t\t\t\t\t\t<p>+ M&aacute;s de 10 a&ntilde;os de relaciones con prestigiosas Business Schools de Par&iacute;s y de provincias para ofrecerle programas conjuntos espec&iacute;ficos a su medida.<\/p>\t\t\t\t\t\t\t\t<\/div>\n\t\t\t\t\t\t\t\t\n\t\t\t\t\t\t\t<\/div>\n\t\t\t\t\t\t\t \n\t\t\t\t\t\t<\/div>\n\t\t\t\t\t\t\n\t\t\t\t\t<\/div>\n\n\t\t\t\t\t\t\t\t \n\t\t\t\t\t\n\t\t\t\t\t<div class=\"col-lg-6 col-md-6 col-sm-12 mb-4\">\n\t\t\t\t\t\t\n\t\t\t\t\t\t<div class=\"row\">\n\t\t\t\t\t\t\t\n\t\t\t\t\t\t\t<div class=\"col-lg-2 col-sm-3 col-sm-12\">\n\t\t\t\t\t\t\t\t\n\t\t\t\t\t\t\t\t<img decoding=\"async\" class=\"fadeIn\" src=\"https:\/\/www.halifax-consulting.com\/splat\/wp-content\/themes\/halifax\/library\/img\/halifax-consulting-benefits-icon.svg\" alt=\"icone benefices\" width=\"100%\" \/>\n\t\t\t\t\t\t\t<\/div>\n\t\t\t\t\t\t\t\n\t\t\t\t\t\t\t<div class=\"col-lg-10 col-sm-9 col-sm-12 fadeIn\">\n\t\t\t\t\t\t\t\t\n\t\t\t\t\t\t\t\t<h3 class=\"benef-title\">Una selecci\u00f3n de cursos cortos conducentes a un certificado o diploma<\/h3>\n\t\t\t\t\t\t\t\t\n\t\t\t\t\t\t\t\t<div class=\"benef-content\">\n\t\t\t\t\t\t\t\t\t<p>En funci&oacute;n de sus disponibilidades y limitaciones, de 50 horas a 300 horas al a&ntilde;o, le asesoraremos.<\/p>\t\t\t\t\t\t\t\t<\/div>\n\t\t\t\t\t\t\t\t\n\t\t\t\t\t\t\t<\/div>\n\t\t\t\t\t\t\t \n\t\t\t\t\t\t<\/div>\n\t\t\t\t\t\t\n\t\t\t\t\t<\/div>\n\n\t\t\t\t\t\t\t\t \n\t\t\t\t\t\n\t\t\t\t\t<div class=\"col-lg-6 col-md-6 col-sm-12 mb-4\">\n\t\t\t\t\t\t\n\t\t\t\t\t\t<div class=\"row\">\n\t\t\t\t\t\t\t\n\t\t\t\t\t\t\t<div class=\"col-lg-2 col-sm-3 col-sm-12\">\n\t\t\t\t\t\t\t\t\n\t\t\t\t\t\t\t\t<img decoding=\"async\" class=\"fadeIn\" src=\"https:\/\/www.halifax-consulting.com\/splat\/wp-content\/themes\/halifax\/library\/img\/halifax-consulting-benefits-icon.svg\" alt=\"icone benefices\" width=\"100%\" \/>\n\t\t\t\t\t\t\t<\/div>\n\t\t\t\t\t\t\t\n\t\t\t\t\t\t\t<div class=\"col-lg-10 col-sm-9 col-sm-12 fadeIn\">\n\t\t\t\t\t\t\t\t\n\t\t\t\t\t\t\t\t<h3 class=\"benef-title\">Flexibilidad<\/h3>\n\t\t\t\t\t\t\t\t\n\t\t\t\t\t\t\t\t<div class=\"benef-content\">\n\t\t\t\t\t\t\t\t\t<p>Nuestras soluciones de formaci&oacute;n y aprendizaje en l&iacute;nea le permitir&aacute;n alternar las sesiones presenciales con las de escritorio para una mayor eficacia.<\/p>\t\t\t\t\t\t\t\t<\/div>\n\t\t\t\t\t\t\t\t\n\t\t\t\t\t\t\t<\/div>\n\t\t\t\t\t\t\t \n\t\t\t\t\t\t<\/div>\n\t\t\t\t\t\t\n\t\t\t\t\t<\/div>\n\n\t\t\t\t\t\n\t\t\t \n\t\t\t\t\t \n\t\t\t\t\t<\/div>\n\t\t\n\t<\/div>\n\t \n<\/section>\n\n<section class=\"white py-6\">\t\n\t<div class=\"container\">\n\t\t<div class=\"row\">\n\t\t\t<div class=\"col-lg-12 col-md-12 col-sm-12\">\n\t\t\t\t<h2 class=\"text-center\">Nuestros socios docentes<\/h2>\n\t\t\t<\/div>\n\t\t<\/div>\n\t\t<div class=\"row\">\n\t\t\t<div class=\"col-lg-4 col-md-3 col-sm-12\">\n\t\t\t\t<img decoding=\"async\" src=\"https:\/\/www.halifax-consulting.com\/splat\/wp-content\/uploads\/sites\/5\/2020\/01\/halifax-consulting-partenaire-enseignement-neoma-1.png\" width=\"100%\" alt=\"Logo 1\">\n\t\t\t<\/div>\n\t\t\t<div class=\"col-lg-4 col-md-3 col-sm-12\">\n\t\t\t\t<img decoding=\"async\" src=\"https:\/\/www.halifax-consulting.com\/splat\/wp-content\/uploads\/sites\/5\/2020\/02\/halifax-consulting-partenaire-academiques-HEC-1.png\" width=\"100%\" alt=\"Logo 2\">\n\t\t\t<\/div>\n\t\t\t<div class=\"col-lg-4 col-md-3 col-sm-12\">\n\t\t\t\t<img decoding=\"async\" src=\"https:\/\/www.halifax-consulting.com\/splat\/wp-content\/uploads\/sites\/5\/2020\/02\/halifax-consulting-partenaire-academiques-ESSEC-1.png\" width=\"100%\" alt=\"Logo 3\">\n\t\t\t<\/div>\n\t\t<\/div>\n\t\t<div class=\"row\">\n\t\t\t<div class=\"col-lg-4 col-md-3 col-sm-12\">\n\t\t\t\t<img decoding=\"async\" src=\"https:\/\/www.halifax-consulting.com\/splat\/wp-content\/uploads\/sites\/5\/2020\/01\/halifax-consulting-partenaire-enseignement-escp-europe-2.png\" width=\"100%\" alt=\"Logo 4\">\n\t\t\t<\/div>\n\t\t\t<div class=\"col-lg-4 col-md-3 col-sm-12\">\n\t\t\t\t<img decoding=\"async\" src=\"https:\/\/www.halifax-consulting.com\/splat\/wp-content\/uploads\/sites\/5\/2023\/03\/univ-02-1.png\" width=\"100%\" alt=\"Logo 5\">\n\t\t\t<\/div>\n\t\t\t<div class=\"col-lg-4 col-md-3 col-sm-12\">\n\t\t\t\t<img decoding=\"async\" src=\"\" width=\"100%\" alt=\"\">\n\t\t\t<\/div>\n\t\t<\/div>\n\t<\/div>\n<\/section>","protected":false},"excerpt":{"rendered":"","protected":false},"author":17,"featured_media":1454,"parent":545,"menu_order":40,"comment_status":"closed","ping_status":"closed","template":"","meta":[],"categories":[],"acf":[],"yoast_head":"<!-- This site is optimized with the Yoast SEO plugin v19.9 - https:\/\/yoast.com\/wordpress\/plugins\/seo\/ -->\n<title>Formaciones certificadas y cualificadas - Halifax Consulting<\/title>\n<meta name=\"description\" content=\"Halifax Consulting ha desarrollado asociaciones con Business Schools para programas de certificaci\u00f3n y\/o diplomatura a medida.\" \/>\n<link rel=\"canonical\" href=\"https:\/\/www.halifax-consulting.com\/splat\/formacion\/formaciones-certificadas-y-cualificadas\/\" \/>\n<meta property=\"og:locale\" content=\"es_ES\" \/>\n<meta property=\"og:type\" content=\"article\" \/>\n<meta property=\"og:title\" content=\"Formaciones certificadas y cualificadas - Halifax Consulting\" \/>\n<meta property=\"og:description\" content=\"Halifax Consulting ha desarrollado asociaciones con Business Schools para programas de certificaci\u00f3n y\/o diplomatura a medida.\" \/>\n<meta property=\"og:url\" content=\"https:\/\/www.halifax-consulting.com\/splat\/formacion\/formaciones-certificadas-y-cualificadas\/\" \/>\n<meta property=\"og:site_name\" content=\"Halifax Consulting \u2013 LATAM\" \/>\n<meta property=\"article:modified_time\" content=\"2024-11-06T17:08:51+00:00\" \/>\n<meta property=\"og:image\" content=\"https:\/\/www.halifax-consulting.com\/splat\/wp-content\/uploads\/sites\/5\/2020\/03\/halifax-consulting-courses-leading-qualifications.jpg\" \/>\n\t<meta property=\"og:image:width\" content=\"1000\" \/>\n\t<meta property=\"og:image:height\" content=\"360\" \/>\n\t<meta property=\"og:image:type\" content=\"image\/jpeg\" \/>\n<meta name=\"twitter:card\" content=\"summary_large_image\" \/>\n<script type=\"application\/ld+json\" class=\"yoast-schema-graph\">{\"@context\":\"https:\/\/schema.org\",\"@graph\":[{\"@type\":\"WebPage\",\"@id\":\"https:\/\/www.halifax-consulting.com\/splat\/formacion\/formaciones-certificadas-y-cualificadas\/\",\"url\":\"https:\/\/www.halifax-consulting.com\/splat\/formacion\/formaciones-certificadas-y-cualificadas\/\",\"name\":\"Formaciones certificadas y cualificadas - Halifax Consulting\",\"isPartOf\":{\"@id\":\"https:\/\/www.halifax-consulting.com\/splat\/#website\"},\"datePublished\":\"2023-03-27T16:06:15+00:00\",\"dateModified\":\"2024-11-06T17:08:51+00:00\",\"description\":\"Halifax Consulting ha desarrollado asociaciones con Business Schools para programas de certificaci\u00f3n y\/o diplomatura a medida.\",\"breadcrumb\":{\"@id\":\"https:\/\/www.halifax-consulting.com\/splat\/formacion\/formaciones-certificadas-y-cualificadas\/#breadcrumb\"},\"inLanguage\":\"es-AR\",\"potentialAction\":[{\"@type\":\"ReadAction\",\"target\":[\"https:\/\/www.halifax-consulting.com\/splat\/formacion\/formaciones-certificadas-y-cualificadas\/\"]}]},{\"@type\":\"BreadcrumbList\",\"@id\":\"https:\/\/www.halifax-consulting.com\/splat\/formacion\/formaciones-certificadas-y-cualificadas\/#breadcrumb\",\"itemListElement\":[{\"@type\":\"ListItem\",\"position\":1,\"name\":\"Accueil\",\"item\":\"https:\/\/www.halifax-consulting.com\/splat\/\"},{\"@type\":\"ListItem\",\"position\":2,\"name\":\"Formaci\u00f3n\",\"item\":\"https:\/\/www.halifax-consulting.com\/splat\/formacion\/\"},{\"@type\":\"ListItem\",\"position\":3,\"name\":\"Formaciones certificadas y cualificadas\"}]},{\"@type\":\"WebSite\",\"@id\":\"https:\/\/www.halifax-consulting.com\/splat\/#website\",\"url\":\"https:\/\/www.halifax-consulting.com\/splat\/\",\"name\":\"Halifax Consulting \u2013 LATAM\",\"description\":\"Halifax Consulting est un cabinet de conseil en performance commerciale sp\u00e9cialis\u00e9 dans la formation des \u00e9quipes et managers\",\"potentialAction\":[{\"@type\":\"SearchAction\",\"target\":{\"@type\":\"EntryPoint\",\"urlTemplate\":\"https:\/\/www.halifax-consulting.com\/splat\/?s={search_term_string}\"},\"query-input\":\"required name=search_term_string\"}],\"inLanguage\":\"es-AR\"}]}<\/script>\n<!-- \/ Yoast SEO plugin. -->","yoast_head_json":{"title":"Formaciones certificadas y cualificadas - Halifax Consulting","description":"Halifax Consulting ha desarrollado asociaciones con Business Schools para programas de certificaci\u00f3n y\/o diplomatura a medida.","canonical":"https:\/\/www.halifax-consulting.com\/splat\/formacion\/formaciones-certificadas-y-cualificadas\/","og_locale":"es_ES","og_type":"article","og_title":"Formaciones certificadas y cualificadas - Halifax Consulting","og_description":"Halifax Consulting ha desarrollado asociaciones con Business Schools para programas de certificaci\u00f3n y\/o diplomatura a medida.","og_url":"https:\/\/www.halifax-consulting.com\/splat\/formacion\/formaciones-certificadas-y-cualificadas\/","og_site_name":"Halifax Consulting \u2013 LATAM","article_modified_time":"2024-11-06T17:08:51+00:00","og_image":[{"width":1000,"height":360,"url":"https:\/\/www.halifax-consulting.com\/splat\/wp-content\/uploads\/sites\/5\/2020\/03\/halifax-consulting-courses-leading-qualifications.jpg","type":"image\/jpeg"}],"twitter_card":"summary_large_image","schema":{"@context":"https:\/\/schema.org","@graph":[{"@type":"WebPage","@id":"https:\/\/www.halifax-consulting.com\/splat\/formacion\/formaciones-certificadas-y-cualificadas\/","url":"https:\/\/www.halifax-consulting.com\/splat\/formacion\/formaciones-certificadas-y-cualificadas\/","name":"Formaciones certificadas y cualificadas - Halifax Consulting","isPartOf":{"@id":"https:\/\/www.halifax-consulting.com\/splat\/#website"},"datePublished":"2023-03-27T16:06:15+00:00","dateModified":"2024-11-06T17:08:51+00:00","description":"Halifax Consulting ha desarrollado asociaciones con Business Schools para programas de certificaci\u00f3n y\/o diplomatura a medida.","breadcrumb":{"@id":"https:\/\/www.halifax-consulting.com\/splat\/formacion\/formaciones-certificadas-y-cualificadas\/#breadcrumb"},"inLanguage":"es-AR","potentialAction":[{"@type":"ReadAction","target":["https:\/\/www.halifax-consulting.com\/splat\/formacion\/formaciones-certificadas-y-cualificadas\/"]}]},{"@type":"BreadcrumbList","@id":"https:\/\/www.halifax-consulting.com\/splat\/formacion\/formaciones-certificadas-y-cualificadas\/#breadcrumb","itemListElement":[{"@type":"ListItem","position":1,"name":"Accueil","item":"https:\/\/www.halifax-consulting.com\/splat\/"},{"@type":"ListItem","position":2,"name":"Formaci\u00f3n","item":"https:\/\/www.halifax-consulting.com\/splat\/formacion\/"},{"@type":"ListItem","position":3,"name":"Formaciones certificadas y cualificadas"}]},{"@type":"WebSite","@id":"https:\/\/www.halifax-consulting.com\/splat\/#website","url":"https:\/\/www.halifax-consulting.com\/splat\/","name":"Halifax Consulting \u2013 LATAM","description":"Halifax Consulting est un cabinet de conseil en performance commerciale sp\u00e9cialis\u00e9 dans la formation des \u00e9quipes et managers","potentialAction":[{"@type":"SearchAction","target":{"@type":"EntryPoint","urlTemplate":"https:\/\/www.halifax-consulting.com\/splat\/?s={search_term_string}"},"query-input":"required name=search_term_string"}],"inLanguage":"es-AR"}]}},"_links":{"self":[{"href":"https:\/\/www.halifax-consulting.com\/splat\/wp-json\/wp\/v2\/pages\/4051"}],"collection":[{"href":"https:\/\/www.halifax-consulting.com\/splat\/wp-json\/wp\/v2\/pages"}],"about":[{"href":"https:\/\/www.halifax-consulting.com\/splat\/wp-json\/wp\/v2\/types\/page"}],"author":[{"embeddable":true,"href":"https:\/\/www.halifax-consulting.com\/splat\/wp-json\/wp\/v2\/users\/17"}],"replies":[{"embeddable":true,"href":"https:\/\/www.halifax-consulting.com\/splat\/wp-json\/wp\/v2\/comments?post=4051"}],"version-history":[{"count":8,"href":"https:\/\/www.halifax-consulting.com\/splat\/wp-json\/wp\/v2\/pages\/4051\/revisions"}],"predecessor-version":[{"id":4338,"href":"https:\/\/www.halifax-consulting.com\/splat\/wp-json\/wp\/v2\/pages\/4051\/revisions\/4338"}],"up":[{"embeddable":true,"href":"https:\/\/www.halifax-consulting.com\/splat\/wp-json\/wp\/v2\/pages\/545"}],"wp:featuredmedia":[{"embeddable":true,"href":"https:\/\/www.halifax-consulting.com\/splat\/wp-json\/wp\/v2\/media\/1454"}],"wp:attachment":[{"href":"https:\/\/www.halifax-consulting.com\/splat\/wp-json\/wp\/v2\/media?parent=4051"}],"wp:term":[{"taxonomy":"category","embeddable":true,"href":"https:\/\/www.halifax-consulting.com\/splat\/wp-json\/wp\/v2\/categories?post=4051"}],"curies":[{"name":"wp","href":"https:\/\/api.w.org\/{rel}","templated":true}]}}