{"id":4077,"date":"2023-03-29T10:53:11","date_gmt":"2023-03-29T08:53:11","guid":{"rendered":"https:\/\/www.halifax-consulting.com\/splat\/?page_id=4077"},"modified":"2025-05-21T11:35:46","modified_gmt":"2025-05-21T09:35:46","slug":"diagnostico-de-su-organizacion-comercial-y-segmentacion-de-su-cartera-de-clientes","status":"publish","type":"page","link":"https:\/\/www.halifax-consulting.com\/splat\/consultoria\/diagnostico-de-su-organizacion-comercial-y-segmentacion-de-su-cartera-de-clientes\/","title":{"rendered":"Diagn\u00f3stico de su organizaci\u00f3n comercial y segmentaci\u00f3n de su cartera de clientes"},"content":{"rendered":"<div class=\"container\">\n\t<div class=\"row\">\n\t\t<div class=\"col-lg-12 col-md-12 col-sm-12\">\n\t\t\t<h2 class=\"intro\">\n\t\t\t\t<strong class=\"intro-h2 d-block\">Una plataforma integral que concentra la energ\u00eda de sus equipos de ventas mediante una gesti\u00f3n estrat\u00e9gica de clientes \u00f3ptima y estructurada.<\/strong>\n\t\t\t\t<p>Alinee los esfuerzos de sus equipos de ventas para retener a sus mejores clientes, maximizar el valor de los clientes de alto potencial y cualificar a sus clientes potenciales mediante la creaci&oacute;n de un plan de crecimiento de ventas personalizado.<\/p>\n<p>Venturi es una&nbsp;<strong>soluci&oacute;n de gesti&oacute;n estrat&eacute;gica de clientes.<\/strong><br \/>Un plan de ventas estructurado, centrado en los clientes de mayor potencial, es la clave para hacer crecer su negocio.<br \/>Venturi le permite hacer precisamente eso. Esta sencilla herramienta se conecta&nbsp;<strong>directamente a su plataforma CRM<\/strong>&nbsp;(Customer Relationship Management) y le ayuda a construir un plan de ventas estructurado que su equipo puede seguir y ejecutar f&aacute;cilmente siguiendo tres sencillos pasos:<\/p>\n<ol>\n<li><strong>Analice sus ventas<\/strong><\/li>\n<li><strong>Categorizaci&oacute;n automatizada de sus clientes<\/strong><\/li>\n<li><strong>Programaci&oacute;n de actividades de venta en la agenda de su equipo de ventas.<\/strong><\/li>\n<\/ol>\n<p>Venturi tambi&eacute;n le ofrece&nbsp;<strong>un diagn&oacute;stico flash de su organizaci&oacute;n de ventas basado en un estudio de 180 criterios<\/strong>&nbsp;que analiza todos sus procesos de venta y su &ldquo;Eficacia de ventas&rdquo;.<\/p>\n<p>Este diagn&oacute;stico se realiza en l&iacute;nea en formato colaborativo con sus equipos de direcci&oacute;n y le permite realizar un benchmarking de su organizaci&oacute;n de ventas.<\/p>\t\t\t<\/h2>\n\t\t<\/div>\n\t<\/div>\n<\/div>\n\n\n<section class=\"navy block-benefits-4 py-6\">\n\t<div class=\"container\">\n\t\t<div class=\"row\">\n\t\t\t<div class=\"col-lg-12 col-md-12 col-sm-12\">\n\t\t\t\t<h2 class=\"text-center\">\n\t\t\t\t\tVENTURI INCLUYE VARIAS APLICACIONES PARA:\t\t\t\t\t<span class=\"h2-subtitle\"><\/span>\n\t\t\t\t\t\n\t\t\t\t\t\n\t\t\t\t<\/h2>\n\t\t\t<\/div>\n\t\t<\/div>\n\t\t<div class=\"row\">\n\t\t\t\t\n\t\t\t\t\t\n\t\t\t\t\t<div class=\"col-lg-6 col-md-6 col-sm-12 mb-4\">\n\t\t\t\t\t\t<div class=\"row\">\n\t\t\t\t\t\t\t<div class=\"col-lg-2 col-sm-3 col-sm-12\">\n\t\t\t\t\t\t\t\t<img decoding=\"async\" class=\"fadeIn\" src=\"https:\/\/www.halifax-consulting.com\/splat\/wp-content\/themes\/halifax\/library\/img\/halifax-consulting-benefits-icon.svg\" alt=\"icone benefices\" width=\"100%\" \/>\n\t\t\t\t\t\t\t<\/div>\n\t\t\t\t\t\t\t<div class=\"col-lg-10 col-sm-9 col-sm-12 fadeIn\">\n\t\t\t\t\t\t\t\t<h3 class=\"benef-title\">Analizar<\/h3>\n\t\t\t\t\t\t\t\t<p class=\"benef-content\">Analice en profundidad de su cartera de clientes<br \/>\n<br>\n\t\t\t\t\t\t\t\t\t\t\t\t\t\t\t\t\t<\/p>\n\t\t\t\t\t\t\t<\/div>\n\t\t\t\t\t\t<\/div>\n\t\t\t\t\t<\/div>\n\t\t\t\t\t\n\t\t\t\t\t\t\n\t\t\t\t\t\n\t\t\t\t\t<div class=\"col-lg-6 col-md-6 col-sm-12 mb-4\">\n\t\t\t\t\t\t<div class=\"row\">\n\t\t\t\t\t\t\t<div class=\"col-lg-2 col-sm-3 col-sm-12\">\n\t\t\t\t\t\t\t\t<img decoding=\"async\" class=\"fadeIn\" src=\"https:\/\/www.halifax-consulting.com\/splat\/wp-content\/themes\/halifax\/library\/img\/halifax-consulting-benefits-icon.svg\" alt=\"icone benefices\" width=\"100%\" \/>\n\t\t\t\t\t\t\t<\/div>\n\t\t\t\t\t\t\t<div class=\"col-lg-10 col-sm-9 col-sm-12 fadeIn\">\n\t\t\t\t\t\t\t\t<h3 class=\"benef-title\">Segmentar<\/h3>\n\t\t\t\t\t\t\t\t<p class=\"benef-content\">Segmente a sus clientes en funci\u00f3n de su potencial<br \/>\n<br>\n\t\t\t\t\t\t\t\t\t\t\t\t\t\t\t\t\t<\/p>\n\t\t\t\t\t\t\t<\/div>\n\t\t\t\t\t\t<\/div>\n\t\t\t\t\t<\/div>\n\t\t\t\t\t\n\t\t\t\t\t\t\n\t\t\t\t\t\n\t\t\t\t\t<div class=\"col-lg-6 col-md-6 col-sm-12 mb-4\">\n\t\t\t\t\t\t<div class=\"row\">\n\t\t\t\t\t\t\t<div class=\"col-lg-2 col-sm-3 col-sm-12\">\n\t\t\t\t\t\t\t\t<img decoding=\"async\" class=\"fadeIn\" src=\"https:\/\/www.halifax-consulting.com\/splat\/wp-content\/themes\/halifax\/library\/img\/halifax-consulting-benefits-icon.svg\" alt=\"icone benefices\" width=\"100%\" \/>\n\t\t\t\t\t\t\t<\/div>\n\t\t\t\t\t\t\t<div class=\"col-lg-10 col-sm-9 col-sm-12 fadeIn\">\n\t\t\t\t\t\t\t\t<h3 class=\"benef-title\">Identificar<\/h3>\n\t\t\t\t\t\t\t\t<p class=\"benef-content\">Identifique las actividades y su frecuencia que necesita su fuerza de ventas<br>\n\t\t\t\t\t\t\t\t\t\t\t\t\t\t\t\t\t<\/p>\n\t\t\t\t\t\t\t<\/div>\n\t\t\t\t\t\t<\/div>\n\t\t\t\t\t<\/div>\n\t\t\t\t\t\n\t\t\t\t\t\t\n\t\t\t\t\t\n\t\t\t\t\t<div class=\"col-lg-6 col-md-6 col-sm-12 mb-4\">\n\t\t\t\t\t\t<div class=\"row\">\n\t\t\t\t\t\t\t<div class=\"col-lg-2 col-sm-3 col-sm-12\">\n\t\t\t\t\t\t\t\t<img decoding=\"async\" class=\"fadeIn\" src=\"https:\/\/www.halifax-consulting.com\/splat\/wp-content\/themes\/halifax\/library\/img\/halifax-consulting-benefits-icon.svg\" alt=\"icone benefices\" width=\"100%\" \/>\n\t\t\t\t\t\t\t<\/div>\n\t\t\t\t\t\t\t<div class=\"col-lg-10 col-sm-9 col-sm-12 fadeIn\">\n\t\t\t\t\t\t\t\t<h3 class=\"benef-title\">Priorizar<\/h3>\n\t\t\t\t\t\t\t\t<p class=\"benef-content\">Priorice los esfuerzos de su equipo de ventas en su agenda<br>\n\t\t\t\t\t\t\t\t\t\t\t\t\t\t\t\t\t<\/p>\n\t\t\t\t\t\t\t<\/div>\n\t\t\t\t\t\t<\/div>\n\t\t\t\t\t<\/div>\n\t\t\t\t\t\n\t\t\t\t\t\t\t\t\n\t\t<\/div>\n\t<\/div>\n<\/section>\n\n<section class=\"light bloc-texte-image p-0\">\t\n\t<div class=\"container-fluid\">\n\t\t<div class=\"row\">\n\t\t\t\t\t\t<div class=\"col-lg-4 col-md-6 col-md-12 p-0\">\n\t\t\t\t<figure>\n<!-- \t\t\t\t\t<img decoding=\"async\" src=\"https:\/\/www.halifax-consulting.com\/splat\/wp-content\/uploads\/sites\/5\/2020\/03\/halifax-consulting-formation-televente.jpg\" alt=\"photo\" width=\"100%\" \/> -->\n\t\t\t\t\t<img decoding=\"async\" loading=\"lazy\" src=\"https:\/\/www.halifax-consulting.com\/splat\/wp-content\/uploads\/sites\/5\/2020\/03\/halifax-consulting-formation-televente.jpg\" alt=\"Este joven sigue una formaci\u00f3n de Halifax Consulting sobre televentas\" width=\"100%\" height=\"\" >\t\t\t\t<\/figure>\n\t\t\t<\/div>\n\t\t\t\t\t\t\n\t\t\t<div class=\"col-lg-8 col-md-6 col-md-12 p-6 bloc-texte-image--content\">\n\t\t\t\t<h4>ANTES DE LA GESTI\u00d3N ESTRAT\u00c9GICA DE SU CARTERA DE CLIENTES, VENTURI TAMBI\u00c9N LE OFRECE UN DIAGN\u00d3STICO DE SU ORGANIZACI\u00d3N DE VENTAS<\/h4>\n\t\t\t\t<p>\u00bfEs su funci\u00f3n de ventas (objetivos, estructura, procesos, gesti\u00f3n de equipos, gesti\u00f3n de clientes, gesti\u00f3n de intermediarios, cuadro de mandos, etc.) capaz de aumentar las posibilidades de alcanzar sus objetivos de ventas a\u00f1o tras a\u00f1o? Identifique a trav\u00e9s del \u00edndice de madurez las mejoras que tendr\u00e1n mayor impacto a corto y medio plazo en la consecuci\u00f3n de sus objetivos.<\/p>\n\t\t\t\t\t\t\t\t<p><a class=\"btn btn-hx btn-hx-orange\" href=\"https:\/\/forms.zohopublic.com\/andernagroup\/form\/latamcontact\/formperma\/r3B8xqOZp-6Yu8rYInpOobKbuXm7rLYh6hpDTVNxWK0\">Quiero saber m\u00e1s sobre Venturi<\/a><\/p>\n\t\t\t\t\t\t\t<\/div>\n\t\t\t\n\t\t\t\t\t<\/div>\n\t<\/div>\n<\/section>\n\n<section class=\"success-single grey\">\n\t<div class=\"container-fluid\">\n\t\t<div class=\"row\">\n\t\t\t\t\t\t\t \n\t\t\t\t\t\t\t\t\t\t\n\t\t\t\t\t\t\t\t\t\t<div class=\"col-lg-7 col-md-6 col-sm-12 p-6\">\n\t\t\t\t\t\t<div>\n\t\t\t\t\t\t\t<h3>Historias de \u00c9xito: Laboratorio veterinario<\/h3>\n\t\t\t\t\t\t\t<p>El objetivo era aumentar y apoyar las habilidades y la especializaci\u00f3n de los representantes de venta a trav\u00e9s de una gama de diferentes productos.<\/p>\n\t\t\t\t\t\t\t<p>\n\t\t\t\t\t\t\t\t<a href=\"https:\/\/www.halifax-consulting.com\/splat\/historias-exito\/laboratorio-veterinario\/\" class=\"btn btn-hx btn-hx-ducky\">Siga leyendo<\/a>\n\t\t\t\t\t\t\t<\/p>\n\t\t\t\t\t\t<\/div>\n\t\t\t\t\t<\/div>\n\t\t\t\t\t<div class=\"col-lg-5 col-md-6 col-sm-12 p-0\">\n\t\t\t\t\t\t\t<figure class=\"\">\n<!-- \t\t\t\t\t\t\t\t<img decoding=\"async\" src=\"https:\/\/www.halifax-consulting.com\/splat\/wp-content\/uploads\/sites\/5\/2020\/03\/halifax-consulting-success-story-Laboratoire-veterinaire.jpg\" alt=\"image success-story\" \/> -->\n\t\t\t\t\t\t\t\t<img decoding=\"async\" loading=\"lazy\" src=\"https:\/\/www.halifax-consulting.com\/splat\/wp-content\/uploads\/sites\/5\/2020\/03\/halifax-consulting-success-story-Laboratoire-veterinaire.jpg\" alt=\"Caso de \u00c9xito Laboratorio Veterinario\" width=\"100%\" height=\"\" >\t\t\t\t\t\t\t<\/figure>\n\t\t\t\t\t<\/div>\n\t\t\t\t\t\t\t\t\t<\/div>\n\t<\/div>\n<\/section>\n","protected":false},"excerpt":{"rendered":"","protected":false},"author":17,"featured_media":4102,"parent":543,"menu_order":0,"comment_status":"closed","ping_status":"closed","template":"","meta":[],"categories":[],"acf":[],"yoast_head":"<!-- This site is optimized with the Yoast SEO plugin v19.9 - https:\/\/yoast.com\/wordpress\/plugins\/seo\/ -->\n<title>Diagn\u00f3stico de su organizaci\u00f3n comercial - Halifax Consulting<\/title>\n<meta name=\"description\" content=\"Alinee los esfuerzos de sus equipos de ventas para retener a sus mejores clientes, maximizar el valor de los clientes de alto potencial...\" \/>\n<link rel=\"canonical\" href=\"https:\/\/www.halifax-consulting.com\/splat\/consultoria\/diagnostico-de-su-organizacion-comercial-y-segmentacion-de-su-cartera-de-clientes\/\" \/>\n<meta property=\"og:locale\" content=\"es_ES\" \/>\n<meta property=\"og:type\" content=\"article\" \/>\n<meta property=\"og:title\" content=\"Diagn\u00f3stico de su organizaci\u00f3n comercial - Halifax Consulting\" \/>\n<meta property=\"og:description\" content=\"Alinee los esfuerzos de sus equipos de ventas para retener a sus mejores clientes, maximizar el valor de los clientes de alto potencial...\" \/>\n<meta property=\"og:url\" content=\"https:\/\/www.halifax-consulting.com\/splat\/consultoria\/diagnostico-de-su-organizacion-comercial-y-segmentacion-de-su-cartera-de-clientes\/\" \/>\n<meta property=\"og:site_name\" content=\"Halifax Consulting \u2013 LATAM\" \/>\n<meta property=\"article:modified_time\" content=\"2025-05-21T09:35:46+00:00\" \/>\n<meta property=\"og:image\" content=\"https:\/\/www.halifax-consulting.com\/splat\/wp-content\/uploads\/sites\/5\/2023\/03\/visuel-bandeaux-autres-formations-10.png\" \/>\n\t<meta property=\"og:image:width\" content=\"1920\" \/>\n\t<meta property=\"og:image:height\" content=\"545\" \/>\n\t<meta property=\"og:image:type\" content=\"image\/png\" \/>\n<meta name=\"twitter:card\" content=\"summary_large_image\" \/>\n<script type=\"application\/ld+json\" class=\"yoast-schema-graph\">{\"@context\":\"https:\/\/schema.org\",\"@graph\":[{\"@type\":\"WebPage\",\"@id\":\"https:\/\/www.halifax-consulting.com\/splat\/consultoria\/diagnostico-de-su-organizacion-comercial-y-segmentacion-de-su-cartera-de-clientes\/\",\"url\":\"https:\/\/www.halifax-consulting.com\/splat\/consultoria\/diagnostico-de-su-organizacion-comercial-y-segmentacion-de-su-cartera-de-clientes\/\",\"name\":\"Diagn\u00f3stico de su organizaci\u00f3n comercial - Halifax Consulting\",\"isPartOf\":{\"@id\":\"https:\/\/www.halifax-consulting.com\/splat\/#website\"},\"datePublished\":\"2023-03-29T08:53:11+00:00\",\"dateModified\":\"2025-05-21T09:35:46+00:00\",\"description\":\"Alinee los esfuerzos de sus equipos de ventas para retener a sus mejores clientes, maximizar el valor de los clientes de alto potencial...\",\"breadcrumb\":{\"@id\":\"https:\/\/www.halifax-consulting.com\/splat\/consultoria\/diagnostico-de-su-organizacion-comercial-y-segmentacion-de-su-cartera-de-clientes\/#breadcrumb\"},\"inLanguage\":\"es-AR\",\"potentialAction\":[{\"@type\":\"ReadAction\",\"target\":[\"https:\/\/www.halifax-consulting.com\/splat\/consultoria\/diagnostico-de-su-organizacion-comercial-y-segmentacion-de-su-cartera-de-clientes\/\"]}]},{\"@type\":\"BreadcrumbList\",\"@id\":\"https:\/\/www.halifax-consulting.com\/splat\/consultoria\/diagnostico-de-su-organizacion-comercial-y-segmentacion-de-su-cartera-de-clientes\/#breadcrumb\",\"itemListElement\":[{\"@type\":\"ListItem\",\"position\":1,\"name\":\"Accueil\",\"item\":\"https:\/\/www.halifax-consulting.com\/splat\/\"},{\"@type\":\"ListItem\",\"position\":2,\"name\":\"Consultor\u00eda\",\"item\":\"https:\/\/www.halifax-consulting.com\/splat\/consultoria\/\"},{\"@type\":\"ListItem\",\"position\":3,\"name\":\"Diagn\u00f3stico de su organizaci\u00f3n comercial y segmentaci\u00f3n de su cartera de clientes\"}]},{\"@type\":\"WebSite\",\"@id\":\"https:\/\/www.halifax-consulting.com\/splat\/#website\",\"url\":\"https:\/\/www.halifax-consulting.com\/splat\/\",\"name\":\"Halifax Consulting \u2013 LATAM\",\"description\":\"Halifax Consulting est un cabinet de conseil en performance commerciale sp\u00e9cialis\u00e9 dans la formation des \u00e9quipes et managers\",\"potentialAction\":[{\"@type\":\"SearchAction\",\"target\":{\"@type\":\"EntryPoint\",\"urlTemplate\":\"https:\/\/www.halifax-consulting.com\/splat\/?s={search_term_string}\"},\"query-input\":\"required name=search_term_string\"}],\"inLanguage\":\"es-AR\"}]}<\/script>\n<!-- \/ Yoast SEO plugin. -->","yoast_head_json":{"title":"Diagn\u00f3stico de su organizaci\u00f3n comercial - Halifax Consulting","description":"Alinee los esfuerzos de sus equipos de ventas para retener a sus mejores clientes, maximizar el valor de los clientes de alto potencial...","canonical":"https:\/\/www.halifax-consulting.com\/splat\/consultoria\/diagnostico-de-su-organizacion-comercial-y-segmentacion-de-su-cartera-de-clientes\/","og_locale":"es_ES","og_type":"article","og_title":"Diagn\u00f3stico de su organizaci\u00f3n comercial - Halifax Consulting","og_description":"Alinee los esfuerzos de sus equipos de ventas para retener a sus mejores clientes, maximizar el valor de los clientes de alto potencial...","og_url":"https:\/\/www.halifax-consulting.com\/splat\/consultoria\/diagnostico-de-su-organizacion-comercial-y-segmentacion-de-su-cartera-de-clientes\/","og_site_name":"Halifax Consulting \u2013 LATAM","article_modified_time":"2025-05-21T09:35:46+00:00","og_image":[{"width":1920,"height":545,"url":"https:\/\/www.halifax-consulting.com\/splat\/wp-content\/uploads\/sites\/5\/2023\/03\/visuel-bandeaux-autres-formations-10.png","type":"image\/png"}],"twitter_card":"summary_large_image","schema":{"@context":"https:\/\/schema.org","@graph":[{"@type":"WebPage","@id":"https:\/\/www.halifax-consulting.com\/splat\/consultoria\/diagnostico-de-su-organizacion-comercial-y-segmentacion-de-su-cartera-de-clientes\/","url":"https:\/\/www.halifax-consulting.com\/splat\/consultoria\/diagnostico-de-su-organizacion-comercial-y-segmentacion-de-su-cartera-de-clientes\/","name":"Diagn\u00f3stico de su organizaci\u00f3n comercial - Halifax Consulting","isPartOf":{"@id":"https:\/\/www.halifax-consulting.com\/splat\/#website"},"datePublished":"2023-03-29T08:53:11+00:00","dateModified":"2025-05-21T09:35:46+00:00","description":"Alinee los esfuerzos de sus equipos de ventas para retener a sus mejores clientes, maximizar el valor de los clientes de alto potencial...","breadcrumb":{"@id":"https:\/\/www.halifax-consulting.com\/splat\/consultoria\/diagnostico-de-su-organizacion-comercial-y-segmentacion-de-su-cartera-de-clientes\/#breadcrumb"},"inLanguage":"es-AR","potentialAction":[{"@type":"ReadAction","target":["https:\/\/www.halifax-consulting.com\/splat\/consultoria\/diagnostico-de-su-organizacion-comercial-y-segmentacion-de-su-cartera-de-clientes\/"]}]},{"@type":"BreadcrumbList","@id":"https:\/\/www.halifax-consulting.com\/splat\/consultoria\/diagnostico-de-su-organizacion-comercial-y-segmentacion-de-su-cartera-de-clientes\/#breadcrumb","itemListElement":[{"@type":"ListItem","position":1,"name":"Accueil","item":"https:\/\/www.halifax-consulting.com\/splat\/"},{"@type":"ListItem","position":2,"name":"Consultor\u00eda","item":"https:\/\/www.halifax-consulting.com\/splat\/consultoria\/"},{"@type":"ListItem","position":3,"name":"Diagn\u00f3stico de su organizaci\u00f3n comercial y segmentaci\u00f3n de su cartera de clientes"}]},{"@type":"WebSite","@id":"https:\/\/www.halifax-consulting.com\/splat\/#website","url":"https:\/\/www.halifax-consulting.com\/splat\/","name":"Halifax Consulting \u2013 LATAM","description":"Halifax Consulting est un cabinet de conseil en performance commerciale sp\u00e9cialis\u00e9 dans la formation des \u00e9quipes et managers","potentialAction":[{"@type":"SearchAction","target":{"@type":"EntryPoint","urlTemplate":"https:\/\/www.halifax-consulting.com\/splat\/?s={search_term_string}"},"query-input":"required name=search_term_string"}],"inLanguage":"es-AR"}]}},"_links":{"self":[{"href":"https:\/\/www.halifax-consulting.com\/splat\/wp-json\/wp\/v2\/pages\/4077"}],"collection":[{"href":"https:\/\/www.halifax-consulting.com\/splat\/wp-json\/wp\/v2\/pages"}],"about":[{"href":"https:\/\/www.halifax-consulting.com\/splat\/wp-json\/wp\/v2\/types\/page"}],"author":[{"embeddable":true,"href":"https:\/\/www.halifax-consulting.com\/splat\/wp-json\/wp\/v2\/users\/17"}],"replies":[{"embeddable":true,"href":"https:\/\/www.halifax-consulting.com\/splat\/wp-json\/wp\/v2\/comments?post=4077"}],"version-history":[{"count":9,"href":"https:\/\/www.halifax-consulting.com\/splat\/wp-json\/wp\/v2\/pages\/4077\/revisions"}],"predecessor-version":[{"id":5097,"href":"https:\/\/www.halifax-consulting.com\/splat\/wp-json\/wp\/v2\/pages\/4077\/revisions\/5097"}],"up":[{"embeddable":true,"href":"https:\/\/www.halifax-consulting.com\/splat\/wp-json\/wp\/v2\/pages\/543"}],"wp:featuredmedia":[{"embeddable":true,"href":"https:\/\/www.halifax-consulting.com\/splat\/wp-json\/wp\/v2\/media\/4102"}],"wp:attachment":[{"href":"https:\/\/www.halifax-consulting.com\/splat\/wp-json\/wp\/v2\/media?parent=4077"}],"wp:term":[{"taxonomy":"category","embeddable":true,"href":"https:\/\/www.halifax-consulting.com\/splat\/wp-json\/wp\/v2\/categories?post=4077"}],"curies":[{"name":"wp","href":"https:\/\/api.w.org\/{rel}","templated":true}]}}