{"id":4339,"date":"2023-09-15T17:46:48","date_gmt":"2023-09-15T15:46:48","guid":{"rendered":"https:\/\/www.halifax-consulting.com\/splat\/?page_id=4339"},"modified":"2023-09-18T09:31:28","modified_gmt":"2023-09-18T07:31:28","slug":"calcule-la-huella-de-carbono-de-su-entrenamiento","status":"publish","type":"page","link":"https:\/\/www.halifax-consulting.com\/splat\/formacion\/calcule-la-huella-de-carbono-de-su-entrenamiento\/","title":{"rendered":"Calcule la huella de carbono de su entrenamiento"},"content":{"rendered":" <section class=\"calculateur white\">\n\t \n\t<div class=\"container\">\n\t\t\n\t\t<div class=\"row\">\n\t\t\t\n\t\t\t<div class=\"col-lg-12 col-sm-12 col-md-12\">\n\t\t\t\t\n\t\t\t\t<iframe class=\"embed-responsive-item calculateur__iframe\" src=\"https:\/\/anderna-formations.ma\/distance\/index.php?lang=ES\"><\/iframe>\n\t\t\t\t\n\t\t\t<\/div>\n\t\t\t\n\t\t<\/div>\n\t\t\n\t<\/div>\n\t \n <\/section>","protected":false},"excerpt":{"rendered":"","protected":false},"author":17,"featured_media":4325,"parent":545,"menu_order":40,"comment_status":"closed","ping_status":"closed","template":"","meta":[],"categories":[],"acf":[],"yoast_head":"<!-- This site is optimized with the Yoast SEO plugin v19.9 - https:\/\/yoast.com\/wordpress\/plugins\/seo\/ -->\n<title>Calcule la huella de carbono de su entrenamiento - Halifax Consulting \u2013 LATAM<\/title>\n<link rel=\"canonical\" href=\"https:\/\/www.halifax-consulting.com\/splat\/formacion\/calcule-la-huella-de-carbono-de-su-entrenamiento\/\" \/>\n<meta property=\"og:locale\" content=\"es_ES\" \/>\n<meta property=\"og:type\" content=\"article\" \/>\n<meta property=\"og:title\" content=\"Calcule la huella de carbono de su entrenamiento - Halifax Consulting \u2013 LATAM\" \/>\n<meta property=\"og:url\" content=\"https:\/\/www.halifax-consulting.com\/splat\/formacion\/calcule-la-huella-de-carbono-de-su-entrenamiento\/\" \/>\n<meta property=\"og:site_name\" content=\"Halifax Consulting \u2013 LATAM\" \/>\n<meta property=\"article:modified_time\" content=\"2023-09-18T07:31:28+00:00\" \/>\n<meta property=\"og:image\" content=\"https:\/\/www.halifax-consulting.com\/splat\/wp-content\/uploads\/sites\/5\/2023\/07\/empreinte-carbon-2.jpg\" \/>\n\t<meta property=\"og:image:width\" content=\"1024\" \/>\n\t<meta property=\"og:image:height\" content=\"439\" \/>\n\t<meta property=\"og:image:type\" content=\"image\/jpeg\" \/>\n<meta name=\"twitter:card\" content=\"summary_large_image\" \/>\n<script type=\"application\/ld+json\" class=\"yoast-schema-graph\">{\"@context\":\"https:\/\/schema.org\",\"@graph\":[{\"@type\":\"WebPage\",\"@id\":\"https:\/\/www.halifax-consulting.com\/splat\/formacion\/calcule-la-huella-de-carbono-de-su-entrenamiento\/\",\"url\":\"https:\/\/www.halifax-consulting.com\/splat\/formacion\/calcule-la-huella-de-carbono-de-su-entrenamiento\/\",\"name\":\"Calcule la huella de carbono de su entrenamiento - Halifax Consulting \u2013 LATAM\",\"isPartOf\":{\"@id\":\"https:\/\/www.halifax-consulting.com\/splat\/#website\"},\"datePublished\":\"2023-09-15T15:46:48+00:00\",\"dateModified\":\"2023-09-18T07:31:28+00:00\",\"breadcrumb\":{\"@id\":\"https:\/\/www.halifax-consulting.com\/splat\/formacion\/calcule-la-huella-de-carbono-de-su-entrenamiento\/#breadcrumb\"},\"inLanguage\":\"es-AR\",\"potentialAction\":[{\"@type\":\"ReadAction\",\"target\":[\"https:\/\/www.halifax-consulting.com\/splat\/formacion\/calcule-la-huella-de-carbono-de-su-entrenamiento\/\"]}]},{\"@type\":\"BreadcrumbList\",\"@id\":\"https:\/\/www.halifax-consulting.com\/splat\/formacion\/calcule-la-huella-de-carbono-de-su-entrenamiento\/#breadcrumb\",\"itemListElement\":[{\"@type\":\"ListItem\",\"position\":1,\"name\":\"Accueil\",\"item\":\"https:\/\/www.halifax-consulting.com\/splat\/\"},{\"@type\":\"ListItem\",\"position\":2,\"name\":\"Formaci\u00f3n\",\"item\":\"https:\/\/www.halifax-consulting.com\/splat\/formacion\/\"},{\"@type\":\"ListItem\",\"position\":3,\"name\":\"Calcule la huella de carbono de su entrenamiento\"}]},{\"@type\":\"WebSite\",\"@id\":\"https:\/\/www.halifax-consulting.com\/splat\/#website\",\"url\":\"https:\/\/www.halifax-consulting.com\/splat\/\",\"name\":\"Halifax Consulting \u2013 LATAM\",\"description\":\"Halifax Consulting est un cabinet de conseil en performance commerciale sp\u00e9cialis\u00e9 dans la formation des \u00e9quipes et managers\",\"potentialAction\":[{\"@type\":\"SearchAction\",\"target\":{\"@type\":\"EntryPoint\",\"urlTemplate\":\"https:\/\/www.halifax-consulting.com\/splat\/?s={search_term_string}\"},\"query-input\":\"required name=search_term_string\"}],\"inLanguage\":\"es-AR\"}]}<\/script>\n<!-- \/ Yoast SEO plugin. -->","yoast_head_json":{"title":"Calcule la huella de carbono de su entrenamiento - Halifax Consulting \u2013 LATAM","canonical":"https:\/\/www.halifax-consulting.com\/splat\/formacion\/calcule-la-huella-de-carbono-de-su-entrenamiento\/","og_locale":"es_ES","og_type":"article","og_title":"Calcule la huella de carbono de su entrenamiento - Halifax Consulting \u2013 LATAM","og_url":"https:\/\/www.halifax-consulting.com\/splat\/formacion\/calcule-la-huella-de-carbono-de-su-entrenamiento\/","og_site_name":"Halifax Consulting \u2013 LATAM","article_modified_time":"2023-09-18T07:31:28+00:00","og_image":[{"width":1024,"height":439,"url":"https:\/\/www.halifax-consulting.com\/splat\/wp-content\/uploads\/sites\/5\/2023\/07\/empreinte-carbon-2.jpg","type":"image\/jpeg"}],"twitter_card":"summary_large_image","schema":{"@context":"https:\/\/schema.org","@graph":[{"@type":"WebPage","@id":"https:\/\/www.halifax-consulting.com\/splat\/formacion\/calcule-la-huella-de-carbono-de-su-entrenamiento\/","url":"https:\/\/www.halifax-consulting.com\/splat\/formacion\/calcule-la-huella-de-carbono-de-su-entrenamiento\/","name":"Calcule la huella de carbono de su entrenamiento - Halifax Consulting \u2013 LATAM","isPartOf":{"@id":"https:\/\/www.halifax-consulting.com\/splat\/#website"},"datePublished":"2023-09-15T15:46:48+00:00","dateModified":"2023-09-18T07:31:28+00:00","breadcrumb":{"@id":"https:\/\/www.halifax-consulting.com\/splat\/formacion\/calcule-la-huella-de-carbono-de-su-entrenamiento\/#breadcrumb"},"inLanguage":"es-AR","potentialAction":[{"@type":"ReadAction","target":["https:\/\/www.halifax-consulting.com\/splat\/formacion\/calcule-la-huella-de-carbono-de-su-entrenamiento\/"]}]},{"@type":"BreadcrumbList","@id":"https:\/\/www.halifax-consulting.com\/splat\/formacion\/calcule-la-huella-de-carbono-de-su-entrenamiento\/#breadcrumb","itemListElement":[{"@type":"ListItem","position":1,"name":"Accueil","item":"https:\/\/www.halifax-consulting.com\/splat\/"},{"@type":"ListItem","position":2,"name":"Formaci\u00f3n","item":"https:\/\/www.halifax-consulting.com\/splat\/formacion\/"},{"@type":"ListItem","position":3,"name":"Calcule la huella de carbono de su entrenamiento"}]},{"@type":"WebSite","@id":"https:\/\/www.halifax-consulting.com\/splat\/#website","url":"https:\/\/www.halifax-consulting.com\/splat\/","name":"Halifax Consulting \u2013 LATAM","description":"Halifax Consulting est un cabinet de conseil en performance commerciale sp\u00e9cialis\u00e9 dans la formation des \u00e9quipes et managers","potentialAction":[{"@type":"SearchAction","target":{"@type":"EntryPoint","urlTemplate":"https:\/\/www.halifax-consulting.com\/splat\/?s={search_term_string}"},"query-input":"required name=search_term_string"}],"inLanguage":"es-AR"}]}},"_links":{"self":[{"href":"https:\/\/www.halifax-consulting.com\/splat\/wp-json\/wp\/v2\/pages\/4339"}],"collection":[{"href":"https:\/\/www.halifax-consulting.com\/splat\/wp-json\/wp\/v2\/pages"}],"about":[{"href":"https:\/\/www.halifax-consulting.com\/splat\/wp-json\/wp\/v2\/types\/page"}],"author":[{"embeddable":true,"href":"https:\/\/www.halifax-consulting.com\/splat\/wp-json\/wp\/v2\/users\/17"}],"replies":[{"embeddable":true,"href":"https:\/\/www.halifax-consulting.com\/splat\/wp-json\/wp\/v2\/comments?post=4339"}],"version-history":[{"count":3,"href":"https:\/\/www.halifax-consulting.com\/splat\/wp-json\/wp\/v2\/pages\/4339\/revisions"}],"predecessor-version":[{"id":4344,"href":"https:\/\/www.halifax-consulting.com\/splat\/wp-json\/wp\/v2\/pages\/4339\/revisions\/4344"}],"up":[{"embeddable":true,"href":"https:\/\/www.halifax-consulting.com\/splat\/wp-json\/wp\/v2\/pages\/545"}],"wp:featuredmedia":[{"embeddable":true,"href":"https:\/\/www.halifax-consulting.com\/splat\/wp-json\/wp\/v2\/media\/4325"}],"wp:attachment":[{"href":"https:\/\/www.halifax-consulting.com\/splat\/wp-json\/wp\/v2\/media?parent=4339"}],"wp:term":[{"taxonomy":"category","embeddable":true,"href":"https:\/\/www.halifax-consulting.com\/splat\/wp-json\/wp\/v2\/categories?post=4339"}],"curies":[{"name":"wp","href":"https:\/\/api.w.org\/{rel}","templated":true}]}}