{"id":524,"date":"2020-01-23T20:53:34","date_gmt":"2020-01-23T19:53:34","guid":{"rendered":"https:\/\/www.halifax-consulting.com\/?page_id=524"},"modified":"2024-10-31T12:19:19","modified_gmt":"2024-10-31T11:19:19","slug":"equipo-halifax-consulting","status":"publish","type":"page","link":"https:\/\/www.halifax-consulting.com\/splat\/el-grupo\/equipo-halifax-consulting\/","title":{"rendered":"El equipo Halifax Consulting"},"content":{"rendered":"<div class=\"container\">\n\t<div class=\"row\">\n\t\t<div class=\"col-lg-12 col-md-12 col-sm-12\">\n\t\t\t<h2 class=\"intro\">\n\t\t\t\t<strong class=\"intro-h2 d-block\">Especialistas en consultor\u00eda y capacitaci\u00f3n<\/strong>\n\t\t\t\t<p>Halifax Consulting fue creada en Francia en 2003 y es actualmente un nombre l&iacute;der en el mercado de la capacitaci&oacute;n de ventas y consultor&iacute;a. Continuamos creciendo r&aacute;pidamente <a title=\"An international presence\" href=\"https:\/\/www.halifax-consulting.com\/en\/about-us\/international-presence\/\" target=\"_self\">en Europa y alrededor del mundo, con presencia local en mas de 20 pa&iacute;ses<\/a>.<\/p>\t\t\t<\/h2>\n\t\t<\/div>\n\t<\/div>\n<\/div>\n\n\n<div class=\"consultants_auto\">\n<section class=\"light py-6\">\n\t<div class=\"container\">\n\t\t<div class=\"row\">\n\t\t\t<div class=\"col-lg-12 col-md-12 col-sm-12\">\n\t\t\t\t<h2 class=\"text-center\">\n\t\t\t\t\tManaging Partners\t\t\t\t\t<span class=\"h2-subtitle\"><\/span>\n\t\t\t\t\t<span class=\"resp-show\">\n\t\t\t\t\t\t\t\t\t\t<\/span>\n\t\t\t\t\t\n\t\t\t\t<\/h2>\n\t\t\t<\/div>\n\t\t<\/div>\n\t\t<div class=\"row flex justify-content-center\">\n\t\t\t\n\t\t\t\t\n\t\t\t\t\n\t\t\t\t\t\t\n\t\t\t\t<div class=\"col-lg-3 col-md-4 col-sm-6 mb-5\">\n\t\t\t\t\t\n\t\t\t\t\t<div class=\"card-consultants-round\">\n\t\t\t\t\t\t\n\t\t\t\t\t\t<div class=\"consult-more\">\n\t\t\t\t\t\t\t\n\t\t\t\t\t\t\t<button type=\"button\" class=\"btn btn-primary\" data-toggle=\"modal\" data-target=\"#vincentparachini\">\n\t\t\t\t\t\t\t  <i data-feather=\"eye\"><\/i>\n\t\t\t\t\t\t\t<\/button>\n\t\t\t\t\t\t\t\n\t\t\t\t\t\t<\/div>\n\t\t\t\n\t\t\t\t\t\t<figure>\n\t\t\t\t\t\t\t<img decoding=\"async\" src=\"https:\/\/www.halifax-consulting.com\/splat\/wp-content\/uploads\/sites\/5\/2022\/09\/vincent-2.jpg\" width=\"100%\" \/>\n\t\t\t\t\t\t<\/figure>\n\n\t\t\t\t\t<\/div>\n\t\t\t\t\t\n\t\t\t\t<\/div>\t\n\t\t\t\n\t\t\t\t\n\t\t\t\t<!-- Modal -->\n\t\t\t\t<div class=\"modal fade\" id=\"vincentparachini\" tabindex=\"-1\" role=\"dialog\" aria-labelledby=\"Vincent Parachini\" aria-hidden=\"true\">\n\t\t\t\t\t<div class=\"modal-dialog modal-dialog-scrollable modal-fullscreen\" role=\"document\">\n\t\t\t\t    \t<div class=\"modal-content text-center\">\n\t\t\t\t\t    \t<div class=\"modal-header mx-auto\">\n\t\t\t\t\t    \t\n\t\t\t\t\t\t    \t<img decoding=\"async\" loading=\"lazy\" src=\"https:\/\/www.halifax-consulting.com\/splat\/wp-content\/uploads\/sites\/5\/2022\/09\/vincent-2.jpg\" width=\"90\" height=\"90\" class=\"rounded-circle\" \/>\n\t\t\t\t\t    \t\n\t\t\t\t\t    \t<\/div>\n\t\t\t\t\t\t\t<div class=\"modal-body w-80 mx-auto\">\n\t\t\t\t\t\t\t\t<h5 class=\"modal-title\" id=\"vincentparachini\">\n\t\t\t\t\t\t\t\t\tVincent Parachini<br>\n\t\t\t\t\t\t\t\t\t<small class=\"mute\">Managing Partner Halifax &#8211; LATAM<\/small>\n\t\t\t\t\t\t\t\t<\/h5>\n\t\t\t\t\t\t\t\t\n\t\t\t\t\t\t\t\t\t\t\t\t\t\t\t\n\t\t\t\t\t\t\t\t\t<p class=\"text-center\">\n\t\t\t\t\t\t\t\t\t\t<!-- wp:paragraph -->\n<p>Graduado en relaciones internacionales y negociaciones interculturales de la Universidad de la Sorbona (Par\u00eds, Francia), cuenta con un Master en Administraci\u00f3n de negocios (MBA) especializado en Marketing.<\/p>\n<!-- \/wp:paragraph -->\n\n<!-- wp:paragraph -->\n<p>Vincent comenz\u00f3 su Carrera en el departamento de Marketing de BIC, en Paris. Posteriormente se traslad\u00f3 a Sudam\u00e9rica donde por 15 a\u00f1os se desempe\u00f1\u00f3 en distintas posiciones, incluyendo director de marketing, Category Manager en Brasil, Gerente de Ventas en Argentina y Gerente General en Chile. Ha entrenado una gran variedad de fuerzas de venta y gerenciado las relaciones con empresas l\u00edderes en el sector de retail, como por ejemplo Walmart, Carrefour, Casino y Cencosud, en aspectos que van desde planes de negocio conjuntos y manejo de cuentas clave hasta category manangement, entre otros.<\/p>\n<!-- \/wp:paragraph -->\n\n<!-- wp:paragraph -->\n<p>Vincent est\u00e1 calificado como coach ICF-certified coach- de Newfield Network y ha representado con \u00e9xito a Halifax en Chile por tres a\u00f1os antes de aceptar ponerse al frente de la oficina para Latinoam\u00e9rica de Halifax Latin America como socio gerente, basado en Brasil. &nbsp;<\/p>\n<!-- \/wp:paragraph -->\t\t\t\t\t\t\t\t\t<\/p>\n\t\t\t\t\t    \t\t\n\t\t\t\t\t    \t\t\t\t\t\t    \t\t\n\t\t\t\t\t\t\t\t<p class=\"mt-4 text-center\">\n\t\t\t\t\t\t    \t\t<a data-dismiss=\"modal\" class=\"btn-close\" aria-label=\"Close\"><span aria-hidden=\"true\">&times;<\/span><\/a>\n\t\t\t\t\t\t    \t<\/p>\n\t\t\t\t\t\t\t<\/div><!-- modal-body -->\t\n\t\t\t\t    \t<\/div><!-- modal-content -->\t\n\t\t\t\t    <\/div><!-- modal-dialog -->\t\n\t\t\t\t<\/div><!-- modal -->\t\n\t\t\t\t\n\t\t\t\t<!-- Fin Modal -->\t\n\t\t\t\t\n\t\t\t\t\n\t\t\t\t\t\t\n\t\t\t\t<div class=\"col-lg-3 col-md-4 col-sm-6 mb-5\">\n\t\t\t\t\t\n\t\t\t\t\t<div class=\"card-consultants-round\">\n\t\t\t\t\t\t\n\t\t\t\t\t\t<div class=\"consult-more\">\n\t\t\t\t\t\t\t\n\t\t\t\t\t\t\t<button type=\"button\" class=\"btn btn-primary\" data-toggle=\"modal\" data-target=\"#cyntiabraz\">\n\t\t\t\t\t\t\t  <i data-feather=\"eye\"><\/i>\n\t\t\t\t\t\t\t<\/button>\n\t\t\t\t\t\t\t\n\t\t\t\t\t\t<\/div>\n\t\t\t\n\t\t\t\t\t\t<figure>\n\t\t\t\t\t\t\t<img decoding=\"async\" src=\"https:\/\/www.halifax-consulting.com\/splat\/wp-content\/uploads\/sites\/5\/2022\/09\/cynthia-2.jpg\" width=\"100%\" \/>\n\t\t\t\t\t\t<\/figure>\n\n\t\t\t\t\t<\/div>\n\t\t\t\t\t\n\t\t\t\t<\/div>\t\n\t\t\t\n\t\t\t\t\n\t\t\t\t<!-- Modal -->\n\t\t\t\t<div class=\"modal fade\" id=\"cyntiabraz\" tabindex=\"-1\" role=\"dialog\" aria-labelledby=\"Cyntia Braz\" aria-hidden=\"true\">\n\t\t\t\t\t<div class=\"modal-dialog modal-dialog-scrollable modal-fullscreen\" role=\"document\">\n\t\t\t\t    \t<div class=\"modal-content text-center\">\n\t\t\t\t\t    \t<div class=\"modal-header mx-auto\">\n\t\t\t\t\t    \t\n\t\t\t\t\t\t    \t<img decoding=\"async\" loading=\"lazy\" src=\"https:\/\/www.halifax-consulting.com\/splat\/wp-content\/uploads\/sites\/5\/2022\/09\/cynthia-2.jpg\" width=\"90\" height=\"90\" class=\"rounded-circle\" \/>\n\t\t\t\t\t    \t\n\t\t\t\t\t    \t<\/div>\n\t\t\t\t\t\t\t<div class=\"modal-body w-80 mx-auto\">\n\t\t\t\t\t\t\t\t<h5 class=\"modal-title\" id=\"cyntiabraz\">\n\t\t\t\t\t\t\t\t\tCyntia Braz<br>\n\t\t\t\t\t\t\t\t\t<small class=\"mute\">Managing Partner Halifax LATAM<\/small>\n\t\t\t\t\t\t\t\t<\/h5>\n\t\t\t\t\t\t\t\t\n\t\t\t\t\t\t\t\t\t\t\t\t\t\t\t\n\t\t\t\t\t\t\t\t\t<p class=\"text-center\">\n\t\t\t\t\t\t\t\t\t\t<!-- wp:paragraph -->\n<p>Cynthia tiene una licenciatura en comunicaci\u00f3n social y publicidad de la Facultad de Periodismo Casper Libero y un MBA de la escuela l\u00edder de publicidad y marketing en Brasil. Tambi\u00e9n es coach certificada ICF a trav\u00e9s de Newfield Network.<\/p>\n<!-- \/wp:paragraph -->\n\n<!-- wp:paragraph -->\n<p>Cynthia comenz\u00f3 su carrera con un per\u00edodo de ocho a\u00f1os en ventas y marketing de bienes de consumo y empresas de servicios financieros, incluyendo BIC, Nestl\u00e9 y American Express. Luego pas\u00f3 11 a\u00f1os con una compa\u00f1\u00eda l\u00edder de investigaci\u00f3n de mercado como consultora de ventas y marketing para Europa y Am\u00e9rica Latina. Ha manejado negociaciones regionales, proyectos de ventas y desarrollo de productos para varias marcas. <\/p>\n<!-- \/wp:paragraph -->\n\n<!-- wp:paragraph -->\n<p>Cynthia es actualmente un socia gerente en Halifax Latinoam\u00e9rica, supervisando iniciativas de facilitaci\u00f3n, liderazgo y transformaci\u00f3n de ventas. <\/p>\n<!-- \/wp:paragraph -->\t\t\t\t\t\t\t\t\t<\/p>\n\t\t\t\t\t    \t\t\n\t\t\t\t\t    \t\t\t\t\t\t    \t\t\n\t\t\t\t\t\t\t\t<p class=\"mt-4 text-center\">\n\t\t\t\t\t\t    \t\t<a data-dismiss=\"modal\" class=\"btn-close\" aria-label=\"Close\"><span aria-hidden=\"true\">&times;<\/span><\/a>\n\t\t\t\t\t\t    \t<\/p>\n\t\t\t\t\t\t\t<\/div><!-- modal-body -->\t\n\t\t\t\t    \t<\/div><!-- modal-content -->\t\n\t\t\t\t    <\/div><!-- modal-dialog -->\t\n\t\t\t\t<\/div><!-- modal -->\t\n\t\t\t\t\n\t\t\t\t<!-- Fin Modal -->\t\n\t\t\t\t\t<\/div>\n\t<\/div>\n<\/section>\n<\/div>\n\n<div class=\"consultants_auto\">\n<section class=\"white py-6\">\n\t<div class=\"container\">\n\t\t<div class=\"row\">\n\t\t\t<div class=\"col-lg-12 col-md-12 col-sm-12\">\n\t\t\t\t<h2 class=\"text-center\">\n\t\t\t\t\tConsultores Senior LATAM\t\t\t\t\t<span class=\"h2-subtitle\"><\/span>\n\t\t\t\t\t<span class=\"resp-show\">\n\t\t\t\t\t\t\t\t\t\t<\/span>\n\t\t\t\t\t\n\t\t\t\t<\/h2>\n\t\t\t<\/div>\n\t\t<\/div>\n\t\t<div class=\"row flex justify-content-center\">\n\t\t\t\n\t\t\t\t\n\t\t\t\t\n\t\t\t\t\t\t\n\t\t\t\t<div class=\"col-lg-3 col-md-4 col-sm-6 mb-5\">\n\t\t\t\t\t\n\t\t\t\t\t<div class=\"card-consultants-round\">\n\t\t\t\t\t\t\n\t\t\t\t\t\t<div class=\"consult-more\">\n\t\t\t\t\t\t\t\n\t\t\t\t\t\t\t<button type=\"button\" class=\"btn btn-primary\" data-toggle=\"modal\" data-target=\"#josemonsalveburgos\">\n\t\t\t\t\t\t\t  <i data-feather=\"eye\"><\/i>\n\t\t\t\t\t\t\t<\/button>\n\t\t\t\t\t\t\t\n\t\t\t\t\t\t<\/div>\n\t\t\t\n\t\t\t\t\t\t<figure>\n\t\t\t\t\t\t\t<img decoding=\"async\" src=\"https:\/\/www.halifax-consulting.com\/splat\/wp-content\/uploads\/sites\/5\/2021\/02\/Halifax-consulting-consultores-latam-jose.jpg\" width=\"100%\" \/>\n\t\t\t\t\t\t<\/figure>\n\n\t\t\t\t\t<\/div>\n\t\t\t\t\t\n\t\t\t\t<\/div>\t\n\t\t\t\n\t\t\t\t\n\t\t\t\t<!-- Modal -->\n\t\t\t\t<div class=\"modal fade\" id=\"josemonsalveburgos\" tabindex=\"-1\" role=\"dialog\" aria-labelledby=\"Jos\u00e9 Monsalve Burgos\" aria-hidden=\"true\">\n\t\t\t\t\t<div class=\"modal-dialog modal-dialog-scrollable modal-fullscreen\" role=\"document\">\n\t\t\t\t    \t<div class=\"modal-content text-center\">\n\t\t\t\t\t    \t<div class=\"modal-header mx-auto\">\n\t\t\t\t\t    \t\n\t\t\t\t\t\t    \t<img decoding=\"async\" loading=\"lazy\" src=\"https:\/\/www.halifax-consulting.com\/splat\/wp-content\/uploads\/sites\/5\/2021\/02\/Halifax-consulting-consultores-latam-jose.jpg\" width=\"90\" height=\"90\" class=\"rounded-circle\" \/>\n\t\t\t\t\t    \t\n\t\t\t\t\t    \t<\/div>\n\t\t\t\t\t\t\t<div class=\"modal-body w-80 mx-auto\">\n\t\t\t\t\t\t\t\t<h5 class=\"modal-title\" id=\"josemonsalveburgos\">\n\t\t\t\t\t\t\t\t\tJos\u00e9 Monsalve Burgos<br>\n\t\t\t\t\t\t\t\t\t<small class=\"mute\">Consultor Senior de Halifax Consulting para Colombia, con base en Medell\u00edn<\/small>\n\t\t\t\t\t\t\t\t<\/h5>\n\t\t\t\t\t\t\t\t\n\t\t\t\t\t\t\t\t\t\t\t\t    \t\t\n\t\t\t\t\t\t\t\t<p class=\"mt-4 text-center\">\n\t\t\t\t\t\t    \t\t<a data-dismiss=\"modal\" class=\"btn-close\" aria-label=\"Close\"><span aria-hidden=\"true\">&times;<\/span><\/a>\n\t\t\t\t\t\t    \t<\/p>\n\t\t\t\t\t\t\t<\/div><!-- modal-body -->\t\n\t\t\t\t    \t<\/div><!-- modal-content -->\t\n\t\t\t\t    <\/div><!-- modal-dialog -->\t\n\t\t\t\t<\/div><!-- modal -->\t\n\t\t\t\t\n\t\t\t\t<!-- Fin Modal -->\t\n\t\t\t\t\n\t\t\t\t\n\t\t\t\t\t\t\n\t\t\t\t<div class=\"col-lg-3 col-md-4 col-sm-6 mb-5\">\n\t\t\t\t\t\n\t\t\t\t\t<div class=\"card-consultants-round\">\n\t\t\t\t\t\t\n\t\t\t\t\t\t<div class=\"consult-more\">\n\t\t\t\t\t\t\t\n\t\t\t\t\t\t\t<button type=\"button\" class=\"btn btn-primary\" data-toggle=\"modal\" data-target=\"#carlarios\">\n\t\t\t\t\t\t\t  <i data-feather=\"eye\"><\/i>\n\t\t\t\t\t\t\t<\/button>\n\t\t\t\t\t\t\t\n\t\t\t\t\t\t<\/div>\n\t\t\t\n\t\t\t\t\t\t<figure>\n\t\t\t\t\t\t\t<img decoding=\"async\" src=\"https:\/\/www.halifax-consulting.com\/splat\/wp-content\/uploads\/sites\/5\/2024\/10\/carla.jpg\" width=\"100%\" \/>\n\t\t\t\t\t\t<\/figure>\n\n\t\t\t\t\t<\/div>\n\t\t\t\t\t\n\t\t\t\t<\/div>\t\n\t\t\t\n\t\t\t\t\n\t\t\t\t<!-- Modal -->\n\t\t\t\t<div class=\"modal fade\" id=\"carlarios\" tabindex=\"-1\" role=\"dialog\" aria-labelledby=\"Carla Rios\" aria-hidden=\"true\">\n\t\t\t\t\t<div class=\"modal-dialog modal-dialog-scrollable modal-fullscreen\" role=\"document\">\n\t\t\t\t    \t<div class=\"modal-content text-center\">\n\t\t\t\t\t    \t<div class=\"modal-header mx-auto\">\n\t\t\t\t\t    \t\n\t\t\t\t\t\t    \t<img decoding=\"async\" loading=\"lazy\" src=\"https:\/\/www.halifax-consulting.com\/splat\/wp-content\/uploads\/sites\/5\/2024\/10\/carla.jpg\" width=\"90\" height=\"90\" class=\"rounded-circle\" \/>\n\t\t\t\t\t    \t\n\t\t\t\t\t    \t<\/div>\n\t\t\t\t\t\t\t<div class=\"modal-body w-80 mx-auto\">\n\t\t\t\t\t\t\t\t<h5 class=\"modal-title\" id=\"carlarios\">\n\t\t\t\t\t\t\t\t\tCarla Rios<br>\n\t\t\t\t\t\t\t\t\t<small class=\"mute\">Consultora Senior<\/small>\n\t\t\t\t\t\t\t\t<\/h5>\n\t\t\t\t\t\t\t\t\n\t\t\t\t\t\t\t\t\t\t\t\t    \t\t\n\t\t\t\t\t\t\t\t<p class=\"mt-4 text-center\">\n\t\t\t\t\t\t    \t\t<a data-dismiss=\"modal\" class=\"btn-close\" aria-label=\"Close\"><span aria-hidden=\"true\">&times;<\/span><\/a>\n\t\t\t\t\t\t    \t<\/p>\n\t\t\t\t\t\t\t<\/div><!-- modal-body -->\t\n\t\t\t\t    \t<\/div><!-- modal-content -->\t\n\t\t\t\t    <\/div><!-- modal-dialog -->\t\n\t\t\t\t<\/div><!-- modal -->\t\n\t\t\t\t\n\t\t\t\t<!-- Fin Modal -->\t\n\t\t\t\t\n\t\t\t\t\n\t\t\t\t\t\t\n\t\t\t\t<div class=\"col-lg-3 col-md-4 col-sm-6 mb-5\">\n\t\t\t\t\t\n\t\t\t\t\t<div class=\"card-consultants-round\">\n\t\t\t\t\t\t\n\t\t\t\t\t\t<div class=\"consult-more\">\n\t\t\t\t\t\t\t\n\t\t\t\t\t\t\t<button type=\"button\" class=\"btn btn-primary\" data-toggle=\"modal\" data-target=\"#aroldocouto\">\n\t\t\t\t\t\t\t  <i data-feather=\"eye\"><\/i>\n\t\t\t\t\t\t\t<\/button>\n\t\t\t\t\t\t\t\n\t\t\t\t\t\t<\/div>\n\t\t\t\n\t\t\t\t\t\t<figure>\n\t\t\t\t\t\t\t<img decoding=\"async\" src=\"https:\/\/www.halifax-consulting.com\/splat\/wp-content\/uploads\/sites\/5\/2024\/10\/aroldo.jpg\" width=\"100%\" \/>\n\t\t\t\t\t\t<\/figure>\n\n\t\t\t\t\t<\/div>\n\t\t\t\t\t\n\t\t\t\t<\/div>\t\n\t\t\t\n\t\t\t\t\n\t\t\t\t<!-- Modal -->\n\t\t\t\t<div class=\"modal fade\" id=\"aroldocouto\" tabindex=\"-1\" role=\"dialog\" aria-labelledby=\"Aroldo Couto\" aria-hidden=\"true\">\n\t\t\t\t\t<div class=\"modal-dialog modal-dialog-scrollable modal-fullscreen\" role=\"document\">\n\t\t\t\t    \t<div class=\"modal-content text-center\">\n\t\t\t\t\t    \t<div class=\"modal-header mx-auto\">\n\t\t\t\t\t    \t\n\t\t\t\t\t\t    \t<img decoding=\"async\" loading=\"lazy\" src=\"https:\/\/www.halifax-consulting.com\/splat\/wp-content\/uploads\/sites\/5\/2024\/10\/aroldo.jpg\" width=\"90\" height=\"90\" class=\"rounded-circle\" \/>\n\t\t\t\t\t    \t\n\t\t\t\t\t    \t<\/div>\n\t\t\t\t\t\t\t<div class=\"modal-body w-80 mx-auto\">\n\t\t\t\t\t\t\t\t<h5 class=\"modal-title\" id=\"aroldocouto\">\n\t\t\t\t\t\t\t\t\tAroldo Couto<br>\n\t\t\t\t\t\t\t\t\t<small class=\"mute\">Consultor Senior Brasil<\/small>\n\t\t\t\t\t\t\t\t<\/h5>\n\t\t\t\t\t\t\t\t\n\t\t\t\t\t\t\t\t\t\t\t\t    \t\t\n\t\t\t\t\t\t\t\t<p class=\"mt-4 text-center\">\n\t\t\t\t\t\t    \t\t<a data-dismiss=\"modal\" class=\"btn-close\" aria-label=\"Close\"><span aria-hidden=\"true\">&times;<\/span><\/a>\n\t\t\t\t\t\t    \t<\/p>\n\t\t\t\t\t\t\t<\/div><!-- modal-body -->\t\n\t\t\t\t    \t<\/div><!-- modal-content -->\t\n\t\t\t\t    <\/div><!-- modal-dialog -->\t\n\t\t\t\t<\/div><!-- modal -->\t\n\t\t\t\t\n\t\t\t\t<!-- Fin Modal -->\t\n\t\t\t\t\n\t\t\t\t\n\t\t\t\t\t\t\n\t\t\t\t<div class=\"col-lg-3 col-md-4 col-sm-6 mb-5\">\n\t\t\t\t\t\n\t\t\t\t\t<div class=\"card-consultants-round\">\n\t\t\t\t\t\t\n\t\t\t\t\t\t<div class=\"consult-more\">\n\t\t\t\t\t\t\t\n\t\t\t\t\t\t\t<button type=\"button\" class=\"btn btn-primary\" data-toggle=\"modal\" data-target=\"#richarddubini\">\n\t\t\t\t\t\t\t  <i data-feather=\"eye\"><\/i>\n\t\t\t\t\t\t\t<\/button>\n\t\t\t\t\t\t\t\n\t\t\t\t\t\t<\/div>\n\t\t\t\n\t\t\t\t\t\t<figure>\n\t\t\t\t\t\t\t<img decoding=\"async\" src=\"https:\/\/www.halifax-consulting.com\/splat\/wp-content\/uploads\/sites\/5\/2024\/10\/richard-dubini.jpg\" width=\"100%\" \/>\n\t\t\t\t\t\t<\/figure>\n\n\t\t\t\t\t<\/div>\n\t\t\t\t\t\n\t\t\t\t<\/div>\t\n\t\t\t\n\t\t\t\t\n\t\t\t\t<!-- Modal -->\n\t\t\t\t<div class=\"modal fade\" id=\"richarddubini\" tabindex=\"-1\" role=\"dialog\" aria-labelledby=\"Richard Dubini\" aria-hidden=\"true\">\n\t\t\t\t\t<div class=\"modal-dialog modal-dialog-scrollable modal-fullscreen\" role=\"document\">\n\t\t\t\t    \t<div class=\"modal-content text-center\">\n\t\t\t\t\t    \t<div class=\"modal-header mx-auto\">\n\t\t\t\t\t    \t\n\t\t\t\t\t\t    \t<img decoding=\"async\" loading=\"lazy\" src=\"https:\/\/www.halifax-consulting.com\/splat\/wp-content\/uploads\/sites\/5\/2024\/10\/richard-dubini.jpg\" width=\"90\" height=\"90\" class=\"rounded-circle\" \/>\n\t\t\t\t\t    \t\n\t\t\t\t\t    \t<\/div>\n\t\t\t\t\t\t\t<div class=\"modal-body w-80 mx-auto\">\n\t\t\t\t\t\t\t\t<h5 class=\"modal-title\" id=\"richarddubini\">\n\t\t\t\t\t\t\t\t\tRichard Dubini<br>\n\t\t\t\t\t\t\t\t\t<small class=\"mute\">Consultor Senior Brasil<\/small>\n\t\t\t\t\t\t\t\t<\/h5>\n\t\t\t\t\t\t\t\t\n\t\t\t\t\t\t\t\t\t\t\t\t    \t\t\n\t\t\t\t\t\t\t\t<p class=\"mt-4 text-center\">\n\t\t\t\t\t\t    \t\t<a data-dismiss=\"modal\" class=\"btn-close\" aria-label=\"Close\"><span aria-hidden=\"true\">&times;<\/span><\/a>\n\t\t\t\t\t\t    \t<\/p>\n\t\t\t\t\t\t\t<\/div><!-- modal-body -->\t\n\t\t\t\t    \t<\/div><!-- modal-content -->\t\n\t\t\t\t    <\/div><!-- modal-dialog -->\t\n\t\t\t\t<\/div><!-- modal -->\t\n\t\t\t\t\n\t\t\t\t<!-- Fin Modal -->\t\n\t\t\t\t\t<\/div>\n\t<\/div>\n<\/section>\n<\/div>","protected":false},"excerpt":{"rendered":"","protected":false},"author":1,"featured_media":402,"parent":384,"menu_order":10,"comment_status":"closed","ping_status":"closed","template":"","meta":[],"categories":[],"acf":[],"yoast_head":"<!-- This site is optimized with the Yoast SEO plugin v19.9 - https:\/\/yoast.com\/wordpress\/plugins\/seo\/ -->\n<title>El equipo Halifax Consulting<\/title>\n<meta name=\"description\" content=\"Halifax Consulting fue creada en Francia en 2003 y es actualmente un nombre l\u00edder en el mercado de la capacitaci\u00f3n de ventas y consultor\u00eda...\" \/>\n<link rel=\"canonical\" href=\"https:\/\/www.halifax-consulting.com\/splat\/el-grupo\/equipo-halifax-consulting\/\" \/>\n<meta property=\"og:locale\" content=\"es_ES\" \/>\n<meta property=\"og:type\" content=\"article\" \/>\n<meta property=\"og:title\" content=\"El equipo Halifax Consulting\" \/>\n<meta property=\"og:description\" content=\"Halifax Consulting fue creada en Francia en 2003 y es actualmente un nombre l\u00edder en el mercado de la capacitaci\u00f3n de ventas y consultor\u00eda...\" \/>\n<meta property=\"og:url\" content=\"https:\/\/www.halifax-consulting.com\/splat\/el-grupo\/equipo-halifax-consulting\/\" \/>\n<meta property=\"og:site_name\" content=\"Halifax Consulting \u2013 LATAM\" \/>\n<meta property=\"article:modified_time\" content=\"2024-10-31T11:19:19+00:00\" \/>\n<meta property=\"og:image\" content=\"https:\/\/www.halifax-consulting.com\/splat\/wp-content\/uploads\/sites\/5\/2020\/01\/halifax-consulting-groupe-1.jpg\" \/>\n\t<meta property=\"og:image:width\" content=\"1000\" \/>\n\t<meta property=\"og:image:height\" content=\"360\" \/>\n\t<meta property=\"og:image:type\" content=\"image\/jpeg\" \/>\n<meta name=\"twitter:card\" content=\"summary_large_image\" \/>\n<script type=\"application\/ld+json\" class=\"yoast-schema-graph\">{\"@context\":\"https:\/\/schema.org\",\"@graph\":[{\"@type\":\"WebPage\",\"@id\":\"https:\/\/www.halifax-consulting.com\/splat\/el-grupo\/equipo-halifax-consulting\/\",\"url\":\"https:\/\/www.halifax-consulting.com\/splat\/el-grupo\/equipo-halifax-consulting\/\",\"name\":\"El equipo Halifax Consulting\",\"isPartOf\":{\"@id\":\"https:\/\/www.halifax-consulting.com\/splat\/#website\"},\"datePublished\":\"2020-01-23T19:53:34+00:00\",\"dateModified\":\"2024-10-31T11:19:19+00:00\",\"description\":\"Halifax Consulting fue creada en Francia en 2003 y es actualmente un nombre l\u00edder en el mercado de la capacitaci\u00f3n de ventas y consultor\u00eda...\",\"breadcrumb\":{\"@id\":\"https:\/\/www.halifax-consulting.com\/splat\/el-grupo\/equipo-halifax-consulting\/#breadcrumb\"},\"inLanguage\":\"es-AR\",\"potentialAction\":[{\"@type\":\"ReadAction\",\"target\":[\"https:\/\/www.halifax-consulting.com\/splat\/el-grupo\/equipo-halifax-consulting\/\"]}]},{\"@type\":\"BreadcrumbList\",\"@id\":\"https:\/\/www.halifax-consulting.com\/splat\/el-grupo\/equipo-halifax-consulting\/#breadcrumb\",\"itemListElement\":[{\"@type\":\"ListItem\",\"position\":1,\"name\":\"Accueil\",\"item\":\"https:\/\/www.halifax-consulting.com\/splat\/\"},{\"@type\":\"ListItem\",\"position\":2,\"name\":\"El grupo\",\"item\":\"https:\/\/www.halifax-consulting.com\/splat\/el-grupo\/\"},{\"@type\":\"ListItem\",\"position\":3,\"name\":\"El equipo Halifax Consulting\"}]},{\"@type\":\"WebSite\",\"@id\":\"https:\/\/www.halifax-consulting.com\/splat\/#website\",\"url\":\"https:\/\/www.halifax-consulting.com\/splat\/\",\"name\":\"Halifax Consulting \u2013 LATAM\",\"description\":\"Halifax Consulting est un cabinet de conseil en performance commerciale sp\u00e9cialis\u00e9 dans la formation des \u00e9quipes et managers\",\"potentialAction\":[{\"@type\":\"SearchAction\",\"target\":{\"@type\":\"EntryPoint\",\"urlTemplate\":\"https:\/\/www.halifax-consulting.com\/splat\/?s={search_term_string}\"},\"query-input\":\"required name=search_term_string\"}],\"inLanguage\":\"es-AR\"}]}<\/script>\n<!-- \/ Yoast SEO plugin. -->","yoast_head_json":{"title":"El equipo Halifax Consulting","description":"Halifax Consulting fue creada en Francia en 2003 y es actualmente un nombre l\u00edder en el mercado de la capacitaci\u00f3n de ventas y consultor\u00eda...","canonical":"https:\/\/www.halifax-consulting.com\/splat\/el-grupo\/equipo-halifax-consulting\/","og_locale":"es_ES","og_type":"article","og_title":"El equipo Halifax Consulting","og_description":"Halifax Consulting fue creada en Francia en 2003 y es actualmente un nombre l\u00edder en el mercado de la capacitaci\u00f3n de ventas y consultor\u00eda...","og_url":"https:\/\/www.halifax-consulting.com\/splat\/el-grupo\/equipo-halifax-consulting\/","og_site_name":"Halifax Consulting \u2013 LATAM","article_modified_time":"2024-10-31T11:19:19+00:00","og_image":[{"width":1000,"height":360,"url":"https:\/\/www.halifax-consulting.com\/splat\/wp-content\/uploads\/sites\/5\/2020\/01\/halifax-consulting-groupe-1.jpg","type":"image\/jpeg"}],"twitter_card":"summary_large_image","schema":{"@context":"https:\/\/schema.org","@graph":[{"@type":"WebPage","@id":"https:\/\/www.halifax-consulting.com\/splat\/el-grupo\/equipo-halifax-consulting\/","url":"https:\/\/www.halifax-consulting.com\/splat\/el-grupo\/equipo-halifax-consulting\/","name":"El equipo Halifax Consulting","isPartOf":{"@id":"https:\/\/www.halifax-consulting.com\/splat\/#website"},"datePublished":"2020-01-23T19:53:34+00:00","dateModified":"2024-10-31T11:19:19+00:00","description":"Halifax Consulting fue creada en Francia en 2003 y es actualmente un nombre l\u00edder en el mercado de la capacitaci\u00f3n de ventas y consultor\u00eda...","breadcrumb":{"@id":"https:\/\/www.halifax-consulting.com\/splat\/el-grupo\/equipo-halifax-consulting\/#breadcrumb"},"inLanguage":"es-AR","potentialAction":[{"@type":"ReadAction","target":["https:\/\/www.halifax-consulting.com\/splat\/el-grupo\/equipo-halifax-consulting\/"]}]},{"@type":"BreadcrumbList","@id":"https:\/\/www.halifax-consulting.com\/splat\/el-grupo\/equipo-halifax-consulting\/#breadcrumb","itemListElement":[{"@type":"ListItem","position":1,"name":"Accueil","item":"https:\/\/www.halifax-consulting.com\/splat\/"},{"@type":"ListItem","position":2,"name":"El grupo","item":"https:\/\/www.halifax-consulting.com\/splat\/el-grupo\/"},{"@type":"ListItem","position":3,"name":"El equipo Halifax Consulting"}]},{"@type":"WebSite","@id":"https:\/\/www.halifax-consulting.com\/splat\/#website","url":"https:\/\/www.halifax-consulting.com\/splat\/","name":"Halifax Consulting \u2013 LATAM","description":"Halifax Consulting est un cabinet de conseil en performance commerciale sp\u00e9cialis\u00e9 dans la formation des \u00e9quipes et managers","potentialAction":[{"@type":"SearchAction","target":{"@type":"EntryPoint","urlTemplate":"https:\/\/www.halifax-consulting.com\/splat\/?s={search_term_string}"},"query-input":"required name=search_term_string"}],"inLanguage":"es-AR"}]}},"_links":{"self":[{"href":"https:\/\/www.halifax-consulting.com\/splat\/wp-json\/wp\/v2\/pages\/524"}],"collection":[{"href":"https:\/\/www.halifax-consulting.com\/splat\/wp-json\/wp\/v2\/pages"}],"about":[{"href":"https:\/\/www.halifax-consulting.com\/splat\/wp-json\/wp\/v2\/types\/page"}],"author":[{"embeddable":true,"href":"https:\/\/www.halifax-consulting.com\/splat\/wp-json\/wp\/v2\/users\/1"}],"replies":[{"embeddable":true,"href":"https:\/\/www.halifax-consulting.com\/splat\/wp-json\/wp\/v2\/comments?post=524"}],"version-history":[{"count":34,"href":"https:\/\/www.halifax-consulting.com\/splat\/wp-json\/wp\/v2\/pages\/524\/revisions"}],"predecessor-version":[{"id":5019,"href":"https:\/\/www.halifax-consulting.com\/splat\/wp-json\/wp\/v2\/pages\/524\/revisions\/5019"}],"up":[{"embeddable":true,"href":"https:\/\/www.halifax-consulting.com\/splat\/wp-json\/wp\/v2\/pages\/384"}],"wp:featuredmedia":[{"embeddable":true,"href":"https:\/\/www.halifax-consulting.com\/splat\/wp-json\/wp\/v2\/media\/402"}],"wp:attachment":[{"href":"https:\/\/www.halifax-consulting.com\/splat\/wp-json\/wp\/v2\/media?parent=524"}],"wp:term":[{"taxonomy":"category","embeddable":true,"href":"https:\/\/www.halifax-consulting.com\/splat\/wp-json\/wp\/v2\/categories?post=524"}],"curies":[{"name":"wp","href":"https:\/\/api.w.org\/{rel}","templated":true}]}}