{"id":545,"date":"2019-12-11T15:10:50","date_gmt":"2019-12-11T14:10:50","guid":{"rendered":"https:\/\/www.halifax-consulting.com\/?page_id=7"},"modified":"2025-05-21T11:36:59","modified_gmt":"2025-05-21T09:36:59","slug":"formacion","status":"publish","type":"page","link":"https:\/\/www.halifax-consulting.com\/splat\/formacion\/","title":{"rendered":"Formaci\u00f3n"},"content":{"rendered":"<div class=\"container\">\n\t<div class=\"row\">\n\t\t<div class=\"col-lg-12 col-md-12 col-sm-12\">\n\t\t\t<h2 class=\"intro\">\n\t\t\t\t<strong class=\"intro-h2 d-block\">La capacitaci\u00f3n que necesita para potenciar su crecimiento<\/strong>\n\t\t\t\t<p style=\"text-align: justify\">Halifax Consulting responder&aacute; a sus preferencias particulares de capacitaci&oacute;n con recursos personalizados dise&ntilde;ados para robustecer el desarrollo de habilidades en ventas, gesti&oacute;n, administraci&oacute;n de cuentas clave y negociaci&oacute;n. Ya sea que est&eacute; en el puesto de trabajo, buscando cambiar de carrera o moverse a un &aacute;mbito relacionado con las ventas, encontrar&aacute; con nosotros una formaci&oacute;n a medida formaci&oacute;n a medida para satisfacer sus necesidades, junto con <a href=\"https:\/\/www.halifax-consulting.com\/splat\/formacion\/formaciones-certificadas-y-cualificadas\/\">cursos que lo conducir&aacute;n a la certificaci&oacute;n<\/a>.<br \/><br \/>Esto incluye:<\/p>\n<ul>\n<li style=\"text-align: justify\">Programas personalizados de ventas, negociaci&oacute;n, gesti&oacute;n, administraci&oacute;n de cuentas clave y manejo de relaci&oacute;n con clientes.<\/li>\n<li style=\"text-align: justify\">Cursos orientados a cualificar vendedores, representantes B2B, administradores de cuentas claves y gerentes de venta.<\/li>\n<li style=\"text-align: justify\">M&eacute;todos exclusivos de Halifax para optimizar el rendimiento en ventas: Vender con el METODO LEAD&reg;, negociar con el METODO DEAL&reg;, gestionar con el METODO BOSS&reg;, y manejar cuentas claves con el METODO PAC$&reg;.<\/li>\n<\/ul>\t\t\t<\/h2>\n\t\t<\/div>\n\t<\/div>\n<\/div>\n\n\n\n<p><\/p>\n\n\n<div class=\"container pb-6\">\n\t<div class=\"row\">\n\t\t<div class=\"col-lg-4 col-md-4 col-sm-12\">\n\t\t\t<h4 class=\"key\">15,000+<\/h4>\n\t\t\t<p class=\"key-description\">personas entrenadas<br \/>\ncada a\u00f1o<\/p>\t\t\t\t\t\t\t\n\t\t<\/div>\n\t\t<div class=\"col-lg-4 col-md-4 col-sm-12\">\n\t\t\t<h4 class=\"key\">15+<\/h4>\n\t\t\t<p class=\"key-description\">idiomas<br \/>\na nivel mundial<\/p>\t\t\t\t\t\t\n\t\t<\/div>\n\t\t<div class=\"col-lg-4 col-md-4 col-sm-12\">\n\t\t\t<h4 class=\"key\">4<\/h4>\t\n\t\t\t<p class=\"key-description\">programas de formaci\u00f3n<br \/>\nde excelencia en ventas<\/p>\t\t\t\t\t\n\t\t<\/div>\n\t<\/div>\n<\/div>\n\n<section class=\"light py-6\">\n\t<div class=\"container\">\n\t\t<div class=\"row\">\n\t\t\t<div class=\"col-lg-12 col-md-12 col-sm-12\">\n\t\t\t\t<h2 class=\"text-center\">\n\t\t\t\t\tHalifax Consulting best-sellers\t\t\t\t\t<span class=\"h2-subtitle\"><\/span>\n\t\t\t\t\t\n\t\t\t\t\t\n\t\t\t\t<\/h2>\n\t\t\t<\/div>\n\t\t<\/div>\n\t\t<div class=\"row\">\n\t\t\t\n\t\t\t<div class=\"col-lg-12 col-md-12 col-sm-12\">\n\t\t\t\t<div class=\"accordion\" id=\"accordionExample\">\n\t\t\t\t\t<div class=\"card\">\n\t\t\t\t\t    <div class=\"card-header\" id=\"headingOne\">\n\t\t\t\t\t\n\t\t\t\t\t        <button type=\"button\" data-toggle=\"collapse\" data-target=\"#collapseOne\" aria-expanded=\"true\" aria-controls=\"collapseOne\">\n\t\t\t\t\t        \tVender con el METODO LEAD\u00ae\t\t\t\t\t        \t<i data-feather=\"chevron-down\"><\/i>\n\t\t\t\t\t        <\/button>\n\t\t\t\t\t\t\t\n\t\t\t\t\t    <\/div>\n\t\t\t\t\t\n\t\t\t\t\t    <div id=\"collapseOne\" class=\"collapse show\" aria-labelledby=\"headingOne\" data-parent=\"#accordionExample\">\n\t\t\t\t\t\t    <div class=\"card-body\">\n\t\t\t\t\t\t        <p>El METODO LEAD\u00ae es un avanzado programa de aprendizaje mixto que ayuda a los vendedores a resaltar sus cualidades diferenciadoras, su experiencia y profesionalismo. Este curso de ventas espec\u00edfico tambi\u00e9n le ayudar\u00e1 a mejorar los indicadores de conversi\u00f3n de sus reuniones de venta.<\/p>\n\t\t\t\t\t\t    <\/div>\n\t\t\t\t\t    <\/div>\n\t\t\t\t\t<\/div>\n\t\t\t\t\t<div class=\"card\">\n\t\t\t\t\t    <div class=\"card-header\" id=\"headingTwo\">\n\t\t\t\t\t      \n\t\t\t\t\t        <button class=\"btn btn-link collapsed\" type=\"button\" data-toggle=\"collapse\" data-target=\"#collapseTwo\" aria-expanded=\"false\" aria-controls=\"collapseTwo\">\n\t\t\t\t\t        \tNegociar con el METODO DEAL\u00ae\t\t\t\t\t        \t<i data-feather=\"chevron-down\"><\/i>\n\t\t\t\t\t        <\/button>\n\t\t\t\t\t    <\/div>\n\t\t\t\t\t    <div id=\"collapseTwo\" class=\"collapse\" aria-labelledby=\"headingTwo\" data-parent=\"#accordionExample\">\n\t\t\t\t\t      <div class=\"card-body\">\n\t\t\t\t\t        <p>El METODO DEAL\u00ae es un programa de entrenamiento en negociaciones de venta que se basa en aprendizajes mixtos para ayudar a los vendedores a estructurar y preparar sus negociaciones con compradores experimentados y mejorar su habilidad para cerrar acuerdos y mantener m\u00e1rgenes saludables.<\/p>\n\t\t\t\t\t      <\/div>\n\t\t\t\t\t    <\/div>\n\t\t\t\t\t  <\/div>\n\t\t\t\t\t\t\t\t\t\t<div class=\"card\">\n\t\t\t\t\t    <div class=\"card-header\" id=\"headingThree\">\n\t\t\t\t\t      \n\t\t\t\t\t        <button class=\"btn btn-link collapsed\" type=\"button\" data-toggle=\"collapse\" data-target=\"#collapseThree\" aria-expanded=\"false\" aria-controls=\"collapseThree\">\n\t\t\t\t\t        \tGerenciar con el METODO BOSS\u00ae\t\t\t\t\t        \t<i data-feather=\"chevron-down\"><\/i>\n\t\t\t\t\t        <\/button>\n\t\t\t\t\t    <\/div>\n\t\t\t\t\t    <div id=\"collapseThree\" class=\"collapse\" aria-labelledby=\"headingThree\" data-parent=\"#accordionExample\">\n\t\t\t\t\t      <div class=\"card-body\">\n\t\t\t\t\t        <p>El METODO BOSS\u00ae es un curso de capacitaci\u00f3n para ayudar a los gerentes de venta a entrenar y potenciar el rendimiento de sus equipos.<\/p>\n\t\t\t\t\t      <\/div>\n\t\t\t\t\t    <\/div>\n\t\t\t\t\t  <\/div>\t\n\t\t\t\t\t\t\t\t\t\t\t\t\t\t\t<div class=\"card\">\n\t\t\t\t\t    <div class=\"card-header\" id=\"headingFour\">\n\t\t\t\t\t      \n\t\t\t\t\t        <button class=\"btn btn-link collapsed\" type=\"button\" data-toggle=\"collapse\" data-target=\"#collapseFour\" aria-expanded=\"false\" aria-controls=\"collapseFour\">\n\t\t\t\t\t        \tGestion de cuentas claves (KAM) con el METODO PAC$\u00ae\t\t\t\t\t        \t<i data-feather=\"chevron-down\"><\/i>\n\t\t\t\t\t        <\/button>\n\t\t\t\t\t    <\/div>\n\t\t\t\t\t    <div id=\"collapseFour\" class=\"collapse\" aria-labelledby=\"headingFour\" data-parent=\"#accordionExample\">\n\t\t\t\t\t      <div class=\"card-body\">\n\t\t\t\t\t        <p>El METODO PAC$\u00ae es un programa de aprendizaje mixto altamente efectivo, brindando un entrenamiento avanzado para ayudar a los consultores de ventas a resaltar sus cualidades diferenciadoras, experiencia y profesionalismo.<\/p>\n\t\t\t\t\t      <\/div>\n\t\t\t\t\t    <\/div>\n\t\t\t\t\t  <\/div>\t\n\t\t\t\t\t\t\t\t\t\t\t\t\t\t\t\t\t\t\t\t\t\t\t\t\t\t\t\t\t<\/div>\n\t\t\t<\/div>\n\t\t\t\n\t\t<\/div>\n\t<\/div>\n<\/section>\n\n<section class=\"success-single grey\">\n\t<div class=\"container-fluid\">\n\t\t<div class=\"row\">\n\t\t\t\t\t\t\t \n\t\t\t\t\t\t\t\t\t\t\n\t\t\t\t\t\t\t\t\t\t<div class=\"col-lg-7 col-md-6 col-sm-12 p-6\">\n\t\t\t\t\t\t<div>\n\t\t\t\t\t\t\t<h3>Historias de \u00c9xito: Abbott<\/h3>\n\t\t\t\t\t\t\t<p>Para hacer frente a los distintos desaf\u00edos de negocios, Airbus estaba buscando formas vers\u00e1tiles de desarrollar las habilidades de sus diferentes equipos de venta repartidos por todo el mundo.<\/p>\n\t\t\t\t\t\t\t<p>\n\t\t\t\t\t\t\t\t<a href=\"https:\/\/www.halifax-consulting.com\/splat\/historias-exito\/abbott\/\" class=\"btn btn-hx btn-hx-ducky\">Siga leyendo<\/a>\n\t\t\t\t\t\t\t<\/p>\n\t\t\t\t\t\t<\/div>\n\t\t\t\t\t<\/div>\n\t\t\t\t\t<div class=\"col-lg-5 col-md-6 col-sm-12 p-0\">\n\t\t\t\t\t\t\t<figure class=\"\">\n<!-- \t\t\t\t\t\t\t\t<img decoding=\"async\" src=\"https:\/\/www.halifax-consulting.com\/splat\/wp-content\/uploads\/sites\/5\/2022\/03\/halifax-consulting-success-story-abbott-2v2-scaled.jpg\" alt=\"image success-story\" \/> -->\n\t\t\t\t\t\t\t\t<img decoding=\"async\" loading=\"lazy\" src=\"https:\/\/www.halifax-consulting.com\/splat\/wp-content\/uploads\/sites\/5\/2022\/03\/halifax-consulting-success-story-abbott-2v2.jpg\" alt=\"Persona de Abbott que camina con paso decidido, satisfecha de haber elegido a Halifax Consulting para su formaci\u00f3n en t\u00e9cnicas de venta y negociaci\u00f3n, un aut\u00e9ntico caso de \u00e9xito.\" width=\"100%\" height=\"\" >\t\t\t\t\t\t\t<\/figure>\n\t\t\t\t\t<\/div>\n\t\t\t\t\t\t\t\t\t<\/div>\n\t<\/div>\n<\/section>\n","protected":false},"excerpt":{"rendered":"","protected":false},"author":1,"featured_media":985,"parent":0,"menu_order":10,"comment_status":"closed","ping_status":"closed","template":"","meta":[],"categories":[],"acf":[],"yoast_head":"<!-- This site is optimized with the Yoast SEO plugin v19.9 - https:\/\/yoast.com\/wordpress\/plugins\/seo\/ -->\n<title>Formaci\u00f3n comercial - Halifax Consulting<\/title>\n<meta name=\"description\" content=\"Halifax Consulting responder\u00e1 a sus preferencias particulares de capacitaci\u00f3n con recursos personalizados...\" \/>\n<link rel=\"canonical\" href=\"https:\/\/www.halifax-consulting.com\/splat\/formacion\/\" \/>\n<meta property=\"og:locale\" content=\"es_ES\" \/>\n<meta property=\"og:type\" content=\"article\" \/>\n<meta property=\"og:title\" content=\"Formaci\u00f3n comercial - Halifax Consulting\" \/>\n<meta property=\"og:description\" content=\"Halifax Consulting responder\u00e1 a sus preferencias particulares de capacitaci\u00f3n con recursos personalizados...\" \/>\n<meta property=\"og:url\" content=\"https:\/\/www.halifax-consulting.com\/splat\/formacion\/\" \/>\n<meta property=\"og:site_name\" content=\"Halifax Consulting \u2013 LATAM\" \/>\n<meta property=\"article:modified_time\" content=\"2025-05-21T09:36:59+00:00\" \/>\n<meta property=\"og:image\" content=\"https:\/\/www.halifax-consulting.com\/splat\/wp-content\/uploads\/sites\/5\/2020\/03\/halifax-consulting-formation-2.jpg\" \/>\n\t<meta property=\"og:image:width\" content=\"1000\" \/>\n\t<meta property=\"og:image:height\" content=\"360\" \/>\n\t<meta property=\"og:image:type\" content=\"image\/jpeg\" \/>\n<meta name=\"twitter:card\" content=\"summary_large_image\" \/>\n<script type=\"application\/ld+json\" class=\"yoast-schema-graph\">{\"@context\":\"https:\/\/schema.org\",\"@graph\":[{\"@type\":\"WebPage\",\"@id\":\"https:\/\/www.halifax-consulting.com\/splat\/formacion\/\",\"url\":\"https:\/\/www.halifax-consulting.com\/splat\/formacion\/\",\"name\":\"Formaci\u00f3n comercial - Halifax Consulting\",\"isPartOf\":{\"@id\":\"https:\/\/www.halifax-consulting.com\/splat\/#website\"},\"datePublished\":\"2019-12-11T14:10:50+00:00\",\"dateModified\":\"2025-05-21T09:36:59+00:00\",\"description\":\"Halifax Consulting responder\u00e1 a sus preferencias particulares de capacitaci\u00f3n con recursos personalizados...\",\"breadcrumb\":{\"@id\":\"https:\/\/www.halifax-consulting.com\/splat\/formacion\/#breadcrumb\"},\"inLanguage\":\"es-AR\",\"potentialAction\":[{\"@type\":\"ReadAction\",\"target\":[\"https:\/\/www.halifax-consulting.com\/splat\/formacion\/\"]}]},{\"@type\":\"BreadcrumbList\",\"@id\":\"https:\/\/www.halifax-consulting.com\/splat\/formacion\/#breadcrumb\",\"itemListElement\":[{\"@type\":\"ListItem\",\"position\":1,\"name\":\"Accueil\",\"item\":\"https:\/\/www.halifax-consulting.com\/splat\/\"},{\"@type\":\"ListItem\",\"position\":2,\"name\":\"Formaci\u00f3n\"}]},{\"@type\":\"WebSite\",\"@id\":\"https:\/\/www.halifax-consulting.com\/splat\/#website\",\"url\":\"https:\/\/www.halifax-consulting.com\/splat\/\",\"name\":\"Halifax Consulting \u2013 LATAM\",\"description\":\"Halifax Consulting est un cabinet de conseil en performance commerciale sp\u00e9cialis\u00e9 dans la formation des \u00e9quipes et managers\",\"potentialAction\":[{\"@type\":\"SearchAction\",\"target\":{\"@type\":\"EntryPoint\",\"urlTemplate\":\"https:\/\/www.halifax-consulting.com\/splat\/?s={search_term_string}\"},\"query-input\":\"required name=search_term_string\"}],\"inLanguage\":\"es-AR\"}]}<\/script>\n<!-- \/ Yoast SEO plugin. -->","yoast_head_json":{"title":"Formaci\u00f3n comercial - Halifax Consulting","description":"Halifax Consulting responder\u00e1 a sus preferencias particulares de capacitaci\u00f3n con recursos personalizados...","canonical":"https:\/\/www.halifax-consulting.com\/splat\/formacion\/","og_locale":"es_ES","og_type":"article","og_title":"Formaci\u00f3n comercial - Halifax Consulting","og_description":"Halifax Consulting responder\u00e1 a sus preferencias particulares de capacitaci\u00f3n con recursos personalizados...","og_url":"https:\/\/www.halifax-consulting.com\/splat\/formacion\/","og_site_name":"Halifax Consulting \u2013 LATAM","article_modified_time":"2025-05-21T09:36:59+00:00","og_image":[{"width":1000,"height":360,"url":"https:\/\/www.halifax-consulting.com\/splat\/wp-content\/uploads\/sites\/5\/2020\/03\/halifax-consulting-formation-2.jpg","type":"image\/jpeg"}],"twitter_card":"summary_large_image","schema":{"@context":"https:\/\/schema.org","@graph":[{"@type":"WebPage","@id":"https:\/\/www.halifax-consulting.com\/splat\/formacion\/","url":"https:\/\/www.halifax-consulting.com\/splat\/formacion\/","name":"Formaci\u00f3n comercial - Halifax Consulting","isPartOf":{"@id":"https:\/\/www.halifax-consulting.com\/splat\/#website"},"datePublished":"2019-12-11T14:10:50+00:00","dateModified":"2025-05-21T09:36:59+00:00","description":"Halifax Consulting responder\u00e1 a sus preferencias particulares de capacitaci\u00f3n con recursos personalizados...","breadcrumb":{"@id":"https:\/\/www.halifax-consulting.com\/splat\/formacion\/#breadcrumb"},"inLanguage":"es-AR","potentialAction":[{"@type":"ReadAction","target":["https:\/\/www.halifax-consulting.com\/splat\/formacion\/"]}]},{"@type":"BreadcrumbList","@id":"https:\/\/www.halifax-consulting.com\/splat\/formacion\/#breadcrumb","itemListElement":[{"@type":"ListItem","position":1,"name":"Accueil","item":"https:\/\/www.halifax-consulting.com\/splat\/"},{"@type":"ListItem","position":2,"name":"Formaci\u00f3n"}]},{"@type":"WebSite","@id":"https:\/\/www.halifax-consulting.com\/splat\/#website","url":"https:\/\/www.halifax-consulting.com\/splat\/","name":"Halifax Consulting \u2013 LATAM","description":"Halifax Consulting est un cabinet de conseil en performance commerciale sp\u00e9cialis\u00e9 dans la formation des \u00e9quipes et managers","potentialAction":[{"@type":"SearchAction","target":{"@type":"EntryPoint","urlTemplate":"https:\/\/www.halifax-consulting.com\/splat\/?s={search_term_string}"},"query-input":"required name=search_term_string"}],"inLanguage":"es-AR"}]}},"_links":{"self":[{"href":"https:\/\/www.halifax-consulting.com\/splat\/wp-json\/wp\/v2\/pages\/545"}],"collection":[{"href":"https:\/\/www.halifax-consulting.com\/splat\/wp-json\/wp\/v2\/pages"}],"about":[{"href":"https:\/\/www.halifax-consulting.com\/splat\/wp-json\/wp\/v2\/types\/page"}],"author":[{"embeddable":true,"href":"https:\/\/www.halifax-consulting.com\/splat\/wp-json\/wp\/v2\/users\/1"}],"replies":[{"embeddable":true,"href":"https:\/\/www.halifax-consulting.com\/splat\/wp-json\/wp\/v2\/comments?post=545"}],"version-history":[{"count":40,"href":"https:\/\/www.halifax-consulting.com\/splat\/wp-json\/wp\/v2\/pages\/545\/revisions"}],"predecessor-version":[{"id":5101,"href":"https:\/\/www.halifax-consulting.com\/splat\/wp-json\/wp\/v2\/pages\/545\/revisions\/5101"}],"wp:featuredmedia":[{"embeddable":true,"href":"https:\/\/www.halifax-consulting.com\/splat\/wp-json\/wp\/v2\/media\/985"}],"wp:attachment":[{"href":"https:\/\/www.halifax-consulting.com\/splat\/wp-json\/wp\/v2\/media?parent=545"}],"wp:term":[{"taxonomy":"category","embeddable":true,"href":"https:\/\/www.halifax-consulting.com\/splat\/wp-json\/wp\/v2\/categories?post=545"}],"curies":[{"name":"wp","href":"https:\/\/api.w.org\/{rel}","templated":true}]}}