{"id":546,"date":"2019-12-11T15:11:00","date_gmt":"2019-12-11T14:11:00","guid":{"rendered":"https:\/\/www.halifax-consulting.com\/?page_id=9"},"modified":"2023-10-24T11:01:10","modified_gmt":"2023-10-24T09:01:10","slug":"contacto-halifax-consulting","status":"publish","type":"page","link":"https:\/\/www.halifax-consulting.com\/splat\/contacto-halifax-consulting\/","title":{"rendered":"Contacto"},"content":{"rendered":"<div class=\"container\">\n\t<div class=\"row\">\n\t\t<div class=\"col-lg-12 col-md-12 col-sm-12\">\n\t\t\t<h2 class=\"intro\">\n\t\t\t\t<strong class=\"intro-h2 d-block\">Encantado de conocerlo!<\/strong>\n\t\t\t\t<p>Cu&eacute;ntenos de sus objetivos de mejora en el rendimiento y trabajaremos con usted para crear la soluci&oacute;n que necesita. Complete el formulario debajo si quiere que uno de nuestros especialistas de Halifax Consulting lo contacte.<\/p>\t\t\t<\/h2>\n\t\t<\/div>\n\t<\/div>\n<\/div>\n\n\n<section class=\"white pb-6\">\n\t<div class=\"container\">\n\t\t<div class=\"row\">\n\t\t\t<div class=\"col-lg-12 col-md-12 col-sm-12\">\n\t\t\t\t<div class=\"wpforms-container wpforms-container-full\" id=\"wpforms-4364\"><form id=\"wpforms-form-4364\" class=\"wpforms-validate wpforms-form wpforms-ajax-form\" data-formid=\"4364\" method=\"post\" enctype=\"multipart\/form-data\" action=\"\/splat\/wp-json\/wp\/v2\/pages\/546\" data-token=\"4f4fe0f99e4d06a472b1fa7ebf395306\"><noscript class=\"wpforms-error-noscript\">Please enable JavaScript in your browser to complete this form.<\/noscript><div class=\"wpforms-field-container\"><div id=\"wpforms-4364-field_1-container\" class=\"wpforms-field wpforms-field-text form-control\" data-field-id=\"1\"><label class=\"wpforms-field-label\" for=\"wpforms-4364-field_1\">Empresa <span class=\"wpforms-required-label\">*<\/span><\/label><input type=\"text\" id=\"wpforms-4364-field_1\" class=\"wpforms-field-large wpforms-field-required\" name=\"wpforms[fields][1]\" required><\/div><div id=\"wpforms-4364-field_2-container\" class=\"wpforms-field wpforms-field-text form-control\" data-field-id=\"2\"><label class=\"wpforms-field-label\" for=\"wpforms-4364-field_2\">Apellido <span class=\"wpforms-required-label\">*<\/span><\/label><input type=\"text\" id=\"wpforms-4364-field_2\" class=\"wpforms-field-large wpforms-field-required\" name=\"wpforms[fields][2]\" required><\/div><div id=\"wpforms-4364-field_3-container\" class=\"wpforms-field wpforms-field-text form-control\" data-field-id=\"3\"><label class=\"wpforms-field-label\" for=\"wpforms-4364-field_3\">Nombre de pila <span class=\"wpforms-required-label\">*<\/span><\/label><input type=\"text\" id=\"wpforms-4364-field_3\" class=\"wpforms-field-large wpforms-field-required\" name=\"wpforms[fields][3]\" required><\/div><div id=\"wpforms-4364-field_4-container\" class=\"wpforms-field wpforms-field-text form-control\" data-field-id=\"4\"><label class=\"wpforms-field-label\" for=\"wpforms-4364-field_4\">Cargo <span class=\"wpforms-required-label\">*<\/span><\/label><input type=\"text\" id=\"wpforms-4364-field_4\" class=\"wpforms-field-large wpforms-field-required\" name=\"wpforms[fields][4]\" required><\/div><div id=\"wpforms-4364-field_5-container\" class=\"wpforms-field wpforms-field-phone form-control\" data-field-id=\"5\"><label class=\"wpforms-field-label\" for=\"wpforms-4364-field_5\">T\u00e9l\u00e9phone <span class=\"wpforms-required-label\">*<\/span><\/label><input type=\"tel\" id=\"wpforms-4364-field_5\" class=\"wpforms-field-large wpforms-field-required wpforms-smart-phone-field\" data-rule-smart-phone-field=\"true\" name=\"wpforms[fields][5]\" required><\/div><div id=\"wpforms-4364-field_6-container\" class=\"wpforms-field wpforms-field-email form-control\" data-field-id=\"6\"><label class=\"wpforms-field-label\" for=\"wpforms-4364-field_6\">Email <span class=\"wpforms-required-label\">*<\/span><\/label><input type=\"email\" id=\"wpforms-4364-field_6\" class=\"wpforms-field-large wpforms-field-required\" name=\"wpforms[fields][6]\" required><\/div><div id=\"wpforms-4364-field_7-container\" class=\"wpforms-field wpforms-field-textarea form-control\" data-field-id=\"7\"><label class=\"wpforms-field-label\" for=\"wpforms-4364-field_7\">Su mensaje <span class=\"wpforms-required-label\">*<\/span><\/label><textarea id=\"wpforms-4364-field_7\" class=\"wpforms-field-large wpforms-field-required\" name=\"wpforms[fields][7]\" required><\/textarea><\/div><div id=\"wpforms-4364-field_8-container\" class=\"wpforms-field wpforms-field-checkbox form-check\" data-field-id=\"8\"><label class=\"wpforms-field-label wpforms-label-hide\" for=\"wpforms-4364-field_8\">RGPD<\/label><ul id=\"wpforms-4364-field_8\"><li class=\"choice-1 depth-1\"><input type=\"checkbox\" id=\"wpforms-4364-field_8_1\" name=\"wpforms[fields][8][]\" value=\"Al marcar esta casilla, acepto que Anderna Group, empresa editora del sitio web Halifax Consulting, registre mis dados personales para poder enviarme comunicaciones informativas y comerciales, bien como respuestas a mis pedidos de informaciones, ofertas comerciales, etc. \"  ><label class=\"wpforms-field-label-inline\" for=\"wpforms-4364-field_8_1\">Al marcar esta casilla, acepto que Anderna Group, empresa editora del sitio web Halifax Consulting, registre mis dados personales para poder enviarme comunicaciones informativas y comerciales, bien como respuestas a mis pedidos de informaciones, ofertas comerciales, etc. <\/label><\/li><\/ul><\/div><\/div><div class=\"wpforms-recaptcha-container wpforms-is-recaptcha\"><div class=\"g-recaptcha\" data-sitekey=\"6LcvGAAiAAAAAHsd-ZHmuzjyydsPguLuoNQvrIpg\" data-size=\"invisible\"><\/div><\/div><div class=\"wpforms-submit-container\"><input type=\"hidden\" name=\"wpforms[id]\" value=\"4364\"><input type=\"hidden\" name=\"wpforms[author]\" value=\"1\"><button type=\"submit\" name=\"wpforms[submit]\" id=\"wpforms-submit-4364\" class=\"wpforms-submit btn btn-hx btn-hx-orange\" data-alt-text=\"Enviando...\" data-submit-text=\"Enviar\" aria-live=\"assertive\" value=\"wpforms-submit\">Enviar<\/button><img decoding=\"async\" loading=\"lazy\" src=\"https:\/\/www.halifax-consulting.com\/splat\/wp-content\/plugins\/wpforms\/assets\/images\/submit-spin.svg\" class=\"wpforms-submit-spinner\" style=\"display: none;\" width=\"26\" height=\"26\" alt=\"\"><\/div><\/form><\/div>  <!-- .wpforms-container -->\t\t\t<\/div>\n\t\t<\/div>\n\t<\/div>\n<\/section>","protected":false},"excerpt":{"rendered":"","protected":false},"author":1,"featured_media":353,"parent":0,"menu_order":50,"comment_status":"closed","ping_status":"closed","template":"","meta":[],"categories":[],"acf":[],"yoast_head":"<!-- This site is optimized with the Yoast SEO plugin v19.9 - https:\/\/yoast.com\/wordpress\/plugins\/seo\/ -->\n<title>Contacto - Halifax Consulting \u2013 LATAM<\/title>\n<meta name=\"description\" content=\"Cu\u00e9ntenos de sus objetivos de mejora en el rendimiento y trabajaremos con usted para crear la soluci\u00f3n que necesita...\" \/>\n<link rel=\"canonical\" href=\"https:\/\/www.halifax-consulting.com\/splat\/contacto-halifax-consulting\/\" \/>\n<meta property=\"og:locale\" content=\"es_ES\" \/>\n<meta property=\"og:type\" content=\"article\" \/>\n<meta property=\"og:title\" content=\"Contacto - Halifax Consulting \u2013 LATAM\" \/>\n<meta property=\"og:description\" content=\"Cu\u00e9ntenos de sus objetivos de mejora en el rendimiento y trabajaremos con usted para crear la soluci\u00f3n que necesita...\" \/>\n<meta property=\"og:url\" content=\"https:\/\/www.halifax-consulting.com\/splat\/contacto-halifax-consulting\/\" \/>\n<meta property=\"og:site_name\" content=\"Halifax Consulting \u2013 LATAM\" \/>\n<meta property=\"article:modified_time\" content=\"2023-10-24T09:01:10+00:00\" \/>\n<meta property=\"og:image\" content=\"https:\/\/www.halifax-consulting.com\/splat\/wp-content\/uploads\/sites\/5\/2020\/01\/halifax-consulting-contact.jpg\" \/>\n\t<meta property=\"og:image:width\" content=\"1000\" \/>\n\t<meta property=\"og:image:height\" content=\"360\" \/>\n\t<meta property=\"og:image:type\" content=\"image\/jpeg\" \/>\n<meta name=\"twitter:card\" content=\"summary_large_image\" \/>\n<script type=\"application\/ld+json\" class=\"yoast-schema-graph\">{\"@context\":\"https:\/\/schema.org\",\"@graph\":[{\"@type\":\"WebPage\",\"@id\":\"https:\/\/www.halifax-consulting.com\/splat\/contacto-halifax-consulting\/\",\"url\":\"https:\/\/www.halifax-consulting.com\/splat\/contacto-halifax-consulting\/\",\"name\":\"Contacto - Halifax Consulting \u2013 LATAM\",\"isPartOf\":{\"@id\":\"https:\/\/www.halifax-consulting.com\/splat\/#website\"},\"datePublished\":\"2019-12-11T14:11:00+00:00\",\"dateModified\":\"2023-10-24T09:01:10+00:00\",\"description\":\"Cu\u00e9ntenos de sus objetivos de mejora en el rendimiento y trabajaremos con usted para crear la soluci\u00f3n que necesita...\",\"breadcrumb\":{\"@id\":\"https:\/\/www.halifax-consulting.com\/splat\/contacto-halifax-consulting\/#breadcrumb\"},\"inLanguage\":\"es-AR\",\"potentialAction\":[{\"@type\":\"ReadAction\",\"target\":[\"https:\/\/www.halifax-consulting.com\/splat\/contacto-halifax-consulting\/\"]}]},{\"@type\":\"BreadcrumbList\",\"@id\":\"https:\/\/www.halifax-consulting.com\/splat\/contacto-halifax-consulting\/#breadcrumb\",\"itemListElement\":[{\"@type\":\"ListItem\",\"position\":1,\"name\":\"Accueil\",\"item\":\"https:\/\/www.halifax-consulting.com\/splat\/\"},{\"@type\":\"ListItem\",\"position\":2,\"name\":\"Contacto\"}]},{\"@type\":\"WebSite\",\"@id\":\"https:\/\/www.halifax-consulting.com\/splat\/#website\",\"url\":\"https:\/\/www.halifax-consulting.com\/splat\/\",\"name\":\"Halifax Consulting \u2013 LATAM\",\"description\":\"Halifax Consulting est un cabinet de conseil en performance commerciale sp\u00e9cialis\u00e9 dans la formation des \u00e9quipes et managers\",\"potentialAction\":[{\"@type\":\"SearchAction\",\"target\":{\"@type\":\"EntryPoint\",\"urlTemplate\":\"https:\/\/www.halifax-consulting.com\/splat\/?s={search_term_string}\"},\"query-input\":\"required name=search_term_string\"}],\"inLanguage\":\"es-AR\"}]}<\/script>\n<!-- \/ Yoast SEO plugin. -->","yoast_head_json":{"title":"Contacto - Halifax Consulting \u2013 LATAM","description":"Cu\u00e9ntenos de sus objetivos de mejora en el rendimiento y trabajaremos con usted para crear la soluci\u00f3n que necesita...","canonical":"https:\/\/www.halifax-consulting.com\/splat\/contacto-halifax-consulting\/","og_locale":"es_ES","og_type":"article","og_title":"Contacto - Halifax Consulting \u2013 LATAM","og_description":"Cu\u00e9ntenos de sus objetivos de mejora en el rendimiento y trabajaremos con usted para crear la soluci\u00f3n que necesita...","og_url":"https:\/\/www.halifax-consulting.com\/splat\/contacto-halifax-consulting\/","og_site_name":"Halifax Consulting \u2013 LATAM","article_modified_time":"2023-10-24T09:01:10+00:00","og_image":[{"width":1000,"height":360,"url":"https:\/\/www.halifax-consulting.com\/splat\/wp-content\/uploads\/sites\/5\/2020\/01\/halifax-consulting-contact.jpg","type":"image\/jpeg"}],"twitter_card":"summary_large_image","schema":{"@context":"https:\/\/schema.org","@graph":[{"@type":"WebPage","@id":"https:\/\/www.halifax-consulting.com\/splat\/contacto-halifax-consulting\/","url":"https:\/\/www.halifax-consulting.com\/splat\/contacto-halifax-consulting\/","name":"Contacto - Halifax Consulting \u2013 LATAM","isPartOf":{"@id":"https:\/\/www.halifax-consulting.com\/splat\/#website"},"datePublished":"2019-12-11T14:11:00+00:00","dateModified":"2023-10-24T09:01:10+00:00","description":"Cu\u00e9ntenos de sus objetivos de mejora en el rendimiento y trabajaremos con usted para crear la soluci\u00f3n que necesita...","breadcrumb":{"@id":"https:\/\/www.halifax-consulting.com\/splat\/contacto-halifax-consulting\/#breadcrumb"},"inLanguage":"es-AR","potentialAction":[{"@type":"ReadAction","target":["https:\/\/www.halifax-consulting.com\/splat\/contacto-halifax-consulting\/"]}]},{"@type":"BreadcrumbList","@id":"https:\/\/www.halifax-consulting.com\/splat\/contacto-halifax-consulting\/#breadcrumb","itemListElement":[{"@type":"ListItem","position":1,"name":"Accueil","item":"https:\/\/www.halifax-consulting.com\/splat\/"},{"@type":"ListItem","position":2,"name":"Contacto"}]},{"@type":"WebSite","@id":"https:\/\/www.halifax-consulting.com\/splat\/#website","url":"https:\/\/www.halifax-consulting.com\/splat\/","name":"Halifax Consulting \u2013 LATAM","description":"Halifax Consulting est un cabinet de conseil en performance commerciale sp\u00e9cialis\u00e9 dans la formation des \u00e9quipes et managers","potentialAction":[{"@type":"SearchAction","target":{"@type":"EntryPoint","urlTemplate":"https:\/\/www.halifax-consulting.com\/splat\/?s={search_term_string}"},"query-input":"required name=search_term_string"}],"inLanguage":"es-AR"}]}},"_links":{"self":[{"href":"https:\/\/www.halifax-consulting.com\/splat\/wp-json\/wp\/v2\/pages\/546"}],"collection":[{"href":"https:\/\/www.halifax-consulting.com\/splat\/wp-json\/wp\/v2\/pages"}],"about":[{"href":"https:\/\/www.halifax-consulting.com\/splat\/wp-json\/wp\/v2\/types\/page"}],"author":[{"embeddable":true,"href":"https:\/\/www.halifax-consulting.com\/splat\/wp-json\/wp\/v2\/users\/1"}],"replies":[{"embeddable":true,"href":"https:\/\/www.halifax-consulting.com\/splat\/wp-json\/wp\/v2\/comments?post=546"}],"version-history":[{"count":7,"href":"https:\/\/www.halifax-consulting.com\/splat\/wp-json\/wp\/v2\/pages\/546\/revisions"}],"predecessor-version":[{"id":4376,"href":"https:\/\/www.halifax-consulting.com\/splat\/wp-json\/wp\/v2\/pages\/546\/revisions\/4376"}],"wp:featuredmedia":[{"embeddable":true,"href":"https:\/\/www.halifax-consulting.com\/splat\/wp-json\/wp\/v2\/media\/353"}],"wp:attachment":[{"href":"https:\/\/www.halifax-consulting.com\/splat\/wp-json\/wp\/v2\/media?parent=546"}],"wp:term":[{"taxonomy":"category","embeddable":true,"href":"https:\/\/www.halifax-consulting.com\/splat\/wp-json\/wp\/v2\/categories?post=546"}],"curies":[{"name":"wp","href":"https:\/\/api.w.org\/{rel}","templated":true}]}}