{"id":549,"date":"2019-12-13T10:17:02","date_gmt":"2019-12-13T09:17:02","guid":{"rendered":"https:\/\/www.halifax-consulting.com\/?page_id=20"},"modified":"2024-04-15T16:39:37","modified_gmt":"2024-04-15T14:39:37","slug":"digital-learning","status":"publish","type":"page","link":"https:\/\/www.halifax-consulting.com\/splat\/digital-learning\/","title":{"rendered":"Digital &amp; IA"},"content":{"rendered":"<div class=\"container\">\n\t<div class=\"row\">\n\t\t<div class=\"col-lg-12 col-md-12 col-sm-12\">\n\t\t\t<h2 class=\"intro\">\n\t\t\t\t<strong class=\"intro-h2 d-block\">Aprenda mas, aprenda m\u00e1s r\u00e1pido<\/strong>\n\t\t\t\t<p>Los cursos de aprendizaje digital de Halifax proveen una gama completa de soluciones de vanguardia para potenciar sus habilidades en ventas y gesti&oacute;n de ventas. No todos aprendemos de la misma manera, y es por lo cual Halifax incorpora la &uacute;ltima tecnolog&iacute;a en IA para personalizar los programas de formaci&oacute;n y mejorar la experiencia de aprendizaje.<\/p>\t\t\t<\/h2>\n\t\t<\/div>\n\t<\/div>\n<\/div>\n\n\n<div class=\"container pb-6\">\n\t<div class=\"row\">\n\t\t<div class=\"col-lg-4 col-md-4 col-sm-12\">\n\t\t\t<h4 class=\"key\">120+<\/h4>\n\t\t\t<p class=\"key-description\">Soluciones e-learning llave en mano<\/p>\t\t\t\t\t\t\t\n\t\t<\/div>\n\t\t<div class=\"col-lg-4 col-md-4 col-sm-12\">\n\t\t\t<h4 class=\"key\">10<\/h4>\n\t\t\t<p class=\"key-description\">idiomas <br>disponibles<\/p>\t\t\t\t\t\t\n\t\t<\/div>\n\t\t<div class=\"col-lg-4 col-md-4 col-sm-12\">\n\t\t\t<h4 class=\"key\">7<\/h4>\t\n\t\t\t<p class=\"key-description\">Soluciones espec\u00edficas<br>en facilitaci\u00f3n de ventas<\/p>\t\t\t\t\t\n\t\t<\/div>\n\t<\/div>\n<\/div>\n\n<section class=\"light py-6 bloc_benefices\">\n\t<div class=\"container\">\n\t\t<div class=\"row\">\n\t\t\t<div class=\"col-lg-12 col-md-12 col-sm-12\">\n\t\t\t\t<h2 class=\"text-center\">\n\t\t\t\t\tBeneficios\t\t\t\t\t<span class=\"h2-subtitle\">Entrene m\u00e1s, entrene m\u00e1s r\u00e1pido, entrene de manera m\u00e1s rentable<\/span>\n\t\t\t\t\t\n\t\t\t\t\t\n\t\t\t\t<\/h2>\n\t\t\t<\/div>\n\t\t<\/div>\n\t\t<div class=\"row\">\n\t\t\t\t\n\t\t\t\t\t\n\t\t\t\t\t<div class=\"col-lg-6 col-md-6 col-sm-12 mb-4 benefice\">\n\t\t\t\t\t\t<div class=\"row\">\n\t\t\t\t\t\t\t<div class=\"col-lg-2 col-sm-3 col-sm-12 bloc_benefices--image\">\n\t\t\t\t\t\t\t\t<img decoding=\"async\" class=\"wow fadeIn\" data-wow-delay=\"0s\" src=\"https:\/\/www.halifax-consulting.com\/splat\/wp-content\/themes\/halifax\/library\/img\/halifax-consulting-benefits-icon.svg\" alt=\"icone benefices\" width=\"100%\" \/>\n\t\t\t\t\t\t\t<\/div>\n\t\t\t\t\t\t\t<div class=\"col-lg-10 col-sm-9 col-sm-12 wow fadeIn\" data-wow-delay=\"0s\">\n\t\t\t\t\t\t\t\t<h3 class=\"benef-title\">Mejor tasa de retenci\u00f3n<\/h3>\n\t\t\t\t\t\t\t\t<p class=\"benef-content\">Con el Digital Learning potencia la habilidad de retener informaci\u00f3n hasta en un 170%.<\/p>\n\t\t\t\t\t\t\t<\/div>\n\t\t\t\t\t\t<\/div>\n\t\t\t\t\t<\/div>\n\t\t\t\t\t\n\t\t\t\t\t\t\n\t\t\t\t\t\n\t\t\t\t\t<div class=\"col-lg-6 col-md-6 col-sm-12 mb-4 benefice\">\n\t\t\t\t\t\t<div class=\"row\">\n\t\t\t\t\t\t\t<div class=\"col-lg-2 col-sm-3 col-sm-12 bloc_benefices--image\">\n\t\t\t\t\t\t\t\t<img decoding=\"async\" class=\"wow fadeIn\" data-wow-delay=\"0.5s\" src=\"https:\/\/www.halifax-consulting.com\/splat\/wp-content\/themes\/halifax\/library\/img\/halifax-consulting-benefits-icon.svg\" alt=\"icone benefices\" width=\"100%\" \/>\n\t\t\t\t\t\t\t<\/div>\n\t\t\t\t\t\t\t<div class=\"col-lg-10 col-sm-9 col-sm-12 wow fadeIn\" data-wow-delay=\"0.5s\">\n\t\t\t\t\t\t\t\t<h3 class=\"benef-title\">Reducci\u00f3n de costos y desarrollo sostenible<\/h3>\n\t\t\t\t\t\t\t\t<p class=\"benef-content\">La log\u00edstica y costos de viaje pueden consumir hasta el 40% de los presupuestos de capacitaci\u00f3n convencionales. Con aprendizaje a distancia, esos costos caen a cero. Cortar los tiempos de viaje le permiten reducir tambi\u00e9n las emisiones de CO2 para apoyar el desarrollo sustentable. <\/p>\n\t\t\t\t\t\t\t<\/div>\n\t\t\t\t\t\t<\/div>\n\t\t\t\t\t<\/div>\n\t\t\t\t\t\n\t\t\t\t\t\t\n\t\t\t\t\t\n\t\t\t\t\t<div class=\"col-lg-6 col-md-6 col-sm-12 mb-4 benefice\">\n\t\t\t\t\t\t<div class=\"row\">\n\t\t\t\t\t\t\t<div class=\"col-lg-2 col-sm-3 col-sm-12 bloc_benefices--image\">\n\t\t\t\t\t\t\t\t<img decoding=\"async\" class=\"wow fadeIn\" data-wow-delay=\"1s\" src=\"https:\/\/www.halifax-consulting.com\/splat\/wp-content\/themes\/halifax\/library\/img\/halifax-consulting-benefits-icon.svg\" alt=\"icone benefices\" width=\"100%\" \/>\n\t\t\t\t\t\t\t<\/div>\n\t\t\t\t\t\t\t<div class=\"col-lg-10 col-sm-9 col-sm-12 wow fadeIn\" data-wow-delay=\"1s\">\n\t\t\t\t\t\t\t\t<h3 class=\"benef-title\">Herramientas a medida<\/h3>\n\t\t\t\t\t\t\t\t<p class=\"benef-content\">Le proveemos KPI individuales para realizar un seguimiento preciso del desarrollo de habilidades.<\/p>\n\t\t\t\t\t\t\t<\/div>\n\t\t\t\t\t\t<\/div>\n\t\t\t\t\t<\/div>\n\t\t\t\t\t\n\t\t\t\t\t\t\n\t\t\t\t\t\n\t\t\t\t\t<div class=\"col-lg-6 col-md-6 col-sm-12 mb-4 benefice\">\n\t\t\t\t\t\t<div class=\"row\">\n\t\t\t\t\t\t\t<div class=\"col-lg-2 col-sm-3 col-sm-12 bloc_benefices--image\">\n\t\t\t\t\t\t\t\t<img decoding=\"async\" class=\"wow fadeIn\" data-wow-delay=\"1.5s\" src=\"https:\/\/www.halifax-consulting.com\/splat\/wp-content\/themes\/halifax\/library\/img\/halifax-consulting-benefits-icon.svg\" alt=\"icone benefices\" width=\"100%\" \/>\n\t\t\t\t\t\t\t<\/div>\n\t\t\t\t\t\t\t<div class=\"col-lg-10 col-sm-9 col-sm-12 wow fadeIn\" data-wow-delay=\"1.5s\">\n\t\t\t\t\t\t\t\t<h3 class=\"benef-title\">Flexibilidad y combinaciones sin fin<\/h3>\n\t\t\t\t\t\t\t\t<p class=\"benef-content\">Nuestros recursos y soluciones modulares le permiten adaptar y crear el mix correcto para satisfacer sus necesidades.<\/p>\n\t\t\t\t\t\t\t<\/div>\n\t\t\t\t\t\t<\/div>\n\t\t\t\t\t<\/div>\n\t\t\t\t\t\n\t\t\t\t\t\t\n\t\t\t\t\t\n\t\t\t\t\t<div class=\"col-lg-6 col-md-6 col-sm-12 mb-4 benefice\">\n\t\t\t\t\t\t<div class=\"row\">\n\t\t\t\t\t\t\t<div class=\"col-lg-2 col-sm-3 col-sm-12 bloc_benefices--image\">\n\t\t\t\t\t\t\t\t<img decoding=\"async\" class=\"wow fadeIn\" data-wow-delay=\"2s\" src=\"https:\/\/www.halifax-consulting.com\/splat\/wp-content\/themes\/halifax\/library\/img\/halifax-consulting-benefits-icon.svg\" alt=\"icone benefices\" width=\"100%\" \/>\n\t\t\t\t\t\t\t<\/div>\n\t\t\t\t\t\t\t<div class=\"col-lg-10 col-sm-9 col-sm-12 wow fadeIn\" data-wow-delay=\"2s\">\n\t\t\t\t\t\t\t\t<h3 class=\"benef-title\">Resultados instant\u00e1neos<\/h3>\n\t\t\t\t\t\t\t\t<p class=\"benef-content\">Los recursos de aprendizaje digitales le brindan feedback en tiempo real para medir la efectividad de sus iniciativas.<\/p>\n\t\t\t\t\t\t\t<\/div>\n\t\t\t\t\t\t<\/div>\n\t\t\t\t\t<\/div>\n\t\t\t\t\t\n\t\t\t\t\t\t\n\t\t\t\t\t\n\t\t\t\t\t<div class=\"col-lg-6 col-md-6 col-sm-12 mb-4 benefice\">\n\t\t\t\t\t\t<div class=\"row\">\n\t\t\t\t\t\t\t<div class=\"col-lg-2 col-sm-3 col-sm-12 bloc_benefices--image\">\n\t\t\t\t\t\t\t\t<img decoding=\"async\" class=\"wow fadeIn\" data-wow-delay=\"2.5s\" src=\"https:\/\/www.halifax-consulting.com\/splat\/wp-content\/themes\/halifax\/library\/img\/halifax-consulting-benefits-icon.svg\" alt=\"icone benefices\" width=\"100%\" \/>\n\t\t\t\t\t\t\t<\/div>\n\t\t\t\t\t\t\t<div class=\"col-lg-10 col-sm-9 col-sm-12 wow fadeIn\" data-wow-delay=\"2.5s\">\n\t\t\t\t\t\t\t\t<h3 class=\"benef-title\">Adaptaci\u00f3n a las necesidades espec\u00edficas de los aprendices<\/h3>\n\t\t\t\t\t\t\t\t<p class=\"benef-content\">Empoderamos a las personas para que moldeen su propia experiencia de aprendizaje y progresen a su propio ritmo.<\/p>\n\t\t\t\t\t\t\t<\/div>\n\t\t\t\t\t\t<\/div>\n\t\t\t\t\t<\/div>\n\t\t\t\t\t\n\t\t\t\t\t\t\t\t\n\t\t<\/div>\n\t<\/div>\n<\/section>\n\n<section class=\"navy py-6\">\n\t<div class=\"container\">\n\t\t<div class=\"row\">\n\t\t\t<div class=\"col-lg-12 col-md-12 col-sm-12\">\n\t\t\t\t<h2 class=\"text-center\">\n\t\t\t\t\t\u00bfC\u00f3mo las soluciones de aprendizaje digital de Halifax pueden ayudarlo?\t\t\t\t\t<span class=\"h2-subtitle\"><\/span>\n\t\t\t\t\t\n\t\t\t\t\t\n\t\t\t\t<\/h2>\n\t\t\t<\/div>\n\t\t<\/div>\n\t\t<div class=\"row\">\n\t\t\t\n\t\t\t<div class=\"col-lg-12 col-md-12 col-sm-12\">\n\t\t\t\t<div class=\"accordion\" id=\"accordionExample\">\n\t\t\t\t\t<div class=\"card\">\n\t\t\t\t\t    <div class=\"card-header\" id=\"headingOne\">\n\t\t\t\t\t\n\t\t\t\t\t        <button type=\"button\" data-toggle=\"collapse\" data-target=\"#collapseOne\" aria-expanded=\"true\" aria-controls=\"collapseOne\">\n\t\t\t\t\t        \tEmpresa\t\t\t\t\t        \t<i data-feather=\"chevron-down\"><\/i>\n\t\t\t\t\t        <\/button>\n\t\t\t\t\t\t\t\n\t\t\t\t\t    <\/div>\n\t\t\t\t\t\n\t\t\t\t\t    <div id=\"collapseOne\" class=\"collapse show\" aria-labelledby=\"headingOne\" data-parent=\"#accordionExample\">\n\t\t\t\t\t\t    <div class=\"card-body\">\n\t\t\t\t\t\t        <ul>\n<li>Acceso a una biblioteca multiling\u00fce de materiales e-learning para ventas y gesti\u00f3n.<\/li>\n<li>Contratar los mejores equipos de venta.<\/li>\n<li>Asegurar que su gente tiene una comprensi\u00f3n impecable de las especificaciones t\u00e9cnicas, productos y l\u00edneas de negocio para hacer la mejor presentaci\u00f3n posible.<\/li>\n<li>Brindar a los gerentes recursos asincr\u00f3nicos, de aprendizaje a distancia para facilitar entrenamiento y coaching.<\/li>\n<li>Elaborar planes de entrenamiento individual basados en competencias pertinentes.<\/li>\n<li>Ofrecer a sus empleados cursos de entrenamiento en l\u00ednea totalmente a medida a sus necesidades espec\u00edficas.<\/li>\n<li>Introducir soluciones de entrenamiento y coaching de largo plazo que empoderar\u00e1n a sus gerentes e instructores.<\/li>\n<li>Mejorar significativamente la duraci\u00f3n y el impacto de sus programas de incorporaci\u00f3n e integraci\u00f3n para gerentes y equipos de venta.<\/li>\n<\/ul>\n\t\t\t\t\t\t    <\/div>\n\t\t\t\t\t    <\/div>\n\t\t\t\t\t<\/div>\n\t\t\t\t\t<div class=\"card\">\n\t\t\t\t\t    <div class=\"card-header\" id=\"headingTwo\">\n\t\t\t\t\t      \n\t\t\t\t\t        <button class=\"btn btn-link collapsed\" type=\"button\" data-toggle=\"collapse\" data-target=\"#collapseTwo\" aria-expanded=\"false\" aria-controls=\"collapseTwo\">\n\t\t\t\t\t        \tEquipos de venta y gerentes\t\t\t\t\t        \t<i data-feather=\"chevron-down\"><\/i>\n\t\t\t\t\t        <\/button>\n\t\t\t\t\t    <\/div>\n\t\t\t\t\t    <div id=\"collapseTwo\" class=\"collapse\" aria-labelledby=\"headingTwo\" data-parent=\"#accordionExample\">\n\t\t\t\t\t      <div class=\"card-body\">\n\t\t\t\t\t        <ul>\n<li>Perfeccionar sus habilidades en ventas, negociaci\u00f3n, manejo de cuentas claves y gesti\u00f3n de venta de la manera mas eficiente posible.<\/li>\n<li>Obtener el equivalente a un t\u00edtulo de maestr\u00eda en manejo de cuentas clave de una escuela de negocios l\u00edder.<\/li>\n<li>Utilizar un programa de desarrollo profesional continuo (ej. CPF in France) hacia uno de nuestros tres cursos que otorgan cualificaciones:<\/li>\n<ul>\n<li>Representante Senior en ventas B2B.<\/li>\n<li>Representante Senior en ventas KAM.<\/li>\n<li>T\u00e9cnicas de ventas y negociaci\u00f3n B2B.<\/li>\n<\/ul>\n<li>Beneficiarse de un curso avanzado, r\u00e1pido y completamente en l\u00ednea, con orientaci\u00f3n y contenido a medida enfocado en un tema espec\u00edfico, como prospecci\u00f3n, ventas, negociaci\u00f3n, desarrollo de negocios para cuentas clave y t\u00e9cnicas de gesti\u00f3n de ventas.<\/li>\n<\/ul>\n\t\t\t\t\t      <\/div>\n\t\t\t\t\t    <\/div>\n\t\t\t\t\t  <\/div>\n\t\t\t\t\t\t\t\t\t\t\t\t\t\t\t\t\t\t\t\t\t\t\t\t\t\t\t\t\t\t\t\t\t\t<\/div>\n\t\t\t<\/div>\n\t\t\t\n\t\t<\/div>\n\t<\/div>\n<\/section>\n\n<section class=\"success-single grey\">\n\t<div class=\"container-fluid\">\n\t\t<div class=\"row\">\n\t\t\t\t\t\t\t \n\t\t\t\t\t\t\t\t\t\t\n\t\t\t\t\t\t\t\t\t\t<div class=\"col-lg-7 col-md-6 col-sm-12 p-6\">\n\t\t\t\t\t\t<div>\n\t\t\t\t\t\t\t<h3>Historias de \u00c9xito: Equipamiento m\u00e9dico<\/h3>\n\t\t\t\t\t\t\t<p>Una empresa l\u00edder de mercado en \u00c1frica hab\u00eda establecido un ambicioso objetivo a dos a\u00f1os para su crecimiento org\u00e1nico. <\/p>\n\t\t\t\t\t\t\t<p>\n\t\t\t\t\t\t\t\t<a href=\"https:\/\/www.halifax-consulting.com\/splat\/historias-exito\/equipamiento-medico\/\" class=\"btn btn-hx btn-hx-ducky\">Siga leyendo<\/a>\n\t\t\t\t\t\t\t<\/p>\n\t\t\t\t\t\t<\/div>\n\t\t\t\t\t<\/div>\n\t\t\t\t\t<div class=\"col-lg-5 col-md-6 col-sm-12 p-0\">\n\t\t\t\t\t\t\t<figure class=\"\">\n<!-- \t\t\t\t\t\t\t\t<img decoding=\"async\" src=\"https:\/\/www.halifax-consulting.com\/splat\/wp-content\/uploads\/sites\/5\/2020\/03\/halifax-consulting-success-story-fabricant-equipements-medicaux-2.jpg\" alt=\"image success-story\" \/> -->\n\t\t\t\t\t\t\t\t<img decoding=\"async\" loading=\"lazy\" src=\"https:\/\/www.halifax-consulting.com\/splat\/wp-content\/uploads\/sites\/5\/2020\/03\/halifax-consulting-success-story-fabricant-equipements-medicaux-2.jpg\" alt=\"\" width=\"100%\" height=\"\" >\t\t\t\t\t\t\t<\/figure>\n\t\t\t\t\t<\/div>\n\t\t\t\t\t\t\t\t\t<\/div>\n\t<\/div>\n<\/section>\n","protected":false},"excerpt":{"rendered":"","protected":false},"author":1,"featured_media":1456,"parent":0,"menu_order":15,"comment_status":"closed","ping_status":"closed","template":"","meta":[],"categories":[],"acf":[],"yoast_head":"<!-- This site is optimized with the Yoast SEO plugin v19.9 - https:\/\/yoast.com\/wordpress\/plugins\/seo\/ -->\n<title>Digital Learning - Halifax Consulting<\/title>\n<meta name=\"description\" content=\"Los cursos de aprendizaje digital de Halifax proveen una gama completa de soluciones de vanguardia para potenciar sus habilidades en ventas\" \/>\n<link rel=\"canonical\" href=\"https:\/\/www.halifax-consulting.com\/splat\/digital-learning\/\" \/>\n<meta property=\"og:locale\" content=\"es_ES\" \/>\n<meta property=\"og:type\" content=\"article\" \/>\n<meta property=\"og:title\" content=\"Digital Learning - Halifax Consulting\" \/>\n<meta property=\"og:description\" content=\"Los cursos de aprendizaje digital de Halifax proveen una gama completa de soluciones de vanguardia para potenciar sus habilidades en ventas\" \/>\n<meta property=\"og:url\" content=\"https:\/\/www.halifax-consulting.com\/splat\/digital-learning\/\" \/>\n<meta property=\"og:site_name\" content=\"Halifax Consulting \u2013 LATAM\" \/>\n<meta property=\"article:modified_time\" content=\"2024-04-15T14:39:37+00:00\" \/>\n<meta property=\"og:image\" content=\"https:\/\/www.halifax-consulting.com\/splat\/wp-content\/uploads\/sites\/5\/2020\/03\/halifax-consulting-digital-learning.jpg\" \/>\n\t<meta property=\"og:image:width\" content=\"1000\" \/>\n\t<meta property=\"og:image:height\" content=\"360\" \/>\n\t<meta property=\"og:image:type\" content=\"image\/jpeg\" \/>\n<meta name=\"twitter:card\" content=\"summary_large_image\" \/>\n<script type=\"application\/ld+json\" class=\"yoast-schema-graph\">{\"@context\":\"https:\/\/schema.org\",\"@graph\":[{\"@type\":\"WebPage\",\"@id\":\"https:\/\/www.halifax-consulting.com\/splat\/digital-learning\/\",\"url\":\"https:\/\/www.halifax-consulting.com\/splat\/digital-learning\/\",\"name\":\"Digital Learning - Halifax Consulting\",\"isPartOf\":{\"@id\":\"https:\/\/www.halifax-consulting.com\/splat\/#website\"},\"datePublished\":\"2019-12-13T09:17:02+00:00\",\"dateModified\":\"2024-04-15T14:39:37+00:00\",\"description\":\"Los cursos de aprendizaje digital de Halifax proveen una gama completa de soluciones de vanguardia para potenciar sus habilidades en ventas\",\"breadcrumb\":{\"@id\":\"https:\/\/www.halifax-consulting.com\/splat\/digital-learning\/#breadcrumb\"},\"inLanguage\":\"es-AR\",\"potentialAction\":[{\"@type\":\"ReadAction\",\"target\":[\"https:\/\/www.halifax-consulting.com\/splat\/digital-learning\/\"]}]},{\"@type\":\"BreadcrumbList\",\"@id\":\"https:\/\/www.halifax-consulting.com\/splat\/digital-learning\/#breadcrumb\",\"itemListElement\":[{\"@type\":\"ListItem\",\"position\":1,\"name\":\"Accueil\",\"item\":\"https:\/\/www.halifax-consulting.com\/splat\/\"},{\"@type\":\"ListItem\",\"position\":2,\"name\":\"Digital &amp; IA\"}]},{\"@type\":\"WebSite\",\"@id\":\"https:\/\/www.halifax-consulting.com\/splat\/#website\",\"url\":\"https:\/\/www.halifax-consulting.com\/splat\/\",\"name\":\"Halifax Consulting \u2013 LATAM\",\"description\":\"Halifax Consulting est un cabinet de conseil en performance commerciale sp\u00e9cialis\u00e9 dans la formation des \u00e9quipes et managers\",\"potentialAction\":[{\"@type\":\"SearchAction\",\"target\":{\"@type\":\"EntryPoint\",\"urlTemplate\":\"https:\/\/www.halifax-consulting.com\/splat\/?s={search_term_string}\"},\"query-input\":\"required name=search_term_string\"}],\"inLanguage\":\"es-AR\"}]}<\/script>\n<!-- \/ Yoast SEO plugin. -->","yoast_head_json":{"title":"Digital Learning - Halifax Consulting","description":"Los cursos de aprendizaje digital de Halifax proveen una gama completa de soluciones de vanguardia para potenciar sus habilidades en ventas","canonical":"https:\/\/www.halifax-consulting.com\/splat\/digital-learning\/","og_locale":"es_ES","og_type":"article","og_title":"Digital Learning - Halifax Consulting","og_description":"Los cursos de aprendizaje digital de Halifax proveen una gama completa de soluciones de vanguardia para potenciar sus habilidades en ventas","og_url":"https:\/\/www.halifax-consulting.com\/splat\/digital-learning\/","og_site_name":"Halifax Consulting \u2013 LATAM","article_modified_time":"2024-04-15T14:39:37+00:00","og_image":[{"width":1000,"height":360,"url":"https:\/\/www.halifax-consulting.com\/splat\/wp-content\/uploads\/sites\/5\/2020\/03\/halifax-consulting-digital-learning.jpg","type":"image\/jpeg"}],"twitter_card":"summary_large_image","schema":{"@context":"https:\/\/schema.org","@graph":[{"@type":"WebPage","@id":"https:\/\/www.halifax-consulting.com\/splat\/digital-learning\/","url":"https:\/\/www.halifax-consulting.com\/splat\/digital-learning\/","name":"Digital Learning - Halifax Consulting","isPartOf":{"@id":"https:\/\/www.halifax-consulting.com\/splat\/#website"},"datePublished":"2019-12-13T09:17:02+00:00","dateModified":"2024-04-15T14:39:37+00:00","description":"Los cursos de aprendizaje digital de Halifax proveen una gama completa de soluciones de vanguardia para potenciar sus habilidades en ventas","breadcrumb":{"@id":"https:\/\/www.halifax-consulting.com\/splat\/digital-learning\/#breadcrumb"},"inLanguage":"es-AR","potentialAction":[{"@type":"ReadAction","target":["https:\/\/www.halifax-consulting.com\/splat\/digital-learning\/"]}]},{"@type":"BreadcrumbList","@id":"https:\/\/www.halifax-consulting.com\/splat\/digital-learning\/#breadcrumb","itemListElement":[{"@type":"ListItem","position":1,"name":"Accueil","item":"https:\/\/www.halifax-consulting.com\/splat\/"},{"@type":"ListItem","position":2,"name":"Digital &amp; IA"}]},{"@type":"WebSite","@id":"https:\/\/www.halifax-consulting.com\/splat\/#website","url":"https:\/\/www.halifax-consulting.com\/splat\/","name":"Halifax Consulting \u2013 LATAM","description":"Halifax Consulting est un cabinet de conseil en performance commerciale sp\u00e9cialis\u00e9 dans la formation des \u00e9quipes et managers","potentialAction":[{"@type":"SearchAction","target":{"@type":"EntryPoint","urlTemplate":"https:\/\/www.halifax-consulting.com\/splat\/?s={search_term_string}"},"query-input":"required name=search_term_string"}],"inLanguage":"es-AR"}]}},"_links":{"self":[{"href":"https:\/\/www.halifax-consulting.com\/splat\/wp-json\/wp\/v2\/pages\/549"}],"collection":[{"href":"https:\/\/www.halifax-consulting.com\/splat\/wp-json\/wp\/v2\/pages"}],"about":[{"href":"https:\/\/www.halifax-consulting.com\/splat\/wp-json\/wp\/v2\/types\/page"}],"author":[{"embeddable":true,"href":"https:\/\/www.halifax-consulting.com\/splat\/wp-json\/wp\/v2\/users\/1"}],"replies":[{"embeddable":true,"href":"https:\/\/www.halifax-consulting.com\/splat\/wp-json\/wp\/v2\/comments?post=549"}],"version-history":[{"count":41,"href":"https:\/\/www.halifax-consulting.com\/splat\/wp-json\/wp\/v2\/pages\/549\/revisions"}],"predecessor-version":[{"id":4439,"href":"https:\/\/www.halifax-consulting.com\/splat\/wp-json\/wp\/v2\/pages\/549\/revisions\/4439"}],"wp:featuredmedia":[{"embeddable":true,"href":"https:\/\/www.halifax-consulting.com\/splat\/wp-json\/wp\/v2\/media\/1456"}],"wp:attachment":[{"href":"https:\/\/www.halifax-consulting.com\/splat\/wp-json\/wp\/v2\/media?parent=549"}],"wp:term":[{"taxonomy":"category","embeddable":true,"href":"https:\/\/www.halifax-consulting.com\/splat\/wp-json\/wp\/v2\/categories?post=549"}],"curies":[{"name":"wp","href":"https:\/\/api.w.org\/{rel}","templated":true}]}}