{"id":56,"date":"2019-12-13T14:58:14","date_gmt":"2019-12-13T13:58:14","guid":{"rendered":"https:\/\/www.halifax-consulting.com\/?page_id=56"},"modified":"2023-06-14T10:01:45","modified_gmt":"2023-06-14T08:01:45","slug":"evaluacion-de-talento-de-ventas","status":"publish","type":"page","link":"https:\/\/www.halifax-consulting.com\/splat\/digital-learning\/evaluacion-de-talento-de-ventas\/","title":{"rendered":"Evaluaci\u00f3n del talento comercial"},"content":{"rendered":"<div class=\"container\">\n\t<div class=\"row\">\n\t\t<div class=\"col-lg-12 col-md-12 col-sm-12\">\n\t\t\t<h2 class=\"intro\">\n\t\t\t\t<strong class=\"intro-h2 d-block\">Identifique los talentos comerciales<\/strong>\n\t\t\t\t<p>Nuestra soluci&oacute;n de pruebas psicom&eacute;tricas est&aacute; adaptada a problemas espec&iacute;ficos de venta y se basa en investigaciones en profundidad supervisadas por cient&iacute;ficos de la Universidad de Montreal. La app en l&iacute;nea tambi&eacute;n provee una soluci&oacute;n de gesti&oacute;n de talento para combinar de mejor manera equipos, perfiles y requerimientos modelando sobre los ejecutantes top en su compa&ntilde;&iacute;a u organizaci&oacute;n.<\/p>\t\t\t<\/h2>\n\t\t<\/div>\n\t<\/div>\n<\/div>\n\n\n<div class=\"container pb-6\">\n\t<div class=\"row\">\n\t\t<div class=\"col-lg-4 col-md-4 col-sm-12\">\n\t\t\t<h4 class=\"key\">1<\/h4>\n\t\t\t<p class=\"key-description\">soluci\u00f3n integral online de gesti\u00f3n de talento que abarca la identificaci\u00f3n, contrataci\u00f3n, desarrollo e integraci\u00f3n de equipo<\/p>\t\t\t\t\t\t\t\n\t\t<\/div>\n\t\t<div class=\"col-lg-4 col-md-4 col-sm-12\">\n\t\t\t<h4 class=\"key\">3<\/h4>\n\t\t\t<p class=\"key-description\">idiomas disponibles: Ingles, Frances y Espa\u00f1ol<\/p>\t\t\t\t\t\t\n\t\t<\/div>\n\t\t<div class=\"col-lg-4 col-md-4 col-sm-12\">\n\t\t\t<h4 class=\"key\">10+<\/h4>\t\n\t\t\t<p class=\"key-description\">a\u00f1os de experiencia en Canad\u00e1 y Norte Am\u00e9rica<\/p>\t\t\t\t\t\n\t\t<\/div>\n\t<\/div>\n<\/div>\n\n<section class=\"light block-benefits-4 py-6\">\n\t<div class=\"container\">\n\t\t<div class=\"row\">\n\t\t\t<div class=\"col-lg-12 col-md-12 col-sm-12\">\n\t\t\t\t<h2 class=\"text-center\">\n\t\t\t\t\tBeneficios\t\t\t\t\t<span class=\"h2-subtitle\"><\/span>\n\t\t\t\t\t\n\t\t\t\t\t\n\t\t\t\t<\/h2>\n\t\t\t<\/div>\n\t\t<\/div>\n\t\t<div class=\"row\">\n\t\t\t\t\n\t\t\t\t\t\n\t\t\t\t\t<div class=\"col-lg-6 col-md-6 col-sm-12 mb-4\">\n\t\t\t\t\t\t<div class=\"row\">\n\t\t\t\t\t\t\t<div class=\"col-lg-2 col-sm-3 col-sm-12\">\n\t\t\t\t\t\t\t\t<img decoding=\"async\" class=\"fadeIn\" src=\"https:\/\/www.halifax-consulting.com\/splat\/wp-content\/themes\/halifax\/library\/img\/halifax-consulting-benefits-icon.svg\" alt=\"icone benefices\" width=\"100%\" \/>\n\t\t\t\t\t\t\t<\/div>\n\t\t\t\t\t\t\t<div class=\"col-lg-10 col-sm-9 col-sm-12 fadeIn\">\n\t\t\t\t\t\t\t\t<h3 class=\"benef-title\">Encontrar el trabajo adecuado<\/h3>\n\t\t\t\t\t\t\t\t<p class=\"benef-content\">Compile un perfil de candidato ideal bas\u00e1ndose en sus ejecutantes top y requerimientos de venta en diferentes \u00e1reas. <br>\n\t\t\t\t\t\t\t\t\t\t\t\t\t\t\t\t\t<\/p>\n\t\t\t\t\t\t\t<\/div>\n\t\t\t\t\t\t<\/div>\n\t\t\t\t\t<\/div>\n\t\t\t\t\t\n\t\t\t\t\t\t\n\t\t\t\t\t\n\t\t\t\t\t<div class=\"col-lg-6 col-md-6 col-sm-12 mb-4\">\n\t\t\t\t\t\t<div class=\"row\">\n\t\t\t\t\t\t\t<div class=\"col-lg-2 col-sm-3 col-sm-12\">\n\t\t\t\t\t\t\t\t<img decoding=\"async\" class=\"fadeIn\" src=\"https:\/\/www.halifax-consulting.com\/splat\/wp-content\/themes\/halifax\/library\/img\/halifax-consulting-benefits-icon.svg\" alt=\"icone benefices\" width=\"100%\" \/>\n\t\t\t\t\t\t\t<\/div>\n\t\t\t\t\t\t\t<div class=\"col-lg-10 col-sm-9 col-sm-12 fadeIn\">\n\t\t\t\t\t\t\t\t<h3 class=\"benef-title\">Optimizar su tasa de \u00e9xito de reclutamiento<\/h3>\n\t\t\t\t\t\t\t\t<p class=\"benef-content\">Reclute en forma mas efectiva y r\u00e1pida, mejorando la incorporaci\u00f3n de nuevos contratados, asegurando que se unan al equipo correcto y brindando a la gerencia el soporte necesario.<br>\n\t\t\t\t\t\t\t\t\t\t\t\t\t\t\t\t\t<\/p>\n\t\t\t\t\t\t\t<\/div>\n\t\t\t\t\t\t<\/div>\n\t\t\t\t\t<\/div>\n\t\t\t\t\t\n\t\t\t\t\t\t\n\t\t\t\t\t\n\t\t\t\t\t<div class=\"col-lg-6 col-md-6 col-sm-12 mb-4\">\n\t\t\t\t\t\t<div class=\"row\">\n\t\t\t\t\t\t\t<div class=\"col-lg-2 col-sm-3 col-sm-12\">\n\t\t\t\t\t\t\t\t<img decoding=\"async\" class=\"fadeIn\" src=\"https:\/\/www.halifax-consulting.com\/splat\/wp-content\/themes\/halifax\/library\/img\/halifax-consulting-benefits-icon.svg\" alt=\"icone benefices\" width=\"100%\" \/>\n\t\t\t\t\t\t\t<\/div>\n\t\t\t\t\t\t\t<div class=\"col-lg-10 col-sm-9 col-sm-12 fadeIn\">\n\t\t\t\t\t\t\t\t<h3 class=\"benef-title\">Tomar la decisi\u00f3n correcta<\/h3>\n\t\t\t\t\t\t\t\t<p class=\"benef-content\">Hay ciertos factores clave a tener en mente y explorar dependiendo el tipo de posici\u00f3n para la cual se busca contratar, mismo cuando un candidato parezca tener una s\u00f3lida experiencia en el negocio y cause una buena impresi\u00f3n.<br>\n\t\t\t\t\t\t\t\t\t\t\t\t\t\t\t\t\t<\/p>\n\t\t\t\t\t\t\t<\/div>\n\t\t\t\t\t\t<\/div>\n\t\t\t\t\t<\/div>\n\t\t\t\t\t\n\t\t\t\t\t\t\n\t\t\t\t\t\n\t\t\t\t\t<div class=\"col-lg-6 col-md-6 col-sm-12 mb-4\">\n\t\t\t\t\t\t<div class=\"row\">\n\t\t\t\t\t\t\t<div class=\"col-lg-2 col-sm-3 col-sm-12\">\n\t\t\t\t\t\t\t\t<img decoding=\"async\" class=\"fadeIn\" src=\"https:\/\/www.halifax-consulting.com\/splat\/wp-content\/themes\/halifax\/library\/img\/halifax-consulting-benefits-icon.svg\" alt=\"icone benefices\" width=\"100%\" \/>\n\t\t\t\t\t\t\t<\/div>\n\t\t\t\t\t\t\t<div class=\"col-lg-10 col-sm-9 col-sm-12 fadeIn\">\n\t\t\t\t\t\t\t\t<h3 class=\"benef-title\">Enfoque en ventas<\/h3>\n\t\t\t\t\t\t\t\t<p class=\"benef-content\">Aproveche una rica base de datos de decenas de miles de perfiles recopilados a trav\u00e9s de b\u00fasquedas en diferentes \u00e1reas de ventas (como trabajo de campo, KAM, gesti\u00f3n de equipos y tele-ventas), junto con diferentes procesos de ventas (para productos, soluciones complejas y servicios) y enfoques (cazador de ventas, granjero, etc.).<br>\n\t\t\t\t\t\t\t\t\t\t\t\t\t\t\t\t\t<\/p>\n\t\t\t\t\t\t\t<\/div>\n\t\t\t\t\t\t<\/div>\n\t\t\t\t\t<\/div>\n\t\t\t\t\t\n\t\t\t\t\t\t\t\t\n\t\t<\/div>\n\t<\/div>\n<\/section>\n\n<section class=\"navy py-6\">\n\t<div class=\"container\">\n\t\t<div class=\"row\">\n\t\t\t<div class=\"col-lg-12 col-md-12 col-sm-12\">\n\t\t\t\t<h2 class=\"text-center\">\n\t\t\t\t\t\u00bfC\u00f3mo puede nuestra soluci\u00f3n de gesti\u00f3n de talento ayudarlo?\t\t\t\t\t<span class=\"h2-subtitle\"><\/span>\n\t\t\t\t\t\n\t\t\t\t\t\n\t\t\t\t<\/h2>\n\t\t\t<\/div>\n\t\t<\/div>\n\t\t<div class=\"row\">\n\t\t\t\n\t\t\t<div class=\"col-lg-12 col-md-12 col-sm-12\">\n\t\t\t\t<div class=\"accordion\" id=\"accordionExample\">\n\t\t\t\t\t<div class=\"card\">\n\t\t\t\t\t    <div class=\"card-header\" id=\"headingOne\">\n\t\t\t\t\t\n\t\t\t\t\t        <button type=\"button\" data-toggle=\"collapse\" data-target=\"#collapseOne\" aria-expanded=\"true\" aria-controls=\"collapseOne\">\n\t\t\t\t\t        \tEn su negocio, los vendedores adecuados son cada vez mas escasos y mas dif\u00edciles de reclutar y entrenar\t\t\t\t\t        \t<i data-feather=\"chevron-down\"><\/i>\n\t\t\t\t\t        <\/button>\n\t\t\t\t\t\t\t\n\t\t\t\t\t    <\/div>\n\t\t\t\t\t\n\t\t\t\t\t    <div id=\"collapseOne\" class=\"collapse show\" aria-labelledby=\"headingOne\" data-parent=\"#accordionExample\">\n\t\t\t\t\t\t    <div class=\"card-body\">\n\t\t\t\t\t\t        <ul>\n<li>Necesita mejorar la forma de identificar talento, fomentar la lealtad, gestionar personas y ayudarlos a crecer utilizando criterios objetivos.<\/li>\n<li>Usted quiere m\u00e1s que una prueba. Est\u00e1 buscando una soluci\u00f3n de gesti\u00f3n de talentos espec\u00edfica para las ventas que pueda ser utilizada f\u00e1cilmente por sus gerentes y equipos de recursos humanos.<\/li>\n<\/ul>\n\t\t\t\t\t\t    <\/div>\n\t\t\t\t\t    <\/div>\n\t\t\t\t\t<\/div>\n\t\t\t\t\t<div class=\"card\">\n\t\t\t\t\t    <div class=\"card-header\" id=\"headingTwo\">\n\t\t\t\t\t      \n\t\t\t\t\t        <button class=\"btn btn-link collapsed\" type=\"button\" data-toggle=\"collapse\" data-target=\"#collapseTwo\" aria-expanded=\"false\" aria-controls=\"collapseTwo\">\n\t\t\t\t\t        \tUsted est\u00e1 planeando una transformaci\u00f3n de ventas relevante\t\t\t\t\t        \t<i data-feather=\"chevron-down\"><\/i>\n\t\t\t\t\t        <\/button>\n\t\t\t\t\t    <\/div>\n\t\t\t\t\t    <div id=\"collapseTwo\" class=\"collapse\" aria-labelledby=\"headingTwo\" data-parent=\"#accordionExample\">\n\t\t\t\t\t      <div class=\"card-body\">\n\t\t\t\t\t        <ul>\n<li>Sus pr\u00e1cticas de reclutamiento ya no producen los resultados que necesita para afrontar con los nuevos desaf\u00edos de negocio y los cambios en sus soluciones, enfoques y pr\u00e1cticas. <\/li>\n<li>Le gustar\u00eda revisar los tipos de perfiles que necesita y encontrar una manera de renovar sus equipos.<\/li>\n<\/ul>\n\t\t\t\t\t      <\/div>\n\t\t\t\t\t    <\/div>\n\t\t\t\t\t  <\/div>\n\t\t\t\t\t\t\t\t\t\t<div class=\"card\">\n\t\t\t\t\t    <div class=\"card-header\" id=\"headingThree\">\n\t\t\t\t\t      \n\t\t\t\t\t        <button class=\"btn btn-link collapsed\" type=\"button\" data-toggle=\"collapse\" data-target=\"#collapseThree\" aria-expanded=\"false\" aria-controls=\"collapseThree\">\n\t\t\t\t\t        \tSu objetivo es mejorar la gesti\u00f3n de talento a medida que su empresa crece\t\t\t\t\t        \t<i data-feather=\"chevron-down\"><\/i>\n\t\t\t\t\t        <\/button>\n\t\t\t\t\t    <\/div>\n\t\t\t\t\t    <div id=\"collapseThree\" class=\"collapse\" aria-labelledby=\"headingThree\" data-parent=\"#accordionExample\">\n\t\t\t\t\t      <div class=\"card-body\">\n\t\t\t\t\t        <p>El poder de la app en l\u00ednea y el an\u00e1lisis de datos, a trav\u00e9s de SaaS, puede brindarle una ventaja competitiva con una acotada inversi\u00f3n en operaciones para potenciar significativamente su desarrollo de negocio.<\/p>\n\t\t\t\t\t      <\/div>\n\t\t\t\t\t    <\/div>\n\t\t\t\t\t  <\/div>\t\n\t\t\t\t\t\t\t\t\t\t\t\t\t\t\t\t\t\t\t\t\t\t\t\t\t\t\t\t\t\t\t\t\t\t<\/div>\n\t\t\t<\/div>\n\t\t\t\n\t\t<\/div>\n\t<\/div>\n<\/section>","protected":false},"excerpt":{"rendered":"<p>Pruebas psicom\u00e9tricas dise\u00f1adas espec\u00edficamente para la venta<\/p>\n","protected":false},"author":1,"featured_media":1513,"parent":549,"menu_order":25,"comment_status":"closed","ping_status":"closed","template":"","meta":[],"categories":[],"acf":[],"yoast_head":"<!-- This site is optimized with the Yoast SEO plugin v19.9 - https:\/\/yoast.com\/wordpress\/plugins\/seo\/ -->\n<title>Evaluaci\u00f3n del talento comercial - Halifax Consulting<\/title>\n<meta name=\"description\" content=\"Nuestra soluci\u00f3n de pruebas psicom\u00e9tricas est\u00e1 adaptada a problemas espec\u00edficos de venta y se basa en investigaciones en profundidad...\" \/>\n<link rel=\"canonical\" href=\"https:\/\/www.halifax-consulting.com\/splat\/digital-learning\/evaluacion-de-talento-de-ventas\/\" \/>\n<meta property=\"og:locale\" content=\"es_ES\" \/>\n<meta property=\"og:type\" content=\"article\" \/>\n<meta property=\"og:title\" content=\"Evaluaci\u00f3n del talento comercial - Halifax Consulting\" \/>\n<meta property=\"og:description\" content=\"Nuestra soluci\u00f3n de pruebas psicom\u00e9tricas est\u00e1 adaptada a problemas espec\u00edficos de venta y se basa en investigaciones en profundidad...\" \/>\n<meta property=\"og:url\" content=\"https:\/\/www.halifax-consulting.com\/splat\/digital-learning\/evaluacion-de-talento-de-ventas\/\" \/>\n<meta property=\"og:site_name\" content=\"Halifax Consulting \u2013 LATAM\" \/>\n<meta property=\"article:modified_time\" content=\"2023-06-14T08:01:45+00:00\" \/>\n<meta property=\"og:image\" content=\"https:\/\/www.halifax-consulting.com\/splat\/wp-content\/uploads\/sites\/5\/2020\/03\/halifax-consulting-digital-learning-sales-talent-assessment.jpg\" \/>\n\t<meta property=\"og:image:width\" content=\"1000\" \/>\n\t<meta property=\"og:image:height\" content=\"360\" \/>\n\t<meta property=\"og:image:type\" content=\"image\/jpeg\" \/>\n<meta name=\"twitter:card\" content=\"summary_large_image\" \/>\n<script type=\"application\/ld+json\" class=\"yoast-schema-graph\">{\"@context\":\"https:\/\/schema.org\",\"@graph\":[{\"@type\":\"WebPage\",\"@id\":\"https:\/\/www.halifax-consulting.com\/splat\/digital-learning\/evaluacion-de-talento-de-ventas\/\",\"url\":\"https:\/\/www.halifax-consulting.com\/splat\/digital-learning\/evaluacion-de-talento-de-ventas\/\",\"name\":\"Evaluaci\u00f3n del talento comercial - Halifax Consulting\",\"isPartOf\":{\"@id\":\"https:\/\/www.halifax-consulting.com\/splat\/#website\"},\"datePublished\":\"2019-12-13T13:58:14+00:00\",\"dateModified\":\"2023-06-14T08:01:45+00:00\",\"description\":\"Nuestra soluci\u00f3n de pruebas psicom\u00e9tricas est\u00e1 adaptada a problemas espec\u00edficos de venta y se basa en investigaciones en profundidad...\",\"breadcrumb\":{\"@id\":\"https:\/\/www.halifax-consulting.com\/splat\/digital-learning\/evaluacion-de-talento-de-ventas\/#breadcrumb\"},\"inLanguage\":\"es-AR\",\"potentialAction\":[{\"@type\":\"ReadAction\",\"target\":[\"https:\/\/www.halifax-consulting.com\/splat\/digital-learning\/evaluacion-de-talento-de-ventas\/\"]}]},{\"@type\":\"BreadcrumbList\",\"@id\":\"https:\/\/www.halifax-consulting.com\/splat\/digital-learning\/evaluacion-de-talento-de-ventas\/#breadcrumb\",\"itemListElement\":[{\"@type\":\"ListItem\",\"position\":1,\"name\":\"Accueil\",\"item\":\"https:\/\/www.halifax-consulting.com\/splat\/\"},{\"@type\":\"ListItem\",\"position\":2,\"name\":\"Digital &amp; IA\",\"item\":\"https:\/\/www.halifax-consulting.com\/splat\/digital-learning\/\"},{\"@type\":\"ListItem\",\"position\":3,\"name\":\"Evaluaci\u00f3n del talento comercial\"}]},{\"@type\":\"WebSite\",\"@id\":\"https:\/\/www.halifax-consulting.com\/splat\/#website\",\"url\":\"https:\/\/www.halifax-consulting.com\/splat\/\",\"name\":\"Halifax Consulting \u2013 LATAM\",\"description\":\"Halifax Consulting est un cabinet de conseil en performance commerciale sp\u00e9cialis\u00e9 dans la formation des \u00e9quipes et managers\",\"potentialAction\":[{\"@type\":\"SearchAction\",\"target\":{\"@type\":\"EntryPoint\",\"urlTemplate\":\"https:\/\/www.halifax-consulting.com\/splat\/?s={search_term_string}\"},\"query-input\":\"required name=search_term_string\"}],\"inLanguage\":\"es-AR\"}]}<\/script>\n<!-- \/ Yoast SEO plugin. -->","yoast_head_json":{"title":"Evaluaci\u00f3n del talento comercial - Halifax Consulting","description":"Nuestra soluci\u00f3n de pruebas psicom\u00e9tricas est\u00e1 adaptada a problemas espec\u00edficos de venta y se basa en investigaciones en profundidad...","canonical":"https:\/\/www.halifax-consulting.com\/splat\/digital-learning\/evaluacion-de-talento-de-ventas\/","og_locale":"es_ES","og_type":"article","og_title":"Evaluaci\u00f3n del talento comercial - Halifax Consulting","og_description":"Nuestra soluci\u00f3n de pruebas psicom\u00e9tricas est\u00e1 adaptada a problemas espec\u00edficos de venta y se basa en investigaciones en profundidad...","og_url":"https:\/\/www.halifax-consulting.com\/splat\/digital-learning\/evaluacion-de-talento-de-ventas\/","og_site_name":"Halifax Consulting \u2013 LATAM","article_modified_time":"2023-06-14T08:01:45+00:00","og_image":[{"width":1000,"height":360,"url":"https:\/\/www.halifax-consulting.com\/splat\/wp-content\/uploads\/sites\/5\/2020\/03\/halifax-consulting-digital-learning-sales-talent-assessment.jpg","type":"image\/jpeg"}],"twitter_card":"summary_large_image","schema":{"@context":"https:\/\/schema.org","@graph":[{"@type":"WebPage","@id":"https:\/\/www.halifax-consulting.com\/splat\/digital-learning\/evaluacion-de-talento-de-ventas\/","url":"https:\/\/www.halifax-consulting.com\/splat\/digital-learning\/evaluacion-de-talento-de-ventas\/","name":"Evaluaci\u00f3n del talento comercial - Halifax Consulting","isPartOf":{"@id":"https:\/\/www.halifax-consulting.com\/splat\/#website"},"datePublished":"2019-12-13T13:58:14+00:00","dateModified":"2023-06-14T08:01:45+00:00","description":"Nuestra soluci\u00f3n de pruebas psicom\u00e9tricas est\u00e1 adaptada a problemas espec\u00edficos de venta y se basa en investigaciones en profundidad...","breadcrumb":{"@id":"https:\/\/www.halifax-consulting.com\/splat\/digital-learning\/evaluacion-de-talento-de-ventas\/#breadcrumb"},"inLanguage":"es-AR","potentialAction":[{"@type":"ReadAction","target":["https:\/\/www.halifax-consulting.com\/splat\/digital-learning\/evaluacion-de-talento-de-ventas\/"]}]},{"@type":"BreadcrumbList","@id":"https:\/\/www.halifax-consulting.com\/splat\/digital-learning\/evaluacion-de-talento-de-ventas\/#breadcrumb","itemListElement":[{"@type":"ListItem","position":1,"name":"Accueil","item":"https:\/\/www.halifax-consulting.com\/splat\/"},{"@type":"ListItem","position":2,"name":"Digital &amp; IA","item":"https:\/\/www.halifax-consulting.com\/splat\/digital-learning\/"},{"@type":"ListItem","position":3,"name":"Evaluaci\u00f3n del talento comercial"}]},{"@type":"WebSite","@id":"https:\/\/www.halifax-consulting.com\/splat\/#website","url":"https:\/\/www.halifax-consulting.com\/splat\/","name":"Halifax Consulting \u2013 LATAM","description":"Halifax Consulting est un cabinet de conseil en performance commerciale sp\u00e9cialis\u00e9 dans la formation des \u00e9quipes et managers","potentialAction":[{"@type":"SearchAction","target":{"@type":"EntryPoint","urlTemplate":"https:\/\/www.halifax-consulting.com\/splat\/?s={search_term_string}"},"query-input":"required name=search_term_string"}],"inLanguage":"es-AR"}]}},"_links":{"self":[{"href":"https:\/\/www.halifax-consulting.com\/splat\/wp-json\/wp\/v2\/pages\/56"}],"collection":[{"href":"https:\/\/www.halifax-consulting.com\/splat\/wp-json\/wp\/v2\/pages"}],"about":[{"href":"https:\/\/www.halifax-consulting.com\/splat\/wp-json\/wp\/v2\/types\/page"}],"author":[{"embeddable":true,"href":"https:\/\/www.halifax-consulting.com\/splat\/wp-json\/wp\/v2\/users\/1"}],"replies":[{"embeddable":true,"href":"https:\/\/www.halifax-consulting.com\/splat\/wp-json\/wp\/v2\/comments?post=56"}],"version-history":[{"count":25,"href":"https:\/\/www.halifax-consulting.com\/splat\/wp-json\/wp\/v2\/pages\/56\/revisions"}],"predecessor-version":[{"id":4302,"href":"https:\/\/www.halifax-consulting.com\/splat\/wp-json\/wp\/v2\/pages\/56\/revisions\/4302"}],"up":[{"embeddable":true,"href":"https:\/\/www.halifax-consulting.com\/splat\/wp-json\/wp\/v2\/pages\/549"}],"wp:featuredmedia":[{"embeddable":true,"href":"https:\/\/www.halifax-consulting.com\/splat\/wp-json\/wp\/v2\/media\/1513"}],"wp:attachment":[{"href":"https:\/\/www.halifax-consulting.com\/splat\/wp-json\/wp\/v2\/media?parent=56"}],"wp:term":[{"taxonomy":"category","embeddable":true,"href":"https:\/\/www.halifax-consulting.com\/splat\/wp-json\/wp\/v2\/categories?post=56"}],"curies":[{"name":"wp","href":"https:\/\/api.w.org\/{rel}","templated":true}]}}